{"id":23779,"date":"2023-11-01T11:56:51","date_gmt":"2023-11-01T10:56:51","guid":{"rendered":"http:\/\/figueras.com\/seating\/flex-rt-2314\/"},"modified":"2024-07-04T21:30:57","modified_gmt":"2024-07-04T19:30:57","slug":"flex-rt-2314","status":"publish","type":"product","link":"https:\/\/figueras.com\/fr\/siege\/flex-rt-2314\/","title":{"rendered":"Flex RT 2314"},"content":{"rendered":"<p style=\"text-align: justify;\"><strong>Le Flex RT 2314 est la solution optimale pour les parlements, les salles de r\u00e9union, les salles d&rsquo;assembl\u00e9e ou les salles de r\u00e9union pl\u00e9ni\u00e8re. Ce si\u00e8ge, dot\u00e9 d&rsquo;un syst\u00e8me de rotation sp\u00e9cial, se distingue par son excellent \u00e9quilibre entre le niveau de confort et l&rsquo;utilisation de l&rsquo;espace.<br \/>\n<\/strong><\/p>\n<p style=\"text-align: justify;\">Le syst\u00e8me RT innovant se compose d&rsquo;une base en aluminium fix\u00e9e au sol, int\u00e9grant un syst\u00e8me de rotation \u00e0 360\u00b0 et un syst\u00e8me de d\u00e9placement lin\u00e9aire de 170 mm. Les deux mouvements peuvent \u00eatre effectu\u00e9s simultan\u00e9ment.<\/p>\n<p style=\"text-align: justify;\">Ce syst\u00e8me am\u00e9liore consid\u00e9rablement la position de travail, permettant \u00e0 l&rsquo;utilisateur de se tourner et de parler aux personnes assises de chaque c\u00f4t\u00e9 ou derri\u00e8re lui avec peu d&rsquo;effort.<\/p>\n<p style=\"text-align: justify;\">Le si\u00e8ge revient automatiquement \u00e0 sa position initiale une fois qu&rsquo;il est lib\u00e9r\u00e9. Ce syst\u00e8me permet une grande libert\u00e9 de mouvement et un acc\u00e8s ais\u00e9 de l&rsquo;utilisateur.<\/p>\n<p style=\"text-align: justify;\">Le si\u00e8ge est constitu\u00e9 d&rsquo;un seul bloc compact en mousse de polyur\u00e9thane moul\u00e9e \u00e0 froid. Ce bloc recouvre enti\u00e8rement une structure m\u00e9tallique. Le bloc est tapiss\u00e9 avec housse facilement interchangeable gr\u00e2ce \u00e0 une fermeture \u00e9clair.<\/p>\n<p style=\"text-align: justify;\">Le dossier est \u00e9galement form\u00e9 d&rsquo;une seule pi\u00e8ce ayant les m\u00eames caract\u00e9ristiques que le si\u00e8ge. Le rembourrage de l&rsquo;assise et du dossier a \u00e9t\u00e9 soigneusement con\u00e7u selon des crit\u00e8res ergonomiques.<\/p>\n","protected":false},"excerpt":{"rendered":"<p>[wpdm_package id=&rsquo;23356&prime;]<\/p>\n<p>[wpdm_package id=&rsquo;6980&prime;]<\/p>\n<p>[wpdm_package id=&rsquo;6983&prime;]<\/p>\n","protected":false},"featured_media":46563,"template":"","meta":{"_acf_changed":false,"content-type":""},"designer_tag":[],"system_rel_tag":[],"product_cat":[178,179,180,181,182,183,186,189],"product_tag":[511,502],"class_list":{"0":"post-23779","1":"product","2":"type-product","3":"status-publish","4":"has-post-thumbnail","6":"product_cat-education-fr","7":"product_cat-flex-fr","8":"product_cat-publicum-fr","9":"product_cat-seats-for-auditorium-and-conference-rooms-fr","10":"product_cat-seats-for-congress-centres-fr","11":"product_cat-seats-for-corporate-rooms-fr","12":"product_cat-seats-for-parliaments-fr","13":"product_cat-seats-for-universities-and-schools-fr","14":"product_tag-publicum-fr","15":"product_tag-education-fr","17":"first","18":"instock","19":"downloadable","20":"virtual","21":"product-type-simple"},"acf":[],"yoast_head":"<!-- This site is optimized with the Yoast SEO plugin v27.3 - https:\/\/yoast.com\/product\/yoast-seo-wordpress\/ -->\n<title>Flex RT 2314 - Figueras Seating (FR)<\/title>\n<meta name=\"description\" content=\"Si\u00e8ges fixes avec un syst\u00e8me de rotation \u00e0 360\u00b0 pour les parlements, salles de r\u00e9union ou salles d\u2019assembl\u00e9e. L\u2019\u00e9quilibre entre confort et l\u2019espace.\" \/>\n<meta name=\"robots\" content=\"index, follow, max-snippet:-1, max-image-preview:large, max-video-preview:-1\" \/>\n<link rel=\"canonical\" href=\"https:\/\/figueras.com\/fr\/siege\/flex-rt-2314\/\" \/>\n<meta property=\"og:locale\" content=\"fr_FR\" \/>\n<meta property=\"og:type\" content=\"article\" \/>\n<meta property=\"og:title\" content=\"Flex RT 2314 - Figueras Seating (FR)\" \/>\n<meta property=\"og:description\" content=\"Si\u00e8ges fixes avec un syst\u00e8me de rotation \u00e0 360\u00b0 pour les parlements, salles de r\u00e9union ou salles d\u2019assembl\u00e9e. L\u2019\u00e9quilibre entre confort et l\u2019espace.\" \/>\n<meta property=\"og:url\" content=\"https:\/\/figueras.com\/fr\/siege\/flex-rt-2314\/\" \/>\n<meta property=\"og:site_name\" content=\"Figueras Seating\" \/>\n<meta property=\"article:modified_time\" content=\"2024-07-04T19:30:57+00:00\" \/>\n<meta property=\"og:image\" content=\"https:\/\/figueras.com\/wp-content\/uploads\/2023\/11\/Flex-2314-RT_w00.webp\" \/>\n\t<meta property=\"og:image:width\" content=\"610\" \/>\n\t<meta property=\"og:image:height\" content=\"810\" \/>\n\t<meta property=\"og:image:type\" content=\"image\/webp\" \/>\n<meta name=\"twitter:card\" content=\"summary_large_image\" \/>\n<meta name=\"twitter:label1\" content=\"Dur\u00e9e de lecture estim\u00e9e\" \/>\n\t<meta name=\"twitter:data1\" content=\"2 minutes\" \/>\n<script type=\"application\/ld+json\" class=\"yoast-schema-graph\">{\"@context\":\"https:\\\/\\\/schema.org\",\"@graph\":[{\"@type\":\"WebPage\",\"@id\":\"https:\\\/\\\/figueras.com\\\/fr\\\/siege\\\/flex-rt-2314\\\/\",\"url\":\"https:\\\/\\\/figueras.com\\\/fr\\\/siege\\\/flex-rt-2314\\\/\",\"name\":\"Flex RT 2314 - Figueras Seating (FR)\",\"isPartOf\":{\"@id\":\"https:\\\/\\\/figueras.com\\\/fr\\\/#website\"},\"primaryImageOfPage\":{\"@id\":\"https:\\\/\\\/figueras.com\\\/fr\\\/siege\\\/flex-rt-2314\\\/#primaryimage\"},\"image\":{\"@id\":\"https:\\\/\\\/figueras.com\\\/fr\\\/siege\\\/flex-rt-2314\\\/#primaryimage\"},\"thumbnailUrl\":\"https:\\\/\\\/figueras.com\\\/wp-content\\\/uploads\\\/2023\\\/11\\\/Flex-2314-RT_w00.webp\",\"datePublished\":\"2023-11-01T10:56:51+00:00\",\"dateModified\":\"2024-07-04T19:30:57+00:00\",\"description\":\"Si\u00e8ges fixes avec un syst\u00e8me de rotation \u00e0 360\u00b0 pour les parlements, salles de r\u00e9union ou salles d\u2019assembl\u00e9e. L\u2019\u00e9quilibre entre confort et l\u2019espace.\",\"breadcrumb\":{\"@id\":\"https:\\\/\\\/figueras.com\\\/fr\\\/siege\\\/flex-rt-2314\\\/#breadcrumb\"},\"inLanguage\":\"fr-FR\",\"potentialAction\":[{\"@type\":\"ReadAction\",\"target\":[\"https:\\\/\\\/figueras.com\\\/fr\\\/siege\\\/flex-rt-2314\\\/\"]}]},{\"@type\":\"ImageObject\",\"inLanguage\":\"fr-FR\",\"@id\":\"https:\\\/\\\/figueras.com\\\/fr\\\/siege\\\/flex-rt-2314\\\/#primaryimage\",\"url\":\"https:\\\/\\\/figueras.com\\\/wp-content\\\/uploads\\\/2023\\\/11\\\/Flex-2314-RT_w00.webp\",\"contentUrl\":\"https:\\\/\\\/figueras.com\\\/wp-content\\\/uploads\\\/2023\\\/11\\\/Flex-2314-RT_w00.webp\",\"width\":610,\"height\":810,\"caption\":\"Flex 2314 RT\"},{\"@type\":\"BreadcrumbList\",\"@id\":\"https:\\\/\\\/figueras.com\\\/fr\\\/siege\\\/flex-rt-2314\\\/#breadcrumb\",\"itemListElement\":[{\"@type\":\"ListItem\",\"position\":1,\"name\":\"Home\",\"item\":\"https:\\\/\\\/figueras.com\\\/fr\\\/\"},{\"@type\":\"ListItem\",\"position\":2,\"name\":\"Produits\",\"item\":\"https:\\\/\\\/figueras.com\\\/fr\\\/shop\\\/\"},{\"@type\":\"ListItem\",\"position\":3,\"name\":\"Flex RT 2314\"}]},{\"@type\":\"WebSite\",\"@id\":\"https:\\\/\\\/figueras.com\\\/fr\\\/#website\",\"url\":\"https:\\\/\\\/figueras.com\\\/fr\\\/\",\"name\":\"Figueras Seating\",\"description\":\"\",\"publisher\":{\"@id\":\"https:\\\/\\\/figueras.com\\\/fr\\\/#organization\"},\"potentialAction\":[{\"@type\":\"SearchAction\",\"target\":{\"@type\":\"EntryPoint\",\"urlTemplate\":\"https:\\\/\\\/figueras.com\\\/fr\\\/?s={search_term_string}\"},\"query-input\":{\"@type\":\"PropertyValueSpecification\",\"valueRequired\":true,\"valueName\":\"search_term_string\"}}],\"inLanguage\":\"fr-FR\"},{\"@type\":\"Organization\",\"@id\":\"https:\\\/\\\/figueras.com\\\/fr\\\/#organization\",\"name\":\"Figueras International Seating, S.L.U.\",\"alternateName\":\"Figueras Seating\",\"url\":\"https:\\\/\\\/figueras.com\\\/fr\\\/\",\"logo\":{\"@type\":\"ImageObject\",\"inLanguage\":\"fr-FR\",\"@id\":\"https:\\\/\\\/figueras.com\\\/fr\\\/#\\\/schema\\\/logo\\\/image\\\/\",\"url\":\"https:\\\/\\\/figueras.com\\\/wp-content\\\/uploads\\\/2023\\\/04\\\/figueraslogoheader.png\",\"contentUrl\":\"https:\\\/\\\/figueras.com\\\/wp-content\\\/uploads\\\/2023\\\/04\\\/figueraslogoheader.png\",\"width\":739,\"height\":127,\"caption\":\"Figueras International Seating, S.L.U.\"},\"image\":{\"@id\":\"https:\\\/\\\/figueras.com\\\/fr\\\/#\\\/schema\\\/logo\\\/image\\\/\"},\"sameAs\":[\"https:\\\/\\\/www.linkedin.com\\\/company\\\/figuerasseating\\\/\",\"https:\\\/\\\/www.instagram.com\\\/figueras.seating\\\/\",\"https:\\\/\\\/vimeo.com\\\/figuerasseating\",\"https:\\\/\\\/es.pinterest.com\\\/figuerasint\\\/\"]}]}<\/script>\n<!-- \/ Yoast SEO plugin. -->","yoast_head_json":{"title":"Flex RT 2314 - Figueras Seating (FR)","description":"Si\u00e8ges fixes avec un syst\u00e8me de rotation \u00e0 360\u00b0 pour les parlements, salles de r\u00e9union ou salles d\u2019assembl\u00e9e. L\u2019\u00e9quilibre entre confort et l\u2019espace.","robots":{"index":"index","follow":"follow","max-snippet":"max-snippet:-1","max-image-preview":"max-image-preview:large","max-video-preview":"max-video-preview:-1"},"canonical":"https:\/\/figueras.com\/fr\/siege\/flex-rt-2314\/","og_locale":"fr_FR","og_type":"article","og_title":"Flex RT 2314 - Figueras Seating (FR)","og_description":"Si\u00e8ges fixes avec un syst\u00e8me de rotation \u00e0 360\u00b0 pour les parlements, salles de r\u00e9union ou salles d\u2019assembl\u00e9e. L\u2019\u00e9quilibre entre confort et l\u2019espace.","og_url":"https:\/\/figueras.com\/fr\/siege\/flex-rt-2314\/","og_site_name":"Figueras Seating","article_modified_time":"2024-07-04T19:30:57+00:00","og_image":[{"width":610,"height":810,"url":"https:\/\/figueras.com\/wp-content\/uploads\/2023\/11\/Flex-2314-RT_w00.webp","type":"image\/webp"}],"twitter_card":"summary_large_image","twitter_misc":{"Dur\u00e9e de lecture estim\u00e9e":"2 minutes"},"schema":{"@context":"https:\/\/schema.org","@graph":[{"@type":"WebPage","@id":"https:\/\/figueras.com\/fr\/siege\/flex-rt-2314\/","url":"https:\/\/figueras.com\/fr\/siege\/flex-rt-2314\/","name":"Flex RT 2314 - Figueras Seating (FR)","isPartOf":{"@id":"https:\/\/figueras.com\/fr\/#website"},"primaryImageOfPage":{"@id":"https:\/\/figueras.com\/fr\/siege\/flex-rt-2314\/#primaryimage"},"image":{"@id":"https:\/\/figueras.com\/fr\/siege\/flex-rt-2314\/#primaryimage"},"thumbnailUrl":"https:\/\/figueras.com\/wp-content\/uploads\/2023\/11\/Flex-2314-RT_w00.webp","datePublished":"2023-11-01T10:56:51+00:00","dateModified":"2024-07-04T19:30:57+00:00","description":"Si\u00e8ges fixes avec un syst\u00e8me de rotation \u00e0 360\u00b0 pour les parlements, salles de r\u00e9union ou salles d\u2019assembl\u00e9e. L\u2019\u00e9quilibre entre confort et l\u2019espace.","breadcrumb":{"@id":"https:\/\/figueras.com\/fr\/siege\/flex-rt-2314\/#breadcrumb"},"inLanguage":"fr-FR","potentialAction":[{"@type":"ReadAction","target":["https:\/\/figueras.com\/fr\/siege\/flex-rt-2314\/"]}]},{"@type":"ImageObject","inLanguage":"fr-FR","@id":"https:\/\/figueras.com\/fr\/siege\/flex-rt-2314\/#primaryimage","url":"https:\/\/figueras.com\/wp-content\/uploads\/2023\/11\/Flex-2314-RT_w00.webp","contentUrl":"https:\/\/figueras.com\/wp-content\/uploads\/2023\/11\/Flex-2314-RT_w00.webp","width":610,"height":810,"caption":"Flex 2314 RT"},{"@type":"BreadcrumbList","@id":"https:\/\/figueras.com\/fr\/siege\/flex-rt-2314\/#breadcrumb","itemListElement":[{"@type":"ListItem","position":1,"name":"Home","item":"https:\/\/figueras.com\/fr\/"},{"@type":"ListItem","position":2,"name":"Produits","item":"https:\/\/figueras.com\/fr\/shop\/"},{"@type":"ListItem","position":3,"name":"Flex RT 2314"}]},{"@type":"WebSite","@id":"https:\/\/figueras.com\/fr\/#website","url":"https:\/\/figueras.com\/fr\/","name":"Figueras Seating","description":"","publisher":{"@id":"https:\/\/figueras.com\/fr\/#organization"},"potentialAction":[{"@type":"SearchAction","target":{"@type":"EntryPoint","urlTemplate":"https:\/\/figueras.com\/fr\/?s={search_term_string}"},"query-input":{"@type":"PropertyValueSpecification","valueRequired":true,"valueName":"search_term_string"}}],"inLanguage":"fr-FR"},{"@type":"Organization","@id":"https:\/\/figueras.com\/fr\/#organization","name":"Figueras International Seating, S.L.U.","alternateName":"Figueras Seating","url":"https:\/\/figueras.com\/fr\/","logo":{"@type":"ImageObject","inLanguage":"fr-FR","@id":"https:\/\/figueras.com\/fr\/#\/schema\/logo\/image\/","url":"https:\/\/figueras.com\/wp-content\/uploads\/2023\/04\/figueraslogoheader.png","contentUrl":"https:\/\/figueras.com\/wp-content\/uploads\/2023\/04\/figueraslogoheader.png","width":739,"height":127,"caption":"Figueras International Seating, S.L.U."},"image":{"@id":"https:\/\/figueras.com\/fr\/#\/schema\/logo\/image\/"},"sameAs":["https:\/\/www.linkedin.com\/company\/figuerasseating\/","https:\/\/www.instagram.com\/figueras.seating\/","https:\/\/vimeo.com\/figuerasseating","https:\/\/es.pinterest.com\/figuerasint\/"]}]}},"_links":{"self":[{"href":"https:\/\/figueras.com\/fr\/wp-json\/wp\/v2\/product\/23779","targetHints":{"allow":["GET"]}}],"collection":[{"href":"https:\/\/figueras.com\/fr\/wp-json\/wp\/v2\/product"}],"about":[{"href":"https:\/\/figueras.com\/fr\/wp-json\/wp\/v2\/types\/product"}],"version-history":[{"count":0,"href":"https:\/\/figueras.com\/fr\/wp-json\/wp\/v2\/product\/23779\/revisions"}],"wp:featuredmedia":[{"embeddable":true,"href":"https:\/\/figueras.com\/fr\/wp-json\/wp\/v2\/media\/46563"}],"wp:attachment":[{"href":"https:\/\/figueras.com\/fr\/wp-json\/wp\/v2\/media?parent=23779"}],"wp:term":[{"taxonomy":"designer_tag","embeddable":true,"href":"https:\/\/figueras.com\/fr\/wp-json\/wp\/v2\/designer_tag?post=23779"},{"taxonomy":"system_rel_tag","embeddable":true,"href":"https:\/\/figueras.com\/fr\/wp-json\/wp\/v2\/system_rel_tag?post=23779"},{"taxonomy":"product_cat","embeddable":true,"href":"https:\/\/figueras.com\/fr\/wp-json\/wp\/v2\/product_cat?post=23779"},{"taxonomy":"product_tag","embeddable":true,"href":"https:\/\/figueras.com\/fr\/wp-json\/wp\/v2\/product_tag?post=23779"}],"curies":[{"name":"wp","href":"https:\/\/api.w.org\/{rel}","templated":true}]}}