{"id":23777,"date":"2023-11-01T11:57:51","date_gmt":"2023-11-01T10:57:51","guid":{"rendered":"http:\/\/figueras.com\/seating\/flex-gpl-6040\/"},"modified":"2025-05-22T12:32:41","modified_gmt":"2025-05-22T10:32:41","slug":"flex-gpl-6040","status":"publish","type":"product","link":"https:\/\/figueras.com\/fr\/siege\/flex-gpl-6040\/","title":{"rendered":"Flex GPL 6040"},"content":{"rendered":"<p style=\"text-align: justify;\"><strong>Le Flex 6040 GPL se distingue par son \u00e9quilibre exceptionnel entre prestations, confort, esth\u00e9tique et optimisation de l&rsquo;espace. Gr\u00e2ce \u00e0 sa tablette g\u00e9n\u00e9reuse, il devient la solution parfaite pour les centres de conf\u00e9rence, les auditoriums, les salles d&rsquo;entreprise et les centres d&rsquo;enseignement sup\u00e9rieur. <\/strong><\/p>\n<p style=\"text-align: justify;\">Les panneaux de cet \u00e9l\u00e9gant strapontin ont un poste de travail int\u00e9gr\u00e9 qui consiste en une table tr\u00e8s grande et robuste. Cette tablette d&rsquo;\u00e9criture GPL, de 42x36cm, est en bois verni qui se replie et se d\u00e9plie au moyen d&rsquo;un rail mont\u00e9 sur un profil\u00e9 en aluminium. Le mouvement est doux et totalement silencieux.<\/p>\n<p style=\"text-align: justify;\">Son syst\u00e8me de pliage anti-panique fait que lorsque le si\u00e8ge est lib\u00e9r\u00e9, la tablette se replie automatiquement sur le c\u00f4t\u00e9 du si\u00e8ge. La salle peut \u00eatre lib\u00e9r\u00e9e rapidement et les all\u00e9es sont toujours d\u00e9gag\u00e9es.<\/p>\n<p style=\"text-align: justify;\">Les panneaux lat\u00e9raux sont enti\u00e8rement tapiss\u00e9s et comprennent un accoudoir en bois. Ils ont une base en acier, sur laquelle le fauteuil est fix\u00e9 au sol au moyen de boulons d&rsquo;expansion m\u00e9talliques cach\u00e9s ou d&rsquo;un autre type d&rsquo;ancrage appropri\u00e9 pour chaque type de surface.<\/p>\n<p style=\"text-align: justify;\">Une grande durabilit\u00e9 est assur\u00e9e car le si\u00e8ge est constitu\u00e9 d&rsquo;un seul bloc de mousse de polyur\u00e9thane moul\u00e9e \u00e0 froid recouvrant une structure m\u00e9tallique, compos\u00e9e d&rsquo;un cadre en tubes courbes, d&rsquo;une toile de ressorts plats et de joints pivotants pour la rotation.<\/p>\n<p style=\"text-align: justify;\">Le dossier est en mousse de PU avec une structure m\u00e9tallique interne. L&rsquo;assise et le dossier sont recouverts d&rsquo;une housse facilement interchangeable gr\u00e2ce \u00e0 un syst\u00e8me de fermeture \u00e9clair. En option, un bois d\u00e9coratif peut \u00eatre ajout\u00e9 au dossier.<\/p>\n<p style=\"text-align: justify;\">Le si\u00e8ge revient automatiquement \u00e0 la position verticale gr\u00e2ce \u00e0 une double articulation \u00e0 rotule avec ressorts et au syst\u00e8me CSRT \u00a0(Controlled Soft Rise Technolgy) qui emp\u00eache les bruits g\u00eanants lorsque le si\u00e8ge revient \u00e0 sa position de repos.<\/p>\n","protected":false},"excerpt":{"rendered":"<p>[wpdm_package id=&rsquo;23338&prime;]<\/p>\n<p>[wpdm_package id=&rsquo;6974&prime;]<\/p>\n<p>[wpdm_package id=&rsquo;6975&prime;]<\/p>\n","protected":false},"featured_media":44635,"template":"","meta":{"_acf_changed":false,"content-type":""},"designer_tag":[332],"system_rel_tag":[],"product_cat":[189,190,178,179,180,181,182,183,184,186,187],"product_tag":[502,511],"class_list":{"0":"post-23777","1":"product","2":"type-product","3":"status-publish","4":"has-post-thumbnail","6":"designer_tag-design-center-fr","7":"product_cat-seats-for-universities-and-schools-fr","8":"product_cat-seats-for-worship-and-religious-centres-fr","9":"product_cat-education-fr","10":"product_cat-flex-fr","11":"product_cat-publicum-fr","12":"product_cat-seats-for-auditorium-and-conference-rooms-fr","13":"product_cat-seats-for-congress-centres-fr","14":"product_cat-seats-for-corporate-rooms-fr","15":"product_cat-seats-for-cruise-ships-and-ferries-fr","16":"product_cat-seats-for-parliaments-fr","17":"product_cat-seats-for-performing-arts-centres-fr","18":"product_tag-education-fr","19":"product_tag-publicum-fr","21":"first","22":"instock","23":"downloadable","24":"virtual","25":"product-type-simple"},"acf":[],"_links":{"self":[{"href":"https:\/\/figueras.com\/fr\/wp-json\/wp\/v2\/product\/23777","targetHints":{"allow":["GET"]}}],"collection":[{"href":"https:\/\/figueras.com\/fr\/wp-json\/wp\/v2\/product"}],"about":[{"href":"https:\/\/figueras.com\/fr\/wp-json\/wp\/v2\/types\/product"}],"version-history":[{"count":0,"href":"https:\/\/figueras.com\/fr\/wp-json\/wp\/v2\/product\/23777\/revisions"}],"wp:featuredmedia":[{"embeddable":true,"href":"https:\/\/figueras.com\/fr\/wp-json\/wp\/v2\/media\/44635"}],"wp:attachment":[{"href":"https:\/\/figueras.com\/fr\/wp-json\/wp\/v2\/media?parent=23777"}],"wp:term":[{"taxonomy":"designer_tag","embeddable":true,"href":"https:\/\/figueras.com\/fr\/wp-json\/wp\/v2\/designer_tag?post=23777"},{"taxonomy":"system_rel_tag","embeddable":true,"href":"https:\/\/figueras.com\/fr\/wp-json\/wp\/v2\/system_rel_tag?post=23777"},{"taxonomy":"product_cat","embeddable":true,"href":"https:\/\/figueras.com\/fr\/wp-json\/wp\/v2\/product_cat?post=23777"},{"taxonomy":"product_tag","embeddable":true,"href":"https:\/\/figueras.com\/fr\/wp-json\/wp\/v2\/product_tag?post=23777"}],"curies":[{"name":"wp","href":"https:\/\/api.w.org\/{rel}","templated":true}]}}