{"id":23775,"date":"2023-11-01T11:58:51","date_gmt":"2023-11-01T10:58:51","guid":{"rendered":"http:\/\/figueras.com\/seating\/flex-6076\/"},"modified":"2025-05-22T12:36:36","modified_gmt":"2025-05-22T10:36:36","slug":"flex-6076","status":"publish","type":"product","link":"https:\/\/figueras.com\/fr\/siege\/flex-6076\/","title":{"rendered":"Flex 6076"},"content":{"rendered":"<p style=\"text-align: justify;\"><strong>Flex 6076 est un si\u00e8ge enti\u00e8rement rembourr\u00e9 au design \u00e9l\u00e9gant qui fait la part belle aux formes g\u00e9om\u00e9triques simples. Ce mod\u00e8le est la solution parfaite pour les auditoriums, centres de conf\u00e9rence, th\u00e9\u00e2tres, salles d\u2019entreprises et centres d\u2019enseignement sup\u00e9rieur.<br \/>\n<\/strong><\/p>\n<p style=\"text-align: justify;\">Ce si\u00e8ge rabattable est fix\u00e9 au sol au moyen de panneaux lat\u00e9raux, couramment utilis\u00e9s pour former des rang\u00e9es de si\u00e8ges s\u00e9par\u00e9s par des panneaux. Ces derniers servent d\u2019accoudoirs et sont enti\u00e8rement rembourr\u00e9s. Ils sont munis d\u2019un socle en acier, qui est fix\u00e9 au sol.<\/p>\n<p style=\"text-align: justify;\">Lorsqu\u2019il n\u2019est pas occup\u00e9, le si\u00e8ge s\u2019aligne parfaitement avec la partie frontale et le haut du panneau lat\u00e9ral, ce qui accentue l\u2019aspect lin\u00e9aire et la continuit\u00e9 de l\u2019espace.<\/p>\n<p style=\"text-align: justify;\">La robustesse du mod\u00e8le est garantie par sa constitution en un seul bloc de mousse de polyur\u00e9thane moul\u00e9e \u00e0 froid qui recouvre une structure m\u00e9tallique, constitu\u00e9e d\u2019un cadre tubulaire incurv\u00e9, d\u2019un maillage de ressorts plats et de joints pivotants pour la rotation.<\/p>\n<p style=\"text-align: justify;\">Le dossier se compose \u00e9galement de mousse de polyur\u00e9thane \u00e0 structure m\u00e9tallique interne. L\u2019assise et le dossier sont garnis d\u2019une housse de rembourrage facilement interchangeable munie d\u2019un syst\u00e8me \u00e0 fermeture \u00e9clair.<\/p>\n<p style=\"text-align: justify;\">Le si\u00e8ge revient automatiquement \u00e0 la position verticale gr\u00e2ce \u00e0 une double articulation \u00e0 rotule avec ressorts et au syst\u00e8me CSRT (Controlled Soft Rise Technology) qui emp\u00eache les bruits ou claquements g\u00eanants lorsque l\u2019assise revient \u00e0 sa position de repos.<\/p>\n","protected":false},"excerpt":{"rendered":"<p>[wpdm_package id=&rsquo;23328&prime;]<\/p>\n<p>[wpdm_package id=&rsquo;6971&prime;]<\/p>\n<p>[wpdm_package id=&rsquo;6972&prime;]<\/p>\n","protected":false},"featured_media":32225,"template":"","meta":{"_acf_changed":false,"content-type":""},"designer_tag":[332],"system_rel_tag":[],"product_cat":[188,189,178,190,179,191,180,181,182,183,184,186,187],"product_tag":[502,508,511],"class_list":{"0":"post-23775","1":"product","2":"type-product","3":"status-publish","4":"has-post-thumbnail","6":"designer_tag-design-center-fr","7":"product_cat-seats-for-theatres-fr","8":"product_cat-seats-for-universities-and-schools-fr","9":"product_cat-education-fr","10":"product_cat-seats-for-worship-and-religious-centres-fr","11":"product_cat-flex-fr","12":"product_cat-theatre-fr","13":"product_cat-publicum-fr","14":"product_cat-seats-for-auditorium-and-conference-rooms-fr","15":"product_cat-seats-for-congress-centres-fr","16":"product_cat-seats-for-corporate-rooms-fr","17":"product_cat-seats-for-cruise-ships-and-ferries-fr","18":"product_cat-seats-for-parliaments-fr","19":"product_cat-seats-for-performing-arts-centres-fr","20":"product_tag-education-fr","21":"product_tag-theatre-fr","22":"product_tag-publicum-fr","24":"first","25":"instock","26":"downloadable","27":"virtual","28":"product-type-simple"},"acf":[],"yoast_head":"<!-- This site is optimized with the Yoast SEO plugin v27.4 - https:\/\/yoast.com\/product\/yoast-seo-wordpress\/ -->\n<title>Flex 6076 - Figueras Seating (FR)<\/title>\n<meta name=\"description\" content=\"Si\u00e8ge fixe au rembourrage de qualit\u00e9 avec accoudoirs. Con\u00e7u pour les auditoriums, centres de conf\u00e9rence, salles d\u2019entreprise et centres d\u2019enseignement.\" \/>\n<meta name=\"robots\" content=\"index, follow, max-snippet:-1, max-image-preview:large, max-video-preview:-1\" \/>\n<link rel=\"canonical\" href=\"https:\/\/figueras.com\/fr\/siege\/flex-6076\/\" \/>\n<meta property=\"og:locale\" content=\"fr_FR\" \/>\n<meta property=\"og:type\" content=\"article\" \/>\n<meta property=\"og:title\" content=\"Flex 6076 - Figueras Seating (FR)\" \/>\n<meta property=\"og:description\" content=\"Si\u00e8ge fixe au rembourrage de qualit\u00e9 avec accoudoirs. Con\u00e7u pour les auditoriums, centres de conf\u00e9rence, salles d\u2019entreprise et centres d\u2019enseignement.\" \/>\n<meta property=\"og:url\" content=\"https:\/\/figueras.com\/fr\/siege\/flex-6076\/\" \/>\n<meta property=\"og:site_name\" content=\"Figueras Seating\" \/>\n<meta property=\"article:modified_time\" content=\"2025-05-22T10:36:36+00:00\" \/>\n<meta property=\"og:image\" content=\"https:\/\/figueras.com\/wp-content\/uploads\/2023\/11\/Flex-6076_p02.png\" \/>\n\t<meta property=\"og:image:width\" content=\"1000\" \/>\n\t<meta property=\"og:image:height\" content=\"1200\" \/>\n\t<meta property=\"og:image:type\" content=\"image\/png\" \/>\n<meta name=\"twitter:card\" content=\"summary_large_image\" \/>\n<meta name=\"twitter:label1\" content=\"Dur\u00e9e de lecture estim\u00e9e\" \/>\n\t<meta name=\"twitter:data1\" content=\"2 minutes\" \/>\n<script type=\"application\/ld+json\" class=\"yoast-schema-graph\">{\"@context\":\"https:\\\/\\\/schema.org\",\"@graph\":[{\"@type\":\"WebPage\",\"@id\":\"https:\\\/\\\/figueras.com\\\/fr\\\/siege\\\/flex-6076\\\/\",\"url\":\"https:\\\/\\\/figueras.com\\\/fr\\\/siege\\\/flex-6076\\\/\",\"name\":\"Flex 6076 - Figueras Seating (FR)\",\"isPartOf\":{\"@id\":\"https:\\\/\\\/figueras.com\\\/fr\\\/#website\"},\"primaryImageOfPage\":{\"@id\":\"https:\\\/\\\/figueras.com\\\/fr\\\/siege\\\/flex-6076\\\/#primaryimage\"},\"image\":{\"@id\":\"https:\\\/\\\/figueras.com\\\/fr\\\/siege\\\/flex-6076\\\/#primaryimage\"},\"thumbnailUrl\":\"https:\\\/\\\/figueras.com\\\/wp-content\\\/uploads\\\/2023\\\/11\\\/Flex-6076_p02.png\",\"datePublished\":\"2023-11-01T10:58:51+00:00\",\"dateModified\":\"2025-05-22T10:36:36+00:00\",\"description\":\"Si\u00e8ge fixe au rembourrage de qualit\u00e9 avec accoudoirs. Con\u00e7u pour les auditoriums, centres de conf\u00e9rence, salles d\u2019entreprise et centres d\u2019enseignement.\",\"breadcrumb\":{\"@id\":\"https:\\\/\\\/figueras.com\\\/fr\\\/siege\\\/flex-6076\\\/#breadcrumb\"},\"inLanguage\":\"fr-FR\",\"potentialAction\":[{\"@type\":\"ReadAction\",\"target\":[\"https:\\\/\\\/figueras.com\\\/fr\\\/siege\\\/flex-6076\\\/\"]}]},{\"@type\":\"ImageObject\",\"inLanguage\":\"fr-FR\",\"@id\":\"https:\\\/\\\/figueras.com\\\/fr\\\/siege\\\/flex-6076\\\/#primaryimage\",\"url\":\"https:\\\/\\\/figueras.com\\\/wp-content\\\/uploads\\\/2023\\\/11\\\/Flex-6076_p02.png\",\"contentUrl\":\"https:\\\/\\\/figueras.com\\\/wp-content\\\/uploads\\\/2023\\\/11\\\/Flex-6076_p02.png\",\"width\":1000,\"height\":1200,\"caption\":\"Flex 6076\"},{\"@type\":\"BreadcrumbList\",\"@id\":\"https:\\\/\\\/figueras.com\\\/fr\\\/siege\\\/flex-6076\\\/#breadcrumb\",\"itemListElement\":[{\"@type\":\"ListItem\",\"position\":1,\"name\":\"Home\",\"item\":\"https:\\\/\\\/figueras.com\\\/fr\\\/\"},{\"@type\":\"ListItem\",\"position\":2,\"name\":\"Produits\",\"item\":\"https:\\\/\\\/figueras.com\\\/fr\\\/shop\\\/\"},{\"@type\":\"ListItem\",\"position\":3,\"name\":\"Flex 6076\"}]},{\"@type\":\"WebSite\",\"@id\":\"https:\\\/\\\/figueras.com\\\/fr\\\/#website\",\"url\":\"https:\\\/\\\/figueras.com\\\/fr\\\/\",\"name\":\"Figueras Seating\",\"description\":\"\",\"publisher\":{\"@id\":\"https:\\\/\\\/figueras.com\\\/fr\\\/#organization\"},\"potentialAction\":[{\"@type\":\"SearchAction\",\"target\":{\"@type\":\"EntryPoint\",\"urlTemplate\":\"https:\\\/\\\/figueras.com\\\/fr\\\/?s={search_term_string}\"},\"query-input\":{\"@type\":\"PropertyValueSpecification\",\"valueRequired\":true,\"valueName\":\"search_term_string\"}}],\"inLanguage\":\"fr-FR\"},{\"@type\":\"Organization\",\"@id\":\"https:\\\/\\\/figueras.com\\\/fr\\\/#organization\",\"name\":\"Figueras International Seating, S.L.U.\",\"alternateName\":\"Figueras Seating\",\"url\":\"https:\\\/\\\/figueras.com\\\/fr\\\/\",\"logo\":{\"@type\":\"ImageObject\",\"inLanguage\":\"fr-FR\",\"@id\":\"https:\\\/\\\/figueras.com\\\/fr\\\/#\\\/schema\\\/logo\\\/image\\\/\",\"url\":\"https:\\\/\\\/figueras.com\\\/wp-content\\\/uploads\\\/2023\\\/04\\\/figueraslogoheader.png\",\"contentUrl\":\"https:\\\/\\\/figueras.com\\\/wp-content\\\/uploads\\\/2023\\\/04\\\/figueraslogoheader.png\",\"width\":739,\"height\":127,\"caption\":\"Figueras International Seating, S.L.U.\"},\"image\":{\"@id\":\"https:\\\/\\\/figueras.com\\\/fr\\\/#\\\/schema\\\/logo\\\/image\\\/\"},\"sameAs\":[\"https:\\\/\\\/www.linkedin.com\\\/company\\\/figuerasseating\\\/\",\"https:\\\/\\\/www.instagram.com\\\/figueras.seating\\\/\",\"https:\\\/\\\/vimeo.com\\\/figuerasseating\",\"https:\\\/\\\/es.pinterest.com\\\/figuerasint\\\/\"]}]}<\/script>\n<!-- \/ Yoast SEO plugin. -->","yoast_head_json":{"title":"Flex 6076 - Figueras Seating (FR)","description":"Si\u00e8ge fixe au rembourrage de qualit\u00e9 avec accoudoirs. Con\u00e7u pour les auditoriums, centres de conf\u00e9rence, salles d\u2019entreprise et centres d\u2019enseignement.","robots":{"index":"index","follow":"follow","max-snippet":"max-snippet:-1","max-image-preview":"max-image-preview:large","max-video-preview":"max-video-preview:-1"},"canonical":"https:\/\/figueras.com\/fr\/siege\/flex-6076\/","og_locale":"fr_FR","og_type":"article","og_title":"Flex 6076 - Figueras Seating (FR)","og_description":"Si\u00e8ge fixe au rembourrage de qualit\u00e9 avec accoudoirs. Con\u00e7u pour les auditoriums, centres de conf\u00e9rence, salles d\u2019entreprise et centres d\u2019enseignement.","og_url":"https:\/\/figueras.com\/fr\/siege\/flex-6076\/","og_site_name":"Figueras Seating","article_modified_time":"2025-05-22T10:36:36+00:00","og_image":[{"width":1000,"height":1200,"url":"https:\/\/figueras.com\/wp-content\/uploads\/2023\/11\/Flex-6076_p02.png","type":"image\/png"}],"twitter_card":"summary_large_image","twitter_misc":{"Dur\u00e9e de lecture estim\u00e9e":"2 minutes"},"schema":{"@context":"https:\/\/schema.org","@graph":[{"@type":"WebPage","@id":"https:\/\/figueras.com\/fr\/siege\/flex-6076\/","url":"https:\/\/figueras.com\/fr\/siege\/flex-6076\/","name":"Flex 6076 - Figueras Seating (FR)","isPartOf":{"@id":"https:\/\/figueras.com\/fr\/#website"},"primaryImageOfPage":{"@id":"https:\/\/figueras.com\/fr\/siege\/flex-6076\/#primaryimage"},"image":{"@id":"https:\/\/figueras.com\/fr\/siege\/flex-6076\/#primaryimage"},"thumbnailUrl":"https:\/\/figueras.com\/wp-content\/uploads\/2023\/11\/Flex-6076_p02.png","datePublished":"2023-11-01T10:58:51+00:00","dateModified":"2025-05-22T10:36:36+00:00","description":"Si\u00e8ge fixe au rembourrage de qualit\u00e9 avec accoudoirs. Con\u00e7u pour les auditoriums, centres de conf\u00e9rence, salles d\u2019entreprise et centres d\u2019enseignement.","breadcrumb":{"@id":"https:\/\/figueras.com\/fr\/siege\/flex-6076\/#breadcrumb"},"inLanguage":"fr-FR","potentialAction":[{"@type":"ReadAction","target":["https:\/\/figueras.com\/fr\/siege\/flex-6076\/"]}]},{"@type":"ImageObject","inLanguage":"fr-FR","@id":"https:\/\/figueras.com\/fr\/siege\/flex-6076\/#primaryimage","url":"https:\/\/figueras.com\/wp-content\/uploads\/2023\/11\/Flex-6076_p02.png","contentUrl":"https:\/\/figueras.com\/wp-content\/uploads\/2023\/11\/Flex-6076_p02.png","width":1000,"height":1200,"caption":"Flex 6076"},{"@type":"BreadcrumbList","@id":"https:\/\/figueras.com\/fr\/siege\/flex-6076\/#breadcrumb","itemListElement":[{"@type":"ListItem","position":1,"name":"Home","item":"https:\/\/figueras.com\/fr\/"},{"@type":"ListItem","position":2,"name":"Produits","item":"https:\/\/figueras.com\/fr\/shop\/"},{"@type":"ListItem","position":3,"name":"Flex 6076"}]},{"@type":"WebSite","@id":"https:\/\/figueras.com\/fr\/#website","url":"https:\/\/figueras.com\/fr\/","name":"Figueras Seating","description":"","publisher":{"@id":"https:\/\/figueras.com\/fr\/#organization"},"potentialAction":[{"@type":"SearchAction","target":{"@type":"EntryPoint","urlTemplate":"https:\/\/figueras.com\/fr\/?s={search_term_string}"},"query-input":{"@type":"PropertyValueSpecification","valueRequired":true,"valueName":"search_term_string"}}],"inLanguage":"fr-FR"},{"@type":"Organization","@id":"https:\/\/figueras.com\/fr\/#organization","name":"Figueras International Seating, S.L.U.","alternateName":"Figueras Seating","url":"https:\/\/figueras.com\/fr\/","logo":{"@type":"ImageObject","inLanguage":"fr-FR","@id":"https:\/\/figueras.com\/fr\/#\/schema\/logo\/image\/","url":"https:\/\/figueras.com\/wp-content\/uploads\/2023\/04\/figueraslogoheader.png","contentUrl":"https:\/\/figueras.com\/wp-content\/uploads\/2023\/04\/figueraslogoheader.png","width":739,"height":127,"caption":"Figueras International Seating, S.L.U."},"image":{"@id":"https:\/\/figueras.com\/fr\/#\/schema\/logo\/image\/"},"sameAs":["https:\/\/www.linkedin.com\/company\/figuerasseating\/","https:\/\/www.instagram.com\/figueras.seating\/","https:\/\/vimeo.com\/figuerasseating","https:\/\/es.pinterest.com\/figuerasint\/"]}]}},"_links":{"self":[{"href":"https:\/\/figueras.com\/fr\/wp-json\/wp\/v2\/product\/23775","targetHints":{"allow":["GET"]}}],"collection":[{"href":"https:\/\/figueras.com\/fr\/wp-json\/wp\/v2\/product"}],"about":[{"href":"https:\/\/figueras.com\/fr\/wp-json\/wp\/v2\/types\/product"}],"version-history":[{"count":0,"href":"https:\/\/figueras.com\/fr\/wp-json\/wp\/v2\/product\/23775\/revisions"}],"wp:featuredmedia":[{"embeddable":true,"href":"https:\/\/figueras.com\/fr\/wp-json\/wp\/v2\/media\/32225"}],"wp:attachment":[{"href":"https:\/\/figueras.com\/fr\/wp-json\/wp\/v2\/media?parent=23775"}],"wp:term":[{"taxonomy":"designer_tag","embeddable":true,"href":"https:\/\/figueras.com\/fr\/wp-json\/wp\/v2\/designer_tag?post=23775"},{"taxonomy":"system_rel_tag","embeddable":true,"href":"https:\/\/figueras.com\/fr\/wp-json\/wp\/v2\/system_rel_tag?post=23775"},{"taxonomy":"product_cat","embeddable":true,"href":"https:\/\/figueras.com\/fr\/wp-json\/wp\/v2\/product_cat?post=23775"},{"taxonomy":"product_tag","embeddable":true,"href":"https:\/\/figueras.com\/fr\/wp-json\/wp\/v2\/product_tag?post=23775"}],"curies":[{"name":"wp","href":"https:\/\/api.w.org\/{rel}","templated":true}]}}