{"id":23773,"date":"2023-11-01T11:59:51","date_gmt":"2023-11-01T10:59:51","guid":{"rendered":"http:\/\/figueras.com\/seating\/flex-6036\/"},"modified":"2025-05-22T12:29:11","modified_gmt":"2025-05-22T10:29:11","slug":"flex-6036","status":"publish","type":"product","link":"https:\/\/figueras.com\/fr\/siege\/flex-6036\/","title":{"rendered":"Flex 6036"},"content":{"rendered":"<p style=\"text-align: justify;\"><strong>Fauteuil avec si\u00e8ge rabattable et panneaux lat\u00e9raux \u00e0 fixer au sol ou sur une plate-forme. Ils sont g\u00e9n\u00e9ralement utilis\u00e9s pour former des rang\u00e9es en partageant le panneau lat\u00e9ral entre deux chaises, sauf aux extr\u00e9mit\u00e9s.<\/strong><\/p>\n<p style=\"text-align: justify;\">D&rsquo;une durabilit\u00e9 exceptionnelle, le si\u00e8ge est constitu\u00e9 d&rsquo;un seul bloc de mousse de polyur\u00e9thane moul\u00e9e \u00e0 froid, recouvrant une structure m\u00e9tallique compos\u00e9e d&rsquo;un cadre en tubes courbes, d&rsquo;un r\u00e9seau de ressorts plats et de joints pivotants pour la rotation.<\/p>\n<p style=\"text-align: justify;\">Le dossier est \u00e9galement compos\u00e9 de mousse de polyur\u00e9thane avec une structure m\u00e9tallique interne. L&rsquo;assise et le dossier sont recouverts d&rsquo;une housse de rembourrage facilement interchangeable gr\u00e2ce \u00e0 un syst\u00e8me de fermeture \u00e9clair.<\/p>\n<p style=\"text-align: justify;\">Le retour du si\u00e8ge est automatique gr\u00e2ce \u00e0 un syst\u00e8me de double ressort ins\u00e9r\u00e9 \u00e0 l&rsquo;int\u00e9rieur du si\u00e8ge sans aucun type de lubrification et avec un Soft System int\u00e9gr\u00e9, qui \u00e9vite les bruits ou les coups g\u00eanants lorsque le si\u00e8ge revient \u00e0 sa position de repos.<\/p>\n<p style=\"text-align: justify;\">Les panneaux lat\u00e9raux, qui atteignent le sol, servent \u00e9galement d&rsquo;accoudoirs et sont enti\u00e8rement rembourr\u00e9s ou peuvent avoir une finition en bois. Ils ont une base en acier, o\u00f9 le fauteuil est fix\u00e9 au sol, avec un ancrage appropri\u00e9 en fonction de la surface.<\/p>\n<p style=\"text-align: justify;\">Finitions facultatives :<\/p>\n<ul>\n<li style=\"text-align: justify;\">Panneau avant du dossier et\/ou du si\u00e8ge en contreplaqu\u00e9<\/li>\n<li style=\"text-align: justify;\">Panneaux lat\u00e9raux : en bois ou rembourr\u00e9s<\/li>\n<li style=\"text-align: justify;\">Accessoires : pupitres PLX ou APL<\/li>\n<\/ul>\n<p style=\"text-align: justify;\">R\u00e9sistance au feu : ce produit est conforme aux normes internationales.<\/p>\n","protected":false},"excerpt":{"rendered":"<p>[wpdm_package id=&rsquo;23346&prime;]<\/p>\n<p>[wpdm_package id=&rsquo;6982&prime;]<\/p>\n<p>[wpdm_package id=&rsquo;7915&prime;]<\/p>\n","protected":false},"featured_media":32221,"template":"","meta":{"_acf_changed":false,"content-type":""},"designer_tag":[332],"system_rel_tag":[],"product_cat":[188,189,178,190,179,191,180,181,182,183,184,186,187],"product_tag":[502,508,511],"class_list":{"0":"post-23773","1":"product","2":"type-product","3":"status-publish","4":"has-post-thumbnail","6":"designer_tag-design-center-fr","7":"product_cat-seats-for-theatres-fr","8":"product_cat-seats-for-universities-and-schools-fr","9":"product_cat-education-fr","10":"product_cat-seats-for-worship-and-religious-centres-fr","11":"product_cat-flex-fr","12":"product_cat-theatre-fr","13":"product_cat-publicum-fr","14":"product_cat-seats-for-auditorium-and-conference-rooms-fr","15":"product_cat-seats-for-congress-centres-fr","16":"product_cat-seats-for-corporate-rooms-fr","17":"product_cat-seats-for-cruise-ships-and-ferries-fr","18":"product_cat-seats-for-parliaments-fr","19":"product_cat-seats-for-performing-arts-centres-fr","20":"product_tag-education-fr","21":"product_tag-theatre-fr","22":"product_tag-publicum-fr","24":"first","25":"instock","26":"downloadable","27":"virtual","28":"product-type-simple"},"acf":[],"yoast_head":"<!-- This site is optimized with the Yoast SEO plugin v27.3 - https:\/\/yoast.com\/product\/yoast-seo-wordpress\/ -->\n<title>Flex 6036 | Si\u00e8ges \u00c9l\u00e9gants et Polyvalents pour Auditoriums<\/title>\n<meta name=\"description\" content=\"Fabricants de fauteuils fixes et pliants. Si\u00e8ges fixes. Si\u00e8ges en rang\u00e9e avec panneaux lat\u00e9raux. Con\u00e7ue pour les auditoriums et centres de congr\u00e8s.\" \/>\n<meta name=\"robots\" content=\"index, follow, max-snippet:-1, max-image-preview:large, max-video-preview:-1\" \/>\n<link rel=\"canonical\" href=\"https:\/\/figueras.com\/fr\/siege\/flex-6036\/\" \/>\n<meta property=\"og:locale\" content=\"fr_FR\" \/>\n<meta property=\"og:type\" content=\"article\" \/>\n<meta property=\"og:title\" content=\"Flex 6036 | Si\u00e8ges \u00c9l\u00e9gants et Polyvalents pour Auditoriums\" \/>\n<meta property=\"og:description\" content=\"Fabricants de fauteuils fixes et pliants. Si\u00e8ges fixes. Si\u00e8ges en rang\u00e9e avec panneaux lat\u00e9raux. Con\u00e7ue pour les auditoriums et centres de congr\u00e8s.\" \/>\n<meta property=\"og:url\" content=\"https:\/\/figueras.com\/fr\/siege\/flex-6036\/\" \/>\n<meta property=\"og:site_name\" content=\"Figueras Seating\" \/>\n<meta property=\"article:modified_time\" content=\"2025-05-22T10:29:11+00:00\" \/>\n<meta property=\"og:image\" content=\"https:\/\/figueras.com\/wp-content\/uploads\/2023\/11\/Flex-6036_p02.png\" \/>\n\t<meta property=\"og:image:width\" content=\"1000\" \/>\n\t<meta property=\"og:image:height\" content=\"1200\" \/>\n\t<meta property=\"og:image:type\" content=\"image\/png\" \/>\n<meta name=\"twitter:card\" content=\"summary_large_image\" \/>\n<meta name=\"twitter:label1\" content=\"Dur\u00e9e de lecture estim\u00e9e\" \/>\n\t<meta name=\"twitter:data1\" content=\"2 minutes\" \/>\n<script type=\"application\/ld+json\" class=\"yoast-schema-graph\">{\"@context\":\"https:\\\/\\\/schema.org\",\"@graph\":[{\"@type\":\"WebPage\",\"@id\":\"https:\\\/\\\/figueras.com\\\/fr\\\/siege\\\/flex-6036\\\/\",\"url\":\"https:\\\/\\\/figueras.com\\\/fr\\\/siege\\\/flex-6036\\\/\",\"name\":\"Flex 6036 | Si\u00e8ges \u00c9l\u00e9gants et Polyvalents pour Auditoriums\",\"isPartOf\":{\"@id\":\"https:\\\/\\\/figueras.com\\\/fr\\\/#website\"},\"primaryImageOfPage\":{\"@id\":\"https:\\\/\\\/figueras.com\\\/fr\\\/siege\\\/flex-6036\\\/#primaryimage\"},\"image\":{\"@id\":\"https:\\\/\\\/figueras.com\\\/fr\\\/siege\\\/flex-6036\\\/#primaryimage\"},\"thumbnailUrl\":\"https:\\\/\\\/figueras.com\\\/wp-content\\\/uploads\\\/2023\\\/11\\\/Flex-6036_p02.png\",\"datePublished\":\"2023-11-01T10:59:51+00:00\",\"dateModified\":\"2025-05-22T10:29:11+00:00\",\"description\":\"Fabricants de fauteuils fixes et pliants. Si\u00e8ges fixes. Si\u00e8ges en rang\u00e9e avec panneaux lat\u00e9raux. Con\u00e7ue pour les auditoriums et centres de congr\u00e8s.\",\"breadcrumb\":{\"@id\":\"https:\\\/\\\/figueras.com\\\/fr\\\/siege\\\/flex-6036\\\/#breadcrumb\"},\"inLanguage\":\"fr-FR\",\"potentialAction\":[{\"@type\":\"ReadAction\",\"target\":[\"https:\\\/\\\/figueras.com\\\/fr\\\/siege\\\/flex-6036\\\/\"]}]},{\"@type\":\"ImageObject\",\"inLanguage\":\"fr-FR\",\"@id\":\"https:\\\/\\\/figueras.com\\\/fr\\\/siege\\\/flex-6036\\\/#primaryimage\",\"url\":\"https:\\\/\\\/figueras.com\\\/wp-content\\\/uploads\\\/2023\\\/11\\\/Flex-6036_p02.png\",\"contentUrl\":\"https:\\\/\\\/figueras.com\\\/wp-content\\\/uploads\\\/2023\\\/11\\\/Flex-6036_p02.png\",\"width\":1000,\"height\":1200,\"caption\":\"Flex 6036\"},{\"@type\":\"BreadcrumbList\",\"@id\":\"https:\\\/\\\/figueras.com\\\/fr\\\/siege\\\/flex-6036\\\/#breadcrumb\",\"itemListElement\":[{\"@type\":\"ListItem\",\"position\":1,\"name\":\"Home\",\"item\":\"https:\\\/\\\/figueras.com\\\/fr\\\/\"},{\"@type\":\"ListItem\",\"position\":2,\"name\":\"Produits\",\"item\":\"https:\\\/\\\/figueras.com\\\/fr\\\/shop\\\/\"},{\"@type\":\"ListItem\",\"position\":3,\"name\":\"Flex 6036\"}]},{\"@type\":\"WebSite\",\"@id\":\"https:\\\/\\\/figueras.com\\\/fr\\\/#website\",\"url\":\"https:\\\/\\\/figueras.com\\\/fr\\\/\",\"name\":\"Figueras Seating\",\"description\":\"\",\"publisher\":{\"@id\":\"https:\\\/\\\/figueras.com\\\/fr\\\/#organization\"},\"potentialAction\":[{\"@type\":\"SearchAction\",\"target\":{\"@type\":\"EntryPoint\",\"urlTemplate\":\"https:\\\/\\\/figueras.com\\\/fr\\\/?s={search_term_string}\"},\"query-input\":{\"@type\":\"PropertyValueSpecification\",\"valueRequired\":true,\"valueName\":\"search_term_string\"}}],\"inLanguage\":\"fr-FR\"},{\"@type\":\"Organization\",\"@id\":\"https:\\\/\\\/figueras.com\\\/fr\\\/#organization\",\"name\":\"Figueras International Seating, S.L.U.\",\"alternateName\":\"Figueras Seating\",\"url\":\"https:\\\/\\\/figueras.com\\\/fr\\\/\",\"logo\":{\"@type\":\"ImageObject\",\"inLanguage\":\"fr-FR\",\"@id\":\"https:\\\/\\\/figueras.com\\\/fr\\\/#\\\/schema\\\/logo\\\/image\\\/\",\"url\":\"https:\\\/\\\/figueras.com\\\/wp-content\\\/uploads\\\/2023\\\/04\\\/figueraslogoheader.png\",\"contentUrl\":\"https:\\\/\\\/figueras.com\\\/wp-content\\\/uploads\\\/2023\\\/04\\\/figueraslogoheader.png\",\"width\":739,\"height\":127,\"caption\":\"Figueras International Seating, S.L.U.\"},\"image\":{\"@id\":\"https:\\\/\\\/figueras.com\\\/fr\\\/#\\\/schema\\\/logo\\\/image\\\/\"},\"sameAs\":[\"https:\\\/\\\/www.linkedin.com\\\/company\\\/figuerasseating\\\/\",\"https:\\\/\\\/www.instagram.com\\\/figueras.seating\\\/\",\"https:\\\/\\\/vimeo.com\\\/figuerasseating\",\"https:\\\/\\\/es.pinterest.com\\\/figuerasint\\\/\"]}]}<\/script>\n<!-- \/ Yoast SEO plugin. -->","yoast_head_json":{"title":"Flex 6036 | Si\u00e8ges \u00c9l\u00e9gants et Polyvalents pour Auditoriums","description":"Fabricants de fauteuils fixes et pliants. Si\u00e8ges fixes. Si\u00e8ges en rang\u00e9e avec panneaux lat\u00e9raux. Con\u00e7ue pour les auditoriums et centres de congr\u00e8s.","robots":{"index":"index","follow":"follow","max-snippet":"max-snippet:-1","max-image-preview":"max-image-preview:large","max-video-preview":"max-video-preview:-1"},"canonical":"https:\/\/figueras.com\/fr\/siege\/flex-6036\/","og_locale":"fr_FR","og_type":"article","og_title":"Flex 6036 | Si\u00e8ges \u00c9l\u00e9gants et Polyvalents pour Auditoriums","og_description":"Fabricants de fauteuils fixes et pliants. Si\u00e8ges fixes. Si\u00e8ges en rang\u00e9e avec panneaux lat\u00e9raux. Con\u00e7ue pour les auditoriums et centres de congr\u00e8s.","og_url":"https:\/\/figueras.com\/fr\/siege\/flex-6036\/","og_site_name":"Figueras Seating","article_modified_time":"2025-05-22T10:29:11+00:00","og_image":[{"width":1000,"height":1200,"url":"https:\/\/figueras.com\/wp-content\/uploads\/2023\/11\/Flex-6036_p02.png","type":"image\/png"}],"twitter_card":"summary_large_image","twitter_misc":{"Dur\u00e9e de lecture estim\u00e9e":"2 minutes"},"schema":{"@context":"https:\/\/schema.org","@graph":[{"@type":"WebPage","@id":"https:\/\/figueras.com\/fr\/siege\/flex-6036\/","url":"https:\/\/figueras.com\/fr\/siege\/flex-6036\/","name":"Flex 6036 | Si\u00e8ges \u00c9l\u00e9gants et Polyvalents pour Auditoriums","isPartOf":{"@id":"https:\/\/figueras.com\/fr\/#website"},"primaryImageOfPage":{"@id":"https:\/\/figueras.com\/fr\/siege\/flex-6036\/#primaryimage"},"image":{"@id":"https:\/\/figueras.com\/fr\/siege\/flex-6036\/#primaryimage"},"thumbnailUrl":"https:\/\/figueras.com\/wp-content\/uploads\/2023\/11\/Flex-6036_p02.png","datePublished":"2023-11-01T10:59:51+00:00","dateModified":"2025-05-22T10:29:11+00:00","description":"Fabricants de fauteuils fixes et pliants. Si\u00e8ges fixes. Si\u00e8ges en rang\u00e9e avec panneaux lat\u00e9raux. Con\u00e7ue pour les auditoriums et centres de congr\u00e8s.","breadcrumb":{"@id":"https:\/\/figueras.com\/fr\/siege\/flex-6036\/#breadcrumb"},"inLanguage":"fr-FR","potentialAction":[{"@type":"ReadAction","target":["https:\/\/figueras.com\/fr\/siege\/flex-6036\/"]}]},{"@type":"ImageObject","inLanguage":"fr-FR","@id":"https:\/\/figueras.com\/fr\/siege\/flex-6036\/#primaryimage","url":"https:\/\/figueras.com\/wp-content\/uploads\/2023\/11\/Flex-6036_p02.png","contentUrl":"https:\/\/figueras.com\/wp-content\/uploads\/2023\/11\/Flex-6036_p02.png","width":1000,"height":1200,"caption":"Flex 6036"},{"@type":"BreadcrumbList","@id":"https:\/\/figueras.com\/fr\/siege\/flex-6036\/#breadcrumb","itemListElement":[{"@type":"ListItem","position":1,"name":"Home","item":"https:\/\/figueras.com\/fr\/"},{"@type":"ListItem","position":2,"name":"Produits","item":"https:\/\/figueras.com\/fr\/shop\/"},{"@type":"ListItem","position":3,"name":"Flex 6036"}]},{"@type":"WebSite","@id":"https:\/\/figueras.com\/fr\/#website","url":"https:\/\/figueras.com\/fr\/","name":"Figueras Seating","description":"","publisher":{"@id":"https:\/\/figueras.com\/fr\/#organization"},"potentialAction":[{"@type":"SearchAction","target":{"@type":"EntryPoint","urlTemplate":"https:\/\/figueras.com\/fr\/?s={search_term_string}"},"query-input":{"@type":"PropertyValueSpecification","valueRequired":true,"valueName":"search_term_string"}}],"inLanguage":"fr-FR"},{"@type":"Organization","@id":"https:\/\/figueras.com\/fr\/#organization","name":"Figueras International Seating, S.L.U.","alternateName":"Figueras Seating","url":"https:\/\/figueras.com\/fr\/","logo":{"@type":"ImageObject","inLanguage":"fr-FR","@id":"https:\/\/figueras.com\/fr\/#\/schema\/logo\/image\/","url":"https:\/\/figueras.com\/wp-content\/uploads\/2023\/04\/figueraslogoheader.png","contentUrl":"https:\/\/figueras.com\/wp-content\/uploads\/2023\/04\/figueraslogoheader.png","width":739,"height":127,"caption":"Figueras International Seating, S.L.U."},"image":{"@id":"https:\/\/figueras.com\/fr\/#\/schema\/logo\/image\/"},"sameAs":["https:\/\/www.linkedin.com\/company\/figuerasseating\/","https:\/\/www.instagram.com\/figueras.seating\/","https:\/\/vimeo.com\/figuerasseating","https:\/\/es.pinterest.com\/figuerasint\/"]}]}},"_links":{"self":[{"href":"https:\/\/figueras.com\/fr\/wp-json\/wp\/v2\/product\/23773","targetHints":{"allow":["GET"]}}],"collection":[{"href":"https:\/\/figueras.com\/fr\/wp-json\/wp\/v2\/product"}],"about":[{"href":"https:\/\/figueras.com\/fr\/wp-json\/wp\/v2\/types\/product"}],"version-history":[{"count":0,"href":"https:\/\/figueras.com\/fr\/wp-json\/wp\/v2\/product\/23773\/revisions"}],"wp:featuredmedia":[{"embeddable":true,"href":"https:\/\/figueras.com\/fr\/wp-json\/wp\/v2\/media\/32221"}],"wp:attachment":[{"href":"https:\/\/figueras.com\/fr\/wp-json\/wp\/v2\/media?parent=23773"}],"wp:term":[{"taxonomy":"designer_tag","embeddable":true,"href":"https:\/\/figueras.com\/fr\/wp-json\/wp\/v2\/designer_tag?post=23773"},{"taxonomy":"system_rel_tag","embeddable":true,"href":"https:\/\/figueras.com\/fr\/wp-json\/wp\/v2\/system_rel_tag?post=23773"},{"taxonomy":"product_cat","embeddable":true,"href":"https:\/\/figueras.com\/fr\/wp-json\/wp\/v2\/product_cat?post=23773"},{"taxonomy":"product_tag","embeddable":true,"href":"https:\/\/figueras.com\/fr\/wp-json\/wp\/v2\/product_tag?post=23773"}],"curies":[{"name":"wp","href":"https:\/\/api.w.org\/{rel}","templated":true}]}}