{"id":23771,"date":"2023-11-01T12:00:51","date_gmt":"2023-11-01T11:00:51","guid":{"rendered":"http:\/\/figueras.com\/seating\/flex-6035\/"},"modified":"2024-12-16T11:57:33","modified_gmt":"2024-12-16T10:57:33","slug":"flex-6035","status":"publish","type":"product","link":"https:\/\/figueras.com\/fr\/siege\/flex-6035\/","title":{"rendered":"Flex 6035"},"content":{"rendered":"<p style=\"text-align: justify;\"><strong>Le Flex 6035 est un si\u00e8ge pliant tr\u00e8s confortable au volume r\u00e9duit qui se distingue par l&rsquo;excellent \u00e9quilibre qu&rsquo;il atteint entre le confort et une bonne utilisation de l&rsquo;espace. Ce si\u00e8ge a \u00e9t\u00e9 sp\u00e9cialement con\u00e7u pour \u00eatre utilis\u00e9 dans les espaces polyvalents, les auditoriums, les parlements, les centres de conf\u00e9rence et de congr\u00e8s, les th\u00e9\u00e2tres et les salles du spectacle. <\/strong><\/p>\n<p style=\"text-align: justify;\">Le si\u00e8ge et les accoudoirs reprennent automatiquement leur position initiale. Le syst\u00e8me de pliage consiste \u00e0 faire tourner le si\u00e8ge et \u00e0 d\u00e9placer les accoudoirs en un seul mouvement.<\/p>\n<p style=\"text-align: justify;\">Au m\u00eame temps que le si\u00e8ge se replie, les accoudoirs adoptent une position verticale, si bien qu\u2019une fois pli\u00e9 il ne d\u00e9passe pas une profondeur de 360 mm.<\/p>\n<p style=\"text-align: justify;\">L&rsquo;assise et le dossier sont constitu\u00e9s d&rsquo;un bloc compact en mousse de polyur\u00e9thane moul\u00e9e \u00e0 froid. Ce bloc recouvre enti\u00e8rement une structure m\u00e9tallique, compos\u00e9e d\u2019une trame de ressorts plats et de pivots d\u2019articulation pour la rotation.<\/p>\n<p style=\"text-align: justify;\">Le rembourrage de l&rsquo;assise et du dossier a \u00e9t\u00e9 con\u00e7u avec soin selon des crit\u00e8res ergonomiques et est recouvert d&rsquo;une housse facilement interchangeable avec une fermeture \u00e9clair.<\/p>\n<p style=\"text-align: justify;\">L&rsquo;assise se rel\u00e8ve automatiquement gr\u00e2ce \u00e0 un syst\u00e8me de double ressort ins\u00e9r\u00e9 dans le si\u00e8ge qui ne n\u00e9cessite aucune lubrification. Le syst\u00e8me de levage doux (CSRT \u2013 <em>Controlled Soft Rise Technology<\/em>) assure un amortissement lorsque le si\u00e8ge se replie, silencieusement et sans aucune secousse.<\/p>\n<p style=\"text-align: justify;\">L&rsquo;assise, le dossier et les bras sont soutenus par deux pi\u00e8ces lat\u00e9rales reli\u00e9es entre elles par un support central en acier en forme de pont. Ce pont abrite l&rsquo;articulation \u00e0 rotule &#8211; avec un syst\u00e8me de blocage o\u00f9 reposent les axes du si\u00e8ge.<\/p>\n","protected":false},"excerpt":{"rendered":"<p>[wpdm_package id=&rsquo;23342&prime;]<\/p>\n<p>[wpdm_package id=&rsquo;6977&prime;]<\/p>\n<p>[wpdm_package id=&rsquo;6978&prime;]<\/p>\n","protected":false},"featured_media":32159,"template":"","meta":{"_acf_changed":false,"content-type":""},"designer_tag":[332],"system_rel_tag":[444,447,448],"product_cat":[187,188,178,189,179,190,180,191,181,182,183,184,185,186],"product_tag":[511,502,508],"class_list":{"0":"post-23771","1":"product","2":"type-product","3":"status-publish","4":"has-post-thumbnail","6":"designer_tag-design-center-fr","7":"system_rel_tag-mutarail-seating-system-fr","8":"system_rel_tag-retractable-seating-system-fr","9":"system_rel_tag-mutasub-seating-system-fr","10":"product_cat-seats-for-performing-arts-centres-fr","11":"product_cat-seats-for-theatres-fr","12":"product_cat-education-fr","13":"product_cat-seats-for-universities-and-schools-fr","14":"product_cat-flex-fr","15":"product_cat-seats-for-worship-and-religious-centres-fr","16":"product_cat-publicum-fr","17":"product_cat-theatre-fr","18":"product_cat-seats-for-auditorium-and-conference-rooms-fr","19":"product_cat-seats-for-congress-centres-fr","20":"product_cat-seats-for-corporate-rooms-fr","21":"product_cat-seats-for-cruise-ships-and-ferries-fr","22":"product_cat-seats-for-multi-purpose-spaces-fr","23":"product_cat-seats-for-parliaments-fr","24":"product_tag-publicum-fr","25":"product_tag-education-fr","26":"product_tag-theatre-fr","27":"pa_system-systeme-de-sieges-mutarail","28":"pa_system-systeme-de-sieges-mutasub","29":"pa_system-systeme-de-sieges-retractables","31":"first","32":"instock","33":"downloadable","34":"virtual","35":"product-type-simple"},"acf":[],"yoast_head":"<!-- This site is optimized with the Yoast SEO plugin v27.4 - https:\/\/yoast.com\/product\/yoast-seo-wordpress\/ -->\n<title>Flex 6035 - Figueras Seating (FR)<\/title>\n<meta name=\"description\" content=\"Une chaise spacieuse rabattable compacte offrant un \u00e9quilibre entre confort et utilisation de l\u2019espace. Con\u00e7ue pour les auditoriums et centres de congr\u00e8s.\" \/>\n<meta name=\"robots\" content=\"index, follow, max-snippet:-1, max-image-preview:large, max-video-preview:-1\" \/>\n<link rel=\"canonical\" href=\"https:\/\/figueras.com\/fr\/siege\/flex-6035\/\" \/>\n<meta property=\"og:locale\" content=\"fr_FR\" \/>\n<meta property=\"og:type\" content=\"article\" \/>\n<meta property=\"og:title\" content=\"Flex 6035 - Figueras Seating (FR)\" \/>\n<meta property=\"og:description\" content=\"Une chaise spacieuse rabattable compacte offrant un \u00e9quilibre entre confort et utilisation de l\u2019espace. Con\u00e7ue pour les auditoriums et centres de congr\u00e8s.\" \/>\n<meta property=\"og:url\" content=\"https:\/\/figueras.com\/fr\/siege\/flex-6035\/\" \/>\n<meta property=\"og:site_name\" content=\"Figueras Seating\" \/>\n<meta property=\"article:modified_time\" content=\"2024-12-16T10:57:33+00:00\" \/>\n<meta property=\"og:image\" content=\"https:\/\/figueras.com\/wp-content\/uploads\/2023\/11\/Flex-6035_p02.png\" \/>\n\t<meta property=\"og:image:width\" content=\"1000\" \/>\n\t<meta property=\"og:image:height\" content=\"1200\" \/>\n\t<meta property=\"og:image:type\" content=\"image\/png\" \/>\n<meta name=\"twitter:card\" content=\"summary_large_image\" \/>\n<meta name=\"twitter:label1\" content=\"Dur\u00e9e de lecture estim\u00e9e\" \/>\n\t<meta name=\"twitter:data1\" content=\"2 minutes\" \/>\n<script type=\"application\/ld+json\" class=\"yoast-schema-graph\">{\"@context\":\"https:\\\/\\\/schema.org\",\"@graph\":[{\"@type\":\"WebPage\",\"@id\":\"https:\\\/\\\/figueras.com\\\/fr\\\/siege\\\/flex-6035\\\/\",\"url\":\"https:\\\/\\\/figueras.com\\\/fr\\\/siege\\\/flex-6035\\\/\",\"name\":\"Flex 6035 - Figueras Seating (FR)\",\"isPartOf\":{\"@id\":\"https:\\\/\\\/figueras.com\\\/fr\\\/#website\"},\"primaryImageOfPage\":{\"@id\":\"https:\\\/\\\/figueras.com\\\/fr\\\/siege\\\/flex-6035\\\/#primaryimage\"},\"image\":{\"@id\":\"https:\\\/\\\/figueras.com\\\/fr\\\/siege\\\/flex-6035\\\/#primaryimage\"},\"thumbnailUrl\":\"https:\\\/\\\/figueras.com\\\/wp-content\\\/uploads\\\/2023\\\/11\\\/Flex-6035_p02.png\",\"datePublished\":\"2023-11-01T11:00:51+00:00\",\"dateModified\":\"2024-12-16T10:57:33+00:00\",\"description\":\"Une chaise spacieuse rabattable compacte offrant un \u00e9quilibre entre confort et utilisation de l\u2019espace. Con\u00e7ue pour les auditoriums et centres de congr\u00e8s.\",\"breadcrumb\":{\"@id\":\"https:\\\/\\\/figueras.com\\\/fr\\\/siege\\\/flex-6035\\\/#breadcrumb\"},\"inLanguage\":\"fr-FR\",\"potentialAction\":[{\"@type\":\"ReadAction\",\"target\":[\"https:\\\/\\\/figueras.com\\\/fr\\\/siege\\\/flex-6035\\\/\"]}]},{\"@type\":\"ImageObject\",\"inLanguage\":\"fr-FR\",\"@id\":\"https:\\\/\\\/figueras.com\\\/fr\\\/siege\\\/flex-6035\\\/#primaryimage\",\"url\":\"https:\\\/\\\/figueras.com\\\/wp-content\\\/uploads\\\/2023\\\/11\\\/Flex-6035_p02.png\",\"contentUrl\":\"https:\\\/\\\/figueras.com\\\/wp-content\\\/uploads\\\/2023\\\/11\\\/Flex-6035_p02.png\",\"width\":1000,\"height\":1200,\"caption\":\"Flex 6035\"},{\"@type\":\"BreadcrumbList\",\"@id\":\"https:\\\/\\\/figueras.com\\\/fr\\\/siege\\\/flex-6035\\\/#breadcrumb\",\"itemListElement\":[{\"@type\":\"ListItem\",\"position\":1,\"name\":\"Home\",\"item\":\"https:\\\/\\\/figueras.com\\\/fr\\\/\"},{\"@type\":\"ListItem\",\"position\":2,\"name\":\"Produits\",\"item\":\"https:\\\/\\\/figueras.com\\\/fr\\\/shop\\\/\"},{\"@type\":\"ListItem\",\"position\":3,\"name\":\"Flex 6035\"}]},{\"@type\":\"WebSite\",\"@id\":\"https:\\\/\\\/figueras.com\\\/fr\\\/#website\",\"url\":\"https:\\\/\\\/figueras.com\\\/fr\\\/\",\"name\":\"Figueras Seating\",\"description\":\"\",\"publisher\":{\"@id\":\"https:\\\/\\\/figueras.com\\\/fr\\\/#organization\"},\"potentialAction\":[{\"@type\":\"SearchAction\",\"target\":{\"@type\":\"EntryPoint\",\"urlTemplate\":\"https:\\\/\\\/figueras.com\\\/fr\\\/?s={search_term_string}\"},\"query-input\":{\"@type\":\"PropertyValueSpecification\",\"valueRequired\":true,\"valueName\":\"search_term_string\"}}],\"inLanguage\":\"fr-FR\"},{\"@type\":\"Organization\",\"@id\":\"https:\\\/\\\/figueras.com\\\/fr\\\/#organization\",\"name\":\"Figueras International Seating, S.L.U.\",\"alternateName\":\"Figueras Seating\",\"url\":\"https:\\\/\\\/figueras.com\\\/fr\\\/\",\"logo\":{\"@type\":\"ImageObject\",\"inLanguage\":\"fr-FR\",\"@id\":\"https:\\\/\\\/figueras.com\\\/fr\\\/#\\\/schema\\\/logo\\\/image\\\/\",\"url\":\"https:\\\/\\\/figueras.com\\\/wp-content\\\/uploads\\\/2023\\\/04\\\/figueraslogoheader.png\",\"contentUrl\":\"https:\\\/\\\/figueras.com\\\/wp-content\\\/uploads\\\/2023\\\/04\\\/figueraslogoheader.png\",\"width\":739,\"height\":127,\"caption\":\"Figueras International Seating, S.L.U.\"},\"image\":{\"@id\":\"https:\\\/\\\/figueras.com\\\/fr\\\/#\\\/schema\\\/logo\\\/image\\\/\"},\"sameAs\":[\"https:\\\/\\\/www.linkedin.com\\\/company\\\/figuerasseating\\\/\",\"https:\\\/\\\/www.instagram.com\\\/figueras.seating\\\/\",\"https:\\\/\\\/vimeo.com\\\/figuerasseating\",\"https:\\\/\\\/es.pinterest.com\\\/figuerasint\\\/\"]}]}<\/script>\n<!-- \/ Yoast SEO plugin. -->","yoast_head_json":{"title":"Flex 6035 - Figueras Seating (FR)","description":"Une chaise spacieuse rabattable compacte offrant un \u00e9quilibre entre confort et utilisation de l\u2019espace. Con\u00e7ue pour les auditoriums et centres de congr\u00e8s.","robots":{"index":"index","follow":"follow","max-snippet":"max-snippet:-1","max-image-preview":"max-image-preview:large","max-video-preview":"max-video-preview:-1"},"canonical":"https:\/\/figueras.com\/fr\/siege\/flex-6035\/","og_locale":"fr_FR","og_type":"article","og_title":"Flex 6035 - Figueras Seating (FR)","og_description":"Une chaise spacieuse rabattable compacte offrant un \u00e9quilibre entre confort et utilisation de l\u2019espace. Con\u00e7ue pour les auditoriums et centres de congr\u00e8s.","og_url":"https:\/\/figueras.com\/fr\/siege\/flex-6035\/","og_site_name":"Figueras Seating","article_modified_time":"2024-12-16T10:57:33+00:00","og_image":[{"width":1000,"height":1200,"url":"https:\/\/figueras.com\/wp-content\/uploads\/2023\/11\/Flex-6035_p02.png","type":"image\/png"}],"twitter_card":"summary_large_image","twitter_misc":{"Dur\u00e9e de lecture estim\u00e9e":"2 minutes"},"schema":{"@context":"https:\/\/schema.org","@graph":[{"@type":"WebPage","@id":"https:\/\/figueras.com\/fr\/siege\/flex-6035\/","url":"https:\/\/figueras.com\/fr\/siege\/flex-6035\/","name":"Flex 6035 - Figueras Seating (FR)","isPartOf":{"@id":"https:\/\/figueras.com\/fr\/#website"},"primaryImageOfPage":{"@id":"https:\/\/figueras.com\/fr\/siege\/flex-6035\/#primaryimage"},"image":{"@id":"https:\/\/figueras.com\/fr\/siege\/flex-6035\/#primaryimage"},"thumbnailUrl":"https:\/\/figueras.com\/wp-content\/uploads\/2023\/11\/Flex-6035_p02.png","datePublished":"2023-11-01T11:00:51+00:00","dateModified":"2024-12-16T10:57:33+00:00","description":"Une chaise spacieuse rabattable compacte offrant un \u00e9quilibre entre confort et utilisation de l\u2019espace. Con\u00e7ue pour les auditoriums et centres de congr\u00e8s.","breadcrumb":{"@id":"https:\/\/figueras.com\/fr\/siege\/flex-6035\/#breadcrumb"},"inLanguage":"fr-FR","potentialAction":[{"@type":"ReadAction","target":["https:\/\/figueras.com\/fr\/siege\/flex-6035\/"]}]},{"@type":"ImageObject","inLanguage":"fr-FR","@id":"https:\/\/figueras.com\/fr\/siege\/flex-6035\/#primaryimage","url":"https:\/\/figueras.com\/wp-content\/uploads\/2023\/11\/Flex-6035_p02.png","contentUrl":"https:\/\/figueras.com\/wp-content\/uploads\/2023\/11\/Flex-6035_p02.png","width":1000,"height":1200,"caption":"Flex 6035"},{"@type":"BreadcrumbList","@id":"https:\/\/figueras.com\/fr\/siege\/flex-6035\/#breadcrumb","itemListElement":[{"@type":"ListItem","position":1,"name":"Home","item":"https:\/\/figueras.com\/fr\/"},{"@type":"ListItem","position":2,"name":"Produits","item":"https:\/\/figueras.com\/fr\/shop\/"},{"@type":"ListItem","position":3,"name":"Flex 6035"}]},{"@type":"WebSite","@id":"https:\/\/figueras.com\/fr\/#website","url":"https:\/\/figueras.com\/fr\/","name":"Figueras Seating","description":"","publisher":{"@id":"https:\/\/figueras.com\/fr\/#organization"},"potentialAction":[{"@type":"SearchAction","target":{"@type":"EntryPoint","urlTemplate":"https:\/\/figueras.com\/fr\/?s={search_term_string}"},"query-input":{"@type":"PropertyValueSpecification","valueRequired":true,"valueName":"search_term_string"}}],"inLanguage":"fr-FR"},{"@type":"Organization","@id":"https:\/\/figueras.com\/fr\/#organization","name":"Figueras International Seating, S.L.U.","alternateName":"Figueras Seating","url":"https:\/\/figueras.com\/fr\/","logo":{"@type":"ImageObject","inLanguage":"fr-FR","@id":"https:\/\/figueras.com\/fr\/#\/schema\/logo\/image\/","url":"https:\/\/figueras.com\/wp-content\/uploads\/2023\/04\/figueraslogoheader.png","contentUrl":"https:\/\/figueras.com\/wp-content\/uploads\/2023\/04\/figueraslogoheader.png","width":739,"height":127,"caption":"Figueras International Seating, S.L.U."},"image":{"@id":"https:\/\/figueras.com\/fr\/#\/schema\/logo\/image\/"},"sameAs":["https:\/\/www.linkedin.com\/company\/figuerasseating\/","https:\/\/www.instagram.com\/figueras.seating\/","https:\/\/vimeo.com\/figuerasseating","https:\/\/es.pinterest.com\/figuerasint\/"]}]}},"_links":{"self":[{"href":"https:\/\/figueras.com\/fr\/wp-json\/wp\/v2\/product\/23771","targetHints":{"allow":["GET"]}}],"collection":[{"href":"https:\/\/figueras.com\/fr\/wp-json\/wp\/v2\/product"}],"about":[{"href":"https:\/\/figueras.com\/fr\/wp-json\/wp\/v2\/types\/product"}],"version-history":[{"count":0,"href":"https:\/\/figueras.com\/fr\/wp-json\/wp\/v2\/product\/23771\/revisions"}],"wp:featuredmedia":[{"embeddable":true,"href":"https:\/\/figueras.com\/fr\/wp-json\/wp\/v2\/media\/32159"}],"wp:attachment":[{"href":"https:\/\/figueras.com\/fr\/wp-json\/wp\/v2\/media?parent=23771"}],"wp:term":[{"taxonomy":"designer_tag","embeddable":true,"href":"https:\/\/figueras.com\/fr\/wp-json\/wp\/v2\/designer_tag?post=23771"},{"taxonomy":"system_rel_tag","embeddable":true,"href":"https:\/\/figueras.com\/fr\/wp-json\/wp\/v2\/system_rel_tag?post=23771"},{"taxonomy":"product_cat","embeddable":true,"href":"https:\/\/figueras.com\/fr\/wp-json\/wp\/v2\/product_cat?post=23771"},{"taxonomy":"product_tag","embeddable":true,"href":"https:\/\/figueras.com\/fr\/wp-json\/wp\/v2\/product_tag?post=23771"}],"curies":[{"name":"wp","href":"https:\/\/api.w.org\/{rel}","templated":true}]}}