{"id":49138,"date":"2025-10-27T10:49:38","date_gmt":"2025-10-27T09:49:38","guid":{"rendered":"https:\/\/figueras.com\/behind-the-seats\/"},"modified":"2025-12-18T14:18:15","modified_gmt":"2025-12-18T13:18:15","slug":"behind-the-seats","status":"publish","type":"page","link":"https:\/\/figueras.com\/fr\/behind-the-seats\/","title":{"rendered":"behind the seats"},"content":{"rendered":"\t\t<div data-elementor-type=\"wp-page\" data-elementor-id=\"49138\" class=\"elementor elementor-49138 elementor-48427\" data-elementor-post-type=\"page\">\n\t\t\t\t<div data-dce-background-overlay-color=\"#000000\" data-dce-background-image-url=\"https:\/\/figueras.com\/wp-content\/uploads\/2023\/06\/Centro-Cultural-Benidorm_g01.jpg\" class=\"elementor-element elementor-element-793e118 e-flex e-con-boxed e-con e-parent\" data-id=\"793e118\" data-element_type=\"container\" data-e-type=\"container\" data-settings=\"{&quot;background_background&quot;:&quot;classic&quot;}\">\n\t\t\t\t\t<div class=\"e-con-inner\">\n\t\t<div class=\"elementor-element elementor-element-6d8656a e-con-full animated-fast e-flex elementor-invisible e-con e-child\" data-id=\"6d8656a\" data-element_type=\"container\" data-e-type=\"container\" data-settings=\"{&quot;animation&quot;:&quot;fadeInLeft&quot;}\">\n\t\t\t\t<div class=\"elementor-element elementor-element-8766535 elementor-widget elementor-widget-heading\" data-id=\"8766535\" data-element_type=\"widget\" data-e-type=\"widget\" data-widget_type=\"heading.default\">\n\t\t\t\t\t<h1 class=\"elementor-heading-title elementor-size-default\">BEHIND THE SEATS<\/h1>\t\t\t\t<\/div>\n\t\t\t\t<\/div>\n\t\t\t\t\t<\/div>\n\t\t\t\t<\/div>\n\t\t<div class=\"elementor-element elementor-element-8770389 e-flex e-con-boxed e-con e-parent\" data-id=\"8770389\" data-element_type=\"container\" data-e-type=\"container\" id=\"Oscar\">\n\t\t\t\t\t<div class=\"e-con-inner\">\n\t\t\t\t<div data-dce-title-color=\"#37383A\" class=\"elementor-element elementor-element-6fa5fce elementor-widget elementor-widget-heading\" data-id=\"6fa5fce\" data-element_type=\"widget\" data-e-type=\"widget\" data-widget_type=\"heading.default\">\n\t\t\t\t\t<h1 class=\"elementor-heading-title elementor-size-default\">\u201cThe Art of Craftsmanship\u201d \u2013 \u00d3scar Luna<\/h1>\t\t\t\t<\/div>\n\t\t<div class=\"elementor-element elementor-element-cb40865 e-grid e-con-full e-con e-child\" data-id=\"cb40865\" data-element_type=\"container\" data-e-type=\"container\">\n\t\t<div class=\"elementor-element elementor-element-4fec983 e-con-full e-flex e-con e-child\" data-id=\"4fec983\" data-element_type=\"container\" data-e-type=\"container\">\n\t\t\t\t<div class=\"elementor-element elementor-element-718f50b elementor-widget__width-initial elementor-widget elementor-widget-video\" data-id=\"718f50b\" data-element_type=\"widget\" data-e-type=\"widget\" data-settings=\"{&quot;youtube_url&quot;:&quot;https:\\\/\\\/youtu.be\\\/pnW-QkhGQP0&quot;,&quot;loop&quot;:&quot;yes&quot;,&quot;video_type&quot;:&quot;youtube&quot;,&quot;controls&quot;:&quot;yes&quot;}\" data-widget_type=\"video.default\">\n\t\t\t\t\t\t\t<div class=\"elementor-wrapper elementor-open-inline\">\n\t\t\t<div class=\"elementor-video\"><\/div>\t\t<\/div>\n\t\t\t\t\t\t<\/div>\n\t\t\t\t<\/div>\n\t\t<div class=\"elementor-element elementor-element-08d8afd e-con-full e-flex e-con e-child\" data-id=\"08d8afd\" data-element_type=\"container\" data-e-type=\"container\">\n\t\t\t\t<div data-dce-text-color=\"#37383A\" class=\"elementor-element elementor-element-83658a1 elementor-widget__width-inherit elementor-widget elementor-widget-text-editor\" data-id=\"83658a1\" data-element_type=\"widget\" data-e-type=\"widget\" data-widget_type=\"text-editor.default\">\n\t\t\t\t\t\t\t\t\t<p><span data-teams=\"true\">L\u2019excellence commence entre les mains.<br \/>\u00d3scar Luna ouvre les portes de son atelier, o\u00f9 pr\u00e9cision et patience se transforment en art. Son histoire incarne la valeur de l\u2019exp\u00e9rience et la fiert\u00e9 d\u2019un savoir-faire qui continue de fa\u00e7onner chaque si\u00e8ge Figueras.<\/span><\/p>\t\t\t\t\t\t\t\t<\/div>\n\t\t\t\t<\/div>\n\t\t\t\t<\/div>\n\t\t\t\t\t<\/div>\n\t\t\t\t<\/div>\n\t\t<div data-dce-background-color=\"#FAFAFA\" class=\"elementor-element elementor-element-d7e906a e-flex e-con-boxed e-con e-parent\" data-id=\"d7e906a\" data-element_type=\"container\" data-e-type=\"container\" id=\"Carla-JosepMaria\" data-settings=\"{&quot;background_background&quot;:&quot;classic&quot;}\">\n\t\t\t\t\t<div class=\"e-con-inner\">\n\t\t\t\t<div data-dce-title-color=\"#37383A\" class=\"elementor-element elementor-element-cb44fd3 elementor-widget elementor-widget-heading\" data-id=\"cb44fd3\" data-element_type=\"widget\" data-e-type=\"widget\" data-widget_type=\"heading.default\">\n\t\t\t\t\t<h1 class=\"elementor-heading-title elementor-size-default\">\u201cBridging Generations\u201d \u2013 Carla Sall\u00e9s &amp; Josep Maria Moret<\/h1>\t\t\t\t<\/div>\n\t\t<div class=\"elementor-element elementor-element-4aca3a2 e-grid e-con-full e-con e-child\" data-id=\"4aca3a2\" data-element_type=\"container\" data-e-type=\"container\">\n\t\t<div class=\"elementor-element elementor-element-3c76210 e-con-full e-flex e-con e-child\" data-id=\"3c76210\" data-element_type=\"container\" data-e-type=\"container\">\n\t\t\t\t<div data-dce-text-color=\"#37383A\" class=\"elementor-element elementor-element-d5efe04 elementor-widget__width-inherit elementor-widget elementor-widget-text-editor\" data-id=\"d5efe04\" data-element_type=\"widget\" data-e-type=\"widget\" data-widget_type=\"text-editor.default\">\n\t\t\t\t\t\t\t\t\t<p><span data-teams=\"true\">Deux g\u00e9n\u00e9rations, une passion partag\u00e9e.<br \/>Carla et Josep Maria \u00e9changent questions, rires et id\u00e9es, montrant comment l\u2019exp\u00e9rience et l\u2019innovation coexistent en harmonie. Chez Figueras, l\u2019avenir du design se renforce gr\u00e2ce au dialogue entre les g\u00e9n\u00e9rations.<\/span><\/p>\t\t\t\t\t\t\t\t<\/div>\n\t\t\t\t<div data-dce-background-color=\"#00000000\" class=\"elementor-element elementor-element-9f0ca38 elementor-widget elementor-widget-button\" data-id=\"9f0ca38\" data-element_type=\"widget\" data-e-type=\"widget\" data-widget_type=\"button.default\">\n\t\t\t\t\t\t\t\t\t\t<a class=\"elementor-button elementor-button-link elementor-size-sm\" href=\"https:\/\/youtu.be\/BXN41RkMmAo\">\n\t\t\t\t\t\t<span class=\"elementor-button-content-wrapper\">\n\t\t\t\t\t\t<span class=\"elementor-button-icon\">\n\t\t\t\t<svg xmlns=\"http:\/\/www.w3.org\/2000\/svg\" fill=\"#000000\" width=\"800px\" height=\"800px\" viewBox=\"0 0 32 32\"><title>plus<\/title><path d=\"M30 15.25h-13.25v-13.25c0-0.414-0.336-0.75-0.75-0.75s-0.75 0.336-0.75 0.75v0 13.25h-13.25c-0.414 0-0.75 0.336-0.75 0.75s0.336 0.75 0.75 0.75v0h13.25v13.25c0 0.414 0.336 0.75 0.75 0.75s0.75-0.336 0.75-0.75v0-13.25h13.25c0.414 0 0.75-0.336 0.75-0.75s-0.336-0.75-0.75-0.75v0z\"><\/path><\/svg>\t\t\t<\/span>\n\t\t\t\t\t\t\t\t\t<span class=\"elementor-button-text\">Regardez l'interview compl\u00e8te<\/span>\n\t\t\t\t\t<\/span>\n\t\t\t\t\t<\/a>\n\t\t\t\t\t\t\t\t<\/div>\n\t\t\t\t<\/div>\n\t\t<div class=\"elementor-element elementor-element-d14db42 e-con-full e-flex e-con e-child\" data-id=\"d14db42\" data-element_type=\"container\" data-e-type=\"container\">\n\t\t\t\t<div class=\"elementor-element elementor-element-69cff7e elementor-widget elementor-widget-video\" data-id=\"69cff7e\" data-element_type=\"widget\" data-e-type=\"widget\" data-settings=\"{&quot;youtube_url&quot;:&quot;https:\\\/\\\/youtu.be\\\/Wt3CXD3eVmc&quot;,&quot;loop&quot;:&quot;yes&quot;,&quot;video_type&quot;:&quot;youtube&quot;,&quot;controls&quot;:&quot;yes&quot;}\" data-widget_type=\"video.default\">\n\t\t\t\t\t\t\t<div class=\"elementor-wrapper elementor-open-inline\">\n\t\t\t<div class=\"elementor-video\"><\/div>\t\t<\/div>\n\t\t\t\t\t\t<\/div>\n\t\t\t\t<\/div>\n\t\t\t\t<\/div>\n\t\t\t\t\t<\/div>\n\t\t\t\t<\/div>\n\t\t<div class=\"elementor-element elementor-element-5ecbcfc e-flex e-con-boxed e-con e-parent\" data-id=\"5ecbcfc\" data-element_type=\"container\" data-e-type=\"container\" id=\"JosepManel\">\n\t\t\t\t\t<div class=\"e-con-inner\">\n\t\t\t\t<div data-dce-title-color=\"#37383A\" class=\"elementor-element elementor-element-cae3068 elementor-widget elementor-widget-heading\" data-id=\"cae3068\" data-element_type=\"widget\" data-e-type=\"widget\" data-widget_type=\"heading.default\">\n\t\t\t\t\t<h1 class=\"elementor-heading-title elementor-size-default\">\u201cA Vision in Every Seat\u201d \u2013 Josep Manel Santiago<\/h1>\t\t\t\t<\/div>\n\t\t<div class=\"elementor-element elementor-element-08322f7 e-grid e-con-full e-con e-child\" data-id=\"08322f7\" data-element_type=\"container\" data-e-type=\"container\">\n\t\t<div class=\"elementor-element elementor-element-5337724 e-con-full e-flex e-con e-child\" data-id=\"5337724\" data-element_type=\"container\" data-e-type=\"container\">\n\t\t\t\t<div class=\"elementor-element elementor-element-49b1622 elementor-widget elementor-widget-video\" data-id=\"49b1622\" data-element_type=\"widget\" data-e-type=\"widget\" data-settings=\"{&quot;youtube_url&quot;:&quot;https:\\\/\\\/youtu.be\\\/7_cm1_q8AAQ&quot;,&quot;loop&quot;:&quot;yes&quot;,&quot;video_type&quot;:&quot;youtube&quot;,&quot;controls&quot;:&quot;yes&quot;}\" data-widget_type=\"video.default\">\n\t\t\t\t\t\t\t<div class=\"elementor-wrapper elementor-open-inline\">\n\t\t\t<div class=\"elementor-video\"><\/div>\t\t<\/div>\n\t\t\t\t\t\t<\/div>\n\t\t\t\t<\/div>\n\t\t<div class=\"elementor-element elementor-element-d9f00f8 e-con-full e-flex e-con e-child\" data-id=\"d9f00f8\" data-element_type=\"container\" data-e-type=\"container\">\n\t\t\t\t<div data-dce-text-color=\"#37383A\" class=\"elementor-element elementor-element-a3e883c elementor-widget__width-inherit elementor-widget elementor-widget-text-editor\" data-id=\"a3e883c\" data-element_type=\"widget\" data-e-type=\"widget\" data-widget_type=\"text-editor.default\">\n\t\t\t\t\t\t\t\t\t<p><span data-teams=\"true\">Chaque si\u00e8ge raconte une histoire, toujours guid\u00e9 par la m\u00eame vision.<br \/>Josep Manel Santiago explique comment Figueras transforme l\u2019ing\u00e9nierie, le design et l\u2019\u00e9motion en exp\u00e9riences compl\u00e8tes. Car cr\u00e9er des si\u00e8ges, c\u2019est cr\u00e9er des espaces pour la culture, les id\u00e9es et la connexion humaine.<\/span><\/p>\t\t\t\t\t\t\t\t<\/div>\n\t\t\t\t<div data-dce-background-color=\"#00000000\" class=\"elementor-element elementor-element-2ed1e10 elementor-widget elementor-widget-button\" data-id=\"2ed1e10\" data-element_type=\"widget\" data-e-type=\"widget\" data-widget_type=\"button.default\">\n\t\t\t\t\t\t\t\t\t\t<a class=\"elementor-button elementor-button-link elementor-size-sm\" href=\"https:\/\/youtu.be\/wehjQkpIZwE\">\n\t\t\t\t\t\t<span class=\"elementor-button-content-wrapper\">\n\t\t\t\t\t\t<span class=\"elementor-button-icon\">\n\t\t\t\t<svg xmlns=\"http:\/\/www.w3.org\/2000\/svg\" fill=\"#000000\" width=\"800px\" height=\"800px\" viewBox=\"0 0 32 32\"><title>plus<\/title><path d=\"M30 15.25h-13.25v-13.25c0-0.414-0.336-0.75-0.75-0.75s-0.75 0.336-0.75 0.75v0 13.25h-13.25c-0.414 0-0.75 0.336-0.75 0.75s0.336 0.75 0.75 0.75v0h13.25v13.25c0 0.414 0.336 0.75 0.75 0.75s0.75-0.336 0.75-0.75v0-13.25h13.25c0.414 0 0.75-0.336 0.75-0.75s-0.336-0.75-0.75-0.75v0z\"><\/path><\/svg>\t\t\t<\/span>\n\t\t\t\t\t\t\t\t\t<span class=\"elementor-button-text\">Regardez l'interview compl\u00e8te<\/span>\n\t\t\t\t\t<\/span>\n\t\t\t\t\t<\/a>\n\t\t\t\t\t\t\t\t<\/div>\n\t\t\t\t<\/div>\n\t\t\t\t<\/div>\n\t\t\t\t\t<\/div>\n\t\t\t\t<\/div>\n\t\t\t\t<\/div>\n\t\t","protected":false},"excerpt":{"rendered":"<p>BEHIND THE SEATS \u201cThe Art of Craftsmanship\u201d \u2013 \u00d3scar Luna https:\/\/youtu.be\/pnW-QkhGQP0 L\u2019excellence commence entre les mains.\u00d3scar Luna ouvre les portes de son atelier, o\u00f9 pr\u00e9cision et patience se transforment en art. Son histoire incarne la valeur de l\u2019exp\u00e9rience et la fiert\u00e9 d\u2019un savoir-faire qui continue de fa\u00e7onner chaque si\u00e8ge Figueras. \u201cBridging Generations\u201d \u2013 Carla Sall\u00e9s [&hellip;]<\/p>\n","protected":false},"author":2,"featured_media":0,"parent":0,"menu_order":0,"comment_status":"closed","ping_status":"closed","template":"","meta":{"_acf_changed":false,"content-type":"","footnotes":""},"class_list":["post-49138","page","type-page","status-publish","hentry"],"acf":[],"yoast_head":"<!-- This site is optimized with the Yoast SEO plugin v27.4 - https:\/\/yoast.com\/product\/yoast-seo-wordpress\/ -->\n<title>behind the seats - Figueras Seating<\/title>\n<meta name=\"robots\" content=\"index, follow, max-snippet:-1, max-image-preview:large, max-video-preview:-1\" \/>\n<link rel=\"canonical\" href=\"https:\/\/figueras.com\/fr\/behind-the-seats\/\" \/>\n<meta property=\"og:locale\" content=\"fr_FR\" \/>\n<meta property=\"og:type\" content=\"article\" \/>\n<meta property=\"og:title\" content=\"behind the seats - Figueras Seating\" \/>\n<meta property=\"og:description\" content=\"BEHIND THE SEATS \u201cThe Art of Craftsmanship\u201d \u2013 \u00d3scar Luna https:\/\/youtu.be\/pnW-QkhGQP0 L\u2019excellence commence entre les mains.\u00d3scar Luna ouvre les portes de son atelier, o\u00f9 pr\u00e9cision et patience se transforment en art. Son histoire incarne la valeur de l\u2019exp\u00e9rience et la fiert\u00e9 d\u2019un savoir-faire qui continue de fa\u00e7onner chaque si\u00e8ge Figueras. \u201cBridging Generations\u201d \u2013 Carla Sall\u00e9s [&hellip;]\" \/>\n<meta property=\"og:url\" content=\"https:\/\/figueras.com\/fr\/behind-the-seats\/\" \/>\n<meta property=\"og:site_name\" content=\"Figueras Seating\" \/>\n<meta property=\"article:modified_time\" content=\"2025-12-18T13:18:15+00:00\" \/>\n<meta name=\"twitter:card\" content=\"summary_large_image\" \/>\n<meta name=\"twitter:label1\" content=\"Dur\u00e9e de lecture estim\u00e9e\" \/>\n\t<meta name=\"twitter:data1\" content=\"1 minute\" \/>\n<script type=\"application\/ld+json\" class=\"yoast-schema-graph\">{\"@context\":\"https:\\\/\\\/schema.org\",\"@graph\":[{\"@type\":\"WebPage\",\"@id\":\"https:\\\/\\\/figueras.com\\\/fr\\\/behind-the-seats\\\/\",\"url\":\"https:\\\/\\\/figueras.com\\\/fr\\\/behind-the-seats\\\/\",\"name\":\"behind the seats - Figueras Seating\",\"isPartOf\":{\"@id\":\"https:\\\/\\\/figueras.com\\\/fr\\\/#website\"},\"datePublished\":\"2025-10-27T09:49:38+00:00\",\"dateModified\":\"2025-12-18T13:18:15+00:00\",\"breadcrumb\":{\"@id\":\"https:\\\/\\\/figueras.com\\\/fr\\\/behind-the-seats\\\/#breadcrumb\"},\"inLanguage\":\"fr-FR\",\"potentialAction\":[{\"@type\":\"ReadAction\",\"target\":[\"https:\\\/\\\/figueras.com\\\/fr\\\/behind-the-seats\\\/\"]}]},{\"@type\":\"BreadcrumbList\",\"@id\":\"https:\\\/\\\/figueras.com\\\/fr\\\/behind-the-seats\\\/#breadcrumb\",\"itemListElement\":[{\"@type\":\"ListItem\",\"position\":1,\"name\":\"Home\",\"item\":\"https:\\\/\\\/figueras.com\\\/fr\\\/\"},{\"@type\":\"ListItem\",\"position\":2,\"name\":\"behind the seats\"}]},{\"@type\":\"WebSite\",\"@id\":\"https:\\\/\\\/figueras.com\\\/fr\\\/#website\",\"url\":\"https:\\\/\\\/figueras.com\\\/fr\\\/\",\"name\":\"Figueras Seating\",\"description\":\"\",\"publisher\":{\"@id\":\"https:\\\/\\\/figueras.com\\\/fr\\\/#organization\"},\"potentialAction\":[{\"@type\":\"SearchAction\",\"target\":{\"@type\":\"EntryPoint\",\"urlTemplate\":\"https:\\\/\\\/figueras.com\\\/fr\\\/?s={search_term_string}\"},\"query-input\":{\"@type\":\"PropertyValueSpecification\",\"valueRequired\":true,\"valueName\":\"search_term_string\"}}],\"inLanguage\":\"fr-FR\"},{\"@type\":\"Organization\",\"@id\":\"https:\\\/\\\/figueras.com\\\/fr\\\/#organization\",\"name\":\"Figueras International Seating, S.L.U.\",\"alternateName\":\"Figueras Seating\",\"url\":\"https:\\\/\\\/figueras.com\\\/fr\\\/\",\"logo\":{\"@type\":\"ImageObject\",\"inLanguage\":\"fr-FR\",\"@id\":\"https:\\\/\\\/figueras.com\\\/fr\\\/#\\\/schema\\\/logo\\\/image\\\/\",\"url\":\"https:\\\/\\\/figueras.com\\\/wp-content\\\/uploads\\\/2023\\\/04\\\/figueraslogoheader.png\",\"contentUrl\":\"https:\\\/\\\/figueras.com\\\/wp-content\\\/uploads\\\/2023\\\/04\\\/figueraslogoheader.png\",\"width\":739,\"height\":127,\"caption\":\"Figueras International Seating, S.L.U.\"},\"image\":{\"@id\":\"https:\\\/\\\/figueras.com\\\/fr\\\/#\\\/schema\\\/logo\\\/image\\\/\"},\"sameAs\":[\"https:\\\/\\\/www.linkedin.com\\\/company\\\/figuerasseating\\\/\",\"https:\\\/\\\/www.instagram.com\\\/figueras.seating\\\/\",\"https:\\\/\\\/vimeo.com\\\/figuerasseating\",\"https:\\\/\\\/es.pinterest.com\\\/figuerasint\\\/\"]}]}<\/script>\n<!-- \/ Yoast SEO plugin. -->","yoast_head_json":{"title":"behind the seats - Figueras Seating","robots":{"index":"index","follow":"follow","max-snippet":"max-snippet:-1","max-image-preview":"max-image-preview:large","max-video-preview":"max-video-preview:-1"},"canonical":"https:\/\/figueras.com\/fr\/behind-the-seats\/","og_locale":"fr_FR","og_type":"article","og_title":"behind the seats - Figueras Seating","og_description":"BEHIND THE SEATS \u201cThe Art of Craftsmanship\u201d \u2013 \u00d3scar Luna https:\/\/youtu.be\/pnW-QkhGQP0 L\u2019excellence commence entre les mains.\u00d3scar Luna ouvre les portes de son atelier, o\u00f9 pr\u00e9cision et patience se transforment en art. Son histoire incarne la valeur de l\u2019exp\u00e9rience et la fiert\u00e9 d\u2019un savoir-faire qui continue de fa\u00e7onner chaque si\u00e8ge Figueras. \u201cBridging Generations\u201d \u2013 Carla Sall\u00e9s [&hellip;]","og_url":"https:\/\/figueras.com\/fr\/behind-the-seats\/","og_site_name":"Figueras Seating","article_modified_time":"2025-12-18T13:18:15+00:00","twitter_card":"summary_large_image","twitter_misc":{"Dur\u00e9e de lecture estim\u00e9e":"1 minute"},"schema":{"@context":"https:\/\/schema.org","@graph":[{"@type":"WebPage","@id":"https:\/\/figueras.com\/fr\/behind-the-seats\/","url":"https:\/\/figueras.com\/fr\/behind-the-seats\/","name":"behind the seats - Figueras Seating","isPartOf":{"@id":"https:\/\/figueras.com\/fr\/#website"},"datePublished":"2025-10-27T09:49:38+00:00","dateModified":"2025-12-18T13:18:15+00:00","breadcrumb":{"@id":"https:\/\/figueras.com\/fr\/behind-the-seats\/#breadcrumb"},"inLanguage":"fr-FR","potentialAction":[{"@type":"ReadAction","target":["https:\/\/figueras.com\/fr\/behind-the-seats\/"]}]},{"@type":"BreadcrumbList","@id":"https:\/\/figueras.com\/fr\/behind-the-seats\/#breadcrumb","itemListElement":[{"@type":"ListItem","position":1,"name":"Home","item":"https:\/\/figueras.com\/fr\/"},{"@type":"ListItem","position":2,"name":"behind the seats"}]},{"@type":"WebSite","@id":"https:\/\/figueras.com\/fr\/#website","url":"https:\/\/figueras.com\/fr\/","name":"Figueras Seating","description":"","publisher":{"@id":"https:\/\/figueras.com\/fr\/#organization"},"potentialAction":[{"@type":"SearchAction","target":{"@type":"EntryPoint","urlTemplate":"https:\/\/figueras.com\/fr\/?s={search_term_string}"},"query-input":{"@type":"PropertyValueSpecification","valueRequired":true,"valueName":"search_term_string"}}],"inLanguage":"fr-FR"},{"@type":"Organization","@id":"https:\/\/figueras.com\/fr\/#organization","name":"Figueras International Seating, S.L.U.","alternateName":"Figueras Seating","url":"https:\/\/figueras.com\/fr\/","logo":{"@type":"ImageObject","inLanguage":"fr-FR","@id":"https:\/\/figueras.com\/fr\/#\/schema\/logo\/image\/","url":"https:\/\/figueras.com\/wp-content\/uploads\/2023\/04\/figueraslogoheader.png","contentUrl":"https:\/\/figueras.com\/wp-content\/uploads\/2023\/04\/figueraslogoheader.png","width":739,"height":127,"caption":"Figueras International Seating, S.L.U."},"image":{"@id":"https:\/\/figueras.com\/fr\/#\/schema\/logo\/image\/"},"sameAs":["https:\/\/www.linkedin.com\/company\/figuerasseating\/","https:\/\/www.instagram.com\/figueras.seating\/","https:\/\/vimeo.com\/figuerasseating","https:\/\/es.pinterest.com\/figuerasint\/"]}]}},"_links":{"self":[{"href":"https:\/\/figueras.com\/fr\/wp-json\/wp\/v2\/pages\/49138","targetHints":{"allow":["GET"]}}],"collection":[{"href":"https:\/\/figueras.com\/fr\/wp-json\/wp\/v2\/pages"}],"about":[{"href":"https:\/\/figueras.com\/fr\/wp-json\/wp\/v2\/types\/page"}],"author":[{"embeddable":true,"href":"https:\/\/figueras.com\/fr\/wp-json\/wp\/v2\/users\/2"}],"replies":[{"embeddable":true,"href":"https:\/\/figueras.com\/fr\/wp-json\/wp\/v2\/comments?post=49138"}],"version-history":[{"count":0,"href":"https:\/\/figueras.com\/fr\/wp-json\/wp\/v2\/pages\/49138\/revisions"}],"wp:attachment":[{"href":"https:\/\/figueras.com\/fr\/wp-json\/wp\/v2\/media?parent=49138"}],"curies":[{"name":"wp","href":"https:\/\/api.w.org\/{rel}","templated":true}]}}