{"id":31307,"date":"2024-05-09T15:15:00","date_gmt":"2024-05-09T13:15:00","guid":{"rendered":"https:\/\/figueras.com\/?page_id=31307"},"modified":"2024-09-27T11:20:07","modified_gmt":"2024-09-27T09:20:07","slug":"subs","status":"publish","type":"page","link":"https:\/\/figueras.com\/fr\/merci\/subs\/","title":{"rendered":"SUBS-FR"},"content":{"rendered":"\t\t<div data-elementor-type=\"wp-page\" data-elementor-id=\"31307\" class=\"elementor elementor-31307\" data-elementor-post-type=\"page\">\n\t\t\t\t<div class=\"elementor-element elementor-element-e8612c3 e-flex e-con-boxed e-con e-parent\" data-id=\"e8612c3\" data-element_type=\"container\" data-e-type=\"container\">\n\t\t\t\t\t<div class=\"e-con-inner\">\n\t\t\t\t<div class=\"elementor-element elementor-element-2673994 animated-fast elementor-invisible elementor-widget elementor-widget-image\" data-id=\"2673994\" data-element_type=\"widget\" data-e-type=\"widget\" data-settings=\"{&quot;_animation&quot;:&quot;lightSpeedIn&quot;}\" data-widget_type=\"image.default\">\n\t\t\t\t\t\t\t\t\t\t\t\t\t\t\t<img decoding=\"async\" width=\"124\" height=\"124\" src=\"https:\/\/figueras.com\/wp-content\/uploads\/2024\/02\/figureras_formu_icon.jpg\" class=\"attachment-full size-full wp-image-29077\" alt=\"figureras formu icon\" srcset=\"https:\/\/figueras.com\/wp-content\/uploads\/2024\/02\/figureras_formu_icon.jpg 124w, https:\/\/figueras.com\/wp-content\/uploads\/2024\/02\/figureras_formu_icon-100x100.jpg 100w\" sizes=\"(max-width: 124px) 100vw, 124px\" title=\"\">\t\t\t\t\t\t\t\t\t\t\t\t\t\t\t<\/div>\n\t\t\t\t<div class=\"elementor-element elementor-element-9652ca3 animated-fast elementor-invisible elementor-widget elementor-widget-heading\" data-id=\"9652ca3\" data-element_type=\"widget\" data-e-type=\"widget\" data-settings=\"{&quot;_animation&quot;:&quot;lightSpeedIn&quot;,&quot;_animation_delay&quot;:500}\" data-widget_type=\"heading.default\">\n\t\t\t\t\t<h2 class=\"elementor-heading-title elementor-size-default\">Merci de vous \u00eatre abonn\u00e9 \u00e0 notre newsletter<\/h2>\t\t\t\t<\/div>\n\t\t\t\t<div class=\"elementor-element elementor-element-930d6bd elementor-align-center animated-fast elementor-invisible elementor-widget elementor-widget-button\" data-id=\"930d6bd\" data-element_type=\"widget\" data-e-type=\"widget\" id=\"btn-back\" data-settings=\"{&quot;_animation&quot;:&quot;lightSpeedIn&quot;,&quot;_animation_delay&quot;:1000}\" data-widget_type=\"button.default\">\n\t\t\t\t\t\t\t\t\t\t<a class=\"elementor-button elementor-button-link elementor-size-sm\" href=\"#\">\n\t\t\t\t\t\t<span class=\"elementor-button-content-wrapper\">\n\t\t\t\t\t\t<span class=\"elementor-button-icon\">\n\t\t\t\t<svg aria-hidden=\"true\" class=\"e-font-icon-svg e-fas-chevron-left\" viewBox=\"0 0 320 512\" xmlns=\"http:\/\/www.w3.org\/2000\/svg\"><path d=\"M34.52 239.03L228.87 44.69c9.37-9.37 24.57-9.37 33.94 0l22.67 22.67c9.36 9.36 9.37 24.52.04 33.9L131.49 256l154.02 154.75c9.34 9.38 9.32 24.54-.04 33.9l-22.67 22.67c-9.37 9.37-24.57 9.37-33.94 0L34.52 272.97c-9.37-9.37-9.37-24.57 0-33.94z\"><\/path><\/svg>\t\t\t<\/span>\n\t\t\t\t\t\t\t\t\t<span class=\"elementor-button-text\">Retourner<\/span>\n\t\t\t\t\t<\/span>\n\t\t\t\t\t<\/a>\n\t\t\t\t\t\t\t\t<\/div>\n\t\t\t\t<div class=\"elementor-element elementor-element-56571c3 elementor-widget elementor-widget-html\" data-id=\"56571c3\" data-element_type=\"widget\" data-e-type=\"widget\" data-widget_type=\"html.default\">\n\t\t\t\t\t<script type=\"text\/javascript\"> \n \njQuery(document).ready(function() {\n    jQuery('#btn-back').on('click', function() {\n      window.history.go(-1); \n      return false;\n    });\n});\n \n<\/script>\t\t\t\t<\/div>\n\t\t\t\t\t<\/div>\n\t\t\t\t<\/div>\n\t\t\t\t<\/div>\n\t\t","protected":false},"excerpt":{"rendered":"<p>Merci de vous \u00eatre abonn\u00e9 \u00e0 notre newsletter Retourner<\/p>\n","protected":false},"author":1,"featured_media":0,"parent":29095,"menu_order":0,"comment_status":"closed","ping_status":"closed","template":"","meta":{"_acf_changed":false,"content-type":"","footnotes":""},"class_list":["post-31307","page","type-page","status-publish","hentry"],"acf":[],"_links":{"self":[{"href":"https:\/\/figueras.com\/fr\/wp-json\/wp\/v2\/pages\/31307","targetHints":{"allow":["GET"]}}],"collection":[{"href":"https:\/\/figueras.com\/fr\/wp-json\/wp\/v2\/pages"}],"about":[{"href":"https:\/\/figueras.com\/fr\/wp-json\/wp\/v2\/types\/page"}],"author":[{"embeddable":true,"href":"https:\/\/figueras.com\/fr\/wp-json\/wp\/v2\/users\/1"}],"replies":[{"embeddable":true,"href":"https:\/\/figueras.com\/fr\/wp-json\/wp\/v2\/comments?post=31307"}],"version-history":[{"count":0,"href":"https:\/\/figueras.com\/fr\/wp-json\/wp\/v2\/pages\/31307\/revisions"}],"up":[{"embeddable":true,"href":"https:\/\/figueras.com\/fr\/wp-json\/wp\/v2\/pages\/29095"}],"wp:attachment":[{"href":"https:\/\/figueras.com\/fr\/wp-json\/wp\/v2\/media?parent=31307"}],"curies":[{"name":"wp","href":"https:\/\/api.w.org\/{rel}","templated":true}]}}