{"id":22885,"date":"2023-11-29T16:17:14","date_gmt":"2023-11-29T15:17:14","guid":{"rendered":"http:\/\/figueras.com\/life-cycle-service\/"},"modified":"2025-04-23T15:30:54","modified_gmt":"2025-04-23T13:30:54","slug":"service-du-cycle-de-vie","status":"publish","type":"page","link":"https:\/\/figueras.com\/fr\/service-du-cycle-de-vie\/","title":{"rendered":"Service du cycle de vie"},"content":{"rendered":"\t\t<div data-elementor-type=\"wp-page\" data-elementor-id=\"22885\" class=\"elementor elementor-22885 elementor-10634\" data-elementor-post-type=\"page\">\n\t\t\t\t<div data-dce-background-image-url=\"https:\/\/figueras.com\/wp-content\/uploads\/2023\/11\/Miriam_Castells_Studio_Design_Center_Figueras_22.jpg\" class=\"elementor-element elementor-element-48f344d e-flex e-con-boxed e-con e-parent\" data-id=\"48f344d\" data-element_type=\"container\" data-e-type=\"container\" data-settings=\"{&quot;background_background&quot;:&quot;classic&quot;}\">\n\t\t\t\t\t<div class=\"e-con-inner\">\n\t\t<div class=\"elementor-element elementor-element-ecb1ff1 e-con-full animated-fast e-flex elementor-invisible e-con e-child\" data-id=\"ecb1ff1\" data-element_type=\"container\" data-e-type=\"container\" data-settings=\"{&quot;animation&quot;:&quot;fadeInLeft&quot;}\">\n\t\t\t\t<div class=\"elementor-element elementor-element-ac5092f elementor-widget elementor-widget-heading\" data-id=\"ac5092f\" data-element_type=\"widget\" data-e-type=\"widget\" data-widget_type=\"heading.default\">\n\t\t\t\t\t<h2 class=\"elementor-heading-title elementor-size-default\">SERVICE DE CYCLE DE VIE<\/h2>\t\t\t\t<\/div>\n\t\t\t\t<div class=\"elementor-element elementor-element-3960def elementor-widget__width-inherit elementor-widget elementor-widget-text-editor\" data-id=\"3960def\" data-element_type=\"widget\" data-e-type=\"widget\" data-widget_type=\"text-editor.default\">\n\t\t\t\t\t\t\t\t\t<p class=\"p1\">Chez Figueras, votre fournisseur de si\u00e8ges, nous nous effor\u00e7ons de prolonger la dur\u00e9e de vie de nos produits.<\/p>\n\t\t\t\t\t\t\t\t<\/div>\n\t\t\t\t<\/div>\n\t\t\t\t\t<\/div>\n\t\t\t\t<\/div>\n\t\t<div data-dce-background-image-url=\"https:\/\/figueras.com\/wp-content\/uploads\/2023\/12\/Group-103.jpg\" class=\"elementor-element elementor-element-98ef13a e-flex e-con-boxed e-con e-parent\" data-id=\"98ef13a\" data-element_type=\"container\" data-e-type=\"container\" data-settings=\"{&quot;background_background&quot;:&quot;classic&quot;}\">\n\t\t\t\t\t<div class=\"e-con-inner\">\n\t\t\t\t<div class=\"elementor-element elementor-element-f4a6c1b elementor-widget__width-inherit elementor-widget elementor-widget-text-editor\" data-id=\"f4a6c1b\" data-element_type=\"widget\" data-e-type=\"widget\" data-widget_type=\"text-editor.default\">\n\t\t\t\t\t\t\t\t\t<p>Il s\u2019agit de veiller \u00e0 ce que chaque si\u00e8ge que nous installons conserve sa fonctionnalit\u00e9 et son esth\u00e9tique au fil du temps. Nous comprenons l&rsquo;importance de la durabilit\u00e9 et nous nous effor\u00e7ons de r\u00e9duire les d\u00e9chets.<\/p>\n<p><strong>Pour soutenir cet engagement, nous offrons :<\/strong><\/p>\n<ul>\n<li>Une gamme compl\u00e8te de pi\u00e8ces d\u00e9tach\u00e9es, garantissant que nos si\u00e8ges peuvent \u00eatre facilement r\u00e9par\u00e9s et entretenus au fil du temps.<\/li>\n<li>Remise \u00e0 neuf de la garniture.<\/li>\n<li>Entretien permanent des syst\u00e8mes mobiles.<\/li>\n<li>Pr\u00e8s d&rsquo;un si\u00e8cle d&rsquo;exp\u00e9rience au service de nos clients.<\/li>\n<\/ul>\n\t\t\t\t\t\t\t\t<\/div>\n\t\t\t\t<div class=\"elementor-element elementor-element-df7abb6 elementor-widget__width-inherit elementor-widget elementor-widget-text-editor\" data-id=\"df7abb6\" data-element_type=\"widget\" data-e-type=\"widget\" data-widget_type=\"text-editor.default\">\n\t\t\t\t\t\t\t\t\t<p>Cela am\u00e9liore non seulement leur durabilit\u00e9, mais souligne \u00e9galement notre engagement \u00e0 maintenir une attitude consciente envers notre plan\u00e8te. D\u00e9couvrez notre collection de si\u00e8ges durables et comment ils contribuent \u00e0 un environnement plus vert.<br \/>Nous donnons \u00e0 nos clients et collaborateurs les moyens de faire des choix responsables et rentables qui correspondent \u00e0 notre respect mutuel de l&rsquo;environnement et \u00e0 notre passion pour la qualit\u00e9 durable. Nous disposons d&rsquo;une \u00e9quipe de service client sp\u00e9cialis\u00e9e dans ce type de services.<br \/>Plus qu&rsquo;un service de cycle de vie, c\u2019est une promesse de qualit\u00e9, d&rsquo;excellence et d&rsquo;attention continue \u00e0 l&rsquo;\u00e9gard de nos clients.<\/p>\n\t\t\t\t\t\t\t\t<\/div>\n\t\t\t\t\t<\/div>\n\t\t\t\t<\/div>\n\t\t<div data-dce-background-image-url=\"https:\/\/figueras.com\/wp-content\/uploads\/2023\/12\/Group-171.jpg\" class=\"elementor-element elementor-element-200eb00 e-flex e-con-boxed e-con e-parent\" data-id=\"200eb00\" data-element_type=\"container\" data-e-type=\"container\" data-settings=\"{&quot;background_background&quot;:&quot;classic&quot;}\">\n\t\t\t\t\t<div class=\"e-con-inner\">\n\t\t<div data-dce-background-color=\"#FFFFFFE6\" class=\"elementor-element elementor-element-601f9be e-con-full e-flex e-con e-child\" data-id=\"601f9be\" data-element_type=\"container\" data-e-type=\"container\" data-settings=\"{&quot;background_background&quot;:&quot;classic&quot;}\">\n\t\t\t\t<div data-dce-title-color=\"#0A0A0A\" class=\"elementor-element elementor-element-fe76117 elementor-widget elementor-widget-heading\" data-id=\"fe76117\" data-element_type=\"widget\" data-e-type=\"widget\" data-widget_type=\"heading.default\">\n\t\t\t\t\t<h1 class=\"elementor-heading-title elementor-size-default\">Service client<\/h1>\t\t\t\t<\/div>\n\t\t\t\t<div class=\"elementor-element elementor-element-e28263f elementor-widget elementor-widget-html\" data-id=\"e28263f\" data-element_type=\"widget\" data-e-type=\"widget\" data-widget_type=\"html.default\">\n\t\t\t\t\t<script charset=\"utf-8\" type=\"text\/javascript\" src=\"\/\/js-eu1.hsforms.net\/forms\/embed\/v2.js\"><\/script>\n<script>\n  hbspt.forms.create({\n    region: \"eu1\",\n    portalId: \"142361492\",\n    formId: \"f6c8b5fa-6897-4a11-ac39-054bb95baa83\"\n  });\n<\/script>\t\t\t\t<\/div>\n\t\t\t\t<\/div>\n\t\t\t\t\t<\/div>\n\t\t\t\t<\/div>\n\t\t<div class=\"elementor-element elementor-element-a436052 e-flex e-con-boxed e-con e-parent\" data-id=\"a436052\" data-element_type=\"container\" data-e-type=\"container\">\n\t\t\t\t\t<div class=\"e-con-inner\">\n\t\t\t\t<div class=\"elementor-element elementor-element-3801107 elementor-widget elementor-widget-text-editor\" data-id=\"3801107\" data-element_type=\"widget\" data-e-type=\"widget\" data-widget_type=\"text-editor.default\">\n\t\t\t\t\t\t\t\t\t<p><strong>FIGUERAS 360<\/strong><\/p>\t\t\t\t\t\t\t\t<\/div>\n\t\t\t\t<div class=\"elementor-element elementor-element-c9e1b0a elementor-widget elementor-widget-text-editor\" data-id=\"c9e1b0a\" data-element_type=\"widget\" data-e-type=\"widget\" data-widget_type=\"text-editor.default\">\n\t\t\t\t\t\t\t\t\t<p>En savoir plus sur Figueras 360<\/p>\t\t\t\t\t\t\t\t<\/div>\n\t\t\t\t\t<\/div>\n\t\t\t\t<\/div>\n\t\t<div data-dce-background-color=\"#F2F2F280\" class=\"elementor-element elementor-element-0c2d93e e-flex e-con-boxed e-con e-parent\" data-id=\"0c2d93e\" data-element_type=\"container\" data-e-type=\"container\" data-settings=\"{&quot;background_background&quot;:&quot;classic&quot;}\">\n\t\t\t\t\t<div class=\"e-con-inner\">\n\t\t\t\t<div data-dce-text-color=\"#7A7A7A\" data-dce-title-color=\"#37383A\" class=\"elementor-element elementor-element-916232e elementor-widget elementor-widget-ucaddon_post_carousel\" data-id=\"916232e\" data-element_type=\"widget\" data-e-type=\"widget\" data-widget_type=\"ucaddon_post_carousel.default\">\n\t\t\t\t<div class=\"elementor-widget-container\">\n\t\t\t\t\t\n<!-- start Post Carousel -->\n\t\t<link id='font-awesome-css' href='https:\/\/figueras.com\/wp-content\/plugins\/unlimited-elements-for-elementor-premium\/assets_libraries\/font-awesome6\/fontawesome-all.min.css' type='text\/css' rel='stylesheet' >\n\t\t<link id='font-awesome-4-shim-css' href='https:\/\/figueras.com\/wp-content\/plugins\/unlimited-elements-for-elementor-premium\/assets_libraries\/font-awesome6\/fontawesome-v4-shims.min.css' type='text\/css' rel='stylesheet' >\n\t\t<link id='owl-carousel-css' href='https:\/\/figueras.com\/wp-content\/plugins\/unlimited-elements-for-elementor-premium\/assets_libraries\/owl-carousel-new\/assets\/owl.carousel.css' type='text\/css' rel='stylesheet' >\n\t\t<link id='lity-css' href='https:\/\/figueras.com\/wp-content\/plugins\/unlimited-elements-for-elementor-premium\/assets_libraries\/lity\/lity.min.css' type='text\/css' rel='stylesheet' >\n\n<style>\/* widget: Post Carousel *\/\n\n#uc_post_carousel_elementor_916232e-wrapper\n{\n  min-height:1px;\n}\n#uc_post_carousel_elementor_916232e *{\n  box-sizing:border-box;\n}\n\n\n#uc_post_carousel_elementor_916232e{\n  position:relative;\n}\n.uc_post_title{\n  font-size:21px;\n}\n\n#uc_post_carousel_elementor_916232e .ue-item\n{\n  transition:0.3s;\n  position:relative;\n}\n\n#uc_post_carousel_elementor_916232e .uc_image_carousel_placeholder\n{\n  position:relative;\n}\n\n#uc_post_carousel_elementor_916232e .ue_pos_carousel_image_overlay\n{\n  position:absolute;\n  top:0;\n  bottom:0;\n  left:0;\n  right:0;\n  transition:0.3s;\n}\n#uc_post_carousel_elementor_916232e .owl-stage{\n  display:flex;\n}\n#uc_post_carousel_elementor_916232e .uc_image_carousel_container_holder{\n  display: flex;\n  flex-direction: column;\n  height: 100%;\n}\n#uc_post_carousel_elementor_916232e .uc_image_carousel_content{\n  flex-grow: 1;\n  justify-content: space-between;}\n\n\n#uc_post_carousel_elementor_916232e .uc_carousel_item\n{\n  overflow:hidden;\n}\n\n#uc_post_carousel_elementor_916232e .owl-nav .owl-prev{\n    position:absolute;\n    display:inline-block;\n    text-align:center;  \t\n            top: 50% !important;\n  \t\ttransform: translate(0, -50%);\n    \t\n\n}\n#uc_post_carousel_elementor_916232e .owl-nav .owl-next{\n  position:absolute;\n  display:inline-block;\n  text-align:center;\n        top: 50% !important;\n  \t  transform: translate(0, -50%);\n  \t\n}\n\n\n#uc_post_carousel_elementor_916232e .owl-dots {\noverflow:hidden;\ndisplay:flex !important;\n}\n\n#uc_post_carousel_elementor_916232e .owl-dot {\nborder-radius:50%;\ndisplay:inline-block;\n}\n\n\n\n#uc_post_carousel_elementor_916232e .uc_more_btn{\n\n  display:inline-block;\n  text-align:center;\n  text-decoration:none;\n}  \n#uc_post_carousel_elementor_916232e .uc_more_btn svg{\n  width:1em;\n  height:1em;\n}\n#uc_post_carousel_elementor_916232e .uc_image_carousel_placeholder{\n  overflow:hidden;\n}\n#uc_post_carousel_elementor_916232e .uc_image_carousel_placeholder img\n{\n  display:block;\n  width:100%;\n}\n\n#uc_post_carousel_elementor_916232e .uc_image_carousel_content \n{\n  display:flex;\n  flex-direction:column;\n}\n\n\n\t#uc_post_carousel_elementor_916232e .uc_image_carousel_content .ue-item-btn-holder\n    {\n      margin-top:auto;\n    } \n\t\n\n\n\n\n\n\n\n\n\n\n\n\n\n\n\n\n\n\n\n\n\n#uc_post_carousel_elementor_916232e .ue-meta-data\n{\n  \n  display:flex;\n  flex-wrap: wrap;\n  line-height:1em;\n}\n\n#uc_post_carousel_elementor_916232e .ue-grid-item-meta-data\n{\n      display:inline-flex;\n      align-items:center;\n}\n\n.ue-grid-item-meta-data\n{\n  font-size:12px;\n}\n\n#uc_post_carousel_elementor_916232e .ue-grid-item-meta-data-icon\n{\n  line-height:1em;\n}\n\n#uc_post_carousel_elementor_916232e .ue-grid-item-meta-data-icon svg\n{\n  width:1em;\n  height:1em;\n}\n\n#uc_post_carousel_elementor_916232e .ue-debug-meta\n{\n  padding:10px;\n  border:1px solid red;\n  position:relative;\n  line-height:1.5em;\n  font-size:11px;\n  width:100%;\n}\n\n#uc_post_carousel_elementor_916232e .ue-item a.ue-link-all-item\n{\n  position:absolute;\n  top:0;\n  right:0;\n  bottom:0;\n  left:0;\n  display:block;\n}\n\n\n\n<\/style>\n\n<div class=\"uc_overlay_image_carousel\" id=\"uc_post_carousel_elementor_916232e-wrapper\">\n   <div class=\"uc_carousel owl-carousel owl-theme uc-items-wrapper  \" data-custom-sethtml=\"true\"  data-id=\"\" id=\"uc_post_carousel_elementor_916232e\" >\n   \t\t<div class=\"uc_image_carousel_container_holder uc_carousel_item ue-item\">\n  \n  \n  \n    <div class=\"uc_image_carousel_content\" >\n        <div>\n          \n          \n                  \n          \n          \n          \n                  <a href=\"https:\/\/figueras.com\/fr\/consultancy\/\">            <div class=\"uc_post_title\">Consultancy<\/div>\n          <\/a>                  \n          \n          \n         \n         <div class=\"ue-meta-data\">\n                        \t\t\t            \n            \n                        \n            \n                        \n                        \n                       \n                      \n           \n               \n\n            \n          <\/div> \n          \n          \n          \n          \n          \n        <div class=\"uc_paragraph\" >Chez Figueras 360\u00ba Consultancy, nous entreprenons un voyage avec nos clients, de la naissance d'une id\u00e9e...<\/div>        \n        <\/div>\n    \n            \n    \t<div class=\"ue-item-btn-holder\">\n   \n           <a target=\"_self\" href=\"https:\/\/figueras.com\/fr\/consultancy\/\" class=\"uc_more_btn ue-dynamic-popup-single \" href='javascript:void(0)'>Lire plus<svg xmlns=\"http:\/\/www.w3.org\/2000\/svg\" fill=\"#000000\" width=\"800px\" height=\"800px\" viewBox=\"0 0 32 32\"><title>plus<\/title><path d=\"M30 15.25h-13.25v-13.25c0-0.414-0.336-0.75-0.75-0.75s-0.75 0.336-0.75 0.75v0 13.25h-13.25c-0.414 0-0.75 0.336-0.75 0.75s0.336 0.75 0.75 0.75v0h13.25v13.25c0 0.414 0.336 0.75 0.75 0.75s0.75-0.336 0.75-0.75v0-13.25h13.25c0.414 0 0.75-0.336 0.75-0.75s-0.336-0.75-0.75-0.75v0z\"><\/path><\/svg><\/a>\n\n     \t<\/div>\n    \n          <\/div>\n    \n  \n    <a class=\"ue-link-all-item\" href=\"https:\/\/figueras.com\/fr\/consultancy\/\" target=\"\"><\/a>\n    \n<\/div>\n<div class=\"uc_image_carousel_container_holder uc_carousel_item ue-item\">\n  \n  \n  \n    <div class=\"uc_image_carousel_content\" >\n        <div>\n          \n          \n                  \n          \n          \n          \n                  <a href=\"https:\/\/figueras.com\/fr\/produits-personnalises\/\">            <div class=\"uc_post_title\">Produits personnalis\u00e9s<\/div>\n          <\/a>                  \n          \n          \n         \n         <div class=\"ue-meta-data\">\n                        \t\t\t            \n            \n                        \n            \n                        \n                        \n                       \n                      \n           \n               \n\n            \n          <\/div> \n          \n          \n          \n          \n          \n        <div class=\"uc_paragraph\" >Nous disposons des connaissances, des capacit\u00e9s techniques et d'une approche flexible pour r\u00e9pondre aux...<\/div>        \n        <\/div>\n    \n            \n    \t<div class=\"ue-item-btn-holder\">\n   \n           <a target=\"_self\" href=\"https:\/\/figueras.com\/fr\/produits-personnalises\/\" class=\"uc_more_btn ue-dynamic-popup-single \" href='javascript:void(0)'>Lire plus<svg xmlns=\"http:\/\/www.w3.org\/2000\/svg\" fill=\"#000000\" width=\"800px\" height=\"800px\" viewBox=\"0 0 32 32\"><title>plus<\/title><path d=\"M30 15.25h-13.25v-13.25c0-0.414-0.336-0.75-0.75-0.75s-0.75 0.336-0.75 0.75v0 13.25h-13.25c-0.414 0-0.75 0.336-0.75 0.75s0.336 0.75 0.75 0.75v0h13.25v13.25c0 0.414 0.336 0.75 0.75 0.75s0.75-0.336 0.75-0.75v0-13.25h13.25c0.414 0 0.75-0.336 0.75-0.75s-0.336-0.75-0.75-0.75v0z\"><\/path><\/svg><\/a>\n\n     \t<\/div>\n    \n          <\/div>\n    \n  \n    <a class=\"ue-link-all-item\" href=\"https:\/\/figueras.com\/fr\/produits-personnalises\/\" target=\"\"><\/a>\n    \n<\/div>\n<div class=\"uc_image_carousel_container_holder uc_carousel_item ue-item\">\n  \n  \n  \n    <div class=\"uc_image_carousel_content\" >\n        <div>\n          \n          \n                  \n          \n          \n          \n                  <a href=\"https:\/\/figueras.com\/fr\/projet-integrateur\/\">            <div class=\"uc_post_title\">Projet int\u00e9grateur<\/div>\n          <\/a>                  \n          \n          \n         \n         <div class=\"ue-meta-data\">\n                        \t\t\t            \n            \n                        \n            \n                        \n                        \n                       \n                      \n           \n               \n\n            \n          <\/div> \n          \n          \n          \n          \n          \n        <div class=\"uc_paragraph\" >Nous disposons d'une \u00e9quipe de chefs de projet d\u00e9di\u00e9s \u00e0 la gestion correcte d'un projet, garantissant...<\/div>        \n        <\/div>\n    \n            \n    \t<div class=\"ue-item-btn-holder\">\n   \n           <a target=\"_self\" href=\"https:\/\/figueras.com\/fr\/projet-integrateur\/\" class=\"uc_more_btn ue-dynamic-popup-single \" href='javascript:void(0)'>Lire plus<svg xmlns=\"http:\/\/www.w3.org\/2000\/svg\" fill=\"#000000\" width=\"800px\" height=\"800px\" viewBox=\"0 0 32 32\"><title>plus<\/title><path d=\"M30 15.25h-13.25v-13.25c0-0.414-0.336-0.75-0.75-0.75s-0.75 0.336-0.75 0.75v0 13.25h-13.25c-0.414 0-0.75 0.336-0.75 0.75s0.336 0.75 0.75 0.75v0h13.25v13.25c0 0.414 0.336 0.75 0.75 0.75s0.75-0.336 0.75-0.75v0-13.25h13.25c0.414 0 0.75-0.336 0.75-0.75s-0.336-0.75-0.75-0.75v0z\"><\/path><\/svg><\/a>\n\n     \t<\/div>\n    \n          <\/div>\n    \n  \n    <a class=\"ue-link-all-item\" href=\"https:\/\/figueras.com\/fr\/projet-integrateur\/\" target=\"\"><\/a>\n    \n<\/div>\n\n   <\/div>\t\n<\/div>\n\n\n<!-- end Post Carousel -->\t\t\t\t<\/div>\n\t\t\t\t<\/div>\n\t\t\t\t\t<\/div>\n\t\t\t\t<\/div>\n\t\t\t\t<\/div>\n\t\t","protected":false},"excerpt":{"rendered":"<p>Chez Figueras, nous nous effor\u00e7ons de prolonger la dur\u00e9e de vie de nos produits. Notre objectif est de veiller \u00e0 ce que chaque si\u00e8ge que nous installons conserve sa fonctionnalit\u00e9 et son esth\u00e9tique au fil du temps.<\/p>\n","protected":false},"author":1,"featured_media":0,"parent":0,"menu_order":0,"comment_status":"closed","ping_status":"closed","template":"","meta":{"_acf_changed":false,"content-type":"","footnotes":""},"class_list":["post-22885","page","type-page","status-publish","hentry"],"acf":[],"yoast_head":"<!-- This site is optimized with the Yoast SEO plugin v27.3 - https:\/\/yoast.com\/product\/yoast-seo-wordpress\/ -->\n<title>Service du cycle de vie - Figueras Seating<\/title>\n<meta name=\"description\" content=\"Service complet du cycle de vie pour si\u00e8ges Figueras : installation, entretien et optimisation des performances.\" \/>\n<meta name=\"robots\" content=\"index, follow, max-snippet:-1, max-image-preview:large, max-video-preview:-1\" \/>\n<link rel=\"canonical\" href=\"https:\/\/figueras.com\/fr\/service-du-cycle-de-vie\/\" \/>\n<meta property=\"og:locale\" content=\"fr_FR\" \/>\n<meta property=\"og:type\" content=\"article\" \/>\n<meta property=\"og:title\" content=\"Service du cycle de vie - Figueras Seating\" \/>\n<meta property=\"og:description\" content=\"Service complet du cycle de vie pour si\u00e8ges Figueras : installation, entretien et optimisation des performances.\" \/>\n<meta property=\"og:url\" content=\"https:\/\/figueras.com\/fr\/service-du-cycle-de-vie\/\" \/>\n<meta property=\"og:site_name\" content=\"Figueras Seating\" \/>\n<meta property=\"article:modified_time\" content=\"2025-04-23T13:30:54+00:00\" \/>\n<meta name=\"twitter:card\" content=\"summary_large_image\" \/>\n<meta name=\"twitter:label1\" content=\"Dur\u00e9e de lecture estim\u00e9e\" \/>\n\t<meta name=\"twitter:data1\" content=\"2 minutes\" \/>\n<script type=\"application\/ld+json\" class=\"yoast-schema-graph\">{\"@context\":\"https:\\\/\\\/schema.org\",\"@graph\":[{\"@type\":\"WebPage\",\"@id\":\"https:\\\/\\\/figueras.com\\\/fr\\\/service-du-cycle-de-vie\\\/\",\"url\":\"https:\\\/\\\/figueras.com\\\/fr\\\/service-du-cycle-de-vie\\\/\",\"name\":\"Service du cycle de vie - Figueras Seating\",\"isPartOf\":{\"@id\":\"https:\\\/\\\/figueras.com\\\/fr\\\/#website\"},\"datePublished\":\"2023-11-29T15:17:14+00:00\",\"dateModified\":\"2025-04-23T13:30:54+00:00\",\"description\":\"Service complet du cycle de vie pour si\u00e8ges Figueras : installation, entretien et optimisation des performances.\",\"breadcrumb\":{\"@id\":\"https:\\\/\\\/figueras.com\\\/fr\\\/service-du-cycle-de-vie\\\/#breadcrumb\"},\"inLanguage\":\"fr-FR\",\"potentialAction\":[{\"@type\":\"ReadAction\",\"target\":[\"https:\\\/\\\/figueras.com\\\/fr\\\/service-du-cycle-de-vie\\\/\"]}]},{\"@type\":\"BreadcrumbList\",\"@id\":\"https:\\\/\\\/figueras.com\\\/fr\\\/service-du-cycle-de-vie\\\/#breadcrumb\",\"itemListElement\":[{\"@type\":\"ListItem\",\"position\":1,\"name\":\"Home\",\"item\":\"https:\\\/\\\/figueras.com\\\/fr\\\/\"},{\"@type\":\"ListItem\",\"position\":2,\"name\":\"Service du cycle de vie\"}]},{\"@type\":\"WebSite\",\"@id\":\"https:\\\/\\\/figueras.com\\\/fr\\\/#website\",\"url\":\"https:\\\/\\\/figueras.com\\\/fr\\\/\",\"name\":\"Figueras Seating\",\"description\":\"\",\"publisher\":{\"@id\":\"https:\\\/\\\/figueras.com\\\/fr\\\/#organization\"},\"potentialAction\":[{\"@type\":\"SearchAction\",\"target\":{\"@type\":\"EntryPoint\",\"urlTemplate\":\"https:\\\/\\\/figueras.com\\\/fr\\\/?s={search_term_string}\"},\"query-input\":{\"@type\":\"PropertyValueSpecification\",\"valueRequired\":true,\"valueName\":\"search_term_string\"}}],\"inLanguage\":\"fr-FR\"},{\"@type\":\"Organization\",\"@id\":\"https:\\\/\\\/figueras.com\\\/fr\\\/#organization\",\"name\":\"Figueras International Seating, S.L.U.\",\"alternateName\":\"Figueras Seating\",\"url\":\"https:\\\/\\\/figueras.com\\\/fr\\\/\",\"logo\":{\"@type\":\"ImageObject\",\"inLanguage\":\"fr-FR\",\"@id\":\"https:\\\/\\\/figueras.com\\\/fr\\\/#\\\/schema\\\/logo\\\/image\\\/\",\"url\":\"https:\\\/\\\/figueras.com\\\/wp-content\\\/uploads\\\/2023\\\/04\\\/figueraslogoheader.png\",\"contentUrl\":\"https:\\\/\\\/figueras.com\\\/wp-content\\\/uploads\\\/2023\\\/04\\\/figueraslogoheader.png\",\"width\":739,\"height\":127,\"caption\":\"Figueras International Seating, S.L.U.\"},\"image\":{\"@id\":\"https:\\\/\\\/figueras.com\\\/fr\\\/#\\\/schema\\\/logo\\\/image\\\/\"},\"sameAs\":[\"https:\\\/\\\/www.linkedin.com\\\/company\\\/figuerasseating\\\/\",\"https:\\\/\\\/www.instagram.com\\\/figueras.seating\\\/\",\"https:\\\/\\\/vimeo.com\\\/figuerasseating\",\"https:\\\/\\\/es.pinterest.com\\\/figuerasint\\\/\"]}]}<\/script>\n<!-- \/ Yoast SEO plugin. -->","yoast_head_json":{"title":"Service du cycle de vie - Figueras Seating","description":"Service complet du cycle de vie pour si\u00e8ges Figueras : installation, entretien et optimisation des performances.","robots":{"index":"index","follow":"follow","max-snippet":"max-snippet:-1","max-image-preview":"max-image-preview:large","max-video-preview":"max-video-preview:-1"},"canonical":"https:\/\/figueras.com\/fr\/service-du-cycle-de-vie\/","og_locale":"fr_FR","og_type":"article","og_title":"Service du cycle de vie - Figueras Seating","og_description":"Service complet du cycle de vie pour si\u00e8ges Figueras : installation, entretien et optimisation des performances.","og_url":"https:\/\/figueras.com\/fr\/service-du-cycle-de-vie\/","og_site_name":"Figueras Seating","article_modified_time":"2025-04-23T13:30:54+00:00","twitter_card":"summary_large_image","twitter_misc":{"Dur\u00e9e de lecture estim\u00e9e":"2 minutes"},"schema":{"@context":"https:\/\/schema.org","@graph":[{"@type":"WebPage","@id":"https:\/\/figueras.com\/fr\/service-du-cycle-de-vie\/","url":"https:\/\/figueras.com\/fr\/service-du-cycle-de-vie\/","name":"Service du cycle de vie - Figueras Seating","isPartOf":{"@id":"https:\/\/figueras.com\/fr\/#website"},"datePublished":"2023-11-29T15:17:14+00:00","dateModified":"2025-04-23T13:30:54+00:00","description":"Service complet du cycle de vie pour si\u00e8ges Figueras : installation, entretien et optimisation des performances.","breadcrumb":{"@id":"https:\/\/figueras.com\/fr\/service-du-cycle-de-vie\/#breadcrumb"},"inLanguage":"fr-FR","potentialAction":[{"@type":"ReadAction","target":["https:\/\/figueras.com\/fr\/service-du-cycle-de-vie\/"]}]},{"@type":"BreadcrumbList","@id":"https:\/\/figueras.com\/fr\/service-du-cycle-de-vie\/#breadcrumb","itemListElement":[{"@type":"ListItem","position":1,"name":"Home","item":"https:\/\/figueras.com\/fr\/"},{"@type":"ListItem","position":2,"name":"Service du cycle de vie"}]},{"@type":"WebSite","@id":"https:\/\/figueras.com\/fr\/#website","url":"https:\/\/figueras.com\/fr\/","name":"Figueras Seating","description":"","publisher":{"@id":"https:\/\/figueras.com\/fr\/#organization"},"potentialAction":[{"@type":"SearchAction","target":{"@type":"EntryPoint","urlTemplate":"https:\/\/figueras.com\/fr\/?s={search_term_string}"},"query-input":{"@type":"PropertyValueSpecification","valueRequired":true,"valueName":"search_term_string"}}],"inLanguage":"fr-FR"},{"@type":"Organization","@id":"https:\/\/figueras.com\/fr\/#organization","name":"Figueras International Seating, S.L.U.","alternateName":"Figueras Seating","url":"https:\/\/figueras.com\/fr\/","logo":{"@type":"ImageObject","inLanguage":"fr-FR","@id":"https:\/\/figueras.com\/fr\/#\/schema\/logo\/image\/","url":"https:\/\/figueras.com\/wp-content\/uploads\/2023\/04\/figueraslogoheader.png","contentUrl":"https:\/\/figueras.com\/wp-content\/uploads\/2023\/04\/figueraslogoheader.png","width":739,"height":127,"caption":"Figueras International Seating, S.L.U."},"image":{"@id":"https:\/\/figueras.com\/fr\/#\/schema\/logo\/image\/"},"sameAs":["https:\/\/www.linkedin.com\/company\/figuerasseating\/","https:\/\/www.instagram.com\/figueras.seating\/","https:\/\/vimeo.com\/figuerasseating","https:\/\/es.pinterest.com\/figuerasint\/"]}]}},"_links":{"self":[{"href":"https:\/\/figueras.com\/fr\/wp-json\/wp\/v2\/pages\/22885","targetHints":{"allow":["GET"]}}],"collection":[{"href":"https:\/\/figueras.com\/fr\/wp-json\/wp\/v2\/pages"}],"about":[{"href":"https:\/\/figueras.com\/fr\/wp-json\/wp\/v2\/types\/page"}],"author":[{"embeddable":true,"href":"https:\/\/figueras.com\/fr\/wp-json\/wp\/v2\/users\/1"}],"replies":[{"embeddable":true,"href":"https:\/\/figueras.com\/fr\/wp-json\/wp\/v2\/comments?post=22885"}],"version-history":[{"count":0,"href":"https:\/\/figueras.com\/fr\/wp-json\/wp\/v2\/pages\/22885\/revisions"}],"wp:attachment":[{"href":"https:\/\/figueras.com\/fr\/wp-json\/wp\/v2\/media?parent=22885"}],"curies":[{"name":"wp","href":"https:\/\/api.w.org\/{rel}","templated":true}]}}