{"id":22864,"date":"2023-11-27T16:13:00","date_gmt":"2023-11-27T15:13:00","guid":{"rendered":"http:\/\/figueras.com\/purpose\/"},"modified":"2025-06-11T11:02:17","modified_gmt":"2025-06-11T09:02:17","slug":"intention","status":"publish","type":"page","link":"https:\/\/figueras.com\/fr\/intention\/","title":{"rendered":"Intention"},"content":{"rendered":"\t\t<div data-elementor-type=\"wp-page\" data-elementor-id=\"22864\" class=\"elementor elementor-22864 elementor-10341\" data-elementor-post-type=\"page\">\n\t\t\t\t<div data-dce-background-image-url=\"https:\/\/figueras.com\/wp-content\/uploads\/2023\/12\/Fotografia-037.jpg\" class=\"elementor-element elementor-element-c26cee1 e-flex e-con-boxed e-con e-parent\" data-id=\"c26cee1\" data-element_type=\"container\" data-e-type=\"container\" data-settings=\"{&quot;background_background&quot;:&quot;classic&quot;}\">\n\t\t\t\t\t<div class=\"e-con-inner\">\n\t\t<div class=\"elementor-element elementor-element-dc1d994 e-con-full animated-fast e-flex elementor-invisible e-con e-child\" data-id=\"dc1d994\" data-element_type=\"container\" data-e-type=\"container\" data-settings=\"{&quot;animation&quot;:&quot;fadeInLeft&quot;}\">\n\t\t\t\t<div class=\"elementor-element elementor-element-d001cd0 elementor-widget elementor-widget-heading\" data-id=\"d001cd0\" data-element_type=\"widget\" data-e-type=\"widget\" data-widget_type=\"heading.default\">\n\t\t\t\t\t<h1 class=\"elementor-heading-title elementor-size-default\">INTENTION<\/h1>\t\t\t\t<\/div>\n\t\t\t\t<div class=\"elementor-element elementor-element-955568f elementor-widget__width-inherit elementor-widget elementor-widget-text-editor\" data-id=\"955568f\" data-element_type=\"widget\" data-e-type=\"widget\" data-widget_type=\"text-editor.default\">\n\t\t\t\t\t\t\t\t\t<p>Notre intention va au-del\u00e0 de la conception et de la fabrication de si\u00e8ges de th\u00e9\u00e2tre. Nous nous concentrons sur la capacit\u00e9 \u00e0 rassembler les gens, en cr\u00e9ant des espaces o\u00f9 ils se rencontrent, interagissent et partagent des exp\u00e9riences.<\/p>\n<p>Chaque projet auquel nous participons est une opportunit\u00e9 de favoriser le dialogue, la culture et la compr\u00e9hension mutuelle. Que ce soit dans un th\u00e9\u00e2tre, un auditorium ou un espace public, nos si\u00e8ges sont bien plus qu&rsquo;un endroit o\u00f9 s&rsquo;asseoir ; ils sont un moyen d&rsquo;unir les gens et d&rsquo;enrichir leurs vies.<\/p>\n<p>Notre engagement envers l&rsquo;architecture et la soci\u00e9t\u00e9 se refl\u00e8te dans chaque projet que nous entreprenons, en recherchant toujours le bien-\u00eatre social et culturel et en pr\u00e9servant l&rsquo;environnement.<\/p>\n<p>Nous concevons pour inspirer et unir les gens \u00e0 chaque rencontre, soutenus par notre connaissance et notre exp\u00e9rience.<\/p>\n\t\t\t\t\t\t\t\t<\/div>\n\t\t\t\t<\/div>\n\t\t\t\t\t<\/div>\n\t\t\t\t<\/div>\n\t\t<div data-dce-background-image-url=\"https:\/\/figueras.com\/wp-content\/uploads\/2024\/01\/Group-166.png\" class=\"elementor-element elementor-element-988cdb5 animated-fast e-flex e-con-boxed elementor-invisible e-con e-parent\" data-id=\"988cdb5\" data-element_type=\"container\" data-e-type=\"container\" data-settings=\"{&quot;animation&quot;:&quot;fadeInUp&quot;,&quot;background_background&quot;:&quot;classic&quot;}\">\n\t\t\t\t\t<div class=\"e-con-inner\">\n\t\t<div class=\"elementor-element elementor-element-af9691a e-con-full e-flex e-con e-child\" data-id=\"af9691a\" data-element_type=\"container\" data-e-type=\"container\">\n\t\t\t\t<div class=\"elementor-element elementor-element-40db44e elementor-widget elementor-widget-heading\" data-id=\"40db44e\" data-element_type=\"widget\" data-e-type=\"widget\" data-widget_type=\"heading.default\">\n\t\t\t\t\t<h2 class=\"elementor-heading-title elementor-size-default\">SATISFACTION GLOBALE<\/h2>\t\t\t\t<\/div>\n\t\t\t\t<div class=\"elementor-element elementor-element-fb37f42 elementor-widget elementor-widget-text-editor\" data-id=\"fb37f42\" data-element_type=\"widget\" data-e-type=\"widget\" data-widget_type=\"text-editor.default\">\n\t\t\t\t\t\t\t\t\t<p><strong>Excellence. <\/strong>Chez Figueras, il n&rsquo;y a ni limites ni fronti\u00e8res. Notre pr\u00e9sence mondiale et la diversit\u00e9 de nos projets refl\u00e8tent notre capacit\u00e9 \u00e0 nous adapter \u00e0 diff\u00e9rentes cultures et aux besoins sp\u00e9cifiques de chaque projet, tout en maintenant toujours nos normes de qualit\u00e9.<\/p>\n<p>Notre parcours nous a dot\u00e9s d&rsquo;une connaissance unique dans le secteur de la cr\u00e9ation d&rsquo;espaces qui favorisent le dialogue, la culture et qui sont capables d&rsquo;\u00e9lever l&rsquo;exp\u00e9rience de tout \u00e9v\u00e9nement. C&rsquo;est pourquoi nous aimons parler de l&rsquo;art de s&rsquo;asseoir.<\/p>\n<p>Des petits auditoriums aux grands parlements, th\u00e9\u00e2tres, stades et espaces transformables, chaque espace d\u00e9montre notre engagement envers chacun de nos clients. Chaque projet est une occasion unique de favoriser le dialogue, d&rsquo;am\u00e9liorer les exp\u00e9riences et de r\u00e9affirmer notre leadership mondial.<\/p>\n\t\t\t\t\t\t\t\t<\/div>\n\t\t\t\t<div class=\"elementor-element elementor-element-343a931 elementor-widget elementor-widget-heading\" data-id=\"343a931\" data-element_type=\"widget\" data-e-type=\"widget\" data-widget_type=\"heading.default\">\n\t\t\t\t\t<h2 class=\"elementor-heading-title elementor-size-default\">DIFF\u00c9RENCIATION<\/h2>\t\t\t\t<\/div>\n\t\t\t\t<div class=\"elementor-element elementor-element-5a82d52 elementor-widget elementor-widget-text-editor\" data-id=\"5a82d52\" data-element_type=\"widget\" data-e-type=\"widget\" data-widget_type=\"text-editor.default\">\n\t\t\t\t\t\t\t\t\t<p><strong>Connaissance.<\/strong> Ce qui nous donne vraiment une valeur ajout\u00e9e, c&rsquo;est la connaissance et l&rsquo;exp\u00e9rience accumul\u00e9es pendant 95 ans. Nous avons r\u00e9ussi \u00e0 nous entourer d&rsquo;une \u00e9quipe qui s&rsquo;am\u00e9liore chaque jour et offre la meilleure version d&rsquo;elle-m\u00eame. L&rsquo;engagement envers le projet et les clients est ce qui nous rend plus forts. Nous \u00e9coutons pour apprendre, et cela nous rend plus grands et nous donne la capacit\u00e9 d&rsquo;innover en fusionnant un design intelligent avec l&rsquo;ing\u00e9nierie et la technologie les plus avanc\u00e9es avec la recherche. Cela nous permet d&rsquo;offrir une gamme de produits qui, en plus de r\u00e9pondre aux besoins fonctionnels, apportent une valeur esth\u00e9tique et \u00e9motionnelle unique.<\/p>\n\t\t\t\t\t\t\t\t<\/div>\n\t\t\t\t<\/div>\n\t\t<div class=\"elementor-element elementor-element-85a39fd e-con-full e-flex e-con e-child\" data-id=\"85a39fd\" data-element_type=\"container\" data-e-type=\"container\">\n\t\t\t\t<div class=\"elementor-element elementor-element-81877eb elementor-widget elementor-widget-heading\" data-id=\"81877eb\" data-element_type=\"widget\" data-e-type=\"widget\" data-widget_type=\"heading.default\">\n\t\t\t\t\t<h2 class=\"elementor-heading-title elementor-size-default\">ENGAGEMENT<\/h2>\t\t\t\t<\/div>\n\t\t\t\t<div class=\"elementor-element elementor-element-c2e7af8 elementor-widget elementor-widget-text-editor\" data-id=\"c2e7af8\" data-element_type=\"widget\" data-e-type=\"widget\" data-widget_type=\"text-editor.default\">\n\t\t\t\t\t\t\t\t\t<p><strong>Futur.<\/strong> Parler de l&rsquo;avenir, c&rsquo;est parler de durabilit\u00e9. Et parler de durabilit\u00e9 dans notre cas, c&rsquo;est innover. Actuellement, chez Figueras, nous sommes immerg\u00e9s dans un processus de transformation. L&rsquo;\u00e9co-conception fait partie de notre ADN, mais nous travaillons \u00e9galement avec des mat\u00e9riaux et des proc\u00e9d\u00e9s de production respectueux de l&rsquo;environnement et une gestion efficace de toutes les ressources.<\/p>\n\t\t\t\t\t\t\t\t<\/div>\n\t\t\t\t<div class=\"elementor-element elementor-element-70777e6 elementor-widget elementor-widget-heading\" data-id=\"70777e6\" data-element_type=\"widget\" data-e-type=\"widget\" data-widget_type=\"heading.default\">\n\t\t\t\t\t<h2 class=\"elementor-heading-title elementor-size-default\">JALONS QUI D\u00c9MONTRENT NOTRE GRANDEUR<\/h2>\t\t\t\t<\/div>\n\t\t\t\t<div class=\"elementor-element elementor-element-f46e4a8 elementor-widget elementor-widget-text-editor\" data-id=\"f46e4a8\" data-element_type=\"widget\" data-e-type=\"widget\" data-widget_type=\"text-editor.default\">\n\t\t\t\t\t\t\t\t\t<p>Depuis la fondation de Figueras, il y a d\u00e9j\u00e0 95 ans, nous avons sem\u00e9 et r\u00e9colt\u00e9 de nombreux succ\u00e8s. Nous avons r\u00e9ussi \u00e0 installer nos si\u00e8ges dans les auditoriums, parlements, th\u00e9\u00e2tres et universit\u00e9s les plus embl\u00e9matiques du monde entier et sommes pr\u00e9sents dans plus de 130 pays. Notre pr\u00e9sence internationale repr\u00e9sente l&rsquo;ampleur de Figueras, ainsi que la confiance que les clients placent en nous pour donner vie \u00e0 leurs espaces les plus importants. Mais probablement le plus grand jalon atteint est de continuer \u00e0 \u00eatre une marque aim\u00e9e et aspir\u00e9e par tous nos clients, et cela nous a \u00e9t\u00e9 donn\u00e9 par la capacit\u00e9 de nous adapter \u00e0 ce que le march\u00e9 exige \u00e0 chaque instant.<\/p>\n\t\t\t\t\t\t\t\t<\/div>\n\t\t\t\t<\/div>\n\t\t\t\t\t<\/div>\n\t\t\t\t<\/div>\n\t\t<div data-dce-background-color=\"#F2F2F280\" class=\"elementor-element elementor-element-30263e6 e-flex e-con-boxed e-con e-parent\" data-id=\"30263e6\" data-element_type=\"container\" data-e-type=\"container\" data-settings=\"{&quot;background_background&quot;:&quot;classic&quot;}\">\n\t\t\t\t\t<div class=\"e-con-inner\">\n\t\t\t\t<div data-dce-text-color=\"#969696\" data-dce-title-color=\"#000000\" class=\"elementor-element elementor-element-a5284f7 elementor-widget elementor-widget-ucaddon_post_carousel\" data-id=\"a5284f7\" data-element_type=\"widget\" data-e-type=\"widget\" data-widget_type=\"ucaddon_post_carousel.default\">\n\t\t\t\t<div class=\"elementor-widget-container\">\n\t\t\t\t\t\n<!-- start Post Carousel -->\n\t\t<link id='font-awesome-css' href='https:\/\/figueras.com\/wp-content\/plugins\/unlimited-elements-for-elementor-premium\/assets_libraries\/font-awesome6\/fontawesome-all.min.css' type='text\/css' rel='stylesheet' >\n\t\t<link id='font-awesome-4-shim-css' href='https:\/\/figueras.com\/wp-content\/plugins\/unlimited-elements-for-elementor-premium\/assets_libraries\/font-awesome6\/fontawesome-v4-shims.min.css' type='text\/css' rel='stylesheet' >\n\t\t<link id='owl-carousel-css' href='https:\/\/figueras.com\/wp-content\/plugins\/unlimited-elements-for-elementor-premium\/assets_libraries\/owl-carousel-new\/assets\/owl.carousel.css' type='text\/css' rel='stylesheet' >\n\t\t<link id='lity-css' href='https:\/\/figueras.com\/wp-content\/plugins\/unlimited-elements-for-elementor-premium\/assets_libraries\/lity\/lity.min.css' type='text\/css' rel='stylesheet' >\n\n<style>\/* widget: Post Carousel *\/\n\n#uc_post_carousel_elementor_a5284f7-wrapper\n{\n  min-height:1px;\n}\n#uc_post_carousel_elementor_a5284f7 *{\n  box-sizing:border-box;\n}\n\n\n#uc_post_carousel_elementor_a5284f7{\n  position:relative;\n}\n.uc_post_title{\n  font-size:21px;\n}\n\n#uc_post_carousel_elementor_a5284f7 .ue-item\n{\n  transition:0.3s;\n  position:relative;\n}\n\n#uc_post_carousel_elementor_a5284f7 .uc_image_carousel_placeholder\n{\n  position:relative;\n}\n\n#uc_post_carousel_elementor_a5284f7 .ue_pos_carousel_image_overlay\n{\n  position:absolute;\n  top:0;\n  bottom:0;\n  left:0;\n  right:0;\n  transition:0.3s;\n}\n#uc_post_carousel_elementor_a5284f7 .owl-stage{\n  display:flex;\n}\n#uc_post_carousel_elementor_a5284f7 .uc_image_carousel_container_holder{\n  display: flex;\n  flex-direction: column;\n  height: 100%;\n}\n#uc_post_carousel_elementor_a5284f7 .uc_image_carousel_content{\n  flex-grow: 1;\n  justify-content: space-between;}\n\n\n#uc_post_carousel_elementor_a5284f7 .uc_carousel_item\n{\n  overflow:hidden;\n}\n\n#uc_post_carousel_elementor_a5284f7 .owl-nav .owl-prev{\n    position:absolute;\n    display:inline-block;\n    text-align:center;  \t\n            top: 50% !important;\n  \t\ttransform: translate(0, -50%);\n    \t\n\n}\n#uc_post_carousel_elementor_a5284f7 .owl-nav .owl-next{\n  position:absolute;\n  display:inline-block;\n  text-align:center;\n        top: 50% !important;\n  \t  transform: translate(0, -50%);\n  \t\n}\n\n\n#uc_post_carousel_elementor_a5284f7 .owl-dots {\noverflow:hidden;\ndisplay:flex !important;\n}\n\n#uc_post_carousel_elementor_a5284f7 .owl-dot {\nborder-radius:50%;\ndisplay:inline-block;\n}\n\n\n\n#uc_post_carousel_elementor_a5284f7 .uc_more_btn{\n\n  display:inline-block;\n  text-align:center;\n  text-decoration:none;\n}  \n#uc_post_carousel_elementor_a5284f7 .uc_more_btn svg{\n  width:1em;\n  height:1em;\n}\n#uc_post_carousel_elementor_a5284f7 .uc_image_carousel_placeholder{\n  overflow:hidden;\n}\n#uc_post_carousel_elementor_a5284f7 .uc_image_carousel_placeholder img\n{\n  display:block;\n  width:100%;\n}\n\n#uc_post_carousel_elementor_a5284f7 .uc_image_carousel_content \n{\n  display:flex;\n  flex-direction:column;\n}\n\n\n\t#uc_post_carousel_elementor_a5284f7 .uc_image_carousel_content .ue-item-btn-holder\n    {\n      margin-top:auto;\n    } \n\t\n\n\n\n\n\n\n\n\n\n\n\n\n\n\n\n\n\n\n\n\n\n#uc_post_carousel_elementor_a5284f7 .ue-meta-data\n{\n  \n  display:flex;\n  flex-wrap: wrap;\n  line-height:1em;\n}\n\n#uc_post_carousel_elementor_a5284f7 .ue-grid-item-meta-data\n{\n      display:inline-flex;\n      align-items:center;\n}\n\n.ue-grid-item-meta-data\n{\n  font-size:12px;\n}\n\n#uc_post_carousel_elementor_a5284f7 .ue-grid-item-meta-data-icon\n{\n  line-height:1em;\n}\n\n#uc_post_carousel_elementor_a5284f7 .ue-grid-item-meta-data-icon svg\n{\n  width:1em;\n  height:1em;\n}\n\n#uc_post_carousel_elementor_a5284f7 .ue-debug-meta\n{\n  padding:10px;\n  border:1px solid red;\n  position:relative;\n  line-height:1.5em;\n  font-size:11px;\n  width:100%;\n}\n\n#uc_post_carousel_elementor_a5284f7 .ue-item a.ue-link-all-item\n{\n  position:absolute;\n  top:0;\n  right:0;\n  bottom:0;\n  left:0;\n  display:block;\n}\n\n\n\n<\/style>\n\n<div class=\"uc_overlay_image_carousel\" id=\"uc_post_carousel_elementor_a5284f7-wrapper\">\n   <div class=\"uc_carousel owl-carousel owl-theme uc-items-wrapper  \" data-custom-sethtml=\"true\"  data-id=\"\" id=\"uc_post_carousel_elementor_a5284f7\" >\n   \t\t<div class=\"uc_image_carousel_container_holder uc_carousel_item ue-item\">\n  \n  \n  \n    <div class=\"uc_image_carousel_content\" >\n        <div>\n          \n          \n                  \n          \n          \n          \n                  <a href=\"https:\/\/figueras.com\/fr\/entreprise\/\">            <div class=\"uc_post_title\">Entreprise<\/div>\n          <\/a>                  \n          \n          \n         \n         <div class=\"ue-meta-data\">\n                        \t\t\t            \n            \n                        \n            \n                        \n                        \n                       \n                      \n           \n               \n\n            \n          <\/div> \n          \n          \n          \n          \n          \n        <div class=\"uc_paragraph\" >Depuis pr\u00e8s d'un si\u00e8cle, Figueras est une r\u00e9f\u00e9rence mondiale en mati\u00e8re de cr\u00e9ation de si\u00e8ges exceptionnels....<\/div>        \n        <\/div>\n    \n            \n    \t<div class=\"ue-item-btn-holder\">\n   \n           <a target=\"_self\" href=\"https:\/\/figueras.com\/fr\/entreprise\/\" class=\"uc_more_btn ue-dynamic-popup-single \" href='javascript:void(0)'>Lire plus<svg xmlns=\"http:\/\/www.w3.org\/2000\/svg\" fill=\"#000000\" width=\"800px\" height=\"800px\" viewBox=\"0 0 32 32\"><title>plus<\/title><path d=\"M30 15.25h-13.25v-13.25c0-0.414-0.336-0.75-0.75-0.75s-0.75 0.336-0.75 0.75v0 13.25h-13.25c-0.414 0-0.75 0.336-0.75 0.75s0.336 0.75 0.75 0.75v0h13.25v13.25c0 0.414 0.336 0.75 0.75 0.75s0.75-0.336 0.75-0.75v0-13.25h13.25c0.414 0 0.75-0.336 0.75-0.75s-0.336-0.75-0.75-0.75v0z\"><\/path><\/svg><\/a>\n\n     \t<\/div>\n    \n          <\/div>\n    \n  \n    <a class=\"ue-link-all-item\" href=\"https:\/\/figueras.com\/fr\/entreprise\/\" target=\"\"><\/a>\n    \n<\/div>\n<div class=\"uc_image_carousel_container_holder uc_carousel_item ue-item\">\n  \n  \n  \n    <div class=\"uc_image_carousel_content\" >\n        <div>\n          \n          \n                  \n          \n          \n          \n                  <a href=\"https:\/\/figueras.com\/fr\/durabilite\/\">            <div class=\"uc_post_title\">Durabilit\u00e9<\/div>\n          <\/a>                  \n          \n          \n         \n         <div class=\"ue-meta-data\">\n                        \t\t\t            \n            \n                        \n            \n                        \n                        \n                       \n                      \n           \n               \n\n            \n          <\/div> \n          \n          \n          \n          \n          \n        <div class=\"uc_paragraph\" >Chez Figueras, nous nous engageons \u00e0 \u00eatre le premier partenaire dans la conception et la fabrication...<\/div>        \n        <\/div>\n    \n            \n    \t<div class=\"ue-item-btn-holder\">\n   \n           <a target=\"_self\" href=\"https:\/\/figueras.com\/fr\/durabilite\/\" class=\"uc_more_btn ue-dynamic-popup-single \" href='javascript:void(0)'>Lire plus<svg xmlns=\"http:\/\/www.w3.org\/2000\/svg\" fill=\"#000000\" width=\"800px\" height=\"800px\" viewBox=\"0 0 32 32\"><title>plus<\/title><path d=\"M30 15.25h-13.25v-13.25c0-0.414-0.336-0.75-0.75-0.75s-0.75 0.336-0.75 0.75v0 13.25h-13.25c-0.414 0-0.75 0.336-0.75 0.75s0.336 0.75 0.75 0.75v0h13.25v13.25c0 0.414 0.336 0.75 0.75 0.75s0.75-0.336 0.75-0.75v0-13.25h13.25c0.414 0 0.75-0.336 0.75-0.75s-0.336-0.75-0.75-0.75v0z\"><\/path><\/svg><\/a>\n\n     \t<\/div>\n    \n          <\/div>\n    \n  \n    <a class=\"ue-link-all-item\" href=\"https:\/\/figueras.com\/fr\/durabilite\/\" target=\"\"><\/a>\n    \n<\/div>\n<div class=\"uc_image_carousel_container_holder uc_carousel_item ue-item\">\n  \n  \n  \n    <div class=\"uc_image_carousel_content\" >\n        <div>\n          \n          \n                  \n          \n          \n          \n                  <a href=\"https:\/\/figueras.com\/fr\/brand-corner\/\">            <div class=\"uc_post_title\">Brand Corner<\/div>\n          <\/a>                  \n          \n          \n         \n         <div class=\"ue-meta-data\">\n                        \t\t\t            \n            \n                        \n            \n                        \n                        \n                       \n                      \n           \n               \n\n            \n          <\/div> \n          \n          \n          \n          \n          \n        <div class=\"uc_paragraph\" >Brand Corner a commenc\u00e9 son parcours en 1987 et comprend 17 entreprises industrielles de diff\u00e9rents secteurs,...<\/div>        \n        <\/div>\n    \n            \n    \t<div class=\"ue-item-btn-holder\">\n   \n           <a target=\"_self\" href=\"https:\/\/figueras.com\/fr\/brand-corner\/\" class=\"uc_more_btn ue-dynamic-popup-single \" href='javascript:void(0)'>Lire plus<svg xmlns=\"http:\/\/www.w3.org\/2000\/svg\" fill=\"#000000\" width=\"800px\" height=\"800px\" viewBox=\"0 0 32 32\"><title>plus<\/title><path d=\"M30 15.25h-13.25v-13.25c0-0.414-0.336-0.75-0.75-0.75s-0.75 0.336-0.75 0.75v0 13.25h-13.25c-0.414 0-0.75 0.336-0.75 0.75s0.336 0.75 0.75 0.75v0h13.25v13.25c0 0.414 0.336 0.75 0.75 0.75s0.75-0.336 0.75-0.75v0-13.25h13.25c0.414 0 0.75-0.336 0.75-0.75s-0.336-0.75-0.75-0.75v0z\"><\/path><\/svg><\/a>\n\n     \t<\/div>\n    \n          <\/div>\n    \n  \n    <a class=\"ue-link-all-item\" href=\"https:\/\/figueras.com\/fr\/brand-corner\/\" target=\"\"><\/a>\n    \n<\/div>\n\n   <\/div>\t\n<\/div>\n\n\n<!-- end Post Carousel -->\t\t\t\t<\/div>\n\t\t\t\t<\/div>\n\t\t\t\t\t<\/div>\n\t\t\t\t<\/div>\n\t\t\t\t<\/div>\n\t\t","protected":false},"excerpt":{"rendered":"<p>Chez Figueras Seatings, chaque produit que nous cr\u00e9ons est plus qu&rsquo;un simple meuble ; c&rsquo;est l&rsquo;expression de notre d\u00e9vouement, de nos connaissances et de notre passion pour l&rsquo;art du si\u00e8ge.<\/p>\n","protected":false},"author":1,"featured_media":0,"parent":0,"menu_order":0,"comment_status":"closed","ping_status":"closed","template":"","meta":{"_acf_changed":false,"content-type":"","footnotes":""},"class_list":["post-22864","page","type-page","status-publish","hentry"],"acf":[],"_links":{"self":[{"href":"https:\/\/figueras.com\/fr\/wp-json\/wp\/v2\/pages\/22864","targetHints":{"allow":["GET"]}}],"collection":[{"href":"https:\/\/figueras.com\/fr\/wp-json\/wp\/v2\/pages"}],"about":[{"href":"https:\/\/figueras.com\/fr\/wp-json\/wp\/v2\/types\/page"}],"author":[{"embeddable":true,"href":"https:\/\/figueras.com\/fr\/wp-json\/wp\/v2\/users\/1"}],"replies":[{"embeddable":true,"href":"https:\/\/figueras.com\/fr\/wp-json\/wp\/v2\/comments?post=22864"}],"version-history":[{"count":0,"href":"https:\/\/figueras.com\/fr\/wp-json\/wp\/v2\/pages\/22864\/revisions"}],"wp:attachment":[{"href":"https:\/\/figueras.com\/fr\/wp-json\/wp\/v2\/media?parent=22864"}],"curies":[{"name":"wp","href":"https:\/\/api.w.org\/{rel}","templated":true}]}}