{"id":22800,"date":"2023-11-02T13:33:08","date_gmt":"2023-11-02T12:33:08","guid":{"rendered":"http:\/\/figueras.com\/figueras-worldwide\/"},"modified":"2024-06-05T11:10:20","modified_gmt":"2024-06-05T09:10:20","slug":"figueras-dans-le-monde-entier","status":"publish","type":"page","link":"https:\/\/figueras.com\/fr\/figueras-dans-le-monde-entier\/","title":{"rendered":"Figueras dans le monde entier"},"content":{"rendered":"\t\t<div data-elementor-type=\"wp-page\" data-elementor-id=\"22800\" class=\"elementor elementor-22800\" data-elementor-post-type=\"page\">\n\t\t\t\t<div class=\"elementor-element elementor-element-5164e39 e-flex e-con-boxed e-con e-parent\" data-id=\"5164e39\" data-element_type=\"container\" data-e-type=\"container\">\n\t\t\t\t\t<div class=\"e-con-inner\">\n\t\t\t\t<div class=\"elementor-element elementor-element-ab0b23a elementor-widget elementor-widget-heading\" data-id=\"ab0b23a\" data-element_type=\"widget\" data-e-type=\"widget\" data-widget_type=\"heading.default\">\n\t\t\t\t\t<h2 class=\"elementor-heading-title elementor-size-default\">FIGUERAS SEATING<\/h2>\t\t\t\t<\/div>\n\t\t\t\t<div class=\"elementor-element elementor-element-54ea248 elementor-widget elementor-widget-text-editor\" data-id=\"54ea248\" data-element_type=\"widget\" data-e-type=\"widget\" data-widget_type=\"text-editor.default\">\n\t\t\t\t\t\t\t\t\t<p>Un embl\u00e8me mondial de l&rsquo;excellence en mati\u00e8re de si\u00e8ges<\/p>\n\t\t\t\t\t\t\t\t<\/div>\n\t\t\t\t\t<\/div>\n\t\t\t\t<\/div>\n\t\t<div class=\"elementor-element elementor-element-1fad68b e-flex e-con-boxed e-con e-parent\" data-id=\"1fad68b\" data-element_type=\"container\" data-e-type=\"container\">\n\t\t\t\t\t<div class=\"e-con-inner\">\n\t\t\t\t<div class=\"elementor-element elementor-element-4aec115 elementor-widget elementor-widget-dce-iframe\" data-id=\"4aec115\" data-element_type=\"widget\" data-e-type=\"widget\" data-widget_type=\"dce-iframe.default\">\n\t\t\t\t<div class=\"elementor-widget-container\">\n\t\t\t\t\t\t\t<iframe src=\"https:\/\/figueras.com\/fr\/map-iframe\" frameborder=\"0\" width=\"100%\" height=\"80\" allowfullscreen=\"true\"><\/iframe>\n\t\t\t\t\t\t<\/div>\n\t\t\t\t<\/div>\n\t\t\t\t<div class=\"elementor-element elementor-element-04d12a4 elementor-widget elementor-widget-text-editor\" data-id=\"04d12a4\" data-element_type=\"widget\" data-e-type=\"widget\" data-widget_type=\"text-editor.default\">\n\t\t\t\t\t\t\t\t\t<p><span class=\"ui-provider a b c d e f g h i j k l m n o p q r s t u v w x y z ab ac ae af ag ah ai aj ak\" dir=\"ltr\">*La carte affiche uniquement une s\u00e9lection de nos projets.<\/span><\/p>\n\t\t\t\t\t\t\t\t<\/div>\n\t\t\t\t\t<\/div>\n\t\t\t\t<\/div>\n\t\t<div data-dce-background-image-url=\"https:\/\/figueras.com\/wp-content\/uploads\/2023\/12\/Group-103.jpg\" class=\"elementor-element elementor-element-de131f9 e-flex e-con-boxed e-con e-parent\" data-id=\"de131f9\" data-element_type=\"container\" data-e-type=\"container\" data-settings=\"{&quot;background_background&quot;:&quot;classic&quot;}\">\n\t\t\t\t\t<div class=\"e-con-inner\">\n\t\t\t\t<div class=\"elementor-element elementor-element-a95390b elementor-widget elementor-widget-text-editor\" data-id=\"a95390b\" data-element_type=\"widget\" data-e-type=\"widget\" data-widget_type=\"text-editor.default\">\n\t\t\t\t\t\t\t\t\t<p>Depuis pr\u00e8s d&rsquo;un si\u00e8cle, Figueras est un phare in\u00e9branlable de l&rsquo;excellence en mati\u00e8re de si\u00e8ges, apportant sa touche raffin\u00e9e dans le monde entier.<br \/>Enracin\u00e9e dans un h\u00e9ritage de passion pour l&rsquo;innovation, Figueras se sp\u00e9cialise dans la cr\u00e9ation de solutions de si\u00e8ges qui red\u00e9finissent les espaces publics avec une touche de diff\u00e9renciation.<\/p>\n<p>Notre parcours mondial nous a conduits \u00e0 travers les paysages \u00e9tendus de plus de 130 pays, o\u00f9 nous avons int\u00e9gr\u00e9 de mani\u00e8re transparente nos solutions de si\u00e8ges dans plus de 40 000 projets inspirants. Avec plus de 10 millions de si\u00e8ges install\u00e9s, Figueras est devenu synonyme de qualit\u00e9 et de design in\u00e9gal\u00e9s.<\/p>\n\t\t\t\t\t\t\t\t<\/div>\n\t\t\t\t<div class=\"elementor-element elementor-element-28b0d4a elementor-widget elementor-widget-text-editor\" data-id=\"28b0d4a\" data-element_type=\"widget\" data-e-type=\"widget\" data-widget_type=\"text-editor.default\">\n\t\t\t\t\t\t\t\t\t<p>Bas\u00e9s \u00e0 Barcelone, ville culturellement riche et bastion de la cr\u00e9ativit\u00e9, nous avons tiss\u00e9 une tapisserie de succ\u00e8s qui s&rsquo;\u00e9tend bien au-del\u00e0 de la M\u00e9diterran\u00e9e.<br \/>Figueras s&rsquo;enorgueillit d&rsquo;une pr\u00e9sence v\u00e9ritablement mondiale, avec une empreinte physique dans plus de 130 pays, soulignant notre engagement \u00e0 fournir au monde des solutions de si\u00e8ges qui incarnent \u00e0 la fois le luxe et la durabilit\u00e9.<\/p>\n<p>Dans la danse complexe du commerce international, Figueras appara\u00eet non seulement comme un acteur cl\u00e9, mais aussi comme un porte-drapeau de la solidit\u00e9 et de l&rsquo;\u00e9l\u00e9gance. Nos si\u00e8ges, m\u00e9ticuleusement fabriqu\u00e9s et adopt\u00e9s dans le monde entier, t\u00e9moignent de la qualit\u00e9 durable et du design intemporel qui d\u00e9finissent Figueras Seating &#8211; The Art of Seating.<br \/>Choisissez Figueras Seating &#8211; l\u00e0 o\u00f9 l&rsquo;excellence ne conna\u00eet pas de fronti\u00e8res.<\/p>\n\t\t\t\t\t\t\t\t<\/div>\n\t\t\t\t\t<\/div>\n\t\t\t\t<\/div>\n\t\t<div class=\"elementor-element elementor-element-ae2a52f e-flex e-con-boxed e-con e-parent\" data-id=\"ae2a52f\" data-element_type=\"container\" data-e-type=\"container\">\n\t\t\t\t\t<div class=\"e-con-inner\">\n\t\t\t\t<div class=\"elementor-element elementor-element-e4d95bc elementor-widget elementor-widget-heading\" data-id=\"e4d95bc\" data-element_type=\"widget\" data-e-type=\"widget\" data-widget_type=\"heading.default\">\n\t\t\t\t\t<h2 class=\"elementor-heading-title elementor-size-default\">PROJETS<\/h2>\t\t\t\t<\/div>\n\t\t\t\t\t<\/div>\n\t\t\t\t<\/div>\n\t\t<div class=\"elementor-element elementor-element-bf44a6b e-flex e-con-boxed e-con e-parent\" data-id=\"bf44a6b\" data-element_type=\"container\" data-e-type=\"container\">\n\t\t\t\t\t<div class=\"e-con-inner\">\n\t\t<div class=\"elementor-element elementor-element-7bcc099 e-con-full e-flex e-con e-child\" data-id=\"7bcc099\" data-element_type=\"container\" data-e-type=\"container\">\n\t\t<a class=\"elementor-element elementor-element-8b98fe9 e-con-full animated-fast e-flex elementor-invisible e-con e-child\" data-id=\"8b98fe9\" data-element_type=\"container\" data-e-type=\"container\" data-settings=\"{&quot;animation&quot;:&quot;fadeIn&quot;}\" href=\"https:\/\/figueras.com\/segments\/seats-for-cinema\/\">\n\t\t<div data-dce-background-overlay-color=\"#565658\" data-dce-background-overlay-hover-color=\"#48474C\" data-dce-background-image-url=\"https:\/\/figueras.com\/wp-content\/uploads\/2023\/04\/1644494342film-forumslider.webp\" class=\"elementor-element elementor-element-7098830 e-con-full cinemas e-flex e-con e-child\" data-id=\"7098830\" data-element_type=\"container\" data-e-type=\"container\" data-settings=\"{&quot;background_background&quot;:&quot;classic&quot;}\">\n\t\t\t\t<div data-dce-title-color=\"#FFFFFF80\" class=\"elementor-element elementor-element-4feb2f6 elementor-widget elementor-widget-heading\" data-id=\"4feb2f6\" data-element_type=\"widget\" data-e-type=\"widget\" data-widget_type=\"heading.default\">\n\t\t\t\t\t<h2 class=\"elementor-heading-title elementor-size-default\">C<\/h2>\t\t\t\t<\/div>\n\t\t\t\t<div class=\"elementor-element elementor-element-d2a9c5d chover elementor-widget elementor-widget-heading\" data-id=\"d2a9c5d\" data-element_type=\"widget\" data-e-type=\"widget\" data-widget_type=\"heading.default\">\n\t\t\t\t\t<h2 class=\"elementor-heading-title elementor-size-default\">CINEMA<\/h2>\t\t\t\t<\/div>\n\t\t\t\t<\/div>\n\t\t\t\t<\/a>\n\t\t<a class=\"elementor-element elementor-element-99a64c0 e-con-full animated-fast e-flex elementor-invisible e-con e-child\" data-id=\"99a64c0\" data-element_type=\"container\" data-e-type=\"container\" data-settings=\"{&quot;animation&quot;:&quot;fadeIn&quot;,&quot;animation_delay&quot;:250}\" href=\"https:\/\/figueras.com\/segments\/seats-for-education\/\">\n\t\t<div data-dce-background-overlay-color=\"#878C79\" data-dce-background-overlay-hover-color=\"#787D68\" data-dce-background-image-url=\"https:\/\/figueras.com\/wp-content\/uploads\/2023\/04\/1644491840princeton-universityslider.webp\" class=\"elementor-element elementor-element-d1e5e73 e-con-full education e-flex e-con e-child\" data-id=\"d1e5e73\" data-element_type=\"container\" data-e-type=\"container\" data-settings=\"{&quot;background_background&quot;:&quot;classic&quot;}\">\n\t\t\t\t<div data-dce-title-color=\"#FFFFFF80\" class=\"elementor-element elementor-element-2f98dac elementor-widget elementor-widget-heading\" data-id=\"2f98dac\" data-element_type=\"widget\" data-e-type=\"widget\" data-widget_type=\"heading.default\">\n\t\t\t\t\t<h2 class=\"elementor-heading-title elementor-size-default\">E<\/h2>\t\t\t\t<\/div>\n\t\t\t\t<div class=\"elementor-element elementor-element-81b8b4f ehover elementor-widget elementor-widget-heading\" data-id=\"81b8b4f\" data-element_type=\"widget\" data-e-type=\"widget\" data-widget_type=\"heading.default\">\n\t\t\t\t\t<h2 class=\"elementor-heading-title elementor-size-default\">EDUCATION<\/h2>\t\t\t\t<\/div>\n\t\t\t\t<\/div>\n\t\t\t\t<\/a>\n\t\t<a class=\"elementor-element elementor-element-835fcc5 e-con-full animated-fast e-flex elementor-invisible e-con e-child\" data-id=\"835fcc5\" data-element_type=\"container\" data-e-type=\"container\" data-settings=\"{&quot;animation&quot;:&quot;fadeIn&quot;,&quot;animation_delay&quot;:500}\" href=\"https:\/\/figueras.com\/segments\/seats-for-publicum\/\">\n\t\t<div data-dce-background-overlay-color=\"#E4DAD0\" data-dce-background-overlay-hover-color=\"#DCCEC2\" data-dce-background-image-url=\"https:\/\/figueras.com\/wp-content\/uploads\/2023\/06\/HR_Sala-XX-de-la-ONU-Ginebra-SUIZA_05-1.jpg\" class=\"elementor-element elementor-element-4aa9be9 e-con-full publicum e-flex e-con e-child\" data-id=\"4aa9be9\" data-element_type=\"container\" data-e-type=\"container\" data-settings=\"{&quot;background_background&quot;:&quot;classic&quot;}\">\n\t\t\t\t<div data-dce-title-color=\"#37383A80\" class=\"elementor-element elementor-element-57645b3 elementor-widget elementor-widget-heading\" data-id=\"57645b3\" data-element_type=\"widget\" data-e-type=\"widget\" data-widget_type=\"heading.default\">\n\t\t\t\t\t<h2 class=\"elementor-heading-title elementor-size-default\">P<\/h2>\t\t\t\t<\/div>\n\t\t\t\t<div class=\"elementor-element elementor-element-efd27de phover elementor-widget elementor-widget-heading\" data-id=\"efd27de\" data-element_type=\"widget\" data-e-type=\"widget\" data-widget_type=\"heading.default\">\n\t\t\t\t\t<h2 class=\"elementor-heading-title elementor-size-default\">PUBLICUM<\/h2>\t\t\t\t<\/div>\n\t\t\t\t<\/div>\n\t\t\t\t<\/a>\n\t\t<a class=\"elementor-element elementor-element-d27480d e-con-full animated-fast e-flex elementor-invisible e-con e-child\" data-id=\"d27480d\" data-element_type=\"container\" data-e-type=\"container\" data-settings=\"{&quot;animation&quot;:&quot;fadeIn&quot;,&quot;animation_delay&quot;:750}\" href=\"https:\/\/figueras.com\/segments\/seats-for-sports\/\">\n\t\t<div data-dce-background-overlay-color=\"#72625C\" data-dce-background-overlay-hover-color=\"#5F4E48\" data-dce-background-image-url=\"https:\/\/figueras.com\/wp-content\/uploads\/2023\/06\/The-SSE-Hydro-Arena-1.jpg\" class=\"elementor-element elementor-element-7a696a8 e-con-full sports e-flex e-con e-child\" data-id=\"7a696a8\" data-element_type=\"container\" data-e-type=\"container\" data-settings=\"{&quot;background_background&quot;:&quot;classic&quot;}\">\n\t\t\t\t<div data-dce-title-color=\"#FFFFFF80\" class=\"elementor-element elementor-element-f4f7f2b elementor-widget elementor-widget-heading\" data-id=\"f4f7f2b\" data-element_type=\"widget\" data-e-type=\"widget\" data-widget_type=\"heading.default\">\n\t\t\t\t\t<h2 class=\"elementor-heading-title elementor-size-default\">S<\/h2>\t\t\t\t<\/div>\n\t\t\t\t<div class=\"elementor-element elementor-element-5114f5b shover elementor-widget elementor-widget-heading\" data-id=\"5114f5b\" data-element_type=\"widget\" data-e-type=\"widget\" data-widget_type=\"heading.default\">\n\t\t\t\t\t<h2 class=\"elementor-heading-title elementor-size-default\">SPORTS<\/h2>\t\t\t\t<\/div>\n\t\t\t\t<\/div>\n\t\t\t\t<\/a>\n\t\t<a class=\"elementor-element elementor-element-6e26d59 e-con-full animated-fast e-flex elementor-invisible e-con e-child\" data-id=\"6e26d59\" data-element_type=\"container\" data-e-type=\"container\" data-settings=\"{&quot;animation&quot;:&quot;fadeIn&quot;,&quot;animation_delay&quot;:1000}\" href=\"https:\/\/figueras.com\/segments\/seats-for-theatre\/\">\n\t\t<div data-dce-background-overlay-color=\"#B3AEA1\" data-dce-background-overlay-hover-color=\"#B3AEA1\" data-dce-background-image-url=\"https:\/\/figueras.com\/wp-content\/uploads\/2023\/04\/165780276216258166371583254265slide1-2.jpg\" class=\"elementor-element elementor-element-b5bc651 e-con-full theatres e-flex e-con e-child\" data-id=\"b5bc651\" data-element_type=\"container\" data-e-type=\"container\" data-settings=\"{&quot;background_background&quot;:&quot;classic&quot;}\">\n\t\t\t\t<div data-dce-title-color=\"#37383A80\" class=\"elementor-element elementor-element-0c9b53a elementor-widget elementor-widget-heading\" data-id=\"0c9b53a\" data-element_type=\"widget\" data-e-type=\"widget\" data-widget_type=\"heading.default\">\n\t\t\t\t\t<h2 class=\"elementor-heading-title elementor-size-default\">T<\/h2>\t\t\t\t<\/div>\n\t\t\t\t<div class=\"elementor-element elementor-element-de4c1ec thover elementor-widget elementor-widget-heading\" data-id=\"de4c1ec\" data-element_type=\"widget\" data-e-type=\"widget\" data-widget_type=\"heading.default\">\n\t\t\t\t\t<h2 class=\"elementor-heading-title elementor-size-default\">THEATRE<\/h2>\t\t\t\t<\/div>\n\t\t\t\t<\/div>\n\t\t\t\t<\/a>\n\t\t\t\t<\/div>\n\t\t\t\t\t<\/div>\n\t\t\t\t<\/div>\n\t\t<div data-dce-background-color=\"#F2F2F2B3\" data-dce-background-overlay-color=\"#F2F2F2\" class=\"elementor-element elementor-element-70f114e e-flex e-con-boxed e-con e-parent\" data-id=\"70f114e\" data-element_type=\"container\" data-e-type=\"container\" data-settings=\"{&quot;background_background&quot;:&quot;classic&quot;}\">\n\t\t\t\t\t<div class=\"e-con-inner\">\n\t\t<div data-dce-background-image-url=\"https:\/\/figueras.com\/wp-content\/uploads\/2023\/12\/SHOWROOM-FIGUERES-05-3.jpg\" class=\"elementor-element elementor-element-3fa0784 e-con-full e-flex e-con e-child\" data-id=\"3fa0784\" data-element_type=\"container\" data-e-type=\"container\" data-settings=\"{&quot;background_background&quot;:&quot;classic&quot;}\">\n\t\t\t\t<\/div>\n\t\t<div class=\"elementor-element elementor-element-8e14ad8 e-con-full e-flex e-con e-child\" data-id=\"8e14ad8\" data-element_type=\"container\" data-e-type=\"container\">\n\t\t\t\t<div data-dce-text-color=\"#3E3D40\" class=\"elementor-element elementor-element-3ae2e71 elementor-widget elementor-widget-text-editor\" data-id=\"3ae2e71\" data-element_type=\"widget\" data-e-type=\"widget\" data-widget_type=\"text-editor.default\">\n\t\t\t\t\t\t\t\t\t<p>Rester connect\u00e9<br \/>avec <span style=\"color: #e03547;\">Figueras<\/span><\/p>\n\t\t\t\t\t\t\t\t<\/div>\n\t\t\t\t<div data-dce-text-color=\"#3E3D40\" class=\"elementor-element elementor-element-d0b6b8c elementor-widget elementor-widget-text-editor\" data-id=\"d0b6b8c\" data-element_type=\"widget\" data-e-type=\"widget\" data-widget_type=\"text-editor.default\">\n\t\t\t\t\t\t\t\t\t<p>Votre hub pour des projets inspirants et des mises \u00e0 jour.<\/p>\n\t\t\t\t\t\t\t\t<\/div>\n\t\t\t\t<div class=\"elementor-element elementor-element-02840fd elementor-button-align-stretch elementor-widget elementor-widget-form\" data-id=\"02840fd\" data-element_type=\"widget\" data-e-type=\"widget\" data-settings=\"{&quot;step_next_label&quot;:&quot;Suivant&quot;,&quot;step_previous_label&quot;:&quot;Pr\\u00e9c\\u00e9dent&quot;,&quot;button_width&quot;:&quot;100&quot;,&quot;step_type&quot;:&quot;number_text&quot;,&quot;step_icon_shape&quot;:&quot;circle&quot;}\" data-widget_type=\"form.default\">\n\t\t\t\t\t\t\t<form class=\"elementor-form\" method=\"post\" name=\"Nouveau formulaire\" aria-label=\"Nouveau formulaire\">\n\t\t\t<input type=\"hidden\" name=\"post_id\" value=\"22800\"\/>\n\t\t\t<input type=\"hidden\" name=\"form_id\" value=\"02840fd\"\/>\n\t\t\t<input type=\"hidden\" name=\"referer_title\" value=\"Figueras Seating\" \/>\n\n\t\t\t\n\t\t\t<div class=\"elementor-form-fields-wrapper elementor-labels-above\">\n\t\t\t\t\t\t\t\t<div class=\"elementor-field-type-email elementor-field-group elementor-column elementor-field-group-email elementor-col-100 elementor-field-required\">\n\t\t\t\t\t\t\t\t\t\t\t\t\t<input size=\"1\" type=\"email\" name=\"form_fields[email]\" id=\"form-field-email\" class=\"elementor-field elementor-size-sm  elementor-field-textual\" placeholder=\"Votre courriel\" required=\"required\">\n\t\t\t\t\t\t\t\t\t\t\t<\/div>\n\t\t\t\t\t\t\t\t<div class=\"elementor-field-group elementor-column elementor-field-type-submit elementor-col-100 e-form__buttons\">\n\t\t\t\t\t<button class=\"elementor-button elementor-size-sm\" type=\"submit\">\n\t\t\t\t\t\t<span class=\"elementor-button-content-wrapper\">\n\t\t\t\t\t\t\t\t\t\t\t\t\t\t\t\t\t\t\t\t\t\t<span class=\"elementor-button-text\">S'abonner<\/span>\n\t\t\t\t\t\t\t\t\t\t\t\t\t<\/span>\n\t\t\t\t\t<\/button>\n\t\t\t\t<\/div>\n\t\t\t<\/div>\n\t\t<\/form>\n\t\t\t\t\t\t<\/div>\n\t\t\t\t<\/div>\n\t\t\t\t\t<\/div>\n\t\t\t\t<\/div>\n\t\t\t\t<\/div>\n\t\t","protected":false},"excerpt":{"rendered":"<p>FIGUERAS SEATING Un embl\u00e8me mondial de l&rsquo;excellence en mati\u00e8re de si\u00e8ges *La carte affiche uniquement une s\u00e9lection de nos projets. Depuis pr\u00e8s d&rsquo;un si\u00e8cle, Figueras est un phare in\u00e9branlable de l&rsquo;excellence en mati\u00e8re de si\u00e8ges, apportant sa touche raffin\u00e9e dans le monde entier.Enracin\u00e9e dans un h\u00e9ritage de passion pour l&rsquo;innovation, Figueras se sp\u00e9cialise dans la [&hellip;]<\/p>\n","protected":false},"author":1,"featured_media":0,"parent":0,"menu_order":0,"comment_status":"closed","ping_status":"closed","template":"","meta":{"_acf_changed":false,"content-type":"","footnotes":""},"class_list":["post-22800","page","type-page","status-publish","hentry"],"acf":[],"yoast_head":"<!-- This site is optimized with the Yoast SEO plugin v27.4 - https:\/\/yoast.com\/product\/yoast-seo-wordpress\/ -->\n<title>Figueras dans le monde entier - Figueras Seating<\/title>\n<meta name=\"robots\" content=\"index, follow, max-snippet:-1, max-image-preview:large, max-video-preview:-1\" \/>\n<link rel=\"canonical\" href=\"https:\/\/figueras.com\/fr\/figueras-dans-le-monde-entier\/\" \/>\n<meta property=\"og:locale\" content=\"fr_FR\" \/>\n<meta property=\"og:type\" content=\"article\" \/>\n<meta property=\"og:title\" content=\"Figueras dans le monde entier - Figueras Seating\" \/>\n<meta property=\"og:description\" content=\"FIGUERAS SEATING Un embl\u00e8me mondial de l&rsquo;excellence en mati\u00e8re de si\u00e8ges *La carte affiche uniquement une s\u00e9lection de nos projets. Depuis pr\u00e8s d&rsquo;un si\u00e8cle, Figueras est un phare in\u00e9branlable de l&rsquo;excellence en mati\u00e8re de si\u00e8ges, apportant sa touche raffin\u00e9e dans le monde entier.Enracin\u00e9e dans un h\u00e9ritage de passion pour l&rsquo;innovation, Figueras se sp\u00e9cialise dans la [&hellip;]\" \/>\n<meta property=\"og:url\" content=\"https:\/\/figueras.com\/fr\/figueras-dans-le-monde-entier\/\" \/>\n<meta property=\"og:site_name\" content=\"Figueras Seating\" \/>\n<meta property=\"article:modified_time\" content=\"2024-06-05T09:10:20+00:00\" \/>\n<meta name=\"twitter:card\" content=\"summary_large_image\" \/>\n<meta name=\"twitter:label1\" content=\"Dur\u00e9e de lecture estim\u00e9e\" \/>\n\t<meta name=\"twitter:data1\" content=\"2 minutes\" \/>\n<script type=\"application\/ld+json\" class=\"yoast-schema-graph\">{\"@context\":\"https:\\\/\\\/schema.org\",\"@graph\":[{\"@type\":\"WebPage\",\"@id\":\"https:\\\/\\\/figueras.com\\\/fr\\\/figueras-dans-le-monde-entier\\\/\",\"url\":\"https:\\\/\\\/figueras.com\\\/fr\\\/figueras-dans-le-monde-entier\\\/\",\"name\":\"Figueras dans le monde entier - Figueras Seating\",\"isPartOf\":{\"@id\":\"https:\\\/\\\/figueras.com\\\/fr\\\/#website\"},\"datePublished\":\"2023-11-02T12:33:08+00:00\",\"dateModified\":\"2024-06-05T09:10:20+00:00\",\"breadcrumb\":{\"@id\":\"https:\\\/\\\/figueras.com\\\/fr\\\/figueras-dans-le-monde-entier\\\/#breadcrumb\"},\"inLanguage\":\"fr-FR\",\"potentialAction\":[{\"@type\":\"ReadAction\",\"target\":[\"https:\\\/\\\/figueras.com\\\/fr\\\/figueras-dans-le-monde-entier\\\/\"]}]},{\"@type\":\"BreadcrumbList\",\"@id\":\"https:\\\/\\\/figueras.com\\\/fr\\\/figueras-dans-le-monde-entier\\\/#breadcrumb\",\"itemListElement\":[{\"@type\":\"ListItem\",\"position\":1,\"name\":\"Home\",\"item\":\"https:\\\/\\\/figueras.com\\\/fr\\\/\"},{\"@type\":\"ListItem\",\"position\":2,\"name\":\"Figueras dans le monde entier\"}]},{\"@type\":\"WebSite\",\"@id\":\"https:\\\/\\\/figueras.com\\\/fr\\\/#website\",\"url\":\"https:\\\/\\\/figueras.com\\\/fr\\\/\",\"name\":\"Figueras Seating\",\"description\":\"\",\"publisher\":{\"@id\":\"https:\\\/\\\/figueras.com\\\/fr\\\/#organization\"},\"potentialAction\":[{\"@type\":\"SearchAction\",\"target\":{\"@type\":\"EntryPoint\",\"urlTemplate\":\"https:\\\/\\\/figueras.com\\\/fr\\\/?s={search_term_string}\"},\"query-input\":{\"@type\":\"PropertyValueSpecification\",\"valueRequired\":true,\"valueName\":\"search_term_string\"}}],\"inLanguage\":\"fr-FR\"},{\"@type\":\"Organization\",\"@id\":\"https:\\\/\\\/figueras.com\\\/fr\\\/#organization\",\"name\":\"Figueras International Seating, S.L.U.\",\"alternateName\":\"Figueras Seating\",\"url\":\"https:\\\/\\\/figueras.com\\\/fr\\\/\",\"logo\":{\"@type\":\"ImageObject\",\"inLanguage\":\"fr-FR\",\"@id\":\"https:\\\/\\\/figueras.com\\\/fr\\\/#\\\/schema\\\/logo\\\/image\\\/\",\"url\":\"https:\\\/\\\/figueras.com\\\/wp-content\\\/uploads\\\/2023\\\/04\\\/figueraslogoheader.png\",\"contentUrl\":\"https:\\\/\\\/figueras.com\\\/wp-content\\\/uploads\\\/2023\\\/04\\\/figueraslogoheader.png\",\"width\":739,\"height\":127,\"caption\":\"Figueras International Seating, S.L.U.\"},\"image\":{\"@id\":\"https:\\\/\\\/figueras.com\\\/fr\\\/#\\\/schema\\\/logo\\\/image\\\/\"},\"sameAs\":[\"https:\\\/\\\/www.linkedin.com\\\/company\\\/figuerasseating\\\/\",\"https:\\\/\\\/www.instagram.com\\\/figueras.seating\\\/\",\"https:\\\/\\\/vimeo.com\\\/figuerasseating\",\"https:\\\/\\\/es.pinterest.com\\\/figuerasint\\\/\"]}]}<\/script>\n<!-- \/ Yoast SEO plugin. -->","yoast_head_json":{"title":"Figueras dans le monde entier - Figueras Seating","robots":{"index":"index","follow":"follow","max-snippet":"max-snippet:-1","max-image-preview":"max-image-preview:large","max-video-preview":"max-video-preview:-1"},"canonical":"https:\/\/figueras.com\/fr\/figueras-dans-le-monde-entier\/","og_locale":"fr_FR","og_type":"article","og_title":"Figueras dans le monde entier - Figueras Seating","og_description":"FIGUERAS SEATING Un embl\u00e8me mondial de l&rsquo;excellence en mati\u00e8re de si\u00e8ges *La carte affiche uniquement une s\u00e9lection de nos projets. Depuis pr\u00e8s d&rsquo;un si\u00e8cle, Figueras est un phare in\u00e9branlable de l&rsquo;excellence en mati\u00e8re de si\u00e8ges, apportant sa touche raffin\u00e9e dans le monde entier.Enracin\u00e9e dans un h\u00e9ritage de passion pour l&rsquo;innovation, Figueras se sp\u00e9cialise dans la [&hellip;]","og_url":"https:\/\/figueras.com\/fr\/figueras-dans-le-monde-entier\/","og_site_name":"Figueras Seating","article_modified_time":"2024-06-05T09:10:20+00:00","twitter_card":"summary_large_image","twitter_misc":{"Dur\u00e9e de lecture estim\u00e9e":"2 minutes"},"schema":{"@context":"https:\/\/schema.org","@graph":[{"@type":"WebPage","@id":"https:\/\/figueras.com\/fr\/figueras-dans-le-monde-entier\/","url":"https:\/\/figueras.com\/fr\/figueras-dans-le-monde-entier\/","name":"Figueras dans le monde entier - Figueras Seating","isPartOf":{"@id":"https:\/\/figueras.com\/fr\/#website"},"datePublished":"2023-11-02T12:33:08+00:00","dateModified":"2024-06-05T09:10:20+00:00","breadcrumb":{"@id":"https:\/\/figueras.com\/fr\/figueras-dans-le-monde-entier\/#breadcrumb"},"inLanguage":"fr-FR","potentialAction":[{"@type":"ReadAction","target":["https:\/\/figueras.com\/fr\/figueras-dans-le-monde-entier\/"]}]},{"@type":"BreadcrumbList","@id":"https:\/\/figueras.com\/fr\/figueras-dans-le-monde-entier\/#breadcrumb","itemListElement":[{"@type":"ListItem","position":1,"name":"Home","item":"https:\/\/figueras.com\/fr\/"},{"@type":"ListItem","position":2,"name":"Figueras dans le monde entier"}]},{"@type":"WebSite","@id":"https:\/\/figueras.com\/fr\/#website","url":"https:\/\/figueras.com\/fr\/","name":"Figueras Seating","description":"","publisher":{"@id":"https:\/\/figueras.com\/fr\/#organization"},"potentialAction":[{"@type":"SearchAction","target":{"@type":"EntryPoint","urlTemplate":"https:\/\/figueras.com\/fr\/?s={search_term_string}"},"query-input":{"@type":"PropertyValueSpecification","valueRequired":true,"valueName":"search_term_string"}}],"inLanguage":"fr-FR"},{"@type":"Organization","@id":"https:\/\/figueras.com\/fr\/#organization","name":"Figueras International Seating, S.L.U.","alternateName":"Figueras Seating","url":"https:\/\/figueras.com\/fr\/","logo":{"@type":"ImageObject","inLanguage":"fr-FR","@id":"https:\/\/figueras.com\/fr\/#\/schema\/logo\/image\/","url":"https:\/\/figueras.com\/wp-content\/uploads\/2023\/04\/figueraslogoheader.png","contentUrl":"https:\/\/figueras.com\/wp-content\/uploads\/2023\/04\/figueraslogoheader.png","width":739,"height":127,"caption":"Figueras International Seating, S.L.U."},"image":{"@id":"https:\/\/figueras.com\/fr\/#\/schema\/logo\/image\/"},"sameAs":["https:\/\/www.linkedin.com\/company\/figuerasseating\/","https:\/\/www.instagram.com\/figueras.seating\/","https:\/\/vimeo.com\/figuerasseating","https:\/\/es.pinterest.com\/figuerasint\/"]}]}},"_links":{"self":[{"href":"https:\/\/figueras.com\/fr\/wp-json\/wp\/v2\/pages\/22800","targetHints":{"allow":["GET"]}}],"collection":[{"href":"https:\/\/figueras.com\/fr\/wp-json\/wp\/v2\/pages"}],"about":[{"href":"https:\/\/figueras.com\/fr\/wp-json\/wp\/v2\/types\/page"}],"author":[{"embeddable":true,"href":"https:\/\/figueras.com\/fr\/wp-json\/wp\/v2\/users\/1"}],"replies":[{"embeddable":true,"href":"https:\/\/figueras.com\/fr\/wp-json\/wp\/v2\/comments?post=22800"}],"version-history":[{"count":0,"href":"https:\/\/figueras.com\/fr\/wp-json\/wp\/v2\/pages\/22800\/revisions"}],"wp:attachment":[{"href":"https:\/\/figueras.com\/fr\/wp-json\/wp\/v2\/media?parent=22800"}],"curies":[{"name":"wp","href":"https:\/\/api.w.org\/{rel}","templated":true}]}}