{"id":22786,"date":"2023-09-25T14:28:01","date_gmt":"2023-09-25T12:28:01","guid":{"rendered":"http:\/\/figueras.com\/join-the-team\/"},"modified":"2025-01-16T10:11:48","modified_gmt":"2025-01-16T09:11:48","slug":"rejoindre-notre-equipe","status":"publish","type":"page","link":"https:\/\/figueras.com\/fr\/rejoindre-notre-equipe\/","title":{"rendered":"Rejoindre notre \u00e9quipe"},"content":{"rendered":"\t\t<div data-elementor-type=\"wp-page\" data-elementor-id=\"22786\" class=\"elementor elementor-22786 elementor-5521\" data-elementor-post-type=\"page\">\n\t\t\t\t<div data-dce-background-image-url=\"https:\/\/figueras.com\/wp-content\/uploads\/2023\/12\/Join-the-Team_b00.jpg\" class=\"elementor-element elementor-element-1ac7655 e-flex e-con-boxed e-con e-parent\" data-id=\"1ac7655\" data-element_type=\"container\" data-e-type=\"container\" data-settings=\"{&quot;background_background&quot;:&quot;classic&quot;}\">\n\t\t\t\t\t<div class=\"e-con-inner\">\n\t\t<div data-dce-background-color=\"#FFFFFFE6\" class=\"elementor-element elementor-element-29e19e9 e-con-full e-flex e-con e-child\" data-id=\"29e19e9\" data-element_type=\"container\" data-e-type=\"container\" data-settings=\"{&quot;background_background&quot;:&quot;classic&quot;}\">\n\t\t\t\t<div data-dce-title-color=\"#0A0A0A\" class=\"elementor-element elementor-element-d10839c elementor-widget elementor-widget-heading\" data-id=\"d10839c\" data-element_type=\"widget\" data-e-type=\"widget\" data-widget_type=\"heading.default\">\n\t\t\t\t\t<h1 class=\"elementor-heading-title elementor-size-default\">Rejoindre notre \u00e9quipe<\/h1>\t\t\t\t<\/div>\n\t\t\t\t<div data-dce-text-color=\"#5C5C5C\" class=\"elementor-element elementor-element-633f1ce elementor-widget elementor-widget-text-editor\" data-id=\"633f1ce\" data-element_type=\"widget\" data-e-type=\"widget\" data-widget_type=\"text-editor.default\">\n\t\t\t\t\t\t\t\t\t<p><strong>Rejoignez Figueras World<\/strong><\/p>\n<p>Chez Figueras, nous ne nous contentons pas de fabriquer des si\u00e8ges, nous cr\u00e9ons des exp\u00e9riences extraordinaires. Nous sommes fiers d&rsquo;\u00eatre plus qu&rsquo;une entreprise ; nous sommes un monde engag\u00e9 dans l&rsquo;innovation, l&rsquo;excellence et le respect mutuel. Rejoindre Figueras World, c&rsquo;est devenir un membre pr\u00e9cieux d&rsquo;une \u00e9quipe passionn\u00e9e qui ch\u00e9rit l&rsquo;artisanat, la durabilit\u00e9 et la connexion \u00e0 des moments uniques dans le monde entier.<\/p>\n\t\t\t\t\t\t\t\t<\/div>\n\t\t\t\t<div class=\"elementor-element elementor-element-09bc726 elementor-widget elementor-widget-html\" data-id=\"09bc726\" data-element_type=\"widget\" data-e-type=\"widget\" data-widget_type=\"html.default\">\n\t\t\t\t\t<script charset=\"utf-8\" type=\"text\/javascript\" src=\"\/\/js-eu1.hsforms.net\/forms\/embed\/v2.js\"><\/script>\n<script>\n  hbspt.forms.create({\n    region: \"eu1\",\n    portalId: \"142361492\",\n    formId: \"e7ddf436-a6bb-4f68-963c-2d2c756744f4\"\n  });\n<\/script>\t\t\t\t<\/div>\n\t\t\t\t<\/div>\n\t\t\t\t\t<\/div>\n\t\t\t\t<\/div>\n\t\t\t\t<\/div>\n\t\t","protected":false},"excerpt":{"rendered":"<p>Rejoindre notre \u00e9quipe Rejoignez Figueras World Chez Figueras, nous ne nous contentons pas de fabriquer des si\u00e8ges, nous cr\u00e9ons des exp\u00e9riences extraordinaires. Nous sommes fiers d&rsquo;\u00eatre plus qu&rsquo;une entreprise ; nous sommes un monde engag\u00e9 dans l&rsquo;innovation, l&rsquo;excellence et le respect mutuel. Rejoindre Figueras World, c&rsquo;est devenir un membre pr\u00e9cieux d&rsquo;une \u00e9quipe passionn\u00e9e qui ch\u00e9rit [&hellip;]<\/p>\n","protected":false},"author":1,"featured_media":0,"parent":0,"menu_order":0,"comment_status":"closed","ping_status":"closed","template":"","meta":{"_acf_changed":false,"content-type":"","footnotes":""},"class_list":["post-22786","page","type-page","status-publish","hentry"],"acf":[],"_links":{"self":[{"href":"https:\/\/figueras.com\/fr\/wp-json\/wp\/v2\/pages\/22786","targetHints":{"allow":["GET"]}}],"collection":[{"href":"https:\/\/figueras.com\/fr\/wp-json\/wp\/v2\/pages"}],"about":[{"href":"https:\/\/figueras.com\/fr\/wp-json\/wp\/v2\/types\/page"}],"author":[{"embeddable":true,"href":"https:\/\/figueras.com\/fr\/wp-json\/wp\/v2\/users\/1"}],"replies":[{"embeddable":true,"href":"https:\/\/figueras.com\/fr\/wp-json\/wp\/v2\/comments?post=22786"}],"version-history":[{"count":0,"href":"https:\/\/figueras.com\/fr\/wp-json\/wp\/v2\/pages\/22786\/revisions"}],"wp:attachment":[{"href":"https:\/\/figueras.com\/fr\/wp-json\/wp\/v2\/media?parent=22786"}],"curies":[{"name":"wp","href":"https:\/\/api.w.org\/{rel}","templated":true}]}}