{"id":22782,"date":"2023-09-25T13:10:15","date_gmt":"2023-09-25T11:10:15","guid":{"rendered":"http:\/\/figueras.com\/request-a-quote\/"},"modified":"2025-04-23T14:48:46","modified_gmt":"2025-04-23T12:48:46","slug":"demander-un-devis","status":"publish","type":"page","link":"https:\/\/figueras.com\/fr\/demander-un-devis\/","title":{"rendered":"Demander un devis"},"content":{"rendered":"\t\t<div data-elementor-type=\"wp-page\" data-elementor-id=\"22782\" class=\"elementor elementor-22782 elementor-5496\" data-elementor-post-type=\"page\">\n\t\t\t\t<div data-dce-background-image-url=\"https:\/\/figueras.com\/wp-content\/uploads\/2023\/12\/image-49-1.jpg\" class=\"elementor-element elementor-element-b6b3730 e-flex e-con-boxed e-con e-parent\" data-id=\"b6b3730\" data-element_type=\"container\" data-e-type=\"container\" data-settings=\"{&quot;background_background&quot;:&quot;classic&quot;}\">\n\t\t\t\t\t<div class=\"e-con-inner\">\n\t\t<div data-dce-background-color=\"#FFFFFFE6\" class=\"elementor-element elementor-element-b000412 e-con-full e-flex e-con e-child\" data-id=\"b000412\" data-element_type=\"container\" data-e-type=\"container\" data-settings=\"{&quot;background_background&quot;:&quot;classic&quot;}\">\n\t\t\t\t<div data-dce-title-color=\"#0A0A0A\" class=\"elementor-element elementor-element-c763b8f elementor-widget elementor-widget-heading\" data-id=\"c763b8f\" data-element_type=\"widget\" data-e-type=\"widget\" data-widget_type=\"heading.default\">\n\t\t\t\t\t<h1 class=\"elementor-heading-title elementor-size-default\">Demander un devis<\/h1>\t\t\t\t<\/div>\n\t\t\t\t<div data-dce-text-color=\"#5C5C5C\" class=\"elementor-element elementor-element-3a007c7 elementor-widget elementor-widget-text-editor\" data-id=\"3a007c7\" data-element_type=\"widget\" data-e-type=\"widget\" data-widget_type=\"text-editor.default\">\n\t\t\t\t\t\t\t\t\t<p>Vos besoins sont notre priorit\u00e9. Remplissez le formulaire ci-dessous et confiez-nous le soin de vous fournir des si\u00e8ges et de vous offrir un service et une attention exceptionnels. Nous nous engageons \u00e0 faire en sorte que votre exp\u00e9rience Figueras soit transparente et gratifiante d\u00e8s le d\u00e9part.<\/p>\n\t\t\t\t\t\t\t\t<\/div>\n\t\t\t\t<div class=\"elementor-element elementor-element-7fd2cce elementor-widget elementor-widget-html\" data-id=\"7fd2cce\" data-element_type=\"widget\" data-e-type=\"widget\" data-widget_type=\"html.default\">\n\t\t\t\t\t<script charset=\"utf-8\" type=\"text\/javascript\" src=\"\/\/js-eu1.hsforms.net\/forms\/embed\/v2.js\"><\/script>\r\n<script>\r\n  hbspt.forms.create({\r\n    region: \"eu1\",\r\n    portalId: \"142361492\",\r\n    formId: \"7a5e6df0-e6f8-464a-b77d-1976c202652d\"\r\n  });\r\n<\/script>\t\t\t\t<\/div>\n\t\t\t\t<\/div>\n\t\t\t\t\t<\/div>\n\t\t\t\t<\/div>\n\t\t\t\t<\/div>\n\t\t","protected":false},"excerpt":{"rendered":"<p>Discutons de votre projet et d\u00e9couvrons ce que nous pouvons faire pour vous apporter de la valeur.<\/p>\n","protected":false},"author":1,"featured_media":0,"parent":0,"menu_order":0,"comment_status":"closed","ping_status":"closed","template":"","meta":{"_acf_changed":false,"content-type":"","footnotes":""},"class_list":["post-22782","page","type-page","status-publish","hentry"],"acf":[],"yoast_head":"<!-- This site is optimized with the Yoast SEO plugin v27.4 - https:\/\/yoast.com\/product\/yoast-seo-wordpress\/ -->\n<title>Demander un devis - Figueras Seating<\/title>\n<meta name=\"description\" content=\"Demandez un devis personnalis\u00e9 pour vos projets de si\u00e8ges Figueras. R\u00e9ponse rapide et adapt\u00e9e \u00e0 vos besoins.\" \/>\n<meta name=\"robots\" content=\"index, follow, max-snippet:-1, max-image-preview:large, max-video-preview:-1\" \/>\n<link rel=\"canonical\" href=\"https:\/\/figueras.com\/fr\/demander-un-devis\/\" \/>\n<meta property=\"og:locale\" content=\"fr_FR\" \/>\n<meta property=\"og:type\" content=\"article\" \/>\n<meta property=\"og:title\" content=\"Demander un devis - Figueras Seating\" \/>\n<meta property=\"og:description\" content=\"Demandez un devis personnalis\u00e9 pour vos projets de si\u00e8ges Figueras. R\u00e9ponse rapide et adapt\u00e9e \u00e0 vos besoins.\" \/>\n<meta property=\"og:url\" content=\"https:\/\/figueras.com\/fr\/demander-un-devis\/\" \/>\n<meta property=\"og:site_name\" content=\"Figueras Seating\" \/>\n<meta property=\"article:modified_time\" content=\"2025-04-23T12:48:46+00:00\" \/>\n<meta name=\"twitter:card\" content=\"summary_large_image\" \/>\n<meta name=\"twitter:label1\" content=\"Dur\u00e9e de lecture estim\u00e9e\" \/>\n\t<meta name=\"twitter:data1\" content=\"1 minute\" \/>\n<script type=\"application\/ld+json\" class=\"yoast-schema-graph\">{\"@context\":\"https:\\\/\\\/schema.org\",\"@graph\":[{\"@type\":\"WebPage\",\"@id\":\"https:\\\/\\\/figueras.com\\\/fr\\\/demander-un-devis\\\/\",\"url\":\"https:\\\/\\\/figueras.com\\\/fr\\\/demander-un-devis\\\/\",\"name\":\"Demander un devis - Figueras Seating\",\"isPartOf\":{\"@id\":\"https:\\\/\\\/figueras.com\\\/fr\\\/#website\"},\"datePublished\":\"2023-09-25T11:10:15+00:00\",\"dateModified\":\"2025-04-23T12:48:46+00:00\",\"description\":\"Demandez un devis personnalis\u00e9 pour vos projets de si\u00e8ges Figueras. R\u00e9ponse rapide et adapt\u00e9e \u00e0 vos besoins.\",\"breadcrumb\":{\"@id\":\"https:\\\/\\\/figueras.com\\\/fr\\\/demander-un-devis\\\/#breadcrumb\"},\"inLanguage\":\"fr-FR\",\"potentialAction\":[{\"@type\":\"ReadAction\",\"target\":[\"https:\\\/\\\/figueras.com\\\/fr\\\/demander-un-devis\\\/\"]}]},{\"@type\":\"BreadcrumbList\",\"@id\":\"https:\\\/\\\/figueras.com\\\/fr\\\/demander-un-devis\\\/#breadcrumb\",\"itemListElement\":[{\"@type\":\"ListItem\",\"position\":1,\"name\":\"Home\",\"item\":\"https:\\\/\\\/figueras.com\\\/fr\\\/\"},{\"@type\":\"ListItem\",\"position\":2,\"name\":\"Demander un devis\"}]},{\"@type\":\"WebSite\",\"@id\":\"https:\\\/\\\/figueras.com\\\/fr\\\/#website\",\"url\":\"https:\\\/\\\/figueras.com\\\/fr\\\/\",\"name\":\"Figueras Seating\",\"description\":\"\",\"publisher\":{\"@id\":\"https:\\\/\\\/figueras.com\\\/fr\\\/#organization\"},\"potentialAction\":[{\"@type\":\"SearchAction\",\"target\":{\"@type\":\"EntryPoint\",\"urlTemplate\":\"https:\\\/\\\/figueras.com\\\/fr\\\/?s={search_term_string}\"},\"query-input\":{\"@type\":\"PropertyValueSpecification\",\"valueRequired\":true,\"valueName\":\"search_term_string\"}}],\"inLanguage\":\"fr-FR\"},{\"@type\":\"Organization\",\"@id\":\"https:\\\/\\\/figueras.com\\\/fr\\\/#organization\",\"name\":\"Figueras International Seating, S.L.U.\",\"alternateName\":\"Figueras Seating\",\"url\":\"https:\\\/\\\/figueras.com\\\/fr\\\/\",\"logo\":{\"@type\":\"ImageObject\",\"inLanguage\":\"fr-FR\",\"@id\":\"https:\\\/\\\/figueras.com\\\/fr\\\/#\\\/schema\\\/logo\\\/image\\\/\",\"url\":\"https:\\\/\\\/figueras.com\\\/wp-content\\\/uploads\\\/2023\\\/04\\\/figueraslogoheader.png\",\"contentUrl\":\"https:\\\/\\\/figueras.com\\\/wp-content\\\/uploads\\\/2023\\\/04\\\/figueraslogoheader.png\",\"width\":739,\"height\":127,\"caption\":\"Figueras International Seating, S.L.U.\"},\"image\":{\"@id\":\"https:\\\/\\\/figueras.com\\\/fr\\\/#\\\/schema\\\/logo\\\/image\\\/\"},\"sameAs\":[\"https:\\\/\\\/www.linkedin.com\\\/company\\\/figuerasseating\\\/\",\"https:\\\/\\\/www.instagram.com\\\/figueras.seating\\\/\",\"https:\\\/\\\/vimeo.com\\\/figuerasseating\",\"https:\\\/\\\/es.pinterest.com\\\/figuerasint\\\/\"]}]}<\/script>\n<!-- \/ Yoast SEO plugin. -->","yoast_head_json":{"title":"Demander un devis - Figueras Seating","description":"Demandez un devis personnalis\u00e9 pour vos projets de si\u00e8ges Figueras. R\u00e9ponse rapide et adapt\u00e9e \u00e0 vos besoins.","robots":{"index":"index","follow":"follow","max-snippet":"max-snippet:-1","max-image-preview":"max-image-preview:large","max-video-preview":"max-video-preview:-1"},"canonical":"https:\/\/figueras.com\/fr\/demander-un-devis\/","og_locale":"fr_FR","og_type":"article","og_title":"Demander un devis - Figueras Seating","og_description":"Demandez un devis personnalis\u00e9 pour vos projets de si\u00e8ges Figueras. R\u00e9ponse rapide et adapt\u00e9e \u00e0 vos besoins.","og_url":"https:\/\/figueras.com\/fr\/demander-un-devis\/","og_site_name":"Figueras Seating","article_modified_time":"2025-04-23T12:48:46+00:00","twitter_card":"summary_large_image","twitter_misc":{"Dur\u00e9e de lecture estim\u00e9e":"1 minute"},"schema":{"@context":"https:\/\/schema.org","@graph":[{"@type":"WebPage","@id":"https:\/\/figueras.com\/fr\/demander-un-devis\/","url":"https:\/\/figueras.com\/fr\/demander-un-devis\/","name":"Demander un devis - Figueras Seating","isPartOf":{"@id":"https:\/\/figueras.com\/fr\/#website"},"datePublished":"2023-09-25T11:10:15+00:00","dateModified":"2025-04-23T12:48:46+00:00","description":"Demandez un devis personnalis\u00e9 pour vos projets de si\u00e8ges Figueras. R\u00e9ponse rapide et adapt\u00e9e \u00e0 vos besoins.","breadcrumb":{"@id":"https:\/\/figueras.com\/fr\/demander-un-devis\/#breadcrumb"},"inLanguage":"fr-FR","potentialAction":[{"@type":"ReadAction","target":["https:\/\/figueras.com\/fr\/demander-un-devis\/"]}]},{"@type":"BreadcrumbList","@id":"https:\/\/figueras.com\/fr\/demander-un-devis\/#breadcrumb","itemListElement":[{"@type":"ListItem","position":1,"name":"Home","item":"https:\/\/figueras.com\/fr\/"},{"@type":"ListItem","position":2,"name":"Demander un devis"}]},{"@type":"WebSite","@id":"https:\/\/figueras.com\/fr\/#website","url":"https:\/\/figueras.com\/fr\/","name":"Figueras Seating","description":"","publisher":{"@id":"https:\/\/figueras.com\/fr\/#organization"},"potentialAction":[{"@type":"SearchAction","target":{"@type":"EntryPoint","urlTemplate":"https:\/\/figueras.com\/fr\/?s={search_term_string}"},"query-input":{"@type":"PropertyValueSpecification","valueRequired":true,"valueName":"search_term_string"}}],"inLanguage":"fr-FR"},{"@type":"Organization","@id":"https:\/\/figueras.com\/fr\/#organization","name":"Figueras International Seating, S.L.U.","alternateName":"Figueras Seating","url":"https:\/\/figueras.com\/fr\/","logo":{"@type":"ImageObject","inLanguage":"fr-FR","@id":"https:\/\/figueras.com\/fr\/#\/schema\/logo\/image\/","url":"https:\/\/figueras.com\/wp-content\/uploads\/2023\/04\/figueraslogoheader.png","contentUrl":"https:\/\/figueras.com\/wp-content\/uploads\/2023\/04\/figueraslogoheader.png","width":739,"height":127,"caption":"Figueras International Seating, S.L.U."},"image":{"@id":"https:\/\/figueras.com\/fr\/#\/schema\/logo\/image\/"},"sameAs":["https:\/\/www.linkedin.com\/company\/figuerasseating\/","https:\/\/www.instagram.com\/figueras.seating\/","https:\/\/vimeo.com\/figuerasseating","https:\/\/es.pinterest.com\/figuerasint\/"]}]}},"_links":{"self":[{"href":"https:\/\/figueras.com\/fr\/wp-json\/wp\/v2\/pages\/22782","targetHints":{"allow":["GET"]}}],"collection":[{"href":"https:\/\/figueras.com\/fr\/wp-json\/wp\/v2\/pages"}],"about":[{"href":"https:\/\/figueras.com\/fr\/wp-json\/wp\/v2\/types\/page"}],"author":[{"embeddable":true,"href":"https:\/\/figueras.com\/fr\/wp-json\/wp\/v2\/users\/1"}],"replies":[{"embeddable":true,"href":"https:\/\/figueras.com\/fr\/wp-json\/wp\/v2\/comments?post=22782"}],"version-history":[{"count":0,"href":"https:\/\/figueras.com\/fr\/wp-json\/wp\/v2\/pages\/22782\/revisions"}],"wp:attachment":[{"href":"https:\/\/figueras.com\/fr\/wp-json\/wp\/v2\/media?parent=22782"}],"curies":[{"name":"wp","href":"https:\/\/api.w.org\/{rel}","templated":true}]}}