{"id":50668,"date":"2023-11-01T09:21:35","date_gmt":"2023-11-01T08:21:35","guid":{"rendered":"https:\/\/figueras.com\/?post_type=product&#038;p=50668"},"modified":"2026-04-23T11:56:58","modified_gmt":"2026-04-23T09:56:58","slug":"kairos","status":"publish","type":"product","link":"https:\/\/figueras.com\/es\/asiento\/kairos\/","title":{"rendered":"Kairos"},"content":{"rendered":"<p style=\"text-align: justify;\"><strong>Kairos es un asiento para estadios y arenas dise\u00f1ado para proyectos de gran volumen, donde la eficiencia, la durabilidad y el confort son clave.<br \/>\nSu dise\u00f1o combina robustez estructural, facilidad de instalaci\u00f3n y ergonom\u00eda, garantizando fiabilidad operativa en instalaciones de alta capacidad.<br \/>\nEspecialmente dise\u00f1ado para las zonas de acceso general, es tambi\u00e9n apto para zonas premium y de prensa gracias a su dise\u00f1o, que eleva la categor\u00eda del espacio.<\/strong><\/p>\n<p style=\"text-align: justify;\"><strong>KAIROS<\/strong> es un asiento abatible dise\u00f1ado para estadios, arenas y grandes recintos deportivos de uso intensivo que requieren soluciones eficientes, robustas y duraderas.<\/p>\n<p style=\"text-align: justify;\">Formado por dos piezas de termopl\u00e1stico moldeado por soplado, con doble pared y c\u00e1mara de aire, combina ligereza y elevada resistencia mec\u00e1nica, garantizando un rendimiento fiable en instalaciones deportivas de alta capacidad.<\/p>\n<p style=\"text-align: justify;\">El sistema tip-up puede incorporar, de forma opcional, un mecanismo de retorno suave y silencioso (soft system) que mejora el confort de uso y reduce el impacto ac\u00fastico en zonas de gran aforo.<\/p>\n<p style=\"text-align: justify;\">Desarrollado bajo criterios de EcoDise\u00f1o conforme a la norma ISO 14006, incorpora materiales reciclables y componentes con contenido reciclado, optimizando durabilidad, mantenimiento e impacto ambiental.<\/p>\n<p style=\"text-align: justify;\">Su sistema de fijaci\u00f3n sobre barra, mediante dos tornillos M8, permite una instalaci\u00f3n r\u00e1pida y precisa, con ajuste en la distancia entre asientos. Es compatible tanto con configuraciones fijas como con sistemas retr\u00e1ctiles, adapt\u00e1ndose a distintas tipolog\u00edas de grader\u00edo.<\/p>\n<p style=\"text-align: justify;\">KAIROS ofrece una amplia gama de opciones y accesorios \u2014numeraci\u00f3n antivand\u00e1lica de asiento y fila, brazos con portavasos integrados, portavasos trasero, tableta antip\u00e1nico y tapicer\u00eda clip-on intercambiable\u2014 que permiten personalizar la soluci\u00f3n sin a\u00f1adir complejidad al proyecto.<\/p>\n<p style=\"text-align: justify;\">Es una soluci\u00f3n especialmente indicada para estadios y recintos deportivos donde el control de costes, la fiabilidad operativa y la experiencia del espectador deben mantenerse a gran escala.<\/p>\n<p style=\"text-align: justify;\">Dise\u00f1ado en colaboraci\u00f3n con <a href=\"https:\/\/fatironstudio.com\/\" target=\"_blank\" rel=\"noopener\">Fat Iron Studio<\/a><\/p>\n","protected":false},"excerpt":{"rendered":"<p>Kairos es un asiento para estadios y arenas dise\u00f1ado para proyectos de gran volumen, donde la eficiencia, la durabilidad y el confort son clave. Su dise\u00f1o combina robustez estructural, facilidad de instalaci\u00f3n y ergonom\u00eda, garantizando fiabilidad operativa en instalaciones de alta capacidad. Especialmente dise\u00f1ado para las zonas de acceso general, es tambi\u00e9n apto para zonas [&hellip;]<\/p>\n","protected":false},"featured_media":50670,"template":"","meta":{"_acf_changed":false,"content-type":""},"designer_tag":[333],"system_rel_tag":[461],"product_cat":[224,225,895],"product_tag":[506],"class_list":{"0":"post-50668","1":"product","2":"type-product","3":"status-publish","4":"has-post-thumbnail","6":"designer_tag-design-center-es","7":"system_rel_tag-retractable-seating-system-es","8":"product_cat-seats-for-stadiums-and-arenas-es","9":"product_cat-sports-es","10":"product_cat-kairos","11":"product_tag-sports-es","13":"first","14":"instock","15":"shipping-taxable","16":"product-type-simple"},"acf":[],"_links":{"self":[{"href":"https:\/\/figueras.com\/es\/wp-json\/wp\/v2\/product\/50668","targetHints":{"allow":["GET"]}}],"collection":[{"href":"https:\/\/figueras.com\/es\/wp-json\/wp\/v2\/product"}],"about":[{"href":"https:\/\/figueras.com\/es\/wp-json\/wp\/v2\/types\/product"}],"version-history":[{"count":11,"href":"https:\/\/figueras.com\/es\/wp-json\/wp\/v2\/product\/50668\/revisions"}],"predecessor-version":[{"id":50926,"href":"https:\/\/figueras.com\/es\/wp-json\/wp\/v2\/product\/50668\/revisions\/50926"}],"wp:featuredmedia":[{"embeddable":true,"href":"https:\/\/figueras.com\/es\/wp-json\/wp\/v2\/media\/50670"}],"wp:attachment":[{"href":"https:\/\/figueras.com\/es\/wp-json\/wp\/v2\/media?parent=50668"}],"wp:term":[{"taxonomy":"designer_tag","embeddable":true,"href":"https:\/\/figueras.com\/es\/wp-json\/wp\/v2\/designer_tag?post=50668"},{"taxonomy":"system_rel_tag","embeddable":true,"href":"https:\/\/figueras.com\/es\/wp-json\/wp\/v2\/system_rel_tag?post=50668"},{"taxonomy":"product_cat","embeddable":true,"href":"https:\/\/figueras.com\/es\/wp-json\/wp\/v2\/product_cat?post=50668"},{"taxonomy":"product_tag","embeddable":true,"href":"https:\/\/figueras.com\/es\/wp-json\/wp\/v2\/product_tag?post=50668"}],"curies":[{"name":"wp","href":"https:\/\/api.w.org\/{rel}","templated":true}]}}