{"id":48860,"date":"2023-11-01T09:18:10","date_gmt":"2023-11-01T08:18:10","guid":{"rendered":"https:\/\/figueras.com\/seating\/onik\/"},"modified":"2026-04-10T12:24:36","modified_gmt":"2026-04-10T10:24:36","slug":"onik","status":"publish","type":"product","link":"https:\/\/figueras.com\/es\/asiento\/onik\/","title":{"rendered":"Onik"},"content":{"rendered":"<p style=\"text-align: justify;\"><strong>ONIK es un asiento abatible para estadios y arenas que ofrece durabilidad, ergonom\u00eda y optimizaci\u00f3n del espacio. Su sistema tip-up autom\u00e1tico y la estructura sobre barra lo convierten en una soluci\u00f3n resistente y adecuada para recintos deportivos y multiusos, especialmente para las zonas de acceso general y premium.<\/p>\n<p>Producto finalista de los premios Delta 2026<\/strong><\/p>\n<p style=\"text-align: justify;\">ONIK es una butaca con asiento abatible de altas prestaciones, dise\u00f1ada para estadios, arenas y recintos multiusos que requieren soluciones de seating robustas, seguras y preparadas para un uso intensivo.<\/p>\n<p style=\"text-align: justify;\">Su sistema tip-up autom\u00e1tico y silencioso, basado en resortes de torsi\u00f3n, garantiza una compactaci\u00f3n eficiente del asiento y el respaldo, optimizando el flujo de espectadores y mejorando la gesti\u00f3n del espacio en instalaciones deportivas.<\/p>\n<p style=\"text-align: justify;\">El conjunto est\u00e1 formado por cojines de espuma inyectada en fr\u00edo con tapicer\u00eda f\u00e1cilmente reemplazable y carcasas de polipropileno copol\u00edmero reforzado con fibra de vidrio, lo que proporciona un equilibrio \u00f3ptimo entre resistencia al impacto, ergonom\u00eda y confort prolongado.<\/p>\n<p style=\"text-align: justify;\">Su instalaci\u00f3n flexible permite fijaci\u00f3n a suelo, a contrahuella o en los sistemas m\u00f3viles de Figueras. El dise\u00f1o sobre barra facilita un posicionamiento ajustable y un mantenimiento r\u00e1pido.<\/p>\n<p style=\"text-align: justify;\">ONIK ofrece la posibilidad de a\u00f1adir m\u00faltiples accesorios: brazos abatibles o fijos, opciones con portavasos integrado, numeraci\u00f3n de asiento y fila, personalizaci\u00f3n del respaldo y m\u00f3dulos de conectividad para zonas premium o VIP.<\/p>\n<p style=\"text-align: justify;\">Esta versatilidad convierte a ONIK en una opci\u00f3n para instalaciones deportivas adaptable a diferentes tipolog\u00edas de p\u00fablico, desde gradas generales hasta \u00e1reas de hospitalidad.<\/p>\n","protected":false},"excerpt":{"rendered":"<p>ONIK es un asiento abatible para estadios y arenas que ofrece durabilidad, ergonom\u00eda y optimizaci\u00f3n del espacio. Su sistema tip-up autom\u00e1tico y la estructura sobre barra lo convierten en una soluci\u00f3n resistente y adecuada para recintos deportivos y multiusos, especialmente para las zonas de acceso general y premium. Producto finalista de los premios Delta 2026 [&hellip;]<\/p>\n","protected":false},"featured_media":50427,"template":"","meta":{"_acf_changed":false,"content-type":""},"designer_tag":[333],"system_rel_tag":[],"product_cat":[224,225,884],"product_tag":[506],"class_list":{"0":"post-48860","1":"product","2":"type-product","3":"status-publish","4":"has-post-thumbnail","6":"designer_tag-design-center-es","7":"product_cat-seats-for-stadiums-and-arenas-es","8":"product_cat-sports-es","9":"product_cat-onik","10":"product_tag-sports-es","12":"first","13":"instock","14":"shipping-taxable","15":"product-type-simple"},"acf":[],"_links":{"self":[{"href":"https:\/\/figueras.com\/es\/wp-json\/wp\/v2\/product\/48860","targetHints":{"allow":["GET"]}}],"collection":[{"href":"https:\/\/figueras.com\/es\/wp-json\/wp\/v2\/product"}],"about":[{"href":"https:\/\/figueras.com\/es\/wp-json\/wp\/v2\/types\/product"}],"version-history":[{"count":0,"href":"https:\/\/figueras.com\/es\/wp-json\/wp\/v2\/product\/48860\/revisions"}],"wp:featuredmedia":[{"embeddable":true,"href":"https:\/\/figueras.com\/es\/wp-json\/wp\/v2\/media\/50427"}],"wp:attachment":[{"href":"https:\/\/figueras.com\/es\/wp-json\/wp\/v2\/media?parent=48860"}],"wp:term":[{"taxonomy":"designer_tag","embeddable":true,"href":"https:\/\/figueras.com\/es\/wp-json\/wp\/v2\/designer_tag?post=48860"},{"taxonomy":"system_rel_tag","embeddable":true,"href":"https:\/\/figueras.com\/es\/wp-json\/wp\/v2\/system_rel_tag?post=48860"},{"taxonomy":"product_cat","embeddable":true,"href":"https:\/\/figueras.com\/es\/wp-json\/wp\/v2\/product_cat?post=48860"},{"taxonomy":"product_tag","embeddable":true,"href":"https:\/\/figueras.com\/es\/wp-json\/wp\/v2\/product_tag?post=48860"}],"curies":[{"name":"wp","href":"https:\/\/api.w.org\/{rel}","templated":true}]}}