{"id":48830,"date":"2023-11-01T09:19:22","date_gmt":"2023-11-01T08:19:22","guid":{"rendered":"https:\/\/figueras.com\/seating\/chronos\/"},"modified":"2026-04-10T12:24:09","modified_gmt":"2026-04-10T10:24:09","slug":"chronos","status":"publish","type":"product","link":"https:\/\/figueras.com\/es\/asiento\/chronos\/","title":{"rendered":"Chronos"},"content":{"rendered":"<p style=\"text-align: justify;\"><strong>Chronos a\u00fana minimalismo y ergonom\u00eda, con un dise\u00f1o estilizado, de l\u00edneas ligeramente sinuosas y delicadas. Con un dise\u00f1o ultrafino, esta butaca de asiento abatible proporciona comodidad sin sacrificar funcionalidad, ideal para espacios de gran afluencia, como estadios deportivos y arenas, donde se viven emociones fuertes y apasionadas.<\/p>\n<p>Producto finalista de los premios Delta 2026<\/strong><\/p>\n<p style=\"text-align: justify;\">Chronos ha sido concebido como un sistema que crece: existen m\u00faltiples accesorios disponibles para que el asiento se adapte a cada espacio. Chronos es perfecto para equipar los estadios deportivos y arenas, desde las zonas generales hasta los palcos y zonas VIP, y es tambi\u00e9n una buena opci\u00f3n para completar nuestros sistemas m\u00f3viles.<\/p>\n<p style=\"text-align: justify;\">El asiento\u00a0 es abatible, de pl\u00e1stico con contrapeso, de alto rendimiento, durabilidad y gran versatilidad. El asiento se pliega autom\u00e1ticamente por gravedad, sin mecanismos adicionales.<\/p>\n<p style=\"text-align: justify;\">El respaldo est\u00e1 fijado a 12\u00ba de inclinaci\u00f3n para mayor confort del usuario.<\/p>\n<p style=\"text-align: justify;\">Fabricado en copol\u00edmero inyectado de polipropileno (PP) con textura anti\u00e1cida, es resistente a rayaduras y a la acumulaci\u00f3n de suciedad. Su color est\u00e1 protegido contra rayos UV, lo que le asegura alta durabilidad en exteriores.<\/p>\n<p style=\"text-align: justify;\">Existen varias opciones de tapizado, solo aptas para espacios interiores y semi exteriores resguardados de la lluvia. Este tapizado usa pl\u00e1stico 100% reciclado (HDPE) y espuma moldeada para mayor comodidad.<\/p>\n<p style=\"text-align: justify;\">Los asientos son de f\u00e1cil y r\u00e1pido desmontaje, permitiendo ajustar el aforo y la separaci\u00f3n entre ellos de manera sencilla, para adaptarse a las necesidades del espacio.<\/p>\n<p style=\"text-align: justify;\">Se puede fijar al suelo, a contrahuella o en los sistemas m\u00f3viles de Figueras.<\/p>\n<p style=\"text-align: justify;\">La tecnolog\u00eda de etiquetado en molde (IML) permite integrar logotipos o escudos directamente en la superficie del asiento o respaldo, lo cual es ideal para asientos modulares y de uso intensivo en eventos deportivos.<\/p>\n<p style=\"text-align: justify;\">Dise\u00f1ado bajo los criterios de la norma UNE-EN ISO 14006 de EcoDise\u00f1o.<\/p>\n<p style=\"text-align: justify;\">Cumple con los requisitos recomendados para butacas deportivas por la FIFA y otras federaciones deportivas internacionales.<\/p>\n<p style=\"text-align: justify;\">Libre de mantenimiento.<\/p>\n","protected":false},"excerpt":{"rendered":"<p>Chronos a\u00fana minimalismo y ergonom\u00eda, con un dise\u00f1o estilizado, de l\u00edneas ligeramente sinuosas y delicadas. Con un dise\u00f1o ultrafino, esta butaca de asiento abatible proporciona comodidad sin sacrificar funcionalidad, ideal para espacios de gran afluencia, como estadios deportivos y arenas, donde se viven emociones fuertes y apasionadas. Producto finalista de los premios Delta 2026 Chronos [&hellip;]<\/p>\n","protected":false},"featured_media":50429,"template":"","meta":{"_acf_changed":false,"content-type":""},"designer_tag":[490,333],"system_rel_tag":[],"product_cat":[224,225,883],"product_tag":[506],"class_list":{"0":"post-48830","1":"product","2":"type-product","3":"status-publish","4":"has-post-thumbnail","6":"designer_tag-llusca-design-es","7":"designer_tag-design-center-es","8":"product_cat-seats-for-stadiums-and-arenas-es","9":"product_cat-sports-es","10":"product_cat-chronos","11":"product_tag-sports-es","13":"first","14":"instock","15":"shipping-taxable","16":"product-type-simple"},"acf":[],"_links":{"self":[{"href":"https:\/\/figueras.com\/es\/wp-json\/wp\/v2\/product\/48830","targetHints":{"allow":["GET"]}}],"collection":[{"href":"https:\/\/figueras.com\/es\/wp-json\/wp\/v2\/product"}],"about":[{"href":"https:\/\/figueras.com\/es\/wp-json\/wp\/v2\/types\/product"}],"version-history":[{"count":0,"href":"https:\/\/figueras.com\/es\/wp-json\/wp\/v2\/product\/48830\/revisions"}],"wp:featuredmedia":[{"embeddable":true,"href":"https:\/\/figueras.com\/es\/wp-json\/wp\/v2\/media\/50429"}],"wp:attachment":[{"href":"https:\/\/figueras.com\/es\/wp-json\/wp\/v2\/media?parent=48830"}],"wp:term":[{"taxonomy":"designer_tag","embeddable":true,"href":"https:\/\/figueras.com\/es\/wp-json\/wp\/v2\/designer_tag?post=48830"},{"taxonomy":"system_rel_tag","embeddable":true,"href":"https:\/\/figueras.com\/es\/wp-json\/wp\/v2\/system_rel_tag?post=48830"},{"taxonomy":"product_cat","embeddable":true,"href":"https:\/\/figueras.com\/es\/wp-json\/wp\/v2\/product_cat?post=48830"},{"taxonomy":"product_tag","embeddable":true,"href":"https:\/\/figueras.com\/es\/wp-json\/wp\/v2\/product_tag?post=48830"}],"curies":[{"name":"wp","href":"https:\/\/api.w.org\/{rel}","templated":true}]}}