{"id":33606,"date":"2023-11-01T09:37:19","date_gmt":"2023-11-01T08:37:19","guid":{"rendered":"https:\/\/figueras.com\/seating\/megaseat-9106\/"},"modified":"2025-09-12T03:35:29","modified_gmt":"2025-09-12T01:35:29","slug":"megaseat-9106","status":"publish","type":"product","link":"https:\/\/figueras.com\/es\/asiento\/megaseat-9106\/","title":{"rendered":"Megaseat 9106"},"content":{"rendered":"<p><strong>El Megaseat 9106 es un asiento modular compuesto por piezas totalmente intercambiables especialmente dise\u00f1ado para cines.<\/strong><\/p>\n<p>El asiento y el respaldo est\u00e1n compuestos por dos bloques de espuma de poliuretano moldeada con una estructura met\u00e1lica interna. La tapicer\u00eda puede integrarse en la espuma mediante el sistema Integral Form, sin costuras ni pespuntes.<\/p>\n<p>El acolchado del asiento carece de ranuras de ning\u00fan tipo para evitar la acumulaci\u00f3n de suciedad. El acolchado del respaldo est\u00e1 anat\u00f3micamente contorneado para garantizar la comodidad del usuario. Opcionalmente, se puede incorporar un reposacabezas.<\/p>\n<p>El asiento, el respaldo y el reposacabezas tienen carcasas traseras de polipropileno que son totalmente lavables, lo que evita que aparezcan ara\u00f1azos y suciedad en la tapicer\u00eda trasera. Opcionalmente, las carcasas pueden tapizarse.<\/p>\n<p>El asiento se pliega autom\u00e1ticamente mediante un sistema de doble muelle extremadamente silencioso situado en el interior de la base del asiento, manteniendo el espacio siempre ordenado y asegurando un ambiente silencioso cuando un usuario abandona el asiento.<\/p>\n<p>El asiento est\u00e1 montado sobre un pedestal central y soportado por un puente r\u00edgido que garantiza la estabilidad de las filas.<\/p>\n<p>Los reposabrazos son de espuma de poliuretano semirr\u00edgida con una estructura met\u00e1lica interna y un portavasos incorporado.<\/p>\n","protected":false},"excerpt":{"rendered":"<p>[wpdm_package id=&#8217;33394&#8242;]<\/p>\n<p>[wpdm_package id=&#8217;33400&#8242;]<\/p>\n","protected":false},"featured_media":33368,"template":"","meta":{"_acf_changed":false,"content-type":""},"designer_tag":[333],"system_rel_tag":[],"product_cat":[243],"product_tag":[500],"class_list":{"0":"post-33606","1":"product","2":"type-product","3":"status-publish","4":"has-post-thumbnail","6":"designer_tag-design-center-es","7":"product_cat-megaseat-es","8":"product_tag-cinema-es","10":"first","11":"instock","12":"downloadable","13":"virtual","14":"product-type-simple"},"acf":[],"_links":{"self":[{"href":"https:\/\/figueras.com\/es\/wp-json\/wp\/v2\/product\/33606","targetHints":{"allow":["GET"]}}],"collection":[{"href":"https:\/\/figueras.com\/es\/wp-json\/wp\/v2\/product"}],"about":[{"href":"https:\/\/figueras.com\/es\/wp-json\/wp\/v2\/types\/product"}],"version-history":[{"count":0,"href":"https:\/\/figueras.com\/es\/wp-json\/wp\/v2\/product\/33606\/revisions"}],"wp:featuredmedia":[{"embeddable":true,"href":"https:\/\/figueras.com\/es\/wp-json\/wp\/v2\/media\/33368"}],"wp:attachment":[{"href":"https:\/\/figueras.com\/es\/wp-json\/wp\/v2\/media?parent=33606"}],"wp:term":[{"taxonomy":"designer_tag","embeddable":true,"href":"https:\/\/figueras.com\/es\/wp-json\/wp\/v2\/designer_tag?post=33606"},{"taxonomy":"system_rel_tag","embeddable":true,"href":"https:\/\/figueras.com\/es\/wp-json\/wp\/v2\/system_rel_tag?post=33606"},{"taxonomy":"product_cat","embeddable":true,"href":"https:\/\/figueras.com\/es\/wp-json\/wp\/v2\/product_cat?post=33606"},{"taxonomy":"product_tag","embeddable":true,"href":"https:\/\/figueras.com\/es\/wp-json\/wp\/v2\/product_tag?post=33606"}],"curies":[{"name":"wp","href":"https:\/\/api.w.org\/{rel}","templated":true}]}}