{"id":23880,"date":"2023-01-01T13:01:51","date_gmt":"2023-01-01T12:01:51","guid":{"rendered":"http:\/\/figueras.com\/seating\/f1000\/"},"modified":"2024-07-12T12:25:21","modified_gmt":"2024-07-12T10:25:21","slug":"f1000","status":"publish","type":"product","link":"https:\/\/figueras.com\/es\/asiento\/f1000\/","title":{"rendered":"F1000"},"content":{"rendered":"<p style=\"text-align: justify;\"><strong>La mesa F1000 de Figueras es el accesorio perfecto para convertir cualquier asiento en un aut\u00e9ntico espacio de trabajo. Esta mesa est\u00e1 especialmente dise\u00f1ada para su uso en auditorios, centros de conferencias, salas de prensa, parlamentos o centros educativos. <\/strong><\/p>\n<p style=\"text-align: justify;\">La F1000 es una mesa de uso individual, completamente independiente de la butaca. Su independencia respecto al asiento asegura que sea completamente estable y que nunca se vea afectada por el movimiento o la vibraci\u00f3n que se produce cuando el asiento de delante est\u00e1 ocupado.<\/p>\n<p style=\"text-align: justify;\">Gracias a su sistema de plegado antip\u00e1nico, la mesa pasa a la posici\u00f3n de plegado con el movimiento del usuario al levantarse del asiento. Con este sistema de plegado, la sala puede ser desocupada r\u00e1pidamente, quedando los pasillos siempre libres.<\/p>\n<p style=\"text-align: justify;\">La mesa se introduce en un espacio de almacenaje compuesto por unos perfiles laterales de aluminio y paneles con acabado tapizado. El sistema de gu\u00eda y carro se encuentra en su interior con un sistema de cojinetes antifricci\u00f3n.<\/p>\n","protected":false},"excerpt":{"rendered":"<p>[wpdm_package id=&#8217;23302&#8242;]<\/p>\n<p>[wpdm_package id=&#8217;6962&#8242;]<\/p>\n<p>[wpdm_package id=&#8217;6963&#8242;]<\/p>\n","protected":false},"featured_media":13281,"template":"","meta":{"_acf_changed":false,"content-type":""},"designer_tag":[333],"system_rel_tag":[],"product_cat":[225,263,265,192,194,195,196,197,200,203,224],"product_tag":[503,506,512],"class_list":{"0":"post-23880","1":"product","2":"type-product","3":"status-publish","4":"has-post-thumbnail","6":"designer_tag-design-center-es","7":"product_cat-sports-es","8":"product_cat-tables-es","9":"product_cat-f1000-es","10":"product_cat-education-es","11":"product_cat-publicum-es","12":"product_cat-seats-for-auditorium-and-conference-rooms-es","13":"product_cat-seats-for-congress-centres-es","14":"product_cat-seats-for-corporate-rooms-es","15":"product_cat-seats-for-parliaments-es","16":"product_cat-seats-for-universities-and-schools-es","17":"product_cat-seats-for-stadiums-and-arenas-es","18":"product_tag-education-es","19":"product_tag-sports-es","20":"product_tag-publicum-es","22":"first","23":"instock","24":"downloadable","25":"virtual","26":"product-type-simple"},"acf":[],"yoast_head":"<!-- This site is optimized with the Yoast SEO plugin v27.4 - https:\/\/yoast.com\/product\/yoast-seo-wordpress\/ -->\n<title>F1000 - Mesa para auditorios o conferencias - Figueras<\/title>\n<meta name=\"description\" content=\"Asiento transformable en espacio de trabajo. Especialmente dise\u00f1ado para su uso en auditorios, centros de conferencias, salas de prensa y parlamentos\" \/>\n<meta name=\"robots\" content=\"index, follow, max-snippet:-1, max-image-preview:large, max-video-preview:-1\" \/>\n<link rel=\"canonical\" href=\"https:\/\/figueras.com\/es\/asiento\/f1000\/\" \/>\n<meta property=\"og:locale\" content=\"es_ES\" \/>\n<meta property=\"og:type\" content=\"article\" \/>\n<meta property=\"og:title\" content=\"F1000 - Mesa para auditorios o conferencias - Figueras\" \/>\n<meta property=\"og:description\" content=\"Asiento transformable en espacio de trabajo. Especialmente dise\u00f1ado para su uso en auditorios, centros de conferencias, salas de prensa y parlamentos\" \/>\n<meta property=\"og:url\" content=\"https:\/\/figueras.com\/es\/asiento\/f1000\/\" \/>\n<meta property=\"og:site_name\" content=\"Figueras Seating\" \/>\n<meta property=\"article:modified_time\" content=\"2024-07-12T10:25:21+00:00\" \/>\n<meta property=\"og:image\" content=\"https:\/\/figueras.com\/wp-content\/uploads\/2023\/06\/F1000-1.jpg\" \/>\n\t<meta property=\"og:image:width\" content=\"610\" \/>\n\t<meta property=\"og:image:height\" content=\"810\" \/>\n\t<meta property=\"og:image:type\" content=\"image\/jpeg\" \/>\n<meta name=\"twitter:card\" content=\"summary_large_image\" \/>\n<meta name=\"twitter:label1\" content=\"Tiempo de lectura\" \/>\n\t<meta name=\"twitter:data1\" content=\"1 minuto\" \/>\n<script type=\"application\/ld+json\" class=\"yoast-schema-graph\">{\"@context\":\"https:\\\/\\\/schema.org\",\"@graph\":[{\"@type\":\"WebPage\",\"@id\":\"https:\\\/\\\/figueras.com\\\/es\\\/asiento\\\/f1000\\\/\",\"url\":\"https:\\\/\\\/figueras.com\\\/es\\\/asiento\\\/f1000\\\/\",\"name\":\"F1000 - Mesa para auditorios o conferencias - Figueras\",\"isPartOf\":{\"@id\":\"https:\\\/\\\/figueras.com\\\/es\\\/#website\"},\"primaryImageOfPage\":{\"@id\":\"https:\\\/\\\/figueras.com\\\/es\\\/asiento\\\/f1000\\\/#primaryimage\"},\"image\":{\"@id\":\"https:\\\/\\\/figueras.com\\\/es\\\/asiento\\\/f1000\\\/#primaryimage\"},\"thumbnailUrl\":\"https:\\\/\\\/figueras.com\\\/wp-content\\\/uploads\\\/2023\\\/06\\\/F1000-1.jpg\",\"datePublished\":\"2023-01-01T12:01:51+00:00\",\"dateModified\":\"2024-07-12T10:25:21+00:00\",\"description\":\"Asiento transformable en espacio de trabajo. Especialmente dise\u00f1ado para su uso en auditorios, centros de conferencias, salas de prensa y parlamentos\",\"breadcrumb\":{\"@id\":\"https:\\\/\\\/figueras.com\\\/es\\\/asiento\\\/f1000\\\/#breadcrumb\"},\"inLanguage\":\"es\",\"potentialAction\":[{\"@type\":\"ReadAction\",\"target\":[\"https:\\\/\\\/figueras.com\\\/es\\\/asiento\\\/f1000\\\/\"]}]},{\"@type\":\"ImageObject\",\"inLanguage\":\"es\",\"@id\":\"https:\\\/\\\/figueras.com\\\/es\\\/asiento\\\/f1000\\\/#primaryimage\",\"url\":\"https:\\\/\\\/figueras.com\\\/wp-content\\\/uploads\\\/2023\\\/06\\\/F1000-1.jpg\",\"contentUrl\":\"https:\\\/\\\/figueras.com\\\/wp-content\\\/uploads\\\/2023\\\/06\\\/F1000-1.jpg\",\"width\":610,\"height\":810,\"caption\":\"F1000 1\"},{\"@type\":\"BreadcrumbList\",\"@id\":\"https:\\\/\\\/figueras.com\\\/es\\\/asiento\\\/f1000\\\/#breadcrumb\",\"itemListElement\":[{\"@type\":\"ListItem\",\"position\":1,\"name\":\"Home\",\"item\":\"https:\\\/\\\/figueras.com\\\/es\\\/\"},{\"@type\":\"ListItem\",\"position\":2,\"name\":\"Productos\",\"item\":\"https:\\\/\\\/figueras.com\\\/es\\\/shop\\\/\"},{\"@type\":\"ListItem\",\"position\":3,\"name\":\"F1000\"}]},{\"@type\":\"WebSite\",\"@id\":\"https:\\\/\\\/figueras.com\\\/es\\\/#website\",\"url\":\"https:\\\/\\\/figueras.com\\\/es\\\/\",\"name\":\"Figueras Seating\",\"description\":\"\",\"publisher\":{\"@id\":\"https:\\\/\\\/figueras.com\\\/es\\\/#organization\"},\"potentialAction\":[{\"@type\":\"SearchAction\",\"target\":{\"@type\":\"EntryPoint\",\"urlTemplate\":\"https:\\\/\\\/figueras.com\\\/es\\\/?s={search_term_string}\"},\"query-input\":{\"@type\":\"PropertyValueSpecification\",\"valueRequired\":true,\"valueName\":\"search_term_string\"}}],\"inLanguage\":\"es\"},{\"@type\":\"Organization\",\"@id\":\"https:\\\/\\\/figueras.com\\\/es\\\/#organization\",\"name\":\"Figueras International Seating, S.L.U.\",\"alternateName\":\"Figueras Seating\",\"url\":\"https:\\\/\\\/figueras.com\\\/es\\\/\",\"logo\":{\"@type\":\"ImageObject\",\"inLanguage\":\"es\",\"@id\":\"https:\\\/\\\/figueras.com\\\/es\\\/#\\\/schema\\\/logo\\\/image\\\/\",\"url\":\"https:\\\/\\\/figueras.com\\\/wp-content\\\/uploads\\\/2023\\\/04\\\/figueraslogoheader.png\",\"contentUrl\":\"https:\\\/\\\/figueras.com\\\/wp-content\\\/uploads\\\/2023\\\/04\\\/figueraslogoheader.png\",\"width\":739,\"height\":127,\"caption\":\"Figueras International Seating, S.L.U.\"},\"image\":{\"@id\":\"https:\\\/\\\/figueras.com\\\/es\\\/#\\\/schema\\\/logo\\\/image\\\/\"},\"sameAs\":[\"https:\\\/\\\/www.linkedin.com\\\/company\\\/figuerasseating\\\/\",\"https:\\\/\\\/www.instagram.com\\\/figueras.seating\\\/\",\"https:\\\/\\\/vimeo.com\\\/figuerasseating\",\"https:\\\/\\\/es.pinterest.com\\\/figuerasint\\\/\"]}]}<\/script>\n<!-- \/ Yoast SEO plugin. -->","yoast_head_json":{"title":"F1000 - Mesa para auditorios o conferencias - Figueras","description":"Asiento transformable en espacio de trabajo. Especialmente dise\u00f1ado para su uso en auditorios, centros de conferencias, salas de prensa y parlamentos","robots":{"index":"index","follow":"follow","max-snippet":"max-snippet:-1","max-image-preview":"max-image-preview:large","max-video-preview":"max-video-preview:-1"},"canonical":"https:\/\/figueras.com\/es\/asiento\/f1000\/","og_locale":"es_ES","og_type":"article","og_title":"F1000 - Mesa para auditorios o conferencias - Figueras","og_description":"Asiento transformable en espacio de trabajo. Especialmente dise\u00f1ado para su uso en auditorios, centros de conferencias, salas de prensa y parlamentos","og_url":"https:\/\/figueras.com\/es\/asiento\/f1000\/","og_site_name":"Figueras Seating","article_modified_time":"2024-07-12T10:25:21+00:00","og_image":[{"width":610,"height":810,"url":"https:\/\/figueras.com\/wp-content\/uploads\/2023\/06\/F1000-1.jpg","type":"image\/jpeg"}],"twitter_card":"summary_large_image","twitter_misc":{"Tiempo de lectura":"1 minuto"},"schema":{"@context":"https:\/\/schema.org","@graph":[{"@type":"WebPage","@id":"https:\/\/figueras.com\/es\/asiento\/f1000\/","url":"https:\/\/figueras.com\/es\/asiento\/f1000\/","name":"F1000 - Mesa para auditorios o conferencias - Figueras","isPartOf":{"@id":"https:\/\/figueras.com\/es\/#website"},"primaryImageOfPage":{"@id":"https:\/\/figueras.com\/es\/asiento\/f1000\/#primaryimage"},"image":{"@id":"https:\/\/figueras.com\/es\/asiento\/f1000\/#primaryimage"},"thumbnailUrl":"https:\/\/figueras.com\/wp-content\/uploads\/2023\/06\/F1000-1.jpg","datePublished":"2023-01-01T12:01:51+00:00","dateModified":"2024-07-12T10:25:21+00:00","description":"Asiento transformable en espacio de trabajo. Especialmente dise\u00f1ado para su uso en auditorios, centros de conferencias, salas de prensa y parlamentos","breadcrumb":{"@id":"https:\/\/figueras.com\/es\/asiento\/f1000\/#breadcrumb"},"inLanguage":"es","potentialAction":[{"@type":"ReadAction","target":["https:\/\/figueras.com\/es\/asiento\/f1000\/"]}]},{"@type":"ImageObject","inLanguage":"es","@id":"https:\/\/figueras.com\/es\/asiento\/f1000\/#primaryimage","url":"https:\/\/figueras.com\/wp-content\/uploads\/2023\/06\/F1000-1.jpg","contentUrl":"https:\/\/figueras.com\/wp-content\/uploads\/2023\/06\/F1000-1.jpg","width":610,"height":810,"caption":"F1000 1"},{"@type":"BreadcrumbList","@id":"https:\/\/figueras.com\/es\/asiento\/f1000\/#breadcrumb","itemListElement":[{"@type":"ListItem","position":1,"name":"Home","item":"https:\/\/figueras.com\/es\/"},{"@type":"ListItem","position":2,"name":"Productos","item":"https:\/\/figueras.com\/es\/shop\/"},{"@type":"ListItem","position":3,"name":"F1000"}]},{"@type":"WebSite","@id":"https:\/\/figueras.com\/es\/#website","url":"https:\/\/figueras.com\/es\/","name":"Figueras Seating","description":"","publisher":{"@id":"https:\/\/figueras.com\/es\/#organization"},"potentialAction":[{"@type":"SearchAction","target":{"@type":"EntryPoint","urlTemplate":"https:\/\/figueras.com\/es\/?s={search_term_string}"},"query-input":{"@type":"PropertyValueSpecification","valueRequired":true,"valueName":"search_term_string"}}],"inLanguage":"es"},{"@type":"Organization","@id":"https:\/\/figueras.com\/es\/#organization","name":"Figueras International Seating, S.L.U.","alternateName":"Figueras Seating","url":"https:\/\/figueras.com\/es\/","logo":{"@type":"ImageObject","inLanguage":"es","@id":"https:\/\/figueras.com\/es\/#\/schema\/logo\/image\/","url":"https:\/\/figueras.com\/wp-content\/uploads\/2023\/04\/figueraslogoheader.png","contentUrl":"https:\/\/figueras.com\/wp-content\/uploads\/2023\/04\/figueraslogoheader.png","width":739,"height":127,"caption":"Figueras International Seating, S.L.U."},"image":{"@id":"https:\/\/figueras.com\/es\/#\/schema\/logo\/image\/"},"sameAs":["https:\/\/www.linkedin.com\/company\/figuerasseating\/","https:\/\/www.instagram.com\/figueras.seating\/","https:\/\/vimeo.com\/figuerasseating","https:\/\/es.pinterest.com\/figuerasint\/"]}]}},"_links":{"self":[{"href":"https:\/\/figueras.com\/es\/wp-json\/wp\/v2\/product\/23880","targetHints":{"allow":["GET"]}}],"collection":[{"href":"https:\/\/figueras.com\/es\/wp-json\/wp\/v2\/product"}],"about":[{"href":"https:\/\/figueras.com\/es\/wp-json\/wp\/v2\/types\/product"}],"version-history":[{"count":0,"href":"https:\/\/figueras.com\/es\/wp-json\/wp\/v2\/product\/23880\/revisions"}],"wp:featuredmedia":[{"embeddable":true,"href":"https:\/\/figueras.com\/es\/wp-json\/wp\/v2\/media\/13281"}],"wp:attachment":[{"href":"https:\/\/figueras.com\/es\/wp-json\/wp\/v2\/media?parent=23880"}],"wp:term":[{"taxonomy":"designer_tag","embeddable":true,"href":"https:\/\/figueras.com\/es\/wp-json\/wp\/v2\/designer_tag?post=23880"},{"taxonomy":"system_rel_tag","embeddable":true,"href":"https:\/\/figueras.com\/es\/wp-json\/wp\/v2\/system_rel_tag?post=23880"},{"taxonomy":"product_cat","embeddable":true,"href":"https:\/\/figueras.com\/es\/wp-json\/wp\/v2\/product_cat?post=23880"},{"taxonomy":"product_tag","embeddable":true,"href":"https:\/\/figueras.com\/es\/wp-json\/wp\/v2\/product_tag?post=23880"}],"curies":[{"name":"wp","href":"https:\/\/api.w.org\/{rel}","templated":true}]}}