{"id":23878,"date":"2023-01-01T13:02:51","date_gmt":"2023-01-01T12:02:51","guid":{"rendered":"http:\/\/figueras.com\/seating\/f48\/"},"modified":"2024-07-12T12:26:03","modified_gmt":"2024-07-12T10:26:03","slug":"f48","status":"publish","type":"product","link":"https:\/\/figueras.com\/es\/asiento\/f48\/","title":{"rendered":"F48"},"content":{"rendered":"<p style=\"text-align: justify;\"><span style=\"color: #000000;\"><strong>La mesa F48 es un concepto \u00fanico, el accesorio perfecto para convertir cualquier asiento en un aut\u00e9ntico espacio de trabajo. Esta gran mesa plegable para uso individual es una soluci\u00f3n \u00f3ptima para auditorios, salas de prensa, centros educativos, parlamentos y espacios polivalentes.<br \/>\n<\/strong> <\/span><\/p>\n<p style=\"text-align: justify;\"><span style=\"color: #000000;\">Esta mesa individual de generosas dimensiones (45&#215;35 cm) est\u00e1 fijada al suelo y, por lo tanto, es totalmente independiente del asiento. Su independencia con respecto al asiento asegura que sea completamente estable y que nunca se vea afectada por el movimiento o la vibraci\u00f3n que se produce cuando el asiento de delante est\u00e1 ocupado.<br \/>\n<\/span><\/p>\n<p style=\"text-align: justify;\"><span style=\"color: #000000;\">La mesa se abre mediante un simple e intuitivo movimiento de elevaci\u00f3n y giro. Gracias a su sistema de plegado antip\u00e1nico, la mesa pasa a la posici\u00f3n de plegado con el movimiento del usuario al levantarse del asiento. Con este sistema de plegado, la sala se puede desocupar r\u00e1pidamente, quedando los pasillos siempre libres. Su sistema interno de plegado silencioso asegura que la mesa vuelva a su posici\u00f3n inicial de forma lenta y sin ocasionar ruidos que puedan resultar molestos.<\/span><\/p>\n<p style=\"text-align: justify;\"><span style=\"color: #000000;\">La mesa est\u00e1 fijada a una columna de aluminio extruido. Las gu\u00edas de desplazamiento lineal est\u00e1n incluidas en la columna y no requieren ning\u00fan mantenimiento gracias a la ausencia de muelles.<\/span><\/p>\n<p style=\"text-align: justify;\"><span style=\"color: #000000;\">Opcionalmente, puede incorporar una unidad de comunicaciones (micr\u00f3fono, sistema de votaci\u00f3n, traductor, enchufes el\u00e9ctricos y conexi\u00f3n de datos&#8230;) fabricada en aluminio y fijada en la columna central.<\/span><\/p>\n","protected":false},"excerpt":{"rendered":"<p>[wpdm_package id=&#8217;23312&#8242;]<\/p>\n<p>[wpdm_package id=&#8217;6965&#8242;]<\/p>\n<p>[wpdm_package id=&#8217;6966&#8242;]<\/p>\n","protected":false},"featured_media":13278,"template":"","meta":{"_acf_changed":false,"content-type":""},"designer_tag":[333],"system_rel_tag":[],"product_cat":[263,195,196,197,199,200,203,224,262],"product_tag":[503,506,512],"class_list":{"0":"post-23878","1":"product","2":"type-product","3":"status-publish","4":"has-post-thumbnail","6":"designer_tag-design-center-es","7":"product_cat-tables-es","8":"product_cat-seats-for-auditorium-and-conference-rooms-es","9":"product_cat-seats-for-congress-centres-es","10":"product_cat-seats-for-corporate-rooms-es","11":"product_cat-seats-for-multi-purpose-spaces-es","12":"product_cat-seats-for-parliaments-es","13":"product_cat-seats-for-universities-and-schools-es","14":"product_cat-seats-for-stadiums-and-arenas-es","15":"product_cat-f48-es","16":"product_tag-education-es","17":"product_tag-sports-es","18":"product_tag-publicum-es","20":"first","21":"instock","22":"downloadable","23":"virtual","24":"product-type-simple"},"acf":[],"yoast_head":"<!-- This site is optimized with the Yoast SEO plugin v27.4 - https:\/\/yoast.com\/product\/yoast-seo-wordpress\/ -->\n<title>F48 - Mesa grande y plegable para auditorios - Figueras<\/title>\n<meta name=\"description\" content=\"F48: Mesa plegable para uso individual, ideal para auditorios, salas de prensa, centros educativos, parlamentos y espacios multiprop\u00f3sito. Figueras Seating.\" \/>\n<meta name=\"robots\" content=\"index, follow, max-snippet:-1, max-image-preview:large, max-video-preview:-1\" \/>\n<link rel=\"canonical\" href=\"https:\/\/figueras.com\/es\/asiento\/f48\/\" \/>\n<meta property=\"og:locale\" content=\"es_ES\" \/>\n<meta property=\"og:type\" content=\"article\" \/>\n<meta property=\"og:title\" content=\"F48 - Mesa grande y plegable para auditorios - Figueras\" \/>\n<meta property=\"og:description\" content=\"F48: Mesa plegable para uso individual, ideal para auditorios, salas de prensa, centros educativos, parlamentos y espacios multiprop\u00f3sito. Figueras Seating.\" \/>\n<meta property=\"og:url\" content=\"https:\/\/figueras.com\/es\/asiento\/f48\/\" \/>\n<meta property=\"og:site_name\" content=\"Figueras Seating\" \/>\n<meta property=\"article:modified_time\" content=\"2024-07-12T10:26:03+00:00\" \/>\n<meta property=\"og:image\" content=\"https:\/\/figueras.com\/wp-content\/uploads\/2023\/06\/F48-0.jpg\" \/>\n\t<meta property=\"og:image:width\" content=\"610\" \/>\n\t<meta property=\"og:image:height\" content=\"810\" \/>\n\t<meta property=\"og:image:type\" content=\"image\/jpeg\" \/>\n<meta name=\"twitter:card\" content=\"summary_large_image\" \/>\n<meta name=\"twitter:label1\" content=\"Tiempo de lectura\" \/>\n\t<meta name=\"twitter:data1\" content=\"2 minutos\" \/>\n<script type=\"application\/ld+json\" class=\"yoast-schema-graph\">{\"@context\":\"https:\\\/\\\/schema.org\",\"@graph\":[{\"@type\":\"WebPage\",\"@id\":\"https:\\\/\\\/figueras.com\\\/es\\\/asiento\\\/f48\\\/\",\"url\":\"https:\\\/\\\/figueras.com\\\/es\\\/asiento\\\/f48\\\/\",\"name\":\"F48 - Mesa grande y plegable para auditorios - Figueras\",\"isPartOf\":{\"@id\":\"https:\\\/\\\/figueras.com\\\/es\\\/#website\"},\"primaryImageOfPage\":{\"@id\":\"https:\\\/\\\/figueras.com\\\/es\\\/asiento\\\/f48\\\/#primaryimage\"},\"image\":{\"@id\":\"https:\\\/\\\/figueras.com\\\/es\\\/asiento\\\/f48\\\/#primaryimage\"},\"thumbnailUrl\":\"https:\\\/\\\/figueras.com\\\/wp-content\\\/uploads\\\/2023\\\/06\\\/F48-0.jpg\",\"datePublished\":\"2023-01-01T12:02:51+00:00\",\"dateModified\":\"2024-07-12T10:26:03+00:00\",\"description\":\"F48: Mesa plegable para uso individual, ideal para auditorios, salas de prensa, centros educativos, parlamentos y espacios multiprop\u00f3sito. Figueras Seating.\",\"breadcrumb\":{\"@id\":\"https:\\\/\\\/figueras.com\\\/es\\\/asiento\\\/f48\\\/#breadcrumb\"},\"inLanguage\":\"es\",\"potentialAction\":[{\"@type\":\"ReadAction\",\"target\":[\"https:\\\/\\\/figueras.com\\\/es\\\/asiento\\\/f48\\\/\"]}]},{\"@type\":\"ImageObject\",\"inLanguage\":\"es\",\"@id\":\"https:\\\/\\\/figueras.com\\\/es\\\/asiento\\\/f48\\\/#primaryimage\",\"url\":\"https:\\\/\\\/figueras.com\\\/wp-content\\\/uploads\\\/2023\\\/06\\\/F48-0.jpg\",\"contentUrl\":\"https:\\\/\\\/figueras.com\\\/wp-content\\\/uploads\\\/2023\\\/06\\\/F48-0.jpg\",\"width\":610,\"height\":810,\"caption\":\"F48 0\"},{\"@type\":\"BreadcrumbList\",\"@id\":\"https:\\\/\\\/figueras.com\\\/es\\\/asiento\\\/f48\\\/#breadcrumb\",\"itemListElement\":[{\"@type\":\"ListItem\",\"position\":1,\"name\":\"Home\",\"item\":\"https:\\\/\\\/figueras.com\\\/es\\\/\"},{\"@type\":\"ListItem\",\"position\":2,\"name\":\"Productos\",\"item\":\"https:\\\/\\\/figueras.com\\\/es\\\/shop\\\/\"},{\"@type\":\"ListItem\",\"position\":3,\"name\":\"F48\"}]},{\"@type\":\"WebSite\",\"@id\":\"https:\\\/\\\/figueras.com\\\/es\\\/#website\",\"url\":\"https:\\\/\\\/figueras.com\\\/es\\\/\",\"name\":\"Figueras Seating\",\"description\":\"\",\"publisher\":{\"@id\":\"https:\\\/\\\/figueras.com\\\/es\\\/#organization\"},\"potentialAction\":[{\"@type\":\"SearchAction\",\"target\":{\"@type\":\"EntryPoint\",\"urlTemplate\":\"https:\\\/\\\/figueras.com\\\/es\\\/?s={search_term_string}\"},\"query-input\":{\"@type\":\"PropertyValueSpecification\",\"valueRequired\":true,\"valueName\":\"search_term_string\"}}],\"inLanguage\":\"es\"},{\"@type\":\"Organization\",\"@id\":\"https:\\\/\\\/figueras.com\\\/es\\\/#organization\",\"name\":\"Figueras International Seating, S.L.U.\",\"alternateName\":\"Figueras Seating\",\"url\":\"https:\\\/\\\/figueras.com\\\/es\\\/\",\"logo\":{\"@type\":\"ImageObject\",\"inLanguage\":\"es\",\"@id\":\"https:\\\/\\\/figueras.com\\\/es\\\/#\\\/schema\\\/logo\\\/image\\\/\",\"url\":\"https:\\\/\\\/figueras.com\\\/wp-content\\\/uploads\\\/2023\\\/04\\\/figueraslogoheader.png\",\"contentUrl\":\"https:\\\/\\\/figueras.com\\\/wp-content\\\/uploads\\\/2023\\\/04\\\/figueraslogoheader.png\",\"width\":739,\"height\":127,\"caption\":\"Figueras International Seating, S.L.U.\"},\"image\":{\"@id\":\"https:\\\/\\\/figueras.com\\\/es\\\/#\\\/schema\\\/logo\\\/image\\\/\"},\"sameAs\":[\"https:\\\/\\\/www.linkedin.com\\\/company\\\/figuerasseating\\\/\",\"https:\\\/\\\/www.instagram.com\\\/figueras.seating\\\/\",\"https:\\\/\\\/vimeo.com\\\/figuerasseating\",\"https:\\\/\\\/es.pinterest.com\\\/figuerasint\\\/\"]}]}<\/script>\n<!-- \/ Yoast SEO plugin. -->","yoast_head_json":{"title":"F48 - Mesa grande y plegable para auditorios - Figueras","description":"F48: Mesa plegable para uso individual, ideal para auditorios, salas de prensa, centros educativos, parlamentos y espacios multiprop\u00f3sito. Figueras Seating.","robots":{"index":"index","follow":"follow","max-snippet":"max-snippet:-1","max-image-preview":"max-image-preview:large","max-video-preview":"max-video-preview:-1"},"canonical":"https:\/\/figueras.com\/es\/asiento\/f48\/","og_locale":"es_ES","og_type":"article","og_title":"F48 - Mesa grande y plegable para auditorios - Figueras","og_description":"F48: Mesa plegable para uso individual, ideal para auditorios, salas de prensa, centros educativos, parlamentos y espacios multiprop\u00f3sito. Figueras Seating.","og_url":"https:\/\/figueras.com\/es\/asiento\/f48\/","og_site_name":"Figueras Seating","article_modified_time":"2024-07-12T10:26:03+00:00","og_image":[{"width":610,"height":810,"url":"https:\/\/figueras.com\/wp-content\/uploads\/2023\/06\/F48-0.jpg","type":"image\/jpeg"}],"twitter_card":"summary_large_image","twitter_misc":{"Tiempo de lectura":"2 minutos"},"schema":{"@context":"https:\/\/schema.org","@graph":[{"@type":"WebPage","@id":"https:\/\/figueras.com\/es\/asiento\/f48\/","url":"https:\/\/figueras.com\/es\/asiento\/f48\/","name":"F48 - Mesa grande y plegable para auditorios - Figueras","isPartOf":{"@id":"https:\/\/figueras.com\/es\/#website"},"primaryImageOfPage":{"@id":"https:\/\/figueras.com\/es\/asiento\/f48\/#primaryimage"},"image":{"@id":"https:\/\/figueras.com\/es\/asiento\/f48\/#primaryimage"},"thumbnailUrl":"https:\/\/figueras.com\/wp-content\/uploads\/2023\/06\/F48-0.jpg","datePublished":"2023-01-01T12:02:51+00:00","dateModified":"2024-07-12T10:26:03+00:00","description":"F48: Mesa plegable para uso individual, ideal para auditorios, salas de prensa, centros educativos, parlamentos y espacios multiprop\u00f3sito. Figueras Seating.","breadcrumb":{"@id":"https:\/\/figueras.com\/es\/asiento\/f48\/#breadcrumb"},"inLanguage":"es","potentialAction":[{"@type":"ReadAction","target":["https:\/\/figueras.com\/es\/asiento\/f48\/"]}]},{"@type":"ImageObject","inLanguage":"es","@id":"https:\/\/figueras.com\/es\/asiento\/f48\/#primaryimage","url":"https:\/\/figueras.com\/wp-content\/uploads\/2023\/06\/F48-0.jpg","contentUrl":"https:\/\/figueras.com\/wp-content\/uploads\/2023\/06\/F48-0.jpg","width":610,"height":810,"caption":"F48 0"},{"@type":"BreadcrumbList","@id":"https:\/\/figueras.com\/es\/asiento\/f48\/#breadcrumb","itemListElement":[{"@type":"ListItem","position":1,"name":"Home","item":"https:\/\/figueras.com\/es\/"},{"@type":"ListItem","position":2,"name":"Productos","item":"https:\/\/figueras.com\/es\/shop\/"},{"@type":"ListItem","position":3,"name":"F48"}]},{"@type":"WebSite","@id":"https:\/\/figueras.com\/es\/#website","url":"https:\/\/figueras.com\/es\/","name":"Figueras Seating","description":"","publisher":{"@id":"https:\/\/figueras.com\/es\/#organization"},"potentialAction":[{"@type":"SearchAction","target":{"@type":"EntryPoint","urlTemplate":"https:\/\/figueras.com\/es\/?s={search_term_string}"},"query-input":{"@type":"PropertyValueSpecification","valueRequired":true,"valueName":"search_term_string"}}],"inLanguage":"es"},{"@type":"Organization","@id":"https:\/\/figueras.com\/es\/#organization","name":"Figueras International Seating, S.L.U.","alternateName":"Figueras Seating","url":"https:\/\/figueras.com\/es\/","logo":{"@type":"ImageObject","inLanguage":"es","@id":"https:\/\/figueras.com\/es\/#\/schema\/logo\/image\/","url":"https:\/\/figueras.com\/wp-content\/uploads\/2023\/04\/figueraslogoheader.png","contentUrl":"https:\/\/figueras.com\/wp-content\/uploads\/2023\/04\/figueraslogoheader.png","width":739,"height":127,"caption":"Figueras International Seating, S.L.U."},"image":{"@id":"https:\/\/figueras.com\/es\/#\/schema\/logo\/image\/"},"sameAs":["https:\/\/www.linkedin.com\/company\/figuerasseating\/","https:\/\/www.instagram.com\/figueras.seating\/","https:\/\/vimeo.com\/figuerasseating","https:\/\/es.pinterest.com\/figuerasint\/"]}]}},"_links":{"self":[{"href":"https:\/\/figueras.com\/es\/wp-json\/wp\/v2\/product\/23878","targetHints":{"allow":["GET"]}}],"collection":[{"href":"https:\/\/figueras.com\/es\/wp-json\/wp\/v2\/product"}],"about":[{"href":"https:\/\/figueras.com\/es\/wp-json\/wp\/v2\/types\/product"}],"version-history":[{"count":0,"href":"https:\/\/figueras.com\/es\/wp-json\/wp\/v2\/product\/23878\/revisions"}],"wp:featuredmedia":[{"embeddable":true,"href":"https:\/\/figueras.com\/es\/wp-json\/wp\/v2\/media\/13278"}],"wp:attachment":[{"href":"https:\/\/figueras.com\/es\/wp-json\/wp\/v2\/media?parent=23878"}],"wp:term":[{"taxonomy":"designer_tag","embeddable":true,"href":"https:\/\/figueras.com\/es\/wp-json\/wp\/v2\/designer_tag?post=23878"},{"taxonomy":"system_rel_tag","embeddable":true,"href":"https:\/\/figueras.com\/es\/wp-json\/wp\/v2\/system_rel_tag?post=23878"},{"taxonomy":"product_cat","embeddable":true,"href":"https:\/\/figueras.com\/es\/wp-json\/wp\/v2\/product_cat?post=23878"},{"taxonomy":"product_tag","embeddable":true,"href":"https:\/\/figueras.com\/es\/wp-json\/wp\/v2\/product_tag?post=23878"}],"curies":[{"name":"wp","href":"https:\/\/api.w.org\/{rel}","templated":true}]}}