{"id":23876,"date":"2023-11-01T08:29:57","date_gmt":"2023-11-01T07:29:57","guid":{"rendered":"http:\/\/figueras.com\/seating\/tulipa-630\/"},"modified":"2024-07-12T12:24:14","modified_gmt":"2024-07-12T10:24:14","slug":"tulipa-630","status":"publish","type":"product","link":"https:\/\/figueras.com\/es\/asiento\/tulipa-630\/","title":{"rendered":"Tulipa 630"},"content":{"rendered":"<p style=\"text-align: justify;\"><strong>La Tulipa 630 es una silla de plegado autom\u00e1tico especialmente dise\u00f1ada para equipar salas de conferencias y salas de reuniones, facilitando la optimizaci\u00f3n del espacio.<\/strong><\/p>\n<p style=\"text-align: justify;\">Esta elegante silla, con reposabrazos y generosas dimensiones, ofrece al usuario un alto nivel de comodidad. Debido al particular dise\u00f1o de su respaldo, cuando las sillas est\u00e1n dispuestas en filas se consigue una imagen de continuidad que realza el aspecto de la sala.<\/p>\n<p style=\"text-align: justify;\">La caracter\u00edstica principal de esta silla es su sistema de asiento abatible que asegura que el asiento permanezca en posici\u00f3n vertical cuando la silla no se utiliza, permitiendo que el movimiento de los usuarios entre las filas sea c\u00f3modo y seguro. Debido a esta caracter\u00edstica, la capacidad de la sala puede ser aumentada hasta en un 15%.<\/p>\n<p style=\"text-align: justify;\">El asiento y el respaldo, hechas de polipropileno inyectado, son piezas independientes. Todas las estructuras son de aluminio pintado, lo que las hace muy ligeras y f\u00e1ciles de manejar. Hay diferentes acabados de tapicer\u00eda disponibles. La base del asiento puede quedar fijada en posici\u00f3n abierta, lo que la convierte en la silla perfecta para usar en comedores, salas de reuniones y muchos otros eventos.<\/p>\n<p style=\"text-align: justify;\">La Tulipa 630 es una silla apilable, pudiendo ser almacenada ocupando un espacio m\u00ednimo. Cada silla tiene un sistema de uni\u00f3n que permite construir filas seguras, facilitando que el espacio en el que se desarrollan los distintos eventos pueda ser configurado en funci\u00f3n de la tipolog\u00eda de este.<\/p>\n","protected":false},"excerpt":{"rendered":"<p>[wpdm_package id=&#8217;24599&#8242;]<\/p>\n<p>[wpdm_package id=&#8217;7274&#8242;]<\/p>\n<p>[wpdm_package id=&#8217;7275&#8242;]<\/p>\n","protected":false},"featured_media":14100,"template":"","meta":{"_acf_changed":false,"content-type":""},"designer_tag":[],"system_rel_tag":[],"product_brand":[],"product_cat":[192,194,195,197,203,204,259],"product_tag":[512,503],"class_list":{"0":"post-23876","1":"product","2":"type-product","3":"status-publish","4":"has-post-thumbnail","6":"product_cat-education-es","7":"product_cat-publicum-es","8":"product_cat-seats-for-auditorium-and-conference-rooms-es","9":"product_cat-seats-for-corporate-rooms-es","10":"product_cat-seats-for-universities-and-schools-es","11":"product_cat-seats-for-worship-and-religious-centres-es","12":"product_cat-tulipa-es","13":"product_tag-publicum-es","14":"product_tag-education-es","16":"first","17":"instock","18":"downloadable","19":"virtual","20":"product-type-simple"},"acf":[],"yoast_head":"<!-- This site is optimized with the Yoast SEO plugin v27.3 - https:\/\/yoast.com\/product\/yoast-seo-wordpress\/ -->\n<title>Tulipa 630 - Silla de plegado autom\u00e1tico para salas - Figueras<\/title>\n<meta name=\"description\" content=\"Silla plegable autom\u00e1tica con respaldo, reposabrazos y excelentes dimensiones que maximiza el espacio en las salas de conferencias y reuniones.\" \/>\n<meta name=\"robots\" content=\"index, follow, max-snippet:-1, max-image-preview:large, max-video-preview:-1\" \/>\n<link rel=\"canonical\" href=\"https:\/\/figueras.com\/es\/asiento\/tulipa-630\/\" \/>\n<meta property=\"og:locale\" content=\"es_ES\" \/>\n<meta property=\"og:type\" content=\"article\" \/>\n<meta property=\"og:title\" content=\"Tulipa 630 - Silla de plegado autom\u00e1tico para salas - Figueras\" \/>\n<meta property=\"og:description\" content=\"Silla plegable autom\u00e1tica con respaldo, reposabrazos y excelentes dimensiones que maximiza el espacio en las salas de conferencias y reuniones.\" \/>\n<meta property=\"og:url\" content=\"https:\/\/figueras.com\/es\/asiento\/tulipa-630\/\" \/>\n<meta property=\"og:site_name\" content=\"Figueras Seating\" \/>\n<meta property=\"article:modified_time\" content=\"2024-07-12T10:24:14+00:00\" \/>\n<meta property=\"og:image\" content=\"https:\/\/figueras.com\/wp-content\/uploads\/2023\/07\/HR_630_Tulipa_Silver_03.jpg\" \/>\n\t<meta property=\"og:image:width\" content=\"610\" \/>\n\t<meta property=\"og:image:height\" content=\"810\" \/>\n\t<meta property=\"og:image:type\" content=\"image\/jpeg\" \/>\n<meta name=\"twitter:card\" content=\"summary_large_image\" \/>\n<meta name=\"twitter:label1\" content=\"Tiempo de lectura\" \/>\n\t<meta name=\"twitter:data1\" content=\"2 minutos\" \/>\n<script type=\"application\/ld+json\" class=\"yoast-schema-graph\">{\"@context\":\"https:\\\/\\\/schema.org\",\"@graph\":[{\"@type\":\"WebPage\",\"@id\":\"https:\\\/\\\/figueras.com\\\/es\\\/asiento\\\/tulipa-630\\\/\",\"url\":\"https:\\\/\\\/figueras.com\\\/es\\\/asiento\\\/tulipa-630\\\/\",\"name\":\"Tulipa 630 - Silla de plegado autom\u00e1tico para salas - Figueras\",\"isPartOf\":{\"@id\":\"https:\\\/\\\/figueras.com\\\/es\\\/#website\"},\"primaryImageOfPage\":{\"@id\":\"https:\\\/\\\/figueras.com\\\/es\\\/asiento\\\/tulipa-630\\\/#primaryimage\"},\"image\":{\"@id\":\"https:\\\/\\\/figueras.com\\\/es\\\/asiento\\\/tulipa-630\\\/#primaryimage\"},\"thumbnailUrl\":\"https:\\\/\\\/figueras.com\\\/wp-content\\\/uploads\\\/2023\\\/07\\\/HR_630_Tulipa_Silver_03.jpg\",\"datePublished\":\"2023-11-01T07:29:57+00:00\",\"dateModified\":\"2024-07-12T10:24:14+00:00\",\"description\":\"Silla plegable autom\u00e1tica con respaldo, reposabrazos y excelentes dimensiones que maximiza el espacio en las salas de conferencias y reuniones.\",\"breadcrumb\":{\"@id\":\"https:\\\/\\\/figueras.com\\\/es\\\/asiento\\\/tulipa-630\\\/#breadcrumb\"},\"inLanguage\":\"es\",\"potentialAction\":[{\"@type\":\"ReadAction\",\"target\":[\"https:\\\/\\\/figueras.com\\\/es\\\/asiento\\\/tulipa-630\\\/\"]}]},{\"@type\":\"ImageObject\",\"inLanguage\":\"es\",\"@id\":\"https:\\\/\\\/figueras.com\\\/es\\\/asiento\\\/tulipa-630\\\/#primaryimage\",\"url\":\"https:\\\/\\\/figueras.com\\\/wp-content\\\/uploads\\\/2023\\\/07\\\/HR_630_Tulipa_Silver_03.jpg\",\"contentUrl\":\"https:\\\/\\\/figueras.com\\\/wp-content\\\/uploads\\\/2023\\\/07\\\/HR_630_Tulipa_Silver_03.jpg\",\"width\":610,\"height\":810,\"caption\":\"HR 630 Tulipa Silver 03\"},{\"@type\":\"BreadcrumbList\",\"@id\":\"https:\\\/\\\/figueras.com\\\/es\\\/asiento\\\/tulipa-630\\\/#breadcrumb\",\"itemListElement\":[{\"@type\":\"ListItem\",\"position\":1,\"name\":\"Home\",\"item\":\"https:\\\/\\\/figueras.com\\\/es\\\/\"},{\"@type\":\"ListItem\",\"position\":2,\"name\":\"Productos\",\"item\":\"https:\\\/\\\/figueras.com\\\/es\\\/shop\\\/\"},{\"@type\":\"ListItem\",\"position\":3,\"name\":\"Tulipa 630\"}]},{\"@type\":\"WebSite\",\"@id\":\"https:\\\/\\\/figueras.com\\\/es\\\/#website\",\"url\":\"https:\\\/\\\/figueras.com\\\/es\\\/\",\"name\":\"Figueras Seating\",\"description\":\"\",\"publisher\":{\"@id\":\"https:\\\/\\\/figueras.com\\\/es\\\/#organization\"},\"potentialAction\":[{\"@type\":\"SearchAction\",\"target\":{\"@type\":\"EntryPoint\",\"urlTemplate\":\"https:\\\/\\\/figueras.com\\\/es\\\/?s={search_term_string}\"},\"query-input\":{\"@type\":\"PropertyValueSpecification\",\"valueRequired\":true,\"valueName\":\"search_term_string\"}}],\"inLanguage\":\"es\"},{\"@type\":\"Organization\",\"@id\":\"https:\\\/\\\/figueras.com\\\/es\\\/#organization\",\"name\":\"Figueras International Seating, S.L.U.\",\"alternateName\":\"Figueras Seating\",\"url\":\"https:\\\/\\\/figueras.com\\\/es\\\/\",\"logo\":{\"@type\":\"ImageObject\",\"inLanguage\":\"es\",\"@id\":\"https:\\\/\\\/figueras.com\\\/es\\\/#\\\/schema\\\/logo\\\/image\\\/\",\"url\":\"https:\\\/\\\/figueras.com\\\/wp-content\\\/uploads\\\/2023\\\/04\\\/figueraslogoheader.png\",\"contentUrl\":\"https:\\\/\\\/figueras.com\\\/wp-content\\\/uploads\\\/2023\\\/04\\\/figueraslogoheader.png\",\"width\":739,\"height\":127,\"caption\":\"Figueras International Seating, S.L.U.\"},\"image\":{\"@id\":\"https:\\\/\\\/figueras.com\\\/es\\\/#\\\/schema\\\/logo\\\/image\\\/\"},\"sameAs\":[\"https:\\\/\\\/www.linkedin.com\\\/company\\\/figuerasseating\\\/\",\"https:\\\/\\\/www.instagram.com\\\/figueras.seating\\\/\",\"https:\\\/\\\/vimeo.com\\\/figuerasseating\",\"https:\\\/\\\/es.pinterest.com\\\/figuerasint\\\/\"]}]}<\/script>\n<!-- \/ Yoast SEO plugin. -->","yoast_head_json":{"title":"Tulipa 630 - Silla de plegado autom\u00e1tico para salas - Figueras","description":"Silla plegable autom\u00e1tica con respaldo, reposabrazos y excelentes dimensiones que maximiza el espacio en las salas de conferencias y reuniones.","robots":{"index":"index","follow":"follow","max-snippet":"max-snippet:-1","max-image-preview":"max-image-preview:large","max-video-preview":"max-video-preview:-1"},"canonical":"https:\/\/figueras.com\/es\/asiento\/tulipa-630\/","og_locale":"es_ES","og_type":"article","og_title":"Tulipa 630 - Silla de plegado autom\u00e1tico para salas - Figueras","og_description":"Silla plegable autom\u00e1tica con respaldo, reposabrazos y excelentes dimensiones que maximiza el espacio en las salas de conferencias y reuniones.","og_url":"https:\/\/figueras.com\/es\/asiento\/tulipa-630\/","og_site_name":"Figueras Seating","article_modified_time":"2024-07-12T10:24:14+00:00","og_image":[{"width":610,"height":810,"url":"https:\/\/figueras.com\/wp-content\/uploads\/2023\/07\/HR_630_Tulipa_Silver_03.jpg","type":"image\/jpeg"}],"twitter_card":"summary_large_image","twitter_misc":{"Tiempo de lectura":"2 minutos"},"schema":{"@context":"https:\/\/schema.org","@graph":[{"@type":"WebPage","@id":"https:\/\/figueras.com\/es\/asiento\/tulipa-630\/","url":"https:\/\/figueras.com\/es\/asiento\/tulipa-630\/","name":"Tulipa 630 - Silla de plegado autom\u00e1tico para salas - Figueras","isPartOf":{"@id":"https:\/\/figueras.com\/es\/#website"},"primaryImageOfPage":{"@id":"https:\/\/figueras.com\/es\/asiento\/tulipa-630\/#primaryimage"},"image":{"@id":"https:\/\/figueras.com\/es\/asiento\/tulipa-630\/#primaryimage"},"thumbnailUrl":"https:\/\/figueras.com\/wp-content\/uploads\/2023\/07\/HR_630_Tulipa_Silver_03.jpg","datePublished":"2023-11-01T07:29:57+00:00","dateModified":"2024-07-12T10:24:14+00:00","description":"Silla plegable autom\u00e1tica con respaldo, reposabrazos y excelentes dimensiones que maximiza el espacio en las salas de conferencias y reuniones.","breadcrumb":{"@id":"https:\/\/figueras.com\/es\/asiento\/tulipa-630\/#breadcrumb"},"inLanguage":"es","potentialAction":[{"@type":"ReadAction","target":["https:\/\/figueras.com\/es\/asiento\/tulipa-630\/"]}]},{"@type":"ImageObject","inLanguage":"es","@id":"https:\/\/figueras.com\/es\/asiento\/tulipa-630\/#primaryimage","url":"https:\/\/figueras.com\/wp-content\/uploads\/2023\/07\/HR_630_Tulipa_Silver_03.jpg","contentUrl":"https:\/\/figueras.com\/wp-content\/uploads\/2023\/07\/HR_630_Tulipa_Silver_03.jpg","width":610,"height":810,"caption":"HR 630 Tulipa Silver 03"},{"@type":"BreadcrumbList","@id":"https:\/\/figueras.com\/es\/asiento\/tulipa-630\/#breadcrumb","itemListElement":[{"@type":"ListItem","position":1,"name":"Home","item":"https:\/\/figueras.com\/es\/"},{"@type":"ListItem","position":2,"name":"Productos","item":"https:\/\/figueras.com\/es\/shop\/"},{"@type":"ListItem","position":3,"name":"Tulipa 630"}]},{"@type":"WebSite","@id":"https:\/\/figueras.com\/es\/#website","url":"https:\/\/figueras.com\/es\/","name":"Figueras Seating","description":"","publisher":{"@id":"https:\/\/figueras.com\/es\/#organization"},"potentialAction":[{"@type":"SearchAction","target":{"@type":"EntryPoint","urlTemplate":"https:\/\/figueras.com\/es\/?s={search_term_string}"},"query-input":{"@type":"PropertyValueSpecification","valueRequired":true,"valueName":"search_term_string"}}],"inLanguage":"es"},{"@type":"Organization","@id":"https:\/\/figueras.com\/es\/#organization","name":"Figueras International Seating, S.L.U.","alternateName":"Figueras Seating","url":"https:\/\/figueras.com\/es\/","logo":{"@type":"ImageObject","inLanguage":"es","@id":"https:\/\/figueras.com\/es\/#\/schema\/logo\/image\/","url":"https:\/\/figueras.com\/wp-content\/uploads\/2023\/04\/figueraslogoheader.png","contentUrl":"https:\/\/figueras.com\/wp-content\/uploads\/2023\/04\/figueraslogoheader.png","width":739,"height":127,"caption":"Figueras International Seating, S.L.U."},"image":{"@id":"https:\/\/figueras.com\/es\/#\/schema\/logo\/image\/"},"sameAs":["https:\/\/www.linkedin.com\/company\/figuerasseating\/","https:\/\/www.instagram.com\/figueras.seating\/","https:\/\/vimeo.com\/figuerasseating","https:\/\/es.pinterest.com\/figuerasint\/"]}]}},"_links":{"self":[{"href":"https:\/\/figueras.com\/es\/wp-json\/wp\/v2\/product\/23876","targetHints":{"allow":["GET"]}}],"collection":[{"href":"https:\/\/figueras.com\/es\/wp-json\/wp\/v2\/product"}],"about":[{"href":"https:\/\/figueras.com\/es\/wp-json\/wp\/v2\/types\/product"}],"version-history":[{"count":0,"href":"https:\/\/figueras.com\/es\/wp-json\/wp\/v2\/product\/23876\/revisions"}],"wp:featuredmedia":[{"embeddable":true,"href":"https:\/\/figueras.com\/es\/wp-json\/wp\/v2\/media\/14100"}],"wp:attachment":[{"href":"https:\/\/figueras.com\/es\/wp-json\/wp\/v2\/media?parent=23876"}],"wp:term":[{"taxonomy":"designer_tag","embeddable":true,"href":"https:\/\/figueras.com\/es\/wp-json\/wp\/v2\/designer_tag?post=23876"},{"taxonomy":"system_rel_tag","embeddable":true,"href":"https:\/\/figueras.com\/es\/wp-json\/wp\/v2\/system_rel_tag?post=23876"},{"taxonomy":"product_brand","embeddable":true,"href":"https:\/\/figueras.com\/es\/wp-json\/wp\/v2\/product_brand?post=23876"},{"taxonomy":"product_cat","embeddable":true,"href":"https:\/\/figueras.com\/es\/wp-json\/wp\/v2\/product_cat?post=23876"},{"taxonomy":"product_tag","embeddable":true,"href":"https:\/\/figueras.com\/es\/wp-json\/wp\/v2\/product_tag?post=23876"}],"curies":[{"name":"wp","href":"https:\/\/api.w.org\/{rel}","templated":true}]}}