{"id":23874,"date":"2023-11-01T08:37:51","date_gmt":"2023-11-01T07:37:51","guid":{"rendered":"http:\/\/figueras.com\/seating\/delta-433\/"},"modified":"2024-12-16T14:01:48","modified_gmt":"2024-12-16T13:01:48","slug":"delta-433","status":"publish","type":"product","link":"https:\/\/figueras.com\/es\/asiento\/delta-433\/","title":{"rendered":"Delta 433"},"content":{"rendered":"<p style=\"text-align: justify;\"><strong>La Delta 433 es una bancada modular de recepci\u00f3n con asientos individuales que cumple los requisitos espec\u00edficos para equipar las zonas de espera de cualquier instalaci\u00f3n.<\/strong><\/p>\n<p style=\"text-align: justify;\">Esta bancada modular, montada sobre barra, destaca por la comodidad que supone el hecho de que asiento y respaldo sean independientes el uno del otro. De este modo, la bancada Delta 433 proporciona una postura corporal \u00f3ptima en todo momento, siendo una soluci\u00f3n perfecta incluso para largos periodos de espera.<\/p>\n<p style=\"text-align: justify;\">La caracter\u00edstica clave de la bancada <strong>Delta 433 FS<\/strong> es el sistema de asiento abatible. Este mecanismo asegura que el asiento permanezca plegado cuando no est\u00e1 en uso. Los usuarios podr\u00e1n moverse libremente entre las filas, con la mayor comodidad y seguridad que esto implica. Si se desea, la base del asiento puede fijarse en la posici\u00f3n de plegado.<\/p>\n<p style=\"text-align: justify;\">Esta bancada con reposabrazos es la combinaci\u00f3n perfecta de funcionalidad, alto confort y dise\u00f1o. El asiento y el respaldo est\u00e1n hechos de polipropileno inyectado texturizado en diferentes colores. Opcionalmente, pueden ir con acabado tapizado, cuero natural o vinilo. La estructura es de acero tubular, lo que lo convierte en una soluci\u00f3n de asiento robusta y estable, perfecta para espacios con un uso intenso, donde los usuarios van y vienen continuamente. Tambi\u00e9n es una gran soluci\u00f3n para las salas de conferencias, ya que podemos encontrar bancos de 3, 4 o 5 plazas, ajustables a la configuraci\u00f3n de la sala. Opcionalmente, se puede incorporar un atril.<\/p>\n<p style=\"text-align: justify;\">Esta bancada se puede instalar tambi\u00e9n sin anclaje fijo al suelo. La <strong>Delta 433 L<\/strong>, al no ser una bancada fija, es una opci\u00f3n m\u00e1s flexible para poder generar distintas configuraciones del espacio. El asiento de este modelo est\u00e1 siempre en posici\u00f3n abierta.<\/p>\n","protected":false},"excerpt":{"rendered":"<p>[wpdm_package id=&#8217;23288&#8242;]<\/p>\n<p>[wpdm_package id=&#8217;6956&#8242;]<\/p>\n<p>[wpdm_package id=&#8217;23292&#8242;]<\/p>\n<p>[wpdm_package id=&#8217;6957&#8242;]<\/p>\n","protected":false},"featured_media":21179,"template":"","meta":{"_acf_changed":false,"content-type":""},"designer_tag":[490],"system_rel_tag":[],"product_brand":[],"product_cat":[192,194,195,203,218,257],"product_tag":[512,503],"class_list":{"0":"post-23874","1":"product","2":"type-product","3":"status-publish","4":"has-post-thumbnail","6":"designer_tag-llusca-design-es","7":"product_cat-education-es","8":"product_cat-publicum-es","9":"product_cat-seats-for-auditorium-and-conference-rooms-es","10":"product_cat-seats-for-universities-and-schools-es","11":"product_cat-seats-for-waiting-areas-es","12":"product_cat-delta-es","13":"product_tag-publicum-es","14":"product_tag-education-es","16":"first","17":"instock","18":"downloadable","19":"virtual","20":"product-type-simple"},"acf":[],"yoast_head":"<!-- This site is optimized with the Yoast SEO plugin v27.3 - https:\/\/yoast.com\/product\/yoast-seo-wordpress\/ -->\n<title>Delta 433 - Figueras Seating (ES)<\/title>\n<meta name=\"robots\" content=\"index, follow, max-snippet:-1, max-image-preview:large, max-video-preview:-1\" \/>\n<link rel=\"canonical\" href=\"https:\/\/figueras.com\/es\/asiento\/delta-433\/\" \/>\n<meta property=\"og:locale\" content=\"es_ES\" \/>\n<meta property=\"og:type\" content=\"article\" \/>\n<meta property=\"og:title\" content=\"Delta 433 - Figueras Seating (ES)\" \/>\n<meta property=\"og:description\" content=\"[wpdm_package id=&#039;23288&#039;]  [wpdm_package id=&#039;6956&#039;]  [wpdm_package id=&#039;23292&#039;]  [wpdm_package id=&#039;6957&#039;]\" \/>\n<meta property=\"og:url\" content=\"https:\/\/figueras.com\/es\/asiento\/delta-433\/\" \/>\n<meta property=\"og:site_name\" content=\"Figueras Seating\" \/>\n<meta property=\"article:modified_time\" content=\"2024-12-16T13:01:48+00:00\" \/>\n<meta property=\"og:image\" content=\"https:\/\/figueras.com\/wp-content\/uploads\/2023\/07\/Delta-433_Josep-Llusca-1.png\" \/>\n\t<meta property=\"og:image:width\" content=\"1134\" \/>\n\t<meta property=\"og:image:height\" content=\"1600\" \/>\n\t<meta property=\"og:image:type\" content=\"image\/png\" \/>\n<meta name=\"twitter:card\" content=\"summary_large_image\" \/>\n<meta name=\"twitter:label1\" content=\"Tiempo de lectura\" \/>\n\t<meta name=\"twitter:data1\" content=\"2 minutos\" \/>\n<script type=\"application\/ld+json\" class=\"yoast-schema-graph\">{\"@context\":\"https:\\\/\\\/schema.org\",\"@graph\":[{\"@type\":\"WebPage\",\"@id\":\"https:\\\/\\\/figueras.com\\\/es\\\/asiento\\\/delta-433\\\/\",\"url\":\"https:\\\/\\\/figueras.com\\\/es\\\/asiento\\\/delta-433\\\/\",\"name\":\"Delta 433 - Figueras Seating (ES)\",\"isPartOf\":{\"@id\":\"https:\\\/\\\/figueras.com\\\/es\\\/#website\"},\"primaryImageOfPage\":{\"@id\":\"https:\\\/\\\/figueras.com\\\/es\\\/asiento\\\/delta-433\\\/#primaryimage\"},\"image\":{\"@id\":\"https:\\\/\\\/figueras.com\\\/es\\\/asiento\\\/delta-433\\\/#primaryimage\"},\"thumbnailUrl\":\"https:\\\/\\\/figueras.com\\\/wp-content\\\/uploads\\\/2023\\\/07\\\/Delta-433_Josep-Llusca-1.png\",\"datePublished\":\"2023-11-01T07:37:51+00:00\",\"dateModified\":\"2024-12-16T13:01:48+00:00\",\"breadcrumb\":{\"@id\":\"https:\\\/\\\/figueras.com\\\/es\\\/asiento\\\/delta-433\\\/#breadcrumb\"},\"inLanguage\":\"es\",\"potentialAction\":[{\"@type\":\"ReadAction\",\"target\":[\"https:\\\/\\\/figueras.com\\\/es\\\/asiento\\\/delta-433\\\/\"]}]},{\"@type\":\"ImageObject\",\"inLanguage\":\"es\",\"@id\":\"https:\\\/\\\/figueras.com\\\/es\\\/asiento\\\/delta-433\\\/#primaryimage\",\"url\":\"https:\\\/\\\/figueras.com\\\/wp-content\\\/uploads\\\/2023\\\/07\\\/Delta-433_Josep-Llusca-1.png\",\"contentUrl\":\"https:\\\/\\\/figueras.com\\\/wp-content\\\/uploads\\\/2023\\\/07\\\/Delta-433_Josep-Llusca-1.png\",\"width\":1134,\"height\":1600},{\"@type\":\"BreadcrumbList\",\"@id\":\"https:\\\/\\\/figueras.com\\\/es\\\/asiento\\\/delta-433\\\/#breadcrumb\",\"itemListElement\":[{\"@type\":\"ListItem\",\"position\":1,\"name\":\"Home\",\"item\":\"https:\\\/\\\/figueras.com\\\/es\\\/\"},{\"@type\":\"ListItem\",\"position\":2,\"name\":\"Productos\",\"item\":\"https:\\\/\\\/figueras.com\\\/es\\\/shop\\\/\"},{\"@type\":\"ListItem\",\"position\":3,\"name\":\"Delta 433\"}]},{\"@type\":\"WebSite\",\"@id\":\"https:\\\/\\\/figueras.com\\\/es\\\/#website\",\"url\":\"https:\\\/\\\/figueras.com\\\/es\\\/\",\"name\":\"Figueras Seating\",\"description\":\"\",\"publisher\":{\"@id\":\"https:\\\/\\\/figueras.com\\\/es\\\/#organization\"},\"potentialAction\":[{\"@type\":\"SearchAction\",\"target\":{\"@type\":\"EntryPoint\",\"urlTemplate\":\"https:\\\/\\\/figueras.com\\\/es\\\/?s={search_term_string}\"},\"query-input\":{\"@type\":\"PropertyValueSpecification\",\"valueRequired\":true,\"valueName\":\"search_term_string\"}}],\"inLanguage\":\"es\"},{\"@type\":\"Organization\",\"@id\":\"https:\\\/\\\/figueras.com\\\/es\\\/#organization\",\"name\":\"Figueras International Seating, S.L.U.\",\"alternateName\":\"Figueras Seating\",\"url\":\"https:\\\/\\\/figueras.com\\\/es\\\/\",\"logo\":{\"@type\":\"ImageObject\",\"inLanguage\":\"es\",\"@id\":\"https:\\\/\\\/figueras.com\\\/es\\\/#\\\/schema\\\/logo\\\/image\\\/\",\"url\":\"https:\\\/\\\/figueras.com\\\/wp-content\\\/uploads\\\/2023\\\/04\\\/figueraslogoheader.png\",\"contentUrl\":\"https:\\\/\\\/figueras.com\\\/wp-content\\\/uploads\\\/2023\\\/04\\\/figueraslogoheader.png\",\"width\":739,\"height\":127,\"caption\":\"Figueras International Seating, S.L.U.\"},\"image\":{\"@id\":\"https:\\\/\\\/figueras.com\\\/es\\\/#\\\/schema\\\/logo\\\/image\\\/\"},\"sameAs\":[\"https:\\\/\\\/www.linkedin.com\\\/company\\\/figuerasseating\\\/\",\"https:\\\/\\\/www.instagram.com\\\/figueras.seating\\\/\",\"https:\\\/\\\/vimeo.com\\\/figuerasseating\",\"https:\\\/\\\/es.pinterest.com\\\/figuerasint\\\/\"]}]}<\/script>\n<!-- \/ Yoast SEO plugin. -->","yoast_head_json":{"title":"Delta 433 - Figueras Seating (ES)","robots":{"index":"index","follow":"follow","max-snippet":"max-snippet:-1","max-image-preview":"max-image-preview:large","max-video-preview":"max-video-preview:-1"},"canonical":"https:\/\/figueras.com\/es\/asiento\/delta-433\/","og_locale":"es_ES","og_type":"article","og_title":"Delta 433 - Figueras Seating (ES)","og_description":"[wpdm_package id='23288']  [wpdm_package id='6956']  [wpdm_package id='23292']  [wpdm_package id='6957']","og_url":"https:\/\/figueras.com\/es\/asiento\/delta-433\/","og_site_name":"Figueras Seating","article_modified_time":"2024-12-16T13:01:48+00:00","og_image":[{"width":1134,"height":1600,"url":"https:\/\/figueras.com\/wp-content\/uploads\/2023\/07\/Delta-433_Josep-Llusca-1.png","type":"image\/png"}],"twitter_card":"summary_large_image","twitter_misc":{"Tiempo de lectura":"2 minutos"},"schema":{"@context":"https:\/\/schema.org","@graph":[{"@type":"WebPage","@id":"https:\/\/figueras.com\/es\/asiento\/delta-433\/","url":"https:\/\/figueras.com\/es\/asiento\/delta-433\/","name":"Delta 433 - Figueras Seating (ES)","isPartOf":{"@id":"https:\/\/figueras.com\/es\/#website"},"primaryImageOfPage":{"@id":"https:\/\/figueras.com\/es\/asiento\/delta-433\/#primaryimage"},"image":{"@id":"https:\/\/figueras.com\/es\/asiento\/delta-433\/#primaryimage"},"thumbnailUrl":"https:\/\/figueras.com\/wp-content\/uploads\/2023\/07\/Delta-433_Josep-Llusca-1.png","datePublished":"2023-11-01T07:37:51+00:00","dateModified":"2024-12-16T13:01:48+00:00","breadcrumb":{"@id":"https:\/\/figueras.com\/es\/asiento\/delta-433\/#breadcrumb"},"inLanguage":"es","potentialAction":[{"@type":"ReadAction","target":["https:\/\/figueras.com\/es\/asiento\/delta-433\/"]}]},{"@type":"ImageObject","inLanguage":"es","@id":"https:\/\/figueras.com\/es\/asiento\/delta-433\/#primaryimage","url":"https:\/\/figueras.com\/wp-content\/uploads\/2023\/07\/Delta-433_Josep-Llusca-1.png","contentUrl":"https:\/\/figueras.com\/wp-content\/uploads\/2023\/07\/Delta-433_Josep-Llusca-1.png","width":1134,"height":1600},{"@type":"BreadcrumbList","@id":"https:\/\/figueras.com\/es\/asiento\/delta-433\/#breadcrumb","itemListElement":[{"@type":"ListItem","position":1,"name":"Home","item":"https:\/\/figueras.com\/es\/"},{"@type":"ListItem","position":2,"name":"Productos","item":"https:\/\/figueras.com\/es\/shop\/"},{"@type":"ListItem","position":3,"name":"Delta 433"}]},{"@type":"WebSite","@id":"https:\/\/figueras.com\/es\/#website","url":"https:\/\/figueras.com\/es\/","name":"Figueras Seating","description":"","publisher":{"@id":"https:\/\/figueras.com\/es\/#organization"},"potentialAction":[{"@type":"SearchAction","target":{"@type":"EntryPoint","urlTemplate":"https:\/\/figueras.com\/es\/?s={search_term_string}"},"query-input":{"@type":"PropertyValueSpecification","valueRequired":true,"valueName":"search_term_string"}}],"inLanguage":"es"},{"@type":"Organization","@id":"https:\/\/figueras.com\/es\/#organization","name":"Figueras International Seating, S.L.U.","alternateName":"Figueras Seating","url":"https:\/\/figueras.com\/es\/","logo":{"@type":"ImageObject","inLanguage":"es","@id":"https:\/\/figueras.com\/es\/#\/schema\/logo\/image\/","url":"https:\/\/figueras.com\/wp-content\/uploads\/2023\/04\/figueraslogoheader.png","contentUrl":"https:\/\/figueras.com\/wp-content\/uploads\/2023\/04\/figueraslogoheader.png","width":739,"height":127,"caption":"Figueras International Seating, S.L.U."},"image":{"@id":"https:\/\/figueras.com\/es\/#\/schema\/logo\/image\/"},"sameAs":["https:\/\/www.linkedin.com\/company\/figuerasseating\/","https:\/\/www.instagram.com\/figueras.seating\/","https:\/\/vimeo.com\/figuerasseating","https:\/\/es.pinterest.com\/figuerasint\/"]}]}},"_links":{"self":[{"href":"https:\/\/figueras.com\/es\/wp-json\/wp\/v2\/product\/23874","targetHints":{"allow":["GET"]}}],"collection":[{"href":"https:\/\/figueras.com\/es\/wp-json\/wp\/v2\/product"}],"about":[{"href":"https:\/\/figueras.com\/es\/wp-json\/wp\/v2\/types\/product"}],"version-history":[{"count":0,"href":"https:\/\/figueras.com\/es\/wp-json\/wp\/v2\/product\/23874\/revisions"}],"wp:featuredmedia":[{"embeddable":true,"href":"https:\/\/figueras.com\/es\/wp-json\/wp\/v2\/media\/21179"}],"wp:attachment":[{"href":"https:\/\/figueras.com\/es\/wp-json\/wp\/v2\/media?parent=23874"}],"wp:term":[{"taxonomy":"designer_tag","embeddable":true,"href":"https:\/\/figueras.com\/es\/wp-json\/wp\/v2\/designer_tag?post=23874"},{"taxonomy":"system_rel_tag","embeddable":true,"href":"https:\/\/figueras.com\/es\/wp-json\/wp\/v2\/system_rel_tag?post=23874"},{"taxonomy":"product_brand","embeddable":true,"href":"https:\/\/figueras.com\/es\/wp-json\/wp\/v2\/product_brand?post=23874"},{"taxonomy":"product_cat","embeddable":true,"href":"https:\/\/figueras.com\/es\/wp-json\/wp\/v2\/product_cat?post=23874"},{"taxonomy":"product_tag","embeddable":true,"href":"https:\/\/figueras.com\/es\/wp-json\/wp\/v2\/product_tag?post=23874"}],"curies":[{"name":"wp","href":"https:\/\/api.w.org\/{rel}","templated":true}]}}