{"id":23872,"date":"2023-11-01T08:38:51","date_gmt":"2023-11-01T07:38:51","guid":{"rendered":"http:\/\/figueras.com\/seating\/delta-plus-430\/"},"modified":"2024-07-04T21:29:24","modified_gmt":"2024-07-04T19:29:24","slug":"delta-plus-430","status":"publish","type":"product","link":"https:\/\/figueras.com\/es\/asiento\/delta-plus-430\/","title":{"rendered":"Delta Plus 430"},"content":{"rendered":"<p style=\"text-align: justify;\"><strong>La Delta Plus 430 es una silla de grandes dimensiones con asiento abatible autom\u00e1tico. Este modelo es perfecto para equipar salas de conferencias o espacios polivalentes debido a su versatilidad y dise\u00f1o atemporal.<\/strong><\/p>\n<p style=\"text-align: justify;\">Esta butaca est\u00e1 dise\u00f1ada espec\u00edficamente para equipar\u00a0salas polivalentes\u00a0y es especialmente adecuada para ser usada en\u00a0salas de conferencias o reuniones.<\/p>\n<p style=\"text-align: justify;\">Las principales caracter\u00edsticas de esta silla son sus grandes dimensiones y su asiento de plegado autom\u00e1tico, lo que garantiza que el asiento permanezca plegado cuando la silla no se est\u00e1 utilizando, permitiendo a los usuarios moverse libremente entre filas, aumentando al mismo tiempo la comodidad y la seguridad.<\/p>\n<p style=\"text-align: justify;\">En caso de ser necesario, el asiento puede fijarse en posici\u00f3n horizontal, lo que hace que esta silla sea perfecta para muchos lugares diferentes, como salas de reuniones o zonas de espera.<\/p>\n<p style=\"text-align: justify;\">Esta silla con reposabrazos combina perfectamente la funcionalidad, la comodidad y el dise\u00f1o. El asiento y el respaldo vienen en dos partes separadas, hechas de polipropileno inyectado que puede ser texturizado en diferentes colores, tapizado, o en acabado de piel o vinilo. Su estructura, hecha de acero tubular, la convierte en una silla robusta y estable.<\/p>\n<p style=\"text-align: justify;\">La Delta Plus 430 es una silla apilable, de este modo, puede ser almacenada ocupando un espacio m\u00ednimo. Cada silla tiene un sistema de uni\u00f3n para construir filas seguras facilitando la creaci\u00f3n de diferentes configuraciones dependiendo del evento.<\/p>\n","protected":false},"excerpt":{"rendered":"<p>[wpdm_package id=&#8217;23284&#8242;]<\/p>\n<p>[wpdm_package id=&#8217;6960&#8242;]<\/p>\n","protected":false},"featured_media":21176,"template":"","meta":{"_acf_changed":false,"content-type":""},"designer_tag":[490],"system_rel_tag":[],"product_cat":[192,194,195,197,203,204,257],"product_tag":[503,512],"class_list":{"0":"post-23872","1":"product","2":"type-product","3":"status-publish","4":"has-post-thumbnail","6":"designer_tag-llusca-design-es","7":"product_cat-education-es","8":"product_cat-publicum-es","9":"product_cat-seats-for-auditorium-and-conference-rooms-es","10":"product_cat-seats-for-corporate-rooms-es","11":"product_cat-seats-for-universities-and-schools-es","12":"product_cat-seats-for-worship-and-religious-centres-es","13":"product_cat-delta-es","14":"product_tag-education-es","15":"product_tag-publicum-es","17":"first","18":"instock","19":"downloadable","20":"virtual","21":"product-type-simple"},"acf":[],"_links":{"self":[{"href":"https:\/\/figueras.com\/es\/wp-json\/wp\/v2\/product\/23872","targetHints":{"allow":["GET"]}}],"collection":[{"href":"https:\/\/figueras.com\/es\/wp-json\/wp\/v2\/product"}],"about":[{"href":"https:\/\/figueras.com\/es\/wp-json\/wp\/v2\/types\/product"}],"version-history":[{"count":0,"href":"https:\/\/figueras.com\/es\/wp-json\/wp\/v2\/product\/23872\/revisions"}],"wp:featuredmedia":[{"embeddable":true,"href":"https:\/\/figueras.com\/es\/wp-json\/wp\/v2\/media\/21176"}],"wp:attachment":[{"href":"https:\/\/figueras.com\/es\/wp-json\/wp\/v2\/media?parent=23872"}],"wp:term":[{"taxonomy":"designer_tag","embeddable":true,"href":"https:\/\/figueras.com\/es\/wp-json\/wp\/v2\/designer_tag?post=23872"},{"taxonomy":"system_rel_tag","embeddable":true,"href":"https:\/\/figueras.com\/es\/wp-json\/wp\/v2\/system_rel_tag?post=23872"},{"taxonomy":"product_cat","embeddable":true,"href":"https:\/\/figueras.com\/es\/wp-json\/wp\/v2\/product_cat?post=23872"},{"taxonomy":"product_tag","embeddable":true,"href":"https:\/\/figueras.com\/es\/wp-json\/wp\/v2\/product_tag?post=23872"}],"curies":[{"name":"wp","href":"https:\/\/api.w.org\/{rel}","templated":true}]}}