{"id":23870,"date":"2023-11-01T08:39:19","date_gmt":"2023-11-01T07:39:19","guid":{"rendered":"http:\/\/figueras.com\/seating\/delta-430\/"},"modified":"2024-12-16T14:00:55","modified_gmt":"2024-12-16T13:00:55","slug":"delta-430","status":"publish","type":"product","link":"https:\/\/figueras.com\/es\/asiento\/delta-430\/","title":{"rendered":"Delta 430"},"content":{"rendered":"<p style=\"text-align: justify;\"><strong>La Delta 430 es una silla de plegado autom\u00e1tico perfecta para salas de conferencias, auditorios, salas corporativas o centros educativos debido a su versatilidad y dise\u00f1o atemporal.<\/strong><\/p>\n<p style=\"text-align: justify;\">La caracter\u00edstica principal de esta silla es su sistema de asiento abatible. Este mecanismo, que es una caracter\u00edstica est\u00e1ndar en este modelo, asegura que el asiento permanezca plegado cuando no se utiliza. Los usuarios podr\u00e1n moverse c\u00f3moda y libremente entre las filas. Gracias a esta caracter\u00edstica, la capacidad del recinto puede aumentarse hasta un 15%, sin comprometer la seguridad ni la comodidad del usuario.<\/p>\n<p style=\"text-align: justify;\">Si se desea, la base del asiento puede quedar fijada en posici\u00f3n abierta, lo que permite que la silla se utilice para muchos otros fines, como en comedores o salas de reuniones, siendo una silla perfecta para salas multiusos.<\/p>\n<p style=\"text-align: justify;\">Esta silla con reposabrazos combina a la perfecci\u00f3n funcionalidad, confort y dise\u00f1o, ideal para periodos de uso tanto largos como cortos. El asiento y el respaldo vienen en partes separadas, fabricados con polipropileno inyectado texturizado en diferentes colores o tapizados en tela, cuero natural o vinilo. Su estructura, hecha de acero tubular, la convierte en una silla robusta y estable.<\/p>\n<p style=\"text-align: justify;\">Una de sus caracter\u00edsticas principales es que al ser un modelo apilable permite que su almacenamiento ocupe un espacio m\u00ednimo. Cada silla tiene un sistema de uni\u00f3n, incorporado como caracter\u00edstica est\u00e1ndar, para construir filas estables y seguras facilitando la configuraci\u00f3n necesaria en cada evento.<\/p>\n<p style=\"text-align: justify;\">Disponible carro para transporte y sistema de numeraci\u00f3n de filas y asientos.<\/p>\n","protected":false},"excerpt":{"rendered":"<p>[wpdm_package id=&#8217;23280&#8242;]<\/p>\n<p>[wpdm_package id=&#8217;6958&#8242;]<\/p>\n","protected":false},"featured_media":15036,"template":"","meta":{"_acf_changed":false,"content-type":""},"designer_tag":[],"system_rel_tag":[],"product_cat":[192,194,195,197,203,204,257],"product_tag":[512,503],"class_list":{"0":"post-23870","1":"product","2":"type-product","3":"status-publish","4":"has-post-thumbnail","6":"product_cat-education-es","7":"product_cat-publicum-es","8":"product_cat-seats-for-auditorium-and-conference-rooms-es","9":"product_cat-seats-for-corporate-rooms-es","10":"product_cat-seats-for-universities-and-schools-es","11":"product_cat-seats-for-worship-and-religious-centres-es","12":"product_cat-delta-es","13":"product_tag-publicum-es","14":"product_tag-education-es","16":"first","17":"instock","18":"downloadable","19":"virtual","20":"product-type-simple"},"acf":[],"_links":{"self":[{"href":"https:\/\/figueras.com\/es\/wp-json\/wp\/v2\/product\/23870","targetHints":{"allow":["GET"]}}],"collection":[{"href":"https:\/\/figueras.com\/es\/wp-json\/wp\/v2\/product"}],"about":[{"href":"https:\/\/figueras.com\/es\/wp-json\/wp\/v2\/types\/product"}],"version-history":[{"count":0,"href":"https:\/\/figueras.com\/es\/wp-json\/wp\/v2\/product\/23870\/revisions"}],"wp:featuredmedia":[{"embeddable":true,"href":"https:\/\/figueras.com\/es\/wp-json\/wp\/v2\/media\/15036"}],"wp:attachment":[{"href":"https:\/\/figueras.com\/es\/wp-json\/wp\/v2\/media?parent=23870"}],"wp:term":[{"taxonomy":"designer_tag","embeddable":true,"href":"https:\/\/figueras.com\/es\/wp-json\/wp\/v2\/designer_tag?post=23870"},{"taxonomy":"system_rel_tag","embeddable":true,"href":"https:\/\/figueras.com\/es\/wp-json\/wp\/v2\/system_rel_tag?post=23870"},{"taxonomy":"product_cat","embeddable":true,"href":"https:\/\/figueras.com\/es\/wp-json\/wp\/v2\/product_cat?post=23870"},{"taxonomy":"product_tag","embeddable":true,"href":"https:\/\/figueras.com\/es\/wp-json\/wp\/v2\/product_tag?post=23870"}],"curies":[{"name":"wp","href":"https:\/\/api.w.org\/{rel}","templated":true}]}}