{"id":23868,"date":"2023-11-01T08:49:51","date_gmt":"2023-11-01T07:49:51","guid":{"rendered":"http:\/\/figueras.com\/seating\/landscape-8200\/"},"modified":"2024-07-12T12:17:38","modified_gmt":"2024-07-12T10:17:38","slug":"landscape-8200","status":"publish","type":"product","link":"https:\/\/figueras.com\/es\/asiento\/landscape-8200\/","title":{"rendered":"Landscape 8200"},"content":{"rendered":"<p style=\"text-align: justify;\"><strong>La Landscape 8200 es un sistema modular de asientos, dise\u00f1ado por Emiliana Design Studio,\u00a0especialmente pensado para zonas de espera. Esta modularidad permite una amplia gama de configuraciones y combinaciones de acabados y accesorios.<\/strong><\/p>\n<p style=\"text-align: justify;\">La estructura b\u00e1sica est\u00e1 formada por una doble l\u00ednea de perfiles de aluminio y apoyada en patas de aluminio inyectado. Las patas est\u00e1n equipadas con discretos reguladores que pueden utilizarse para compensar cualquier peque\u00f1o desnivel en el suelo.<\/p>\n<p style=\"text-align: justify;\">Los diferentes m\u00f3dulos y accesorios que puede incluir este modelo est\u00e1n colocados en su estructura horizontal e incluyen asientos, asientos con respaldo, mesas, plantas, paneles informativos, enchufes y papeleras.<\/p>\n<p style=\"text-align: justify;\">Los m\u00f3dulos de los asientos consisten en una estructura de acero con cojines de espuma de poliuretano moldeada. El conjunto est\u00e1 cubierto con fundas de tapicer\u00eda f\u00e1cilmente intercambiables.<\/p>\n<p>Opcionalmente, se le puede incorporar reposabrazos fij\u00e1ndolos en el contrachapado. El reposabrazos consiste en un soporte de aluminio inyectado con un elemento superior que puede ser de madera o tapizado.<\/p>\n<p style=\"text-align: justify;\">La longitud se puede adaptar a cualquier forma de distribuci\u00f3n del espacio, ya que se puede unir un n\u00famero ilimitado de m\u00f3dulos.<\/p>\n<p style=\"text-align: justify;\">Este producto fue galardonado con el <a href=\"https:\/\/www.adifad.org\/premis\/?arxiu=landscape\" target=\"_blank\" rel=\"noopener\">Premio Delta de Opini\u00f3n 2018<\/a>.<\/p>\n","protected":false},"excerpt":{"rendered":"<p>[wpdm_package id=&#8217;23370&#8242;]<\/p>\n<p>[wpdm_package id=&#8217;6992&#8242;]<\/p>\n<p>[wpdm_package id=&#8217;6993&#8242;]<\/p>\n","protected":false},"featured_media":21173,"template":"","meta":{"_acf_changed":false,"content-type":""},"designer_tag":[488],"system_rel_tag":[],"product_cat":[194,218,255],"product_tag":[512],"class_list":{"0":"post-23868","1":"product","2":"type-product","3":"status-publish","4":"has-post-thumbnail","6":"designer_tag-emiliana-design-es","7":"product_cat-publicum-es","8":"product_cat-seats-for-waiting-areas-es","9":"product_cat-landscape-es","10":"product_tag-publicum-es","12":"first","13":"instock","14":"downloadable","15":"virtual","16":"product-type-simple"},"acf":[],"_links":{"self":[{"href":"https:\/\/figueras.com\/es\/wp-json\/wp\/v2\/product\/23868","targetHints":{"allow":["GET"]}}],"collection":[{"href":"https:\/\/figueras.com\/es\/wp-json\/wp\/v2\/product"}],"about":[{"href":"https:\/\/figueras.com\/es\/wp-json\/wp\/v2\/types\/product"}],"version-history":[{"count":0,"href":"https:\/\/figueras.com\/es\/wp-json\/wp\/v2\/product\/23868\/revisions"}],"wp:featuredmedia":[{"embeddable":true,"href":"https:\/\/figueras.com\/es\/wp-json\/wp\/v2\/media\/21173"}],"wp:attachment":[{"href":"https:\/\/figueras.com\/es\/wp-json\/wp\/v2\/media?parent=23868"}],"wp:term":[{"taxonomy":"designer_tag","embeddable":true,"href":"https:\/\/figueras.com\/es\/wp-json\/wp\/v2\/designer_tag?post=23868"},{"taxonomy":"system_rel_tag","embeddable":true,"href":"https:\/\/figueras.com\/es\/wp-json\/wp\/v2\/system_rel_tag?post=23868"},{"taxonomy":"product_cat","embeddable":true,"href":"https:\/\/figueras.com\/es\/wp-json\/wp\/v2\/product_cat?post=23868"},{"taxonomy":"product_tag","embeddable":true,"href":"https:\/\/figueras.com\/es\/wp-json\/wp\/v2\/product_tag?post=23868"}],"curies":[{"name":"wp","href":"https:\/\/api.w.org\/{rel}","templated":true}]}}