{"id":23866,"date":"2023-11-01T08:59:57","date_gmt":"2023-11-01T07:59:57","guid":{"rendered":"http:\/\/figueras.com\/seating\/stadium-204-209\/"},"modified":"2024-07-12T12:14:04","modified_gmt":"2024-07-12T10:14:04","slug":"stadium-204-209","status":"publish","type":"product","link":"https:\/\/figueras.com\/es\/asiento\/stadium-204-209\/","title":{"rendered":"Stadium 204-209"},"content":{"rendered":"<p style=\"text-align: justify;\"><strong>La Stadium es un modelo de asiento multiusos, de alto rendimiento, con sistema de plegado autom\u00e1tico operado por gravedad. Esta carcasa de copol\u00edmero de polipropileno inyectado ha sido especialmente dise\u00f1ada para estadios, estadios polivalentes e instalaciones deportivas.<\/strong><\/p>\n<p style=\"text-align: justify;\">Ocupando solo 26 cm cuando est\u00e1 plegado, el sistema basculante permite una gran libertad de movimiento entre las filas sin sacrificar la comodidad del usuario. Tambi\u00e9n evita la acumulaci\u00f3n de suciedad en el asiento, reduciendo el mantenimiento necesario.<\/p>\n<p style=\"text-align: justify;\">El asiento gira sobre dos ejes que no requieren mantenimiento, convirti\u00e9ndolo en una opci\u00f3n muy duradera. El contrapeso met\u00e1lico se encuentra debajo del asiento para retorno autom\u00e1tico, totalmente protegido de agentes externos.<\/p>\n<p style=\"text-align: justify;\">El asiento y el respaldo est\u00e1n formados por dos elementos separados de copol\u00edmero de polipropileno inyectado a alta presi\u00f3n. Ambos elementos est\u00e1n adheridos a estructuras met\u00e1licas adaptadas a las caracter\u00edsticas particulares de las gradas.<\/p>\n<p style=\"text-align: justify;\">Las estructuras laterales est\u00e1n compuestas por un tubo ovalado de acero inoxidable y pueden actuar como reposabrazos, con la opci\u00f3n de un acabado de poliuretano en la parte superior. El asiento se puede fijar a la altura de la grada o al suelo.<\/p>\n","protected":false},"excerpt":{"rendered":"<p>[wpdm_package id=&#8217;24561&#8242;]<\/p>\n<p>[wpdm_package id=&#8217;7251&#8242;]<\/p>\n","protected":false},"featured_media":45866,"template":"","meta":{"_acf_changed":false,"content-type":""},"designer_tag":[],"system_rel_tag":[],"product_brand":[],"product_cat":[224,225,253],"product_tag":[506],"class_list":{"0":"post-23866","1":"product","2":"type-product","3":"status-publish","4":"has-post-thumbnail","6":"product_cat-seats-for-stadiums-and-arenas-es","7":"product_cat-sports-es","8":"product_cat-stadium-es","9":"product_tag-sports-es","11":"first","12":"instock","13":"downloadable","14":"virtual","15":"product-type-simple"},"acf":[],"yoast_head":"<!-- This site is optimized with the Yoast SEO plugin v27.3 - https:\/\/yoast.com\/product\/yoast-seo-wordpress\/ -->\n<title>Stadium - Fabricantes de asientos plegables para Estadios<\/title>\n<meta name=\"description\" content=\"Asiento multiusos, de alto rendimiento, con sistema de plegado autom\u00e1tico, dise\u00f1ada para estadios, estadios polivalentes e instalaciones deportivas.\" \/>\n<meta name=\"robots\" content=\"index, follow, max-snippet:-1, max-image-preview:large, max-video-preview:-1\" \/>\n<link rel=\"canonical\" href=\"https:\/\/figueras.com\/es\/asiento\/stadium-204-209\/\" \/>\n<meta property=\"og:locale\" content=\"es_ES\" \/>\n<meta property=\"og:type\" content=\"article\" \/>\n<meta property=\"og:title\" content=\"Stadium - Fabricantes de asientos plegables para Estadios\" \/>\n<meta property=\"og:description\" content=\"Asiento multiusos, de alto rendimiento, con sistema de plegado autom\u00e1tico, dise\u00f1ada para estadios, estadios polivalentes e instalaciones deportivas.\" \/>\n<meta property=\"og:url\" content=\"https:\/\/figueras.com\/es\/asiento\/stadium-204-209\/\" \/>\n<meta property=\"og:site_name\" content=\"Figueras Seating\" \/>\n<meta property=\"article:modified_time\" content=\"2024-07-12T10:14:04+00:00\" \/>\n<meta property=\"og:image\" content=\"https:\/\/figueras.com\/wp-content\/uploads\/2023\/11\/Stadium-207_w00.webp\" \/>\n\t<meta property=\"og:image:width\" content=\"610\" \/>\n\t<meta property=\"og:image:height\" content=\"810\" \/>\n\t<meta property=\"og:image:type\" content=\"image\/webp\" \/>\n<meta name=\"twitter:card\" content=\"summary_large_image\" \/>\n<meta name=\"twitter:label1\" content=\"Tiempo de lectura\" \/>\n\t<meta name=\"twitter:data1\" content=\"2 minutos\" \/>\n<script type=\"application\/ld+json\" class=\"yoast-schema-graph\">{\"@context\":\"https:\\\/\\\/schema.org\",\"@graph\":[{\"@type\":\"WebPage\",\"@id\":\"https:\\\/\\\/figueras.com\\\/es\\\/asiento\\\/stadium-204-209\\\/\",\"url\":\"https:\\\/\\\/figueras.com\\\/es\\\/asiento\\\/stadium-204-209\\\/\",\"name\":\"Stadium - Fabricantes de asientos plegables para Estadios\",\"isPartOf\":{\"@id\":\"https:\\\/\\\/figueras.com\\\/es\\\/#website\"},\"primaryImageOfPage\":{\"@id\":\"https:\\\/\\\/figueras.com\\\/es\\\/asiento\\\/stadium-204-209\\\/#primaryimage\"},\"image\":{\"@id\":\"https:\\\/\\\/figueras.com\\\/es\\\/asiento\\\/stadium-204-209\\\/#primaryimage\"},\"thumbnailUrl\":\"https:\\\/\\\/figueras.com\\\/wp-content\\\/uploads\\\/2023\\\/11\\\/Stadium-207_w00.webp\",\"datePublished\":\"2023-11-01T07:59:57+00:00\",\"dateModified\":\"2024-07-12T10:14:04+00:00\",\"description\":\"Asiento multiusos, de alto rendimiento, con sistema de plegado autom\u00e1tico, dise\u00f1ada para estadios, estadios polivalentes e instalaciones deportivas.\",\"breadcrumb\":{\"@id\":\"https:\\\/\\\/figueras.com\\\/es\\\/asiento\\\/stadium-204-209\\\/#breadcrumb\"},\"inLanguage\":\"es\",\"potentialAction\":[{\"@type\":\"ReadAction\",\"target\":[\"https:\\\/\\\/figueras.com\\\/es\\\/asiento\\\/stadium-204-209\\\/\"]}]},{\"@type\":\"ImageObject\",\"inLanguage\":\"es\",\"@id\":\"https:\\\/\\\/figueras.com\\\/es\\\/asiento\\\/stadium-204-209\\\/#primaryimage\",\"url\":\"https:\\\/\\\/figueras.com\\\/wp-content\\\/uploads\\\/2023\\\/11\\\/Stadium-207_w00.webp\",\"contentUrl\":\"https:\\\/\\\/figueras.com\\\/wp-content\\\/uploads\\\/2023\\\/11\\\/Stadium-207_w00.webp\",\"width\":610,\"height\":810,\"caption\":\"Stadium 207\"},{\"@type\":\"BreadcrumbList\",\"@id\":\"https:\\\/\\\/figueras.com\\\/es\\\/asiento\\\/stadium-204-209\\\/#breadcrumb\",\"itemListElement\":[{\"@type\":\"ListItem\",\"position\":1,\"name\":\"Home\",\"item\":\"https:\\\/\\\/figueras.com\\\/es\\\/\"},{\"@type\":\"ListItem\",\"position\":2,\"name\":\"Productos\",\"item\":\"https:\\\/\\\/figueras.com\\\/es\\\/shop\\\/\"},{\"@type\":\"ListItem\",\"position\":3,\"name\":\"Stadium 204-209\"}]},{\"@type\":\"WebSite\",\"@id\":\"https:\\\/\\\/figueras.com\\\/es\\\/#website\",\"url\":\"https:\\\/\\\/figueras.com\\\/es\\\/\",\"name\":\"Figueras Seating\",\"description\":\"\",\"publisher\":{\"@id\":\"https:\\\/\\\/figueras.com\\\/es\\\/#organization\"},\"potentialAction\":[{\"@type\":\"SearchAction\",\"target\":{\"@type\":\"EntryPoint\",\"urlTemplate\":\"https:\\\/\\\/figueras.com\\\/es\\\/?s={search_term_string}\"},\"query-input\":{\"@type\":\"PropertyValueSpecification\",\"valueRequired\":true,\"valueName\":\"search_term_string\"}}],\"inLanguage\":\"es\"},{\"@type\":\"Organization\",\"@id\":\"https:\\\/\\\/figueras.com\\\/es\\\/#organization\",\"name\":\"Figueras International Seating, S.L.U.\",\"alternateName\":\"Figueras Seating\",\"url\":\"https:\\\/\\\/figueras.com\\\/es\\\/\",\"logo\":{\"@type\":\"ImageObject\",\"inLanguage\":\"es\",\"@id\":\"https:\\\/\\\/figueras.com\\\/es\\\/#\\\/schema\\\/logo\\\/image\\\/\",\"url\":\"https:\\\/\\\/figueras.com\\\/wp-content\\\/uploads\\\/2023\\\/04\\\/figueraslogoheader.png\",\"contentUrl\":\"https:\\\/\\\/figueras.com\\\/wp-content\\\/uploads\\\/2023\\\/04\\\/figueraslogoheader.png\",\"width\":739,\"height\":127,\"caption\":\"Figueras International Seating, S.L.U.\"},\"image\":{\"@id\":\"https:\\\/\\\/figueras.com\\\/es\\\/#\\\/schema\\\/logo\\\/image\\\/\"},\"sameAs\":[\"https:\\\/\\\/www.linkedin.com\\\/company\\\/figuerasseating\\\/\",\"https:\\\/\\\/www.instagram.com\\\/figueras.seating\\\/\",\"https:\\\/\\\/vimeo.com\\\/figuerasseating\",\"https:\\\/\\\/es.pinterest.com\\\/figuerasint\\\/\"]}]}<\/script>\n<!-- \/ Yoast SEO plugin. -->","yoast_head_json":{"title":"Stadium - Fabricantes de asientos plegables para Estadios","description":"Asiento multiusos, de alto rendimiento, con sistema de plegado autom\u00e1tico, dise\u00f1ada para estadios, estadios polivalentes e instalaciones deportivas.","robots":{"index":"index","follow":"follow","max-snippet":"max-snippet:-1","max-image-preview":"max-image-preview:large","max-video-preview":"max-video-preview:-1"},"canonical":"https:\/\/figueras.com\/es\/asiento\/stadium-204-209\/","og_locale":"es_ES","og_type":"article","og_title":"Stadium - Fabricantes de asientos plegables para Estadios","og_description":"Asiento multiusos, de alto rendimiento, con sistema de plegado autom\u00e1tico, dise\u00f1ada para estadios, estadios polivalentes e instalaciones deportivas.","og_url":"https:\/\/figueras.com\/es\/asiento\/stadium-204-209\/","og_site_name":"Figueras Seating","article_modified_time":"2024-07-12T10:14:04+00:00","og_image":[{"width":610,"height":810,"url":"https:\/\/figueras.com\/wp-content\/uploads\/2023\/11\/Stadium-207_w00.webp","type":"image\/webp"}],"twitter_card":"summary_large_image","twitter_misc":{"Tiempo de lectura":"2 minutos"},"schema":{"@context":"https:\/\/schema.org","@graph":[{"@type":"WebPage","@id":"https:\/\/figueras.com\/es\/asiento\/stadium-204-209\/","url":"https:\/\/figueras.com\/es\/asiento\/stadium-204-209\/","name":"Stadium - Fabricantes de asientos plegables para Estadios","isPartOf":{"@id":"https:\/\/figueras.com\/es\/#website"},"primaryImageOfPage":{"@id":"https:\/\/figueras.com\/es\/asiento\/stadium-204-209\/#primaryimage"},"image":{"@id":"https:\/\/figueras.com\/es\/asiento\/stadium-204-209\/#primaryimage"},"thumbnailUrl":"https:\/\/figueras.com\/wp-content\/uploads\/2023\/11\/Stadium-207_w00.webp","datePublished":"2023-11-01T07:59:57+00:00","dateModified":"2024-07-12T10:14:04+00:00","description":"Asiento multiusos, de alto rendimiento, con sistema de plegado autom\u00e1tico, dise\u00f1ada para estadios, estadios polivalentes e instalaciones deportivas.","breadcrumb":{"@id":"https:\/\/figueras.com\/es\/asiento\/stadium-204-209\/#breadcrumb"},"inLanguage":"es","potentialAction":[{"@type":"ReadAction","target":["https:\/\/figueras.com\/es\/asiento\/stadium-204-209\/"]}]},{"@type":"ImageObject","inLanguage":"es","@id":"https:\/\/figueras.com\/es\/asiento\/stadium-204-209\/#primaryimage","url":"https:\/\/figueras.com\/wp-content\/uploads\/2023\/11\/Stadium-207_w00.webp","contentUrl":"https:\/\/figueras.com\/wp-content\/uploads\/2023\/11\/Stadium-207_w00.webp","width":610,"height":810,"caption":"Stadium 207"},{"@type":"BreadcrumbList","@id":"https:\/\/figueras.com\/es\/asiento\/stadium-204-209\/#breadcrumb","itemListElement":[{"@type":"ListItem","position":1,"name":"Home","item":"https:\/\/figueras.com\/es\/"},{"@type":"ListItem","position":2,"name":"Productos","item":"https:\/\/figueras.com\/es\/shop\/"},{"@type":"ListItem","position":3,"name":"Stadium 204-209"}]},{"@type":"WebSite","@id":"https:\/\/figueras.com\/es\/#website","url":"https:\/\/figueras.com\/es\/","name":"Figueras Seating","description":"","publisher":{"@id":"https:\/\/figueras.com\/es\/#organization"},"potentialAction":[{"@type":"SearchAction","target":{"@type":"EntryPoint","urlTemplate":"https:\/\/figueras.com\/es\/?s={search_term_string}"},"query-input":{"@type":"PropertyValueSpecification","valueRequired":true,"valueName":"search_term_string"}}],"inLanguage":"es"},{"@type":"Organization","@id":"https:\/\/figueras.com\/es\/#organization","name":"Figueras International Seating, S.L.U.","alternateName":"Figueras Seating","url":"https:\/\/figueras.com\/es\/","logo":{"@type":"ImageObject","inLanguage":"es","@id":"https:\/\/figueras.com\/es\/#\/schema\/logo\/image\/","url":"https:\/\/figueras.com\/wp-content\/uploads\/2023\/04\/figueraslogoheader.png","contentUrl":"https:\/\/figueras.com\/wp-content\/uploads\/2023\/04\/figueraslogoheader.png","width":739,"height":127,"caption":"Figueras International Seating, S.L.U."},"image":{"@id":"https:\/\/figueras.com\/es\/#\/schema\/logo\/image\/"},"sameAs":["https:\/\/www.linkedin.com\/company\/figuerasseating\/","https:\/\/www.instagram.com\/figueras.seating\/","https:\/\/vimeo.com\/figuerasseating","https:\/\/es.pinterest.com\/figuerasint\/"]}]}},"_links":{"self":[{"href":"https:\/\/figueras.com\/es\/wp-json\/wp\/v2\/product\/23866","targetHints":{"allow":["GET"]}}],"collection":[{"href":"https:\/\/figueras.com\/es\/wp-json\/wp\/v2\/product"}],"about":[{"href":"https:\/\/figueras.com\/es\/wp-json\/wp\/v2\/types\/product"}],"version-history":[{"count":0,"href":"https:\/\/figueras.com\/es\/wp-json\/wp\/v2\/product\/23866\/revisions"}],"wp:featuredmedia":[{"embeddable":true,"href":"https:\/\/figueras.com\/es\/wp-json\/wp\/v2\/media\/45866"}],"wp:attachment":[{"href":"https:\/\/figueras.com\/es\/wp-json\/wp\/v2\/media?parent=23866"}],"wp:term":[{"taxonomy":"designer_tag","embeddable":true,"href":"https:\/\/figueras.com\/es\/wp-json\/wp\/v2\/designer_tag?post=23866"},{"taxonomy":"system_rel_tag","embeddable":true,"href":"https:\/\/figueras.com\/es\/wp-json\/wp\/v2\/system_rel_tag?post=23866"},{"taxonomy":"product_brand","embeddable":true,"href":"https:\/\/figueras.com\/es\/wp-json\/wp\/v2\/product_brand?post=23866"},{"taxonomy":"product_cat","embeddable":true,"href":"https:\/\/figueras.com\/es\/wp-json\/wp\/v2\/product_cat?post=23866"},{"taxonomy":"product_tag","embeddable":true,"href":"https:\/\/figueras.com\/es\/wp-json\/wp\/v2\/product_tag?post=23866"}],"curies":[{"name":"wp","href":"https:\/\/api.w.org\/{rel}","templated":true}]}}