{"id":23864,"date":"2023-11-01T09:09:57","date_gmt":"2023-11-01T08:09:57","guid":{"rendered":"http:\/\/figueras.com\/seating\/amik-310-312-313\/"},"modified":"2024-07-12T12:12:43","modified_gmt":"2024-07-12T10:12:43","slug":"amik-310-312-313","status":"publish","type":"product","link":"https:\/\/figueras.com\/es\/asiento\/amik-310-312-313\/","title":{"rendered":"Amik 310-312-313"},"content":{"rendered":"<p style=\"text-align: justify;\"><strong>El asiento Amik, dise\u00f1ado por <a href=\"https:\/\/www.llusca.com\/en\/home\/\" target=\"_blank\" rel=\"noopener\">Llusca Design<\/a>, es un asiento polivalente de alto rendimiento especialmente dise\u00f1ado para estadios, arenas e instalaciones deportivas, que cumple los requisitos de la FIFA y otras federaciones deportivas internacionales.<\/strong><\/p>\n<p style=\"text-align: justify;\">Aunque su dise\u00f1o es m\u00e1s delgado que el de la mayor\u00eda de los asientos similares del mercado, Amik ofrece un dise\u00f1o muy robusto y una mayor comodidad.\u00a0Fabricado en copol\u00edmero moldeado por inyecci\u00f3n, est\u00e1 tratado para evitar ara\u00f1azos y la acumulaci\u00f3n de suciedad, lo que lo convierte en un asiento pr\u00e1cticamente libre de mantenimiento.<\/p>\n<p style=\"text-align: justify;\">Su dise\u00f1o es adecuado tanto para interiores como para exteriores. La versi\u00f3n de exterior est\u00e1 tratada con aditivos para la protecci\u00f3n de los rayos UV y la estabilizaci\u00f3n del color, lo que garantiza un producto duradero.\u00a0La numeraci\u00f3n puede a\u00f1adirse en la parte superior del respaldo mediante una placa que puede colocarse tanto en la parte trasera como en la delantera para una mejor visibilidad. Opcionalmente, se puede incorporar el escudo del club o de la entidad durante el proceso de fabricaci\u00f3n, para un resultado permanente.<\/p>\n<p>La carcasa puede fijarse directamente a la grada, mediante fijaci\u00f3n a contra-huella o sobre barra con pie al suelo, seg\u00fan las caracter\u00edsticas de la instalaci\u00f3n.<\/p>\n","protected":false},"excerpt":{"rendered":"<p>[wpdm_package id=&#8217;23248&#8242;]<\/p>\n<p>[wpdm_package id=&#8217;6914&#8242;]<\/p>\n","protected":false},"featured_media":45782,"template":"","meta":{"_acf_changed":false,"content-type":""},"designer_tag":[490],"system_rel_tag":[],"product_cat":[224,225,251],"product_tag":[506],"class_list":{"0":"post-23864","1":"product","2":"type-product","3":"status-publish","4":"has-post-thumbnail","6":"designer_tag-llusca-design-es","7":"product_cat-seats-for-stadiums-and-arenas-es","8":"product_cat-sports-es","9":"product_cat-amik-es","10":"product_tag-sports-es","12":"first","13":"instock","14":"downloadable","15":"virtual","16":"product-type-simple"},"acf":[],"yoast_head":"<!-- This site is optimized with the Yoast SEO plugin v27.4 - https:\/\/yoast.com\/product\/yoast-seo-wordpress\/ -->\n<title>AMIK - Asiento multiprop\u00f3sito dise\u00f1ado para estadios, arenas<\/title>\n<meta name=\"description\" content=\"Asiento polivalente de alto rendimiento especialmente dise\u00f1ado para estadios, arenas e instalaciones deportivas, que cumple los requisitos de la FIFA\" \/>\n<meta name=\"robots\" content=\"index, follow, max-snippet:-1, max-image-preview:large, max-video-preview:-1\" \/>\n<link rel=\"canonical\" href=\"https:\/\/figueras.com\/es\/asiento\/amik-310-312-313\/\" \/>\n<meta property=\"og:locale\" content=\"es_ES\" \/>\n<meta property=\"og:type\" content=\"article\" \/>\n<meta property=\"og:title\" content=\"AMIK - Asiento multiprop\u00f3sito dise\u00f1ado para estadios, arenas\" \/>\n<meta property=\"og:description\" content=\"Asiento polivalente de alto rendimiento especialmente dise\u00f1ado para estadios, arenas e instalaciones deportivas, que cumple los requisitos de la FIFA\" \/>\n<meta property=\"og:url\" content=\"https:\/\/figueras.com\/es\/asiento\/amik-310-312-313\/\" \/>\n<meta property=\"og:site_name\" content=\"Figueras Seating\" \/>\n<meta property=\"article:modified_time\" content=\"2024-07-12T10:12:43+00:00\" \/>\n<meta property=\"og:image\" content=\"https:\/\/figueras.com\/wp-content\/uploads\/2023\/11\/Amik-310-312-313_w00.webp\" \/>\n\t<meta property=\"og:image:width\" content=\"610\" \/>\n\t<meta property=\"og:image:height\" content=\"810\" \/>\n\t<meta property=\"og:image:type\" content=\"image\/webp\" \/>\n<meta name=\"twitter:card\" content=\"summary_large_image\" \/>\n<meta name=\"twitter:label1\" content=\"Tiempo de lectura\" \/>\n\t<meta name=\"twitter:data1\" content=\"2 minutos\" \/>\n<script type=\"application\/ld+json\" class=\"yoast-schema-graph\">{\"@context\":\"https:\\\/\\\/schema.org\",\"@graph\":[{\"@type\":\"WebPage\",\"@id\":\"https:\\\/\\\/figueras.com\\\/es\\\/asiento\\\/amik-310-312-313\\\/\",\"url\":\"https:\\\/\\\/figueras.com\\\/es\\\/asiento\\\/amik-310-312-313\\\/\",\"name\":\"AMIK - Asiento multiprop\u00f3sito dise\u00f1ado para estadios, arenas\",\"isPartOf\":{\"@id\":\"https:\\\/\\\/figueras.com\\\/es\\\/#website\"},\"primaryImageOfPage\":{\"@id\":\"https:\\\/\\\/figueras.com\\\/es\\\/asiento\\\/amik-310-312-313\\\/#primaryimage\"},\"image\":{\"@id\":\"https:\\\/\\\/figueras.com\\\/es\\\/asiento\\\/amik-310-312-313\\\/#primaryimage\"},\"thumbnailUrl\":\"https:\\\/\\\/figueras.com\\\/wp-content\\\/uploads\\\/2023\\\/11\\\/Amik-310-312-313_w00.webp\",\"datePublished\":\"2023-11-01T08:09:57+00:00\",\"dateModified\":\"2024-07-12T10:12:43+00:00\",\"description\":\"Asiento polivalente de alto rendimiento especialmente dise\u00f1ado para estadios, arenas e instalaciones deportivas, que cumple los requisitos de la FIFA\",\"breadcrumb\":{\"@id\":\"https:\\\/\\\/figueras.com\\\/es\\\/asiento\\\/amik-310-312-313\\\/#breadcrumb\"},\"inLanguage\":\"es\",\"potentialAction\":[{\"@type\":\"ReadAction\",\"target\":[\"https:\\\/\\\/figueras.com\\\/es\\\/asiento\\\/amik-310-312-313\\\/\"]}]},{\"@type\":\"ImageObject\",\"inLanguage\":\"es\",\"@id\":\"https:\\\/\\\/figueras.com\\\/es\\\/asiento\\\/amik-310-312-313\\\/#primaryimage\",\"url\":\"https:\\\/\\\/figueras.com\\\/wp-content\\\/uploads\\\/2023\\\/11\\\/Amik-310-312-313_w00.webp\",\"contentUrl\":\"https:\\\/\\\/figueras.com\\\/wp-content\\\/uploads\\\/2023\\\/11\\\/Amik-310-312-313_w00.webp\",\"width\":610,\"height\":810,\"caption\":\"Amik 310-312-313\"},{\"@type\":\"BreadcrumbList\",\"@id\":\"https:\\\/\\\/figueras.com\\\/es\\\/asiento\\\/amik-310-312-313\\\/#breadcrumb\",\"itemListElement\":[{\"@type\":\"ListItem\",\"position\":1,\"name\":\"Home\",\"item\":\"https:\\\/\\\/figueras.com\\\/es\\\/\"},{\"@type\":\"ListItem\",\"position\":2,\"name\":\"Productos\",\"item\":\"https:\\\/\\\/figueras.com\\\/es\\\/shop\\\/\"},{\"@type\":\"ListItem\",\"position\":3,\"name\":\"Amik 310-312-313\"}]},{\"@type\":\"WebSite\",\"@id\":\"https:\\\/\\\/figueras.com\\\/es\\\/#website\",\"url\":\"https:\\\/\\\/figueras.com\\\/es\\\/\",\"name\":\"Figueras Seating\",\"description\":\"\",\"publisher\":{\"@id\":\"https:\\\/\\\/figueras.com\\\/es\\\/#organization\"},\"potentialAction\":[{\"@type\":\"SearchAction\",\"target\":{\"@type\":\"EntryPoint\",\"urlTemplate\":\"https:\\\/\\\/figueras.com\\\/es\\\/?s={search_term_string}\"},\"query-input\":{\"@type\":\"PropertyValueSpecification\",\"valueRequired\":true,\"valueName\":\"search_term_string\"}}],\"inLanguage\":\"es\"},{\"@type\":\"Organization\",\"@id\":\"https:\\\/\\\/figueras.com\\\/es\\\/#organization\",\"name\":\"Figueras International Seating, S.L.U.\",\"alternateName\":\"Figueras Seating\",\"url\":\"https:\\\/\\\/figueras.com\\\/es\\\/\",\"logo\":{\"@type\":\"ImageObject\",\"inLanguage\":\"es\",\"@id\":\"https:\\\/\\\/figueras.com\\\/es\\\/#\\\/schema\\\/logo\\\/image\\\/\",\"url\":\"https:\\\/\\\/figueras.com\\\/wp-content\\\/uploads\\\/2023\\\/04\\\/figueraslogoheader.png\",\"contentUrl\":\"https:\\\/\\\/figueras.com\\\/wp-content\\\/uploads\\\/2023\\\/04\\\/figueraslogoheader.png\",\"width\":739,\"height\":127,\"caption\":\"Figueras International Seating, S.L.U.\"},\"image\":{\"@id\":\"https:\\\/\\\/figueras.com\\\/es\\\/#\\\/schema\\\/logo\\\/image\\\/\"},\"sameAs\":[\"https:\\\/\\\/www.linkedin.com\\\/company\\\/figuerasseating\\\/\",\"https:\\\/\\\/www.instagram.com\\\/figueras.seating\\\/\",\"https:\\\/\\\/vimeo.com\\\/figuerasseating\",\"https:\\\/\\\/es.pinterest.com\\\/figuerasint\\\/\"]}]}<\/script>\n<!-- \/ Yoast SEO plugin. -->","yoast_head_json":{"title":"AMIK - Asiento multiprop\u00f3sito dise\u00f1ado para estadios, arenas","description":"Asiento polivalente de alto rendimiento especialmente dise\u00f1ado para estadios, arenas e instalaciones deportivas, que cumple los requisitos de la FIFA","robots":{"index":"index","follow":"follow","max-snippet":"max-snippet:-1","max-image-preview":"max-image-preview:large","max-video-preview":"max-video-preview:-1"},"canonical":"https:\/\/figueras.com\/es\/asiento\/amik-310-312-313\/","og_locale":"es_ES","og_type":"article","og_title":"AMIK - Asiento multiprop\u00f3sito dise\u00f1ado para estadios, arenas","og_description":"Asiento polivalente de alto rendimiento especialmente dise\u00f1ado para estadios, arenas e instalaciones deportivas, que cumple los requisitos de la FIFA","og_url":"https:\/\/figueras.com\/es\/asiento\/amik-310-312-313\/","og_site_name":"Figueras Seating","article_modified_time":"2024-07-12T10:12:43+00:00","og_image":[{"width":610,"height":810,"url":"https:\/\/figueras.com\/wp-content\/uploads\/2023\/11\/Amik-310-312-313_w00.webp","type":"image\/webp"}],"twitter_card":"summary_large_image","twitter_misc":{"Tiempo de lectura":"2 minutos"},"schema":{"@context":"https:\/\/schema.org","@graph":[{"@type":"WebPage","@id":"https:\/\/figueras.com\/es\/asiento\/amik-310-312-313\/","url":"https:\/\/figueras.com\/es\/asiento\/amik-310-312-313\/","name":"AMIK - Asiento multiprop\u00f3sito dise\u00f1ado para estadios, arenas","isPartOf":{"@id":"https:\/\/figueras.com\/es\/#website"},"primaryImageOfPage":{"@id":"https:\/\/figueras.com\/es\/asiento\/amik-310-312-313\/#primaryimage"},"image":{"@id":"https:\/\/figueras.com\/es\/asiento\/amik-310-312-313\/#primaryimage"},"thumbnailUrl":"https:\/\/figueras.com\/wp-content\/uploads\/2023\/11\/Amik-310-312-313_w00.webp","datePublished":"2023-11-01T08:09:57+00:00","dateModified":"2024-07-12T10:12:43+00:00","description":"Asiento polivalente de alto rendimiento especialmente dise\u00f1ado para estadios, arenas e instalaciones deportivas, que cumple los requisitos de la FIFA","breadcrumb":{"@id":"https:\/\/figueras.com\/es\/asiento\/amik-310-312-313\/#breadcrumb"},"inLanguage":"es","potentialAction":[{"@type":"ReadAction","target":["https:\/\/figueras.com\/es\/asiento\/amik-310-312-313\/"]}]},{"@type":"ImageObject","inLanguage":"es","@id":"https:\/\/figueras.com\/es\/asiento\/amik-310-312-313\/#primaryimage","url":"https:\/\/figueras.com\/wp-content\/uploads\/2023\/11\/Amik-310-312-313_w00.webp","contentUrl":"https:\/\/figueras.com\/wp-content\/uploads\/2023\/11\/Amik-310-312-313_w00.webp","width":610,"height":810,"caption":"Amik 310-312-313"},{"@type":"BreadcrumbList","@id":"https:\/\/figueras.com\/es\/asiento\/amik-310-312-313\/#breadcrumb","itemListElement":[{"@type":"ListItem","position":1,"name":"Home","item":"https:\/\/figueras.com\/es\/"},{"@type":"ListItem","position":2,"name":"Productos","item":"https:\/\/figueras.com\/es\/shop\/"},{"@type":"ListItem","position":3,"name":"Amik 310-312-313"}]},{"@type":"WebSite","@id":"https:\/\/figueras.com\/es\/#website","url":"https:\/\/figueras.com\/es\/","name":"Figueras Seating","description":"","publisher":{"@id":"https:\/\/figueras.com\/es\/#organization"},"potentialAction":[{"@type":"SearchAction","target":{"@type":"EntryPoint","urlTemplate":"https:\/\/figueras.com\/es\/?s={search_term_string}"},"query-input":{"@type":"PropertyValueSpecification","valueRequired":true,"valueName":"search_term_string"}}],"inLanguage":"es"},{"@type":"Organization","@id":"https:\/\/figueras.com\/es\/#organization","name":"Figueras International Seating, S.L.U.","alternateName":"Figueras Seating","url":"https:\/\/figueras.com\/es\/","logo":{"@type":"ImageObject","inLanguage":"es","@id":"https:\/\/figueras.com\/es\/#\/schema\/logo\/image\/","url":"https:\/\/figueras.com\/wp-content\/uploads\/2023\/04\/figueraslogoheader.png","contentUrl":"https:\/\/figueras.com\/wp-content\/uploads\/2023\/04\/figueraslogoheader.png","width":739,"height":127,"caption":"Figueras International Seating, S.L.U."},"image":{"@id":"https:\/\/figueras.com\/es\/#\/schema\/logo\/image\/"},"sameAs":["https:\/\/www.linkedin.com\/company\/figuerasseating\/","https:\/\/www.instagram.com\/figueras.seating\/","https:\/\/vimeo.com\/figuerasseating","https:\/\/es.pinterest.com\/figuerasint\/"]}]}},"_links":{"self":[{"href":"https:\/\/figueras.com\/es\/wp-json\/wp\/v2\/product\/23864","targetHints":{"allow":["GET"]}}],"collection":[{"href":"https:\/\/figueras.com\/es\/wp-json\/wp\/v2\/product"}],"about":[{"href":"https:\/\/figueras.com\/es\/wp-json\/wp\/v2\/types\/product"}],"version-history":[{"count":0,"href":"https:\/\/figueras.com\/es\/wp-json\/wp\/v2\/product\/23864\/revisions"}],"wp:featuredmedia":[{"embeddable":true,"href":"https:\/\/figueras.com\/es\/wp-json\/wp\/v2\/media\/45782"}],"wp:attachment":[{"href":"https:\/\/figueras.com\/es\/wp-json\/wp\/v2\/media?parent=23864"}],"wp:term":[{"taxonomy":"designer_tag","embeddable":true,"href":"https:\/\/figueras.com\/es\/wp-json\/wp\/v2\/designer_tag?post=23864"},{"taxonomy":"system_rel_tag","embeddable":true,"href":"https:\/\/figueras.com\/es\/wp-json\/wp\/v2\/system_rel_tag?post=23864"},{"taxonomy":"product_cat","embeddable":true,"href":"https:\/\/figueras.com\/es\/wp-json\/wp\/v2\/product_cat?post=23864"},{"taxonomy":"product_tag","embeddable":true,"href":"https:\/\/figueras.com\/es\/wp-json\/wp\/v2\/product_tag?post=23864"}],"curies":[{"name":"wp","href":"https:\/\/api.w.org\/{rel}","templated":true}]}}