{"id":23862,"date":"2023-11-01T09:20:51","date_gmt":"2023-11-01T08:20:51","guid":{"rendered":"http:\/\/figueras.com\/seating\/arena-302\/"},"modified":"2025-05-22T12:23:25","modified_gmt":"2025-05-22T10:23:25","slug":"arena-302","status":"publish","type":"product","link":"https:\/\/figueras.com\/es\/asiento\/arena-302\/","title":{"rendered":"Arena 302"},"content":{"rendered":"<p style=\"text-align: justify;\"><strong>El modelo Arena 302 es un asiento que se pliega autom\u00e1ticamente, dise\u00f1ado especialmente para instalaciones deportivas, estadios de entretenimiento y arenas multiusos. El dise\u00f1o compacto de la Arena da a las filas una imagen de superficie continua que proporciona una vista general impecable del recinto. <\/strong><\/p>\n<p style=\"text-align: justify;\">El asiento se pliega de forma autom\u00e1tica y silenciosa, sin golpes, y encaja perfectamente con la pieza del respaldo. El perfecto cierre entre el asiento y el respaldo protege la parte interior de los rayos solares y de la acumulaci\u00f3n de polvo y suciedad.<\/p>\n<p style=\"text-align: justify;\">El asiento y el respaldo est\u00e1n hechos de copol\u00edmero de polipropileno mediante la t\u00e9cnica de soplado.<\/p>\n<p style=\"text-align: justify;\">En la parte delantera del asiento y en la parte trasera del respaldo hay un espacio que permite insertar im\u00e1genes publicitarias, logotipos o elementos de identidad corporativa sin comprometer el dise\u00f1o original del asiento.<\/p>\n<p style=\"text-align: justify;\">El asiento se pliega de forma autom\u00e1tica y silenciosa por medio de dos muelles insertados en el asiento, completamente protegido de los agentes externos, autolubricante, duradero y fiable.<\/p>\n<p style=\"text-align: justify;\">La Arena 302 tiene una versi\u00f3n con acolchado integrado en el asiento y el respaldo, que mejora sustancialmente el confort y es ideal para zonas VIP.<\/p>\n","protected":false},"excerpt":{"rendered":"<p>[wpdm_package id=&#8217;23264&#8242;]<\/p>\n<p>[wpdm_package id=&#8217;6930&#8242;]<\/p>\n<p>[wpdm_package id=&#8217;6721&#8242;]<\/p>\n","protected":false},"featured_media":45721,"template":"","meta":{"_acf_changed":false,"content-type":""},"designer_tag":[],"system_rel_tag":[],"product_cat":[192,199,203,224,225,249],"product_tag":[503,506],"class_list":{"0":"post-23862","1":"product","2":"type-product","3":"status-publish","4":"has-post-thumbnail","6":"product_cat-education-es","7":"product_cat-seats-for-multi-purpose-spaces-es","8":"product_cat-seats-for-universities-and-schools-es","9":"product_cat-seats-for-stadiums-and-arenas-es","10":"product_cat-sports-es","11":"product_cat-arena-es","12":"product_tag-education-es","13":"product_tag-sports-es","15":"first","16":"instock","17":"downloadable","18":"virtual","19":"product-type-simple"},"acf":[],"_links":{"self":[{"href":"https:\/\/figueras.com\/es\/wp-json\/wp\/v2\/product\/23862","targetHints":{"allow":["GET"]}}],"collection":[{"href":"https:\/\/figueras.com\/es\/wp-json\/wp\/v2\/product"}],"about":[{"href":"https:\/\/figueras.com\/es\/wp-json\/wp\/v2\/types\/product"}],"version-history":[{"count":0,"href":"https:\/\/figueras.com\/es\/wp-json\/wp\/v2\/product\/23862\/revisions"}],"wp:featuredmedia":[{"embeddable":true,"href":"https:\/\/figueras.com\/es\/wp-json\/wp\/v2\/media\/45721"}],"wp:attachment":[{"href":"https:\/\/figueras.com\/es\/wp-json\/wp\/v2\/media?parent=23862"}],"wp:term":[{"taxonomy":"designer_tag","embeddable":true,"href":"https:\/\/figueras.com\/es\/wp-json\/wp\/v2\/designer_tag?post=23862"},{"taxonomy":"system_rel_tag","embeddable":true,"href":"https:\/\/figueras.com\/es\/wp-json\/wp\/v2\/system_rel_tag?post=23862"},{"taxonomy":"product_cat","embeddable":true,"href":"https:\/\/figueras.com\/es\/wp-json\/wp\/v2\/product_cat?post=23862"},{"taxonomy":"product_tag","embeddable":true,"href":"https:\/\/figueras.com\/es\/wp-json\/wp\/v2\/product_tag?post=23862"}],"curies":[{"name":"wp","href":"https:\/\/api.w.org\/{rel}","templated":true}]}}