{"id":23860,"date":"2023-11-01T09:27:57","date_gmt":"2023-11-01T08:27:57","guid":{"rendered":"http:\/\/figueras.com\/seating\/top-5043\/"},"modified":"2025-05-23T13:57:11","modified_gmt":"2025-05-23T11:57:11","slug":"top-5043","status":"publish","type":"product","link":"https:\/\/figueras.com\/es\/asiento\/top-5043\/","title":{"rendered":"Top 5043"},"content":{"rendered":"<p style=\"text-align: justify;\"><strong>La TOP 5043 es una butaca modular con asiento plegable autom\u00e1tico, compuesto de elementos totalmente intercambiables. Este modelo de Figueras ha sido especialmente dise\u00f1ado para cines as\u00ed como para las zonas m\u00e1s exclusivas de estadios y arenas. \u00a0<\/strong><\/p>\n<p style=\"text-align: justify;\">El asiento y el respaldo est\u00e1n compuestos por dos bloques de espuma de poliuretano moldeada, con una estructura met\u00e1lica interna y la tapicer\u00eda totalmente integrada en la espuma mediante el sistema patentado <em>Integral Form<\/em>, sin costuras ni ribetes.<\/p>\n<p style=\"text-align: justify;\">El respaldo y el acolchado del asiento tienen una forma anat\u00f3mica para garantizar la comodidad del usuario. El acolchado del asiento no tiene ranuras de ning\u00fan tipo para evitar la acumulaci\u00f3n de suciedad. Opcionalmente, el respaldo puede incorporar un reposacabezas.<\/p>\n<p style=\"text-align: justify;\">El asiento, el respaldo y el reposacabezas tienen una carcasa trasera de polipropileno que es totalmente lavable, evitando que aparezcan ara\u00f1azos y suciedad en la tapicer\u00eda trasera.<\/p>\n<p style=\"text-align: justify;\">El asiento se pliega autom\u00e1ticamente mediante un sistema de doble resorte extremadamente silencioso ubicado dentro de la base del asiento, manteniendo el espacio siempre ordenado y asegurando un ambiente silencioso cuando el usuario se levanta.<\/p>\n<p style=\"text-align: justify;\">El asiento est\u00e1 montado en un pie central y soportado por un puente r\u00edgido que asegura la estabilidad de las filas.<\/p>\n<p style=\"text-align: justify;\">Los reposabrazos son de doble inyecci\u00f3n, combinando polipropileno en las partes r\u00edgidas y un elast\u00f3mero \u00absoft\u00bb en la superficie del reposabrazos. En la parte delantera se incorpora un posavasos. Opcionalmente, las almohadillas pueden ser tapizadas.<\/p>\n","protected":false},"excerpt":{"rendered":"<p>[wpdm_package id=&#8217;24593&#8242;]<\/p>\n<p>[wpdm_package id=&#8217;8426&#8242;]<\/p>\n","protected":false},"featured_media":13416,"template":"","meta":{"_acf_changed":false,"content-type":""},"designer_tag":[],"system_rel_tag":[],"product_cat":[198,224,225,235,237,247],"product_tag":[512,500,506],"class_list":{"0":"post-23860","1":"product","2":"type-product","3":"status-publish","4":"has-post-thumbnail","6":"product_cat-seats-for-cruise-ships-and-ferries-es","7":"product_cat-seats-for-stadiums-and-arenas-es","8":"product_cat-sports-es","9":"product_cat-cinema-es","10":"product_cat-seats-for-cinema-es","11":"product_cat-top-es","12":"product_tag-publicum-es","13":"product_tag-cinema-es","14":"product_tag-sports-es","16":"first","17":"instock","18":"downloadable","19":"virtual","20":"product-type-simple"},"acf":[],"_links":{"self":[{"href":"https:\/\/figueras.com\/es\/wp-json\/wp\/v2\/product\/23860","targetHints":{"allow":["GET"]}}],"collection":[{"href":"https:\/\/figueras.com\/es\/wp-json\/wp\/v2\/product"}],"about":[{"href":"https:\/\/figueras.com\/es\/wp-json\/wp\/v2\/types\/product"}],"version-history":[{"count":0,"href":"https:\/\/figueras.com\/es\/wp-json\/wp\/v2\/product\/23860\/revisions"}],"wp:featuredmedia":[{"embeddable":true,"href":"https:\/\/figueras.com\/es\/wp-json\/wp\/v2\/media\/13416"}],"wp:attachment":[{"href":"https:\/\/figueras.com\/es\/wp-json\/wp\/v2\/media?parent=23860"}],"wp:term":[{"taxonomy":"designer_tag","embeddable":true,"href":"https:\/\/figueras.com\/es\/wp-json\/wp\/v2\/designer_tag?post=23860"},{"taxonomy":"system_rel_tag","embeddable":true,"href":"https:\/\/figueras.com\/es\/wp-json\/wp\/v2\/system_rel_tag?post=23860"},{"taxonomy":"product_cat","embeddable":true,"href":"https:\/\/figueras.com\/es\/wp-json\/wp\/v2\/product_cat?post=23860"},{"taxonomy":"product_tag","embeddable":true,"href":"https:\/\/figueras.com\/es\/wp-json\/wp\/v2\/product_tag?post=23860"}],"curies":[{"name":"wp","href":"https:\/\/api.w.org\/{rel}","templated":true}]}}