{"id":23858,"date":"2023-11-01T09:28:57","date_gmt":"2023-11-01T08:28:57","guid":{"rendered":"http:\/\/figueras.com\/seating\/top-5042\/"},"modified":"2025-05-23T13:50:20","modified_gmt":"2025-05-23T11:50:20","slug":"top-5042","status":"publish","type":"product","link":"https:\/\/figueras.com\/es\/asiento\/top-5042\/","title":{"rendered":"Top 5042"},"content":{"rendered":"<div style=\"text-align: justify;\">\n<p><strong>La TOP 5042 es una butaca modular con asiento plegable autom\u00e1tico. Esta butaca, compuesta de elementos totalmente intercambiables, ha sido especialmente dise\u00f1ada para salas de cines y zonas VIP de estadios y arenas.<\/strong><\/p>\n<p>El asiento y el respaldo est\u00e1n compuestos por dos bloques de espuma de poliuretano moldeado que incorporan una estructura interior de metal. La tapicer\u00eda puede integrarse completamente en la espuma mediante el sistema <em>Integral Form<\/em>, sin costuras.<\/p>\n<p>El respaldo y el coj\u00edn del asiento tienen una forma anat\u00f3mica para garantizar la m\u00e1xima comodidad. El coj\u00edn no tiene ranuras de ning\u00fan tipo para evitar la acumulaci\u00f3n de suciedad.<\/p>\n<p>El asiento y el respaldo tienen una carcasa trasera de polipropileno totalmente lavable que evita la aparici\u00f3n de ara\u00f1azos y suciedad en la tapicer\u00eda trasera.<\/p>\n<p>El asiento se pliega autom\u00e1ticamente mediante un sistema de doble resorte extremadamente silencioso situado dentro de la base del asiento, de esta forma la sala se mantiene siempre ordenada y se asegura un ambiente silencioso cuando un asistente desocupa su asiento.<\/p>\n<p>El asiento est\u00e1 montado sobre dos pies met\u00e1licos con un sistema integrado donde se aloja la r\u00f3tula. Los brazos son de doble inyecci\u00f3n combinando polipropileno para las partes r\u00edgidas y un elast\u00f3mero \u00absoft\u00bb en la superficie del reposabrazos. En la parte delantera hay un portavasos integrado.<\/p>\n<\/div>\n","protected":false},"excerpt":{"rendered":"<p>[wpdm_package id=&#8217;24587&#8242;]<\/p>\n<p>[wpdm_package id=&#8217;7261&#8242;]<\/p>\n<p>[wpdm_package id=&#8217;7262&#8242;]<\/p>\n","protected":false},"featured_media":33216,"template":"","meta":{"_acf_changed":false,"content-type":""},"designer_tag":[],"system_rel_tag":[],"product_cat":[198,224,225,235,237,247],"product_tag":[512,500,506],"class_list":{"0":"post-23858","1":"product","2":"type-product","3":"status-publish","4":"has-post-thumbnail","6":"product_cat-seats-for-cruise-ships-and-ferries-es","7":"product_cat-seats-for-stadiums-and-arenas-es","8":"product_cat-sports-es","9":"product_cat-cinema-es","10":"product_cat-seats-for-cinema-es","11":"product_cat-top-es","12":"product_tag-publicum-es","13":"product_tag-cinema-es","14":"product_tag-sports-es","16":"first","17":"instock","18":"downloadable","19":"virtual","20":"product-type-simple"},"acf":[],"_links":{"self":[{"href":"https:\/\/figueras.com\/es\/wp-json\/wp\/v2\/product\/23858","targetHints":{"allow":["GET"]}}],"collection":[{"href":"https:\/\/figueras.com\/es\/wp-json\/wp\/v2\/product"}],"about":[{"href":"https:\/\/figueras.com\/es\/wp-json\/wp\/v2\/types\/product"}],"version-history":[{"count":0,"href":"https:\/\/figueras.com\/es\/wp-json\/wp\/v2\/product\/23858\/revisions"}],"wp:featuredmedia":[{"embeddable":true,"href":"https:\/\/figueras.com\/es\/wp-json\/wp\/v2\/media\/33216"}],"wp:attachment":[{"href":"https:\/\/figueras.com\/es\/wp-json\/wp\/v2\/media?parent=23858"}],"wp:term":[{"taxonomy":"designer_tag","embeddable":true,"href":"https:\/\/figueras.com\/es\/wp-json\/wp\/v2\/designer_tag?post=23858"},{"taxonomy":"system_rel_tag","embeddable":true,"href":"https:\/\/figueras.com\/es\/wp-json\/wp\/v2\/system_rel_tag?post=23858"},{"taxonomy":"product_cat","embeddable":true,"href":"https:\/\/figueras.com\/es\/wp-json\/wp\/v2\/product_cat?post=23858"},{"taxonomy":"product_tag","embeddable":true,"href":"https:\/\/figueras.com\/es\/wp-json\/wp\/v2\/product_tag?post=23858"}],"curies":[{"name":"wp","href":"https:\/\/api.w.org\/{rel}","templated":true}]}}