{"id":23856,"date":"2023-11-01T09:29:57","date_gmt":"2023-11-01T08:29:57","guid":{"rendered":"http:\/\/figueras.com\/seating\/top-5036\/"},"modified":"2026-02-10T12:29:51","modified_gmt":"2026-02-10T11:29:51","slug":"top-5036","status":"publish","type":"product","link":"https:\/\/figueras.com\/es\/asiento\/top-5036\/","title":{"rendered":"Top 5036"},"content":{"rendered":"<p style=\"text-align: justify;\"><strong>La TOP 5036 es una butaca modular con asiento abatible. Esta butaca est\u00e1 compuesta de elementos totalmente intercambiables.<\/strong><\/p>\n<p style=\"text-align: justify;\">El asiento y el respaldo est\u00e1n compuestos por dos bloques de espuma de poliuretano moldeado que incorporan una estructura interior de metal. La tapicer\u00eda puede integrarse completamente en la espuma mediante el sistema <em>Integral Form<\/em>, sin costuras.<\/p>\n<p style=\"text-align: justify;\">El respaldo y el coj\u00edn del asiento tienen una forma anat\u00f3mica para garantizar la m\u00e1xima comodidad. El coj\u00edn del asiento no tiene ranuras de ning\u00fan tipo para evitar la acumulaci\u00f3n de suciedad.<\/p>\n<p style=\"text-align: justify;\">El asiento y el respaldo tienen una carcasa trasera de polipropileno totalmente lavable que evita que aparezcan ara\u00f1azos y suciedad en la tapicer\u00eda trasera. Opcionalmente, estas carcasas pueden ser tapizadas.<\/p>\n<p style=\"text-align: justify;\">El asiento se pliega autom\u00e1ticamente mediante un sistema de doble resorte extremadamente silencioso situado dentro de la base del asiento, de esta forma el espacio se mantiene siempre ordenado y se asegura un ambiente silencioso cuando un asistente desocupa su asiento.<\/p>\n<p style=\"text-align: justify;\">El asiento est\u00e1 montado sobre dos pies met\u00e1licos y fijado al suelo mediante una base que puede adaptarse a diferentes inclinaciones.<\/p>\n<p style=\"text-align: justify;\">Los brazos son de doble inyecci\u00f3n combinando polipropileno para las partes r\u00edgidas y un elast\u00f3mero \u00absoft\u00bb en la superficie del reposabrazos. Opcionalmente, se puede a\u00f1adir al reposabrazos un atril de escritura de polipropileno, la mesa PLX con sistema de plegado antip\u00e1nico.<\/p>\n","protected":false},"excerpt":{"rendered":"<p>[wpdm_package id=&#8217;24577&#8242;]<\/p>\n<p>[wpdm_package id=&#8217;7256&#8242;]<\/p>\n<p>[wpdm_package id=&#8217;8407&#8242;]<\/p>\n","protected":false},"featured_media":13413,"template":"","meta":{"_acf_changed":false,"content-type":""},"designer_tag":[],"system_rel_tag":[],"product_cat":[204,224,225,192,245,194,247,195,196,197,198,200,203],"product_tag":[503,506,512],"class_list":{"0":"post-23856","1":"product","2":"type-product","3":"status-publish","4":"has-post-thumbnail","6":"product_cat-seats-for-worship-and-religious-centres-es","7":"product_cat-seats-for-stadiums-and-arenas-es","8":"product_cat-sports-es","9":"product_cat-education-es","10":"product_cat-seats-for-planetariums-es","11":"product_cat-publicum-es","12":"product_cat-top-es","13":"product_cat-seats-for-auditorium-and-conference-rooms-es","14":"product_cat-seats-for-congress-centres-es","15":"product_cat-seats-for-corporate-rooms-es","16":"product_cat-seats-for-cruise-ships-and-ferries-es","17":"product_cat-seats-for-parliaments-es","18":"product_cat-seats-for-universities-and-schools-es","19":"product_tag-education-es","20":"product_tag-sports-es","21":"product_tag-publicum-es","23":"first","24":"instock","25":"downloadable","26":"virtual","27":"product-type-simple"},"acf":[],"_links":{"self":[{"href":"https:\/\/figueras.com\/es\/wp-json\/wp\/v2\/product\/23856","targetHints":{"allow":["GET"]}}],"collection":[{"href":"https:\/\/figueras.com\/es\/wp-json\/wp\/v2\/product"}],"about":[{"href":"https:\/\/figueras.com\/es\/wp-json\/wp\/v2\/types\/product"}],"version-history":[{"count":0,"href":"https:\/\/figueras.com\/es\/wp-json\/wp\/v2\/product\/23856\/revisions"}],"wp:featuredmedia":[{"embeddable":true,"href":"https:\/\/figueras.com\/es\/wp-json\/wp\/v2\/media\/13413"}],"wp:attachment":[{"href":"https:\/\/figueras.com\/es\/wp-json\/wp\/v2\/media?parent=23856"}],"wp:term":[{"taxonomy":"designer_tag","embeddable":true,"href":"https:\/\/figueras.com\/es\/wp-json\/wp\/v2\/designer_tag?post=23856"},{"taxonomy":"system_rel_tag","embeddable":true,"href":"https:\/\/figueras.com\/es\/wp-json\/wp\/v2\/system_rel_tag?post=23856"},{"taxonomy":"product_cat","embeddable":true,"href":"https:\/\/figueras.com\/es\/wp-json\/wp\/v2\/product_cat?post=23856"},{"taxonomy":"product_tag","embeddable":true,"href":"https:\/\/figueras.com\/es\/wp-json\/wp\/v2\/product_tag?post=23856"}],"curies":[{"name":"wp","href":"https:\/\/api.w.org\/{rel}","templated":true}]}}