{"id":23854,"date":"2023-11-01T09:33:54","date_gmt":"2023-11-01T08:33:54","guid":{"rendered":"http:\/\/figueras.com\/seating\/megaseat-9113\/"},"modified":"2025-07-18T19:03:37","modified_gmt":"2025-07-18T17:03:37","slug":"megaseat-9113","status":"publish","type":"product","link":"https:\/\/figueras.com\/es\/asiento\/megaseat-9113\/","title":{"rendered":"Megaseat 9113"},"content":{"rendered":"<p style=\"text-align: justify;\"><strong>La butaca Megaseat 9113 es un asiento modular de amplias dimensiones formado con partes totalmente intercambiables. Esta butaca ha sido especialmente dise\u00f1ada para equipar salas de cine. <\/strong><\/p>\n<p style=\"text-align: justify;\">El asiento y el respaldo est\u00e1n compuestos por dos bloques de espuma de poliuretano moldeado que incorporan una estructura interior de metal y la tapicer\u00eda que se integra completamente en la espuma mediante el sistema <em>Integral Form<\/em>, sin costuras.<\/p>\n<p style=\"text-align: justify;\">El respaldo tiene una forma ergon\u00f3mica para garantizar la m\u00e1xima comodidad del usuario. El coj\u00edn del asiento no tiene ranuras de ning\u00fan tipo para evitar la acumulaci\u00f3n de suciedad. Opcionalmente, el respaldo puede incorporar un reposacabezas.<\/p>\n<p style=\"text-align: justify;\">El asiento, el respaldo y el reposacabezas tienen una carcasa trasera de polipropileno totalmente lavable que evita que aparezcan ara\u00f1azos y suciedad en la tapicer\u00eda trasera. Opcionalmente, las carcasas pueden ir tapizadas.<\/p>\n<p style=\"text-align: justify;\">El asiento est\u00e1 montado en un pie central y sostenido por un puente r\u00edgido que asegura la estabilidad de las filas.<\/p>\n<p style=\"text-align: justify;\">Los reposabrazos son de espuma de poliuretano semirr\u00edgida con una estructura interna de metal. Opcionalmente, los reposabrazos pueden incorporar un portavasos integrado.<\/p>\n","protected":false},"excerpt":{"rendered":"<p>[wpdm_package id=&#8217;24298&#8242;]<\/p>\n<p>[wpdm_package id=&#8217;7013&#8242;]<\/p>\n<p>[wpdm_package id=&#8217;7014&#8242;]<\/p>\n","protected":false},"featured_media":32793,"template":"","meta":{"_acf_changed":false,"content-type":""},"designer_tag":[333],"system_rel_tag":[],"product_cat":[198,224,225,235,237,243],"product_tag":[506,512,500],"class_list":{"0":"post-23854","1":"product","2":"type-product","3":"status-publish","4":"has-post-thumbnail","6":"designer_tag-design-center-es","7":"product_cat-seats-for-cruise-ships-and-ferries-es","8":"product_cat-seats-for-stadiums-and-arenas-es","9":"product_cat-sports-es","10":"product_cat-cinema-es","11":"product_cat-seats-for-cinema-es","12":"product_cat-megaseat-es","13":"product_tag-sports-es","14":"product_tag-publicum-es","15":"product_tag-cinema-es","17":"first","18":"instock","19":"downloadable","20":"virtual","21":"product-type-simple"},"acf":[],"yoast_head":"<!-- This site is optimized with the Yoast SEO plugin v27.4 - https:\/\/yoast.com\/product\/yoast-seo-wordpress\/ -->\n<title>Megaseat 9113 - Figueras Seating (ES)<\/title>\n<meta name=\"description\" content=\"Conoce el Megaseat 9113: butaca reclinable de dise\u00f1o envolvente, ideal para espacios premium como cines, teatros o auditorios de alto nivel.\" \/>\n<meta name=\"robots\" content=\"index, follow, max-snippet:-1, max-image-preview:large, max-video-preview:-1\" \/>\n<link rel=\"canonical\" href=\"https:\/\/figueras.com\/es\/asiento\/megaseat-9113\/\" \/>\n<meta property=\"og:locale\" content=\"es_ES\" \/>\n<meta property=\"og:type\" content=\"article\" \/>\n<meta property=\"og:title\" content=\"Megaseat 9113 - Figueras Seating (ES)\" \/>\n<meta property=\"og:description\" content=\"Conoce el Megaseat 9113: butaca reclinable de dise\u00f1o envolvente, ideal para espacios premium como cines, teatros o auditorios de alto nivel.\" \/>\n<meta property=\"og:url\" content=\"https:\/\/figueras.com\/es\/asiento\/megaseat-9113\/\" \/>\n<meta property=\"og:site_name\" content=\"Figueras Seating\" \/>\n<meta property=\"article:modified_time\" content=\"2025-07-18T17:03:37+00:00\" \/>\n<meta property=\"og:image\" content=\"https:\/\/figueras.com\/wp-content\/uploads\/2023\/11\/Megaseat-Fix-9113_V3068_p00.png\" \/>\n\t<meta property=\"og:image:width\" content=\"1000\" \/>\n\t<meta property=\"og:image:height\" content=\"1200\" \/>\n\t<meta property=\"og:image:type\" content=\"image\/png\" \/>\n<meta name=\"twitter:card\" content=\"summary_large_image\" \/>\n<meta name=\"twitter:label1\" content=\"Tiempo de lectura\" \/>\n\t<meta name=\"twitter:data1\" content=\"1 minuto\" \/>\n<script type=\"application\/ld+json\" class=\"yoast-schema-graph\">{\"@context\":\"https:\\\/\\\/schema.org\",\"@graph\":[{\"@type\":\"WebPage\",\"@id\":\"https:\\\/\\\/figueras.com\\\/es\\\/asiento\\\/megaseat-9113\\\/\",\"url\":\"https:\\\/\\\/figueras.com\\\/es\\\/asiento\\\/megaseat-9113\\\/\",\"name\":\"Megaseat 9113 - Figueras Seating (ES)\",\"isPartOf\":{\"@id\":\"https:\\\/\\\/figueras.com\\\/es\\\/#website\"},\"primaryImageOfPage\":{\"@id\":\"https:\\\/\\\/figueras.com\\\/es\\\/asiento\\\/megaseat-9113\\\/#primaryimage\"},\"image\":{\"@id\":\"https:\\\/\\\/figueras.com\\\/es\\\/asiento\\\/megaseat-9113\\\/#primaryimage\"},\"thumbnailUrl\":\"https:\\\/\\\/figueras.com\\\/wp-content\\\/uploads\\\/2023\\\/11\\\/Megaseat-Fix-9113_V3068_p00.png\",\"datePublished\":\"2023-11-01T08:33:54+00:00\",\"dateModified\":\"2025-07-18T17:03:37+00:00\",\"description\":\"Conoce el Megaseat 9113: butaca reclinable de dise\u00f1o envolvente, ideal para espacios premium como cines, teatros o auditorios de alto nivel.\",\"breadcrumb\":{\"@id\":\"https:\\\/\\\/figueras.com\\\/es\\\/asiento\\\/megaseat-9113\\\/#breadcrumb\"},\"inLanguage\":\"es\",\"potentialAction\":[{\"@type\":\"ReadAction\",\"target\":[\"https:\\\/\\\/figueras.com\\\/es\\\/asiento\\\/megaseat-9113\\\/\"]}]},{\"@type\":\"ImageObject\",\"inLanguage\":\"es\",\"@id\":\"https:\\\/\\\/figueras.com\\\/es\\\/asiento\\\/megaseat-9113\\\/#primaryimage\",\"url\":\"https:\\\/\\\/figueras.com\\\/wp-content\\\/uploads\\\/2023\\\/11\\\/Megaseat-Fix-9113_V3068_p00.png\",\"contentUrl\":\"https:\\\/\\\/figueras.com\\\/wp-content\\\/uploads\\\/2023\\\/11\\\/Megaseat-Fix-9113_V3068_p00.png\",\"width\":1000,\"height\":1200,\"caption\":\"Megaseat Fix 9113\"},{\"@type\":\"BreadcrumbList\",\"@id\":\"https:\\\/\\\/figueras.com\\\/es\\\/asiento\\\/megaseat-9113\\\/#breadcrumb\",\"itemListElement\":[{\"@type\":\"ListItem\",\"position\":1,\"name\":\"Home\",\"item\":\"https:\\\/\\\/figueras.com\\\/es\\\/\"},{\"@type\":\"ListItem\",\"position\":2,\"name\":\"Productos\",\"item\":\"https:\\\/\\\/figueras.com\\\/es\\\/shop\\\/\"},{\"@type\":\"ListItem\",\"position\":3,\"name\":\"Megaseat 9113\"}]},{\"@type\":\"WebSite\",\"@id\":\"https:\\\/\\\/figueras.com\\\/es\\\/#website\",\"url\":\"https:\\\/\\\/figueras.com\\\/es\\\/\",\"name\":\"Figueras Seating\",\"description\":\"\",\"publisher\":{\"@id\":\"https:\\\/\\\/figueras.com\\\/es\\\/#organization\"},\"potentialAction\":[{\"@type\":\"SearchAction\",\"target\":{\"@type\":\"EntryPoint\",\"urlTemplate\":\"https:\\\/\\\/figueras.com\\\/es\\\/?s={search_term_string}\"},\"query-input\":{\"@type\":\"PropertyValueSpecification\",\"valueRequired\":true,\"valueName\":\"search_term_string\"}}],\"inLanguage\":\"es\"},{\"@type\":\"Organization\",\"@id\":\"https:\\\/\\\/figueras.com\\\/es\\\/#organization\",\"name\":\"Figueras International Seating, S.L.U.\",\"alternateName\":\"Figueras Seating\",\"url\":\"https:\\\/\\\/figueras.com\\\/es\\\/\",\"logo\":{\"@type\":\"ImageObject\",\"inLanguage\":\"es\",\"@id\":\"https:\\\/\\\/figueras.com\\\/es\\\/#\\\/schema\\\/logo\\\/image\\\/\",\"url\":\"https:\\\/\\\/figueras.com\\\/wp-content\\\/uploads\\\/2023\\\/04\\\/figueraslogoheader.png\",\"contentUrl\":\"https:\\\/\\\/figueras.com\\\/wp-content\\\/uploads\\\/2023\\\/04\\\/figueraslogoheader.png\",\"width\":739,\"height\":127,\"caption\":\"Figueras International Seating, S.L.U.\"},\"image\":{\"@id\":\"https:\\\/\\\/figueras.com\\\/es\\\/#\\\/schema\\\/logo\\\/image\\\/\"},\"sameAs\":[\"https:\\\/\\\/www.linkedin.com\\\/company\\\/figuerasseating\\\/\",\"https:\\\/\\\/www.instagram.com\\\/figueras.seating\\\/\",\"https:\\\/\\\/vimeo.com\\\/figuerasseating\",\"https:\\\/\\\/es.pinterest.com\\\/figuerasint\\\/\"]}]}<\/script>\n<!-- \/ Yoast SEO plugin. -->","yoast_head_json":{"title":"Megaseat 9113 - Figueras Seating (ES)","description":"Conoce el Megaseat 9113: butaca reclinable de dise\u00f1o envolvente, ideal para espacios premium como cines, teatros o auditorios de alto nivel.","robots":{"index":"index","follow":"follow","max-snippet":"max-snippet:-1","max-image-preview":"max-image-preview:large","max-video-preview":"max-video-preview:-1"},"canonical":"https:\/\/figueras.com\/es\/asiento\/megaseat-9113\/","og_locale":"es_ES","og_type":"article","og_title":"Megaseat 9113 - Figueras Seating (ES)","og_description":"Conoce el Megaseat 9113: butaca reclinable de dise\u00f1o envolvente, ideal para espacios premium como cines, teatros o auditorios de alto nivel.","og_url":"https:\/\/figueras.com\/es\/asiento\/megaseat-9113\/","og_site_name":"Figueras Seating","article_modified_time":"2025-07-18T17:03:37+00:00","og_image":[{"width":1000,"height":1200,"url":"https:\/\/figueras.com\/wp-content\/uploads\/2023\/11\/Megaseat-Fix-9113_V3068_p00.png","type":"image\/png"}],"twitter_card":"summary_large_image","twitter_misc":{"Tiempo de lectura":"1 minuto"},"schema":{"@context":"https:\/\/schema.org","@graph":[{"@type":"WebPage","@id":"https:\/\/figueras.com\/es\/asiento\/megaseat-9113\/","url":"https:\/\/figueras.com\/es\/asiento\/megaseat-9113\/","name":"Megaseat 9113 - Figueras Seating (ES)","isPartOf":{"@id":"https:\/\/figueras.com\/es\/#website"},"primaryImageOfPage":{"@id":"https:\/\/figueras.com\/es\/asiento\/megaseat-9113\/#primaryimage"},"image":{"@id":"https:\/\/figueras.com\/es\/asiento\/megaseat-9113\/#primaryimage"},"thumbnailUrl":"https:\/\/figueras.com\/wp-content\/uploads\/2023\/11\/Megaseat-Fix-9113_V3068_p00.png","datePublished":"2023-11-01T08:33:54+00:00","dateModified":"2025-07-18T17:03:37+00:00","description":"Conoce el Megaseat 9113: butaca reclinable de dise\u00f1o envolvente, ideal para espacios premium como cines, teatros o auditorios de alto nivel.","breadcrumb":{"@id":"https:\/\/figueras.com\/es\/asiento\/megaseat-9113\/#breadcrumb"},"inLanguage":"es","potentialAction":[{"@type":"ReadAction","target":["https:\/\/figueras.com\/es\/asiento\/megaseat-9113\/"]}]},{"@type":"ImageObject","inLanguage":"es","@id":"https:\/\/figueras.com\/es\/asiento\/megaseat-9113\/#primaryimage","url":"https:\/\/figueras.com\/wp-content\/uploads\/2023\/11\/Megaseat-Fix-9113_V3068_p00.png","contentUrl":"https:\/\/figueras.com\/wp-content\/uploads\/2023\/11\/Megaseat-Fix-9113_V3068_p00.png","width":1000,"height":1200,"caption":"Megaseat Fix 9113"},{"@type":"BreadcrumbList","@id":"https:\/\/figueras.com\/es\/asiento\/megaseat-9113\/#breadcrumb","itemListElement":[{"@type":"ListItem","position":1,"name":"Home","item":"https:\/\/figueras.com\/es\/"},{"@type":"ListItem","position":2,"name":"Productos","item":"https:\/\/figueras.com\/es\/shop\/"},{"@type":"ListItem","position":3,"name":"Megaseat 9113"}]},{"@type":"WebSite","@id":"https:\/\/figueras.com\/es\/#website","url":"https:\/\/figueras.com\/es\/","name":"Figueras Seating","description":"","publisher":{"@id":"https:\/\/figueras.com\/es\/#organization"},"potentialAction":[{"@type":"SearchAction","target":{"@type":"EntryPoint","urlTemplate":"https:\/\/figueras.com\/es\/?s={search_term_string}"},"query-input":{"@type":"PropertyValueSpecification","valueRequired":true,"valueName":"search_term_string"}}],"inLanguage":"es"},{"@type":"Organization","@id":"https:\/\/figueras.com\/es\/#organization","name":"Figueras International Seating, S.L.U.","alternateName":"Figueras Seating","url":"https:\/\/figueras.com\/es\/","logo":{"@type":"ImageObject","inLanguage":"es","@id":"https:\/\/figueras.com\/es\/#\/schema\/logo\/image\/","url":"https:\/\/figueras.com\/wp-content\/uploads\/2023\/04\/figueraslogoheader.png","contentUrl":"https:\/\/figueras.com\/wp-content\/uploads\/2023\/04\/figueraslogoheader.png","width":739,"height":127,"caption":"Figueras International Seating, S.L.U."},"image":{"@id":"https:\/\/figueras.com\/es\/#\/schema\/logo\/image\/"},"sameAs":["https:\/\/www.linkedin.com\/company\/figuerasseating\/","https:\/\/www.instagram.com\/figueras.seating\/","https:\/\/vimeo.com\/figuerasseating","https:\/\/es.pinterest.com\/figuerasint\/"]}]}},"_links":{"self":[{"href":"https:\/\/figueras.com\/es\/wp-json\/wp\/v2\/product\/23854","targetHints":{"allow":["GET"]}}],"collection":[{"href":"https:\/\/figueras.com\/es\/wp-json\/wp\/v2\/product"}],"about":[{"href":"https:\/\/figueras.com\/es\/wp-json\/wp\/v2\/types\/product"}],"version-history":[{"count":0,"href":"https:\/\/figueras.com\/es\/wp-json\/wp\/v2\/product\/23854\/revisions"}],"wp:featuredmedia":[{"embeddable":true,"href":"https:\/\/figueras.com\/es\/wp-json\/wp\/v2\/media\/32793"}],"wp:attachment":[{"href":"https:\/\/figueras.com\/es\/wp-json\/wp\/v2\/media?parent=23854"}],"wp:term":[{"taxonomy":"designer_tag","embeddable":true,"href":"https:\/\/figueras.com\/es\/wp-json\/wp\/v2\/designer_tag?post=23854"},{"taxonomy":"system_rel_tag","embeddable":true,"href":"https:\/\/figueras.com\/es\/wp-json\/wp\/v2\/system_rel_tag?post=23854"},{"taxonomy":"product_cat","embeddable":true,"href":"https:\/\/figueras.com\/es\/wp-json\/wp\/v2\/product_cat?post=23854"},{"taxonomy":"product_tag","embeddable":true,"href":"https:\/\/figueras.com\/es\/wp-json\/wp\/v2\/product_tag?post=23854"}],"curies":[{"name":"wp","href":"https:\/\/api.w.org\/{rel}","templated":true}]}}