{"id":23852,"date":"2023-11-01T09:31:54","date_gmt":"2023-11-01T08:31:54","guid":{"rendered":"http:\/\/figueras.com\/seating\/megaseat-rt-2315\/"},"modified":"2025-07-18T17:38:04","modified_gmt":"2025-07-18T15:38:04","slug":"megaseat-rt-2315","status":"publish","type":"product","link":"https:\/\/figueras.com\/es\/asiento\/megaseat-rt-2315\/","title":{"rendered":"Megaseat RT 2315"},"content":{"rendered":"<p style=\"text-align: justify;\"><strong>La Megaseat RT es un concepto revolucionario en butacas, especialmente dise\u00f1ada para su uso en parlamentos, corporaciones, centros de conferencias y congresos. Combina la seguridad de un asiento fijado en el suelo con una libertad total de movimiento que permite girar 360\u00b0 y deslizarse horizontalmente 17 cm.<\/strong><\/p>\n<p style=\"text-align: justify;\">El sistema RT es la soluci\u00f3n de rotaci\u00f3n y movimiento de Figueras que se adapta a la perfecci\u00f3n a espacios que requieren movilidad para interactuar con los dem\u00e1s. Vuelve autom\u00e1ticamente a su posici\u00f3n original, dejando el lugar limpio y ordenado sin ning\u00fan esfuerzo extra.<\/p>\n<p style=\"text-align: justify;\">El innovador sistema RT consta de una base de aluminio fijada al suelo, que incorpora un sistema de rotaci\u00f3n de 360\u200b\u200b\u00b0 y un sistema de desplazamiento lineal. Ambos movimientos se pueden realizar simult\u00e1neamente.<\/p>\n<p style=\"text-align: justify;\">El asiento y el respaldo est\u00e1n hechos de espuma de poliuretano moldeada con una estructura interna de metal. La tapicer\u00eda se integra en la espuma mediante el sistema patentado Integral Form, sin costuras ni arrugas.<\/p>\n<p style=\"text-align: justify;\">El asiento, el respaldo y el reposacabezas cuentan con carcasas traseras de polipropileno totalmente lavables, evitando que aparezcan ara\u00f1azos y suciedad en la tapicer\u00eda trasera. Opcionalmente, las carcasas se pueden tapizar.<\/p>\n<p style=\"text-align: justify;\">Los reposabrazos est\u00e1n fabricados en espuma de poliuretano semirr\u00edgida con estructura met\u00e1lica interna. Opcionalmente, los reposabrazos se pueden tapizar.<\/p>\n","protected":false},"excerpt":{"rendered":"<p>La Megaseat RT es un concepto revolucionario en butacas, especialmente dise\u00f1ada para su uso en parlamentos, corporaciones, centros de conferencias y congresos. Combina la seguridad de un asiento fijado en el suelo con una libertad total de movimiento que permite girar 360\u00b0 y deslizarse horizontalmente 17 cm. El sistema RT es la soluci\u00f3n de rotaci\u00f3n [&hellip;]<\/p>\n","protected":false},"featured_media":45671,"template":"","meta":{"_acf_changed":false,"content-type":""},"designer_tag":[],"system_rel_tag":[],"product_cat":[192,194,195,196,197,200,203,243],"product_tag":[503,512],"class_list":{"0":"post-23852","1":"product","2":"type-product","3":"status-publish","4":"has-post-thumbnail","6":"product_cat-education-es","7":"product_cat-publicum-es","8":"product_cat-seats-for-auditorium-and-conference-rooms-es","9":"product_cat-seats-for-congress-centres-es","10":"product_cat-seats-for-corporate-rooms-es","11":"product_cat-seats-for-parliaments-es","12":"product_cat-seats-for-universities-and-schools-es","13":"product_cat-megaseat-es","14":"product_tag-education-es","15":"product_tag-publicum-es","17":"first","18":"instock","19":"product-type-simple"},"acf":[],"_links":{"self":[{"href":"https:\/\/figueras.com\/es\/wp-json\/wp\/v2\/product\/23852","targetHints":{"allow":["GET"]}}],"collection":[{"href":"https:\/\/figueras.com\/es\/wp-json\/wp\/v2\/product"}],"about":[{"href":"https:\/\/figueras.com\/es\/wp-json\/wp\/v2\/types\/product"}],"version-history":[{"count":0,"href":"https:\/\/figueras.com\/es\/wp-json\/wp\/v2\/product\/23852\/revisions"}],"wp:featuredmedia":[{"embeddable":true,"href":"https:\/\/figueras.com\/es\/wp-json\/wp\/v2\/media\/45671"}],"wp:attachment":[{"href":"https:\/\/figueras.com\/es\/wp-json\/wp\/v2\/media?parent=23852"}],"wp:term":[{"taxonomy":"designer_tag","embeddable":true,"href":"https:\/\/figueras.com\/es\/wp-json\/wp\/v2\/designer_tag?post=23852"},{"taxonomy":"system_rel_tag","embeddable":true,"href":"https:\/\/figueras.com\/es\/wp-json\/wp\/v2\/system_rel_tag?post=23852"},{"taxonomy":"product_cat","embeddable":true,"href":"https:\/\/figueras.com\/es\/wp-json\/wp\/v2\/product_cat?post=23852"},{"taxonomy":"product_tag","embeddable":true,"href":"https:\/\/figueras.com\/es\/wp-json\/wp\/v2\/product_tag?post=23852"}],"curies":[{"name":"wp","href":"https:\/\/api.w.org\/{rel}","templated":true}]}}