{"id":23850,"date":"2023-11-01T09:34:54","date_gmt":"2023-11-01T08:34:54","guid":{"rendered":"http:\/\/figueras.com\/seating\/megaseat-9112\/"},"modified":"2025-07-18T19:06:20","modified_gmt":"2025-07-18T17:06:20","slug":"megaseat-9112","status":"publish","type":"product","link":"https:\/\/figueras.com\/es\/asiento\/megaseat-9112\/","title":{"rendered":"Megaseat 9112"},"content":{"rendered":"<p style=\"text-align: justify;\"><strong>La Megaseat 9112 es una butaca de generosas dimensiones, dise\u00f1ada para ser instalada en salas VIP, cines o zonas VIP de estadios y arenas.<\/strong><\/p>\n<p style=\"text-align: justify;\">El asiento y el respaldo est\u00e1n compuestos por dos bloques de espuma de poliuretano moldeado que incorporan una estructura interior de metal y la tapicer\u00eda que se integra completamente en la espuma mediante el sistema <em>Integral Form<\/em>, sin costuras.<\/p>\n<p style=\"text-align: justify;\">El respaldo y el coj\u00edn del asiento tienen una forma ergon\u00f3mica para garantizar la m\u00e1xima comodidad del usuario. El asiento est\u00e1 siempre fijo y su coj\u00edn no tiene ranuras de ning\u00fan tipo para evitar la acumulaci\u00f3n de suciedad.<\/p>\n<p style=\"text-align: justify;\">El asiento y el respaldo tienen una carcasa trasera de polipropileno totalmente lavable que evita que aparezcan ara\u00f1azos y suciedad en la tapicer\u00eda trasera. Opcionalmente, las carcasas pueden ir tapizadas.<\/p>\n<p style=\"text-align: justify;\">El respaldo puede incorporar un reposacabezas integrado, que se compone de una espuma tapizada de poliuretano moldeado y una carcasa protectora.<\/p>\n<p style=\"text-align: justify;\">El asiento est\u00e1 montado en un pie central y sostenido por un puente r\u00edgido que asegura la estabilidad de las filas.<\/p>\n<p style=\"text-align: justify;\">Los reposabrazos son de espuma de poliuretano semirr\u00edgida con una estructura interna de metal y un portavasos integrado.<\/p>\n","protected":false},"excerpt":{"rendered":"<p>[wpdm_package id=&#8217;24294&#8242;]<\/p>\n<p>[wpdm_package id=&#8217;7010&#8242;]<\/p>\n<p>[wpdm_package id=&#8217;7011&#8242;]<\/p>\n","protected":false},"featured_media":32750,"template":"","meta":{"_acf_changed":false,"content-type":""},"designer_tag":[333],"system_rel_tag":[],"product_cat":[198,224,225,235,237,243],"product_tag":[506,512,500],"class_list":{"0":"post-23850","1":"product","2":"type-product","3":"status-publish","4":"has-post-thumbnail","6":"designer_tag-design-center-es","7":"product_cat-seats-for-cruise-ships-and-ferries-es","8":"product_cat-seats-for-stadiums-and-arenas-es","9":"product_cat-sports-es","10":"product_cat-cinema-es","11":"product_cat-seats-for-cinema-es","12":"product_cat-megaseat-es","13":"product_tag-sports-es","14":"product_tag-publicum-es","15":"product_tag-cinema-es","17":"first","18":"instock","19":"downloadable","20":"virtual","21":"product-type-simple"},"acf":[],"_links":{"self":[{"href":"https:\/\/figueras.com\/es\/wp-json\/wp\/v2\/product\/23850","targetHints":{"allow":["GET"]}}],"collection":[{"href":"https:\/\/figueras.com\/es\/wp-json\/wp\/v2\/product"}],"about":[{"href":"https:\/\/figueras.com\/es\/wp-json\/wp\/v2\/types\/product"}],"version-history":[{"count":0,"href":"https:\/\/figueras.com\/es\/wp-json\/wp\/v2\/product\/23850\/revisions"}],"wp:featuredmedia":[{"embeddable":true,"href":"https:\/\/figueras.com\/es\/wp-json\/wp\/v2\/media\/32750"}],"wp:attachment":[{"href":"https:\/\/figueras.com\/es\/wp-json\/wp\/v2\/media?parent=23850"}],"wp:term":[{"taxonomy":"designer_tag","embeddable":true,"href":"https:\/\/figueras.com\/es\/wp-json\/wp\/v2\/designer_tag?post=23850"},{"taxonomy":"system_rel_tag","embeddable":true,"href":"https:\/\/figueras.com\/es\/wp-json\/wp\/v2\/system_rel_tag?post=23850"},{"taxonomy":"product_cat","embeddable":true,"href":"https:\/\/figueras.com\/es\/wp-json\/wp\/v2\/product_cat?post=23850"},{"taxonomy":"product_tag","embeddable":true,"href":"https:\/\/figueras.com\/es\/wp-json\/wp\/v2\/product_tag?post=23850"}],"curies":[{"name":"wp","href":"https:\/\/api.w.org\/{rel}","templated":true}]}}