{"id":23846,"date":"2023-11-01T09:39:54","date_gmt":"2023-11-01T08:39:54","guid":{"rendered":"http:\/\/figueras.com\/seating\/megaseat-8136\/"},"modified":"2025-07-18T18:23:42","modified_gmt":"2025-07-18T16:23:42","slug":"megaseat-8136","status":"publish","type":"product","link":"https:\/\/figueras.com\/es\/asiento\/megaseat-8136\/","title":{"rendered":"Megaseat 8136"},"content":{"rendered":"<p style=\"text-align: justify;\"><strong>La Megaseat 8136 es una butaca modular de generosas dimensiones compuesta de elementos totalmente intercambiables. Este asiento ha sido especialmente dise\u00f1ado para \u00e1reas de uso intensivo como auditorios, centros de conferencias, centros corporativos y educativos.\u00a0 <\/strong><\/p>\n<p style=\"text-align: justify;\">El asiento y el respaldo est\u00e1n compuestos por dos bloques de espuma de poliuretano moldeado que incorporan una estructura interior de metal y la tapicer\u00eda que se integra completamente en la espuma mediante el sistema <em>Integral Form<\/em>, sin costuras.<\/p>\n<p style=\"text-align: justify;\">El coj\u00edn del respaldo tiene un contorno anat\u00f3mico en la parte baja de la espalda. El coj\u00edn del asiento tiene forma anat\u00f3mica y es liso, sin ning\u00fan tipo de canales o ranuras para evitar la acumulaci\u00f3n de suciedad.<\/p>\n<p style=\"text-align: justify;\">El asiento y el respaldo tienen una carcasa trasera de polipropileno totalmente lavable que evita que aparezcan ara\u00f1azos y suciedad en la tapicer\u00eda trasera.<\/p>\n<p style=\"text-align: justify;\">El respaldo puede incorporar un reposacabezas integrado que se compone de una espuma moldeada de poliuretano tapizado y una carcasa protectora.<\/p>\n<p style=\"text-align: justify;\">El asiento est\u00e1 montado sobre dos pies met\u00e1licos unidos a un puente interno que interconecta las diferentes butacas y permite la formaci\u00f3n de filas totalmente r\u00edgidas y estables.<\/p>\n<p style=\"text-align: justify;\">Los reposabrazos est\u00e1n hechos de espuma de poliuretano con una estructura interna de metal. Opcionalmente, pueden incorporar un portavasos.<\/p>\n","protected":false},"excerpt":{"rendered":"<p>[wpdm_package id=&#8217;23402&#8242;]<\/p>\n<p>[wpdm_package id=&#8217;6998&#8242;]<\/p>\n<p>[wpdm_package id=&#8217;6999&#8242;]<\/p>\n","protected":false},"featured_media":46359,"template":"","meta":{"_acf_changed":false,"content-type":""},"designer_tag":[333],"system_rel_tag":[],"product_cat":[204,224,225,192,243,194,245,195,196,197,198,200,203],"product_tag":[503,506,512],"class_list":{"0":"post-23846","1":"product","2":"type-product","3":"status-publish","4":"has-post-thumbnail","6":"designer_tag-design-center-es","7":"product_cat-seats-for-worship-and-religious-centres-es","8":"product_cat-seats-for-stadiums-and-arenas-es","9":"product_cat-sports-es","10":"product_cat-education-es","11":"product_cat-megaseat-es","12":"product_cat-publicum-es","13":"product_cat-seats-for-planetariums-es","14":"product_cat-seats-for-auditorium-and-conference-rooms-es","15":"product_cat-seats-for-congress-centres-es","16":"product_cat-seats-for-corporate-rooms-es","17":"product_cat-seats-for-cruise-ships-and-ferries-es","18":"product_cat-seats-for-parliaments-es","19":"product_cat-seats-for-universities-and-schools-es","20":"product_tag-education-es","21":"product_tag-sports-es","22":"product_tag-publicum-es","24":"first","25":"instock","26":"downloadable","27":"virtual","28":"product-type-simple"},"acf":[],"_links":{"self":[{"href":"https:\/\/figueras.com\/es\/wp-json\/wp\/v2\/product\/23846","targetHints":{"allow":["GET"]}}],"collection":[{"href":"https:\/\/figueras.com\/es\/wp-json\/wp\/v2\/product"}],"about":[{"href":"https:\/\/figueras.com\/es\/wp-json\/wp\/v2\/types\/product"}],"version-history":[{"count":0,"href":"https:\/\/figueras.com\/es\/wp-json\/wp\/v2\/product\/23846\/revisions"}],"wp:featuredmedia":[{"embeddable":true,"href":"https:\/\/figueras.com\/es\/wp-json\/wp\/v2\/media\/46359"}],"wp:attachment":[{"href":"https:\/\/figueras.com\/es\/wp-json\/wp\/v2\/media?parent=23846"}],"wp:term":[{"taxonomy":"designer_tag","embeddable":true,"href":"https:\/\/figueras.com\/es\/wp-json\/wp\/v2\/designer_tag?post=23846"},{"taxonomy":"system_rel_tag","embeddable":true,"href":"https:\/\/figueras.com\/es\/wp-json\/wp\/v2\/system_rel_tag?post=23846"},{"taxonomy":"product_cat","embeddable":true,"href":"https:\/\/figueras.com\/es\/wp-json\/wp\/v2\/product_cat?post=23846"},{"taxonomy":"product_tag","embeddable":true,"href":"https:\/\/figueras.com\/es\/wp-json\/wp\/v2\/product_tag?post=23846"}],"curies":[{"name":"wp","href":"https:\/\/api.w.org\/{rel}","templated":true}]}}