{"id":23844,"date":"2023-11-01T09:37:54","date_gmt":"2023-11-01T08:37:54","guid":{"rendered":"http:\/\/figueras.com\/seating\/megaseat-9078\/"},"modified":"2025-07-02T17:05:30","modified_gmt":"2025-07-02T15:05:30","slug":"megaseat-9078","status":"publish","type":"product","link":"https:\/\/figueras.com\/es\/asiento\/megaseat-9078\/","title":{"rendered":"Megaseat 9078"},"content":{"rendered":"<p style=\"text-align: justify;\"><strong>La Megaseat 9078 es una butaca de generosas dimensiones altamente confortable. Este modelo ha sido especialmente dise\u00f1ado para su uso en salas VIP de alto nivel, cines o zonas VIP de estadios y arenas.<\/strong><\/p>\n<p style=\"text-align: justify;\">El asiento y el respaldo est\u00e1n compuestos por dos bloques de espuma de poliuretano moldeado que incorporan una estructura interior de metal y la tapicer\u00eda que se integra completamente en la espuma mediante el sistema <em>Integral Form<\/em>, sin costuras.<\/p>\n<p style=\"text-align: justify;\">El coj\u00edn del asiento no tiene ranuras de ning\u00fan tipo para evitar la acumulaci\u00f3n de suciedad. El coj\u00edn del respaldo tiene un contorno anat\u00f3mico para garantizar la comodidad del usuario. Opcionalmente, se puede incorporar un reposacabezas.<\/p>\n<p style=\"text-align: justify;\">El asiento y el respaldo tienen una carcasa trasera de polipropileno totalmente lavable que evita que aparezcan ara\u00f1azos y suciedad en la tapicer\u00eda trasera. Opcionalmente, las carcasas pueden ir tapizadas o con acabado <em>Technowood<\/em>.<\/p>\n<p style=\"text-align: justify;\">El respaldo puede incorporar un reposacabezas compuesto por una espuma moldeada de poliuretano tapizada y una carcasa protectora.<\/p>\n<p style=\"text-align: justify;\">El asiento est\u00e1 montado en un pie central y sostenido por un puente r\u00edgido que asegura la estabilidad de las filas. Los pies son de acero tubular y est\u00e1n fijados al suelo con una base que se puede adaptar a cualquier pendiente.<\/p>\n<p style=\"text-align: justify;\">Los reposabrazos son de espuma de poliuretano semirr\u00edgida con una estructura interna de metal y un portavasos incorporado. Los asientos del final de fila tienen un costadillo de poliuretano fijado a la estructura met\u00e1lica.<\/p>\n","protected":false},"excerpt":{"rendered":"<p>[wpdm_package id=&#8217;23414&#8242;]<\/p>\n<p>[wpdm_package id=&#8217;7007&#8242;]<\/p>\n<p>[wpdm_package id=&#8217;7008&#8242;]<\/p>\n","protected":false},"featured_media":32719,"template":"","meta":{"_acf_changed":false,"content-type":""},"designer_tag":[333],"system_rel_tag":[],"product_cat":[198,224,225,235,237,243],"product_tag":[506,512,500],"class_list":{"0":"post-23844","1":"product","2":"type-product","3":"status-publish","4":"has-post-thumbnail","6":"designer_tag-design-center-es","7":"product_cat-seats-for-cruise-ships-and-ferries-es","8":"product_cat-seats-for-stadiums-and-arenas-es","9":"product_cat-sports-es","10":"product_cat-cinema-es","11":"product_cat-seats-for-cinema-es","12":"product_cat-megaseat-es","13":"product_tag-sports-es","14":"product_tag-publicum-es","15":"product_tag-cinema-es","17":"first","18":"instock","19":"downloadable","20":"virtual","21":"product-type-simple"},"acf":[],"_links":{"self":[{"href":"https:\/\/figueras.com\/es\/wp-json\/wp\/v2\/product\/23844","targetHints":{"allow":["GET"]}}],"collection":[{"href":"https:\/\/figueras.com\/es\/wp-json\/wp\/v2\/product"}],"about":[{"href":"https:\/\/figueras.com\/es\/wp-json\/wp\/v2\/types\/product"}],"version-history":[{"count":0,"href":"https:\/\/figueras.com\/es\/wp-json\/wp\/v2\/product\/23844\/revisions"}],"wp:featuredmedia":[{"embeddable":true,"href":"https:\/\/figueras.com\/es\/wp-json\/wp\/v2\/media\/32719"}],"wp:attachment":[{"href":"https:\/\/figueras.com\/es\/wp-json\/wp\/v2\/media?parent=23844"}],"wp:term":[{"taxonomy":"designer_tag","embeddable":true,"href":"https:\/\/figueras.com\/es\/wp-json\/wp\/v2\/designer_tag?post=23844"},{"taxonomy":"system_rel_tag","embeddable":true,"href":"https:\/\/figueras.com\/es\/wp-json\/wp\/v2\/system_rel_tag?post=23844"},{"taxonomy":"product_cat","embeddable":true,"href":"https:\/\/figueras.com\/es\/wp-json\/wp\/v2\/product_cat?post=23844"},{"taxonomy":"product_tag","embeddable":true,"href":"https:\/\/figueras.com\/es\/wp-json\/wp\/v2\/product_tag?post=23844"}],"curies":[{"name":"wp","href":"https:\/\/api.w.org\/{rel}","templated":true}]}}