{"id":23842,"date":"2023-11-01T09:38:54","date_gmt":"2023-11-01T08:38:54","guid":{"rendered":"http:\/\/figueras.com\/seating\/megaseat-9042\/"},"modified":"2025-05-22T12:49:14","modified_gmt":"2025-05-22T10:49:14","slug":"megaseat-9042","status":"publish","type":"product","link":"https:\/\/figueras.com\/es\/asiento\/megaseat-9042\/","title":{"rendered":"Megaseat 9042"},"content":{"rendered":"<p style=\"text-align: justify;\"><strong>La Megaseat 9042 es una butaca modular compuesta por partes totalmente intercambiables. Con un excelente rendimiento ac\u00fastico, este asiento ha sido especialmente dise\u00f1ado para su uso en salas de cine.<\/strong><\/p>\n<p style=\"text-align: justify;\">El asiento est\u00e1 montado sobre dos pies de metal y sostenido por un puente r\u00edgido que asegura la estabilidad de las filas.<\/p>\n<p style=\"text-align: justify;\">El asiento y el respaldo est\u00e1n compuestos por dos bloques de espuma de poliuretano moldeado que incorporan una estructura interior de metal y la tapicer\u00eda que se integra completamente en la espuma mediante el sistema <em>Integral Form<\/em>, sin costuras.<\/p>\n<p style=\"text-align: justify;\">El coj\u00edn del asiento no tiene ranuras de ning\u00fan tipo para evitar la acumulaci\u00f3n de suciedad. El coj\u00edn del respaldo tiene un contorno anat\u00f3mico para garantizar la comodidad del usuario. Opcionalmente, se puede incorporar un reposacabezas.<\/p>\n<p style=\"text-align: justify;\">El asiento, el respaldo y el reposacabezas tienen una carcasa trasera de polipropileno totalmente lavable que evita que aparezcan ara\u00f1azos y suciedad en la tapicer\u00eda trasera. Opcionalmente, las carcasas pueden ir tapizadas.<\/p>\n<p style=\"text-align: justify;\">El asiento se pliega autom\u00e1ticamente mediante un sistema de doble resorte extremadamente silencioso que se encuentra dentro de la base del asiento, favoreciendo que el espacio quede siempre ordenado y asegurando un ambiente silencioso cuando el usuario desocupa el asiento.<\/p>\n<p style=\"text-align: justify;\">Los reposabrazos son de doble inyecci\u00f3n combinando polipropileno para las partes r\u00edgidas y un elast\u00f3mero \u00absoft\u00bb en la superficie del reposabrazos. En la parte frontal, formando parte de la misma pieza de manera totalmente integrada, se encuentra un portavasos, de f\u00e1cil limpieza gracias a su dise\u00f1o.<\/p>\n","protected":false},"excerpt":{"rendered":"<p>[wpdm_package id=&#8217;23406&#8242;]<\/p>\n<p>[wpdm_package id=&#8217;7001&#8242;]<\/p>\n<p>[wpdm_package id=&#8217;7002&#8242;]<\/p>\n","protected":false},"featured_media":33171,"template":"","meta":{"_acf_changed":false,"content-type":""},"designer_tag":[333],"system_rel_tag":[],"product_cat":[198,224,225,235,237,243],"product_tag":[506,512,500],"class_list":{"0":"post-23842","1":"product","2":"type-product","3":"status-publish","4":"has-post-thumbnail","6":"designer_tag-design-center-es","7":"product_cat-seats-for-cruise-ships-and-ferries-es","8":"product_cat-seats-for-stadiums-and-arenas-es","9":"product_cat-sports-es","10":"product_cat-cinema-es","11":"product_cat-seats-for-cinema-es","12":"product_cat-megaseat-es","13":"product_tag-sports-es","14":"product_tag-publicum-es","15":"product_tag-cinema-es","17":"first","18":"instock","19":"downloadable","20":"virtual","21":"product-type-simple"},"acf":[],"_links":{"self":[{"href":"https:\/\/figueras.com\/es\/wp-json\/wp\/v2\/product\/23842","targetHints":{"allow":["GET"]}}],"collection":[{"href":"https:\/\/figueras.com\/es\/wp-json\/wp\/v2\/product"}],"about":[{"href":"https:\/\/figueras.com\/es\/wp-json\/wp\/v2\/types\/product"}],"version-history":[{"count":0,"href":"https:\/\/figueras.com\/es\/wp-json\/wp\/v2\/product\/23842\/revisions"}],"wp:featuredmedia":[{"embeddable":true,"href":"https:\/\/figueras.com\/es\/wp-json\/wp\/v2\/media\/33171"}],"wp:attachment":[{"href":"https:\/\/figueras.com\/es\/wp-json\/wp\/v2\/media?parent=23842"}],"wp:term":[{"taxonomy":"designer_tag","embeddable":true,"href":"https:\/\/figueras.com\/es\/wp-json\/wp\/v2\/designer_tag?post=23842"},{"taxonomy":"system_rel_tag","embeddable":true,"href":"https:\/\/figueras.com\/es\/wp-json\/wp\/v2\/system_rel_tag?post=23842"},{"taxonomy":"product_cat","embeddable":true,"href":"https:\/\/figueras.com\/es\/wp-json\/wp\/v2\/product_cat?post=23842"},{"taxonomy":"product_tag","embeddable":true,"href":"https:\/\/figueras.com\/es\/wp-json\/wp\/v2\/product_tag?post=23842"}],"curies":[{"name":"wp","href":"https:\/\/api.w.org\/{rel}","templated":true}]}}