{"id":23840,"date":"2023-11-01T09:32:51","date_gmt":"2023-11-01T08:32:51","guid":{"rendered":"http:\/\/figueras.com\/seating\/megaseat-9114\/"},"modified":"2025-09-11T16:26:09","modified_gmt":"2025-09-11T14:26:09","slug":"megaseat-9114","status":"publish","type":"product","link":"https:\/\/figueras.com\/es\/asiento\/megaseat-9114\/","title":{"rendered":"Megaseat 9114"},"content":{"rendered":"<p style=\"text-align: justify;\"><strong>La butaca Megaseat 9114 es una butaca individual de generosas dimensiones, dise\u00f1ada para su uso en salas VIP, cines o salas de Home Cinema. <\/strong><\/p>\n<p style=\"text-align: justify;\">El asiento y el respaldo est\u00e1n compuestos por dos bloques de espuma de poliuretano moldeado que incorporan una estructura interior de metal y la tapicer\u00eda que se integra completamente en la espuma mediante el sistema <em>Integral Form<\/em>, sin costuras.<\/p>\n<p style=\"text-align: justify;\">El respaldo y el coj\u00edn del asiento tienen una forma ergon\u00f3mica para garantizar la m\u00e1xima comodidad del usuario. El asiento est\u00e1 siempre fijo y su coj\u00edn no tiene ranuras de ning\u00fan tipo para evitar la acumulaci\u00f3n de suciedad.<\/p>\n<p style=\"text-align: justify;\">El respaldo es reclinable a voluntad del ocupante mediante la presi\u00f3n que \u00e9ste ejerce, con un \u00e1ngulo de carrera superior a 15\u00b0 entre la posici\u00f3n m\u00e1s erguida y la posici\u00f3n m\u00e1s reclinada. Cuando el asiento es desocupado, el respaldo vuelve autom\u00e1ticamente a su posici\u00f3n original.<\/p>\n<p style=\"text-align: justify;\">El asiento y el respaldo tienen una carcasa trasera de polipropileno totalmente lavable que evita que aparezcan ara\u00f1azos y suciedad en la tapicer\u00eda trasera. Opcionalmente, las carcasas pueden ir tapizadas.<\/p>\n<p style=\"text-align: justify;\">El asiento est\u00e1 montado en un pie central y sostenido por un puente r\u00edgido que asegura la estabilidad de las filas.<\/p>\n<p style=\"text-align: justify;\">Los reposabrazos son de espuma de poliuretano semirr\u00edgida con una estructura interna de metal y un portavasos integrado.<\/p>\n","protected":false},"excerpt":{"rendered":"<p>[wpdm_package id=&#8217;24304&#8242;]<\/p>\n<p>[wpdm_package id=&#8217;7016&#8242;]<\/p>\n","protected":false},"featured_media":32858,"template":"","meta":{"_acf_changed":false,"content-type":""},"designer_tag":[],"system_rel_tag":[],"product_cat":[198,224,225,235,237,243],"product_tag":[512,500,506],"class_list":{"0":"post-23840","1":"product","2":"type-product","3":"status-publish","4":"has-post-thumbnail","6":"product_cat-seats-for-cruise-ships-and-ferries-es","7":"product_cat-seats-for-stadiums-and-arenas-es","8":"product_cat-sports-es","9":"product_cat-cinema-es","10":"product_cat-seats-for-cinema-es","11":"product_cat-megaseat-es","12":"product_tag-publicum-es","13":"product_tag-cinema-es","14":"product_tag-sports-es","16":"first","17":"instock","18":"downloadable","19":"virtual","20":"product-type-simple"},"acf":[],"_links":{"self":[{"href":"https:\/\/figueras.com\/es\/wp-json\/wp\/v2\/product\/23840","targetHints":{"allow":["GET"]}}],"collection":[{"href":"https:\/\/figueras.com\/es\/wp-json\/wp\/v2\/product"}],"about":[{"href":"https:\/\/figueras.com\/es\/wp-json\/wp\/v2\/types\/product"}],"version-history":[{"count":0,"href":"https:\/\/figueras.com\/es\/wp-json\/wp\/v2\/product\/23840\/revisions"}],"wp:featuredmedia":[{"embeddable":true,"href":"https:\/\/figueras.com\/es\/wp-json\/wp\/v2\/media\/32858"}],"wp:attachment":[{"href":"https:\/\/figueras.com\/es\/wp-json\/wp\/v2\/media?parent=23840"}],"wp:term":[{"taxonomy":"designer_tag","embeddable":true,"href":"https:\/\/figueras.com\/es\/wp-json\/wp\/v2\/designer_tag?post=23840"},{"taxonomy":"system_rel_tag","embeddable":true,"href":"https:\/\/figueras.com\/es\/wp-json\/wp\/v2\/system_rel_tag?post=23840"},{"taxonomy":"product_cat","embeddable":true,"href":"https:\/\/figueras.com\/es\/wp-json\/wp\/v2\/product_cat?post=23840"},{"taxonomy":"product_tag","embeddable":true,"href":"https:\/\/figueras.com\/es\/wp-json\/wp\/v2\/product_tag?post=23840"}],"curies":[{"name":"wp","href":"https:\/\/api.w.org\/{rel}","templated":true}]}}