{"id":23838,"date":"2023-11-01T09:44:57","date_gmt":"2023-11-01T08:44:57","guid":{"rendered":"http:\/\/figueras.com\/seating\/smart-13011\/"},"modified":"2025-05-23T13:35:17","modified_gmt":"2025-05-23T11:35:17","slug":"smart-13011","status":"publish","type":"product","link":"https:\/\/figueras.com\/es\/asiento\/smart-13011\/","title":{"rendered":"Smart 13011"},"content":{"rendered":"<p style=\"text-align: justify;\"><strong>La Smart RK Swing 13011 es una butaca modular de generosas dimensiones dise\u00f1ada para ser utilizada en salas de cine, espacios VIP o salas Home Cinema.<br \/>\n<\/strong><\/p>\n<p style=\"text-align: justify;\">El asiento y respaldo est\u00e1n compuestos por dos bloques de espuma de poliuretano moldeada, cuentan con una estructura interior met\u00e1lica y la tapicer\u00eda totalmente integrada a la espuma mediante el sistema <em>Integral Form<\/em>, sin costuras ni cosidos (a excepci\u00f3n de las butacas tapizadas en piel).<\/p>\n<p style=\"text-align: justify;\">El respaldo es reclinable a voluntad del ocupante mediante la presi\u00f3n que \u00e9ste ejerce sobre el propio respaldo, con un \u00e1ngulo de carrera superior a 15\u00b0 entre la posici\u00f3n m\u00e1s erguida y la posici\u00f3n m\u00e1s reclinada. El abatimiento del respaldo se produce de forma suave y silenciosa.<\/p>\n<p style=\"text-align: justify;\">Al desocupar la butaca el respaldo regresa a la posici\u00f3n inicial gracias al sistema de recogida autom\u00e1tica del respaldo. De esta forma la sala siempre quedar\u00e1 visiblemente ordenada sin ning\u00fan tipo de esfuerzo.<\/p>\n<p style=\"text-align: justify;\">El respaldo tambi\u00e9n puede realizarse en configuraci\u00f3n HR. Este tipo de respaldo se caracteriza por incorporar un reposacabezas que se integra en el conjunto del respaldo. Este sistema de reposacabezas proporciona una ventaja ergon\u00f3mica clara al convertirse en una prolongaci\u00f3n natural del respaldo.<\/p>\n","protected":false},"excerpt":{"rendered":"<p>[wpdm_package id=&#8217;24508&#8242;]<\/p>\n<p>[wpdm_package id=&#8217;7236&#8242;]<\/p>\n<p>[wpdm_package id=&#8217;7237&#8242;]<\/p>\n","protected":false},"featured_media":33080,"template":"","meta":{"_acf_changed":false,"content-type":""},"designer_tag":[333],"system_rel_tag":[],"product_cat":[224,225,235,237,241],"product_tag":[500,506],"class_list":{"0":"post-23838","1":"product","2":"type-product","3":"status-publish","4":"has-post-thumbnail","6":"designer_tag-design-center-es","7":"product_cat-seats-for-stadiums-and-arenas-es","8":"product_cat-sports-es","9":"product_cat-cinema-es","10":"product_cat-seats-for-cinema-es","11":"product_cat-smart-es","12":"product_tag-cinema-es","13":"product_tag-sports-es","15":"first","16":"instock","17":"downloadable","18":"virtual","19":"product-type-simple"},"acf":[],"_links":{"self":[{"href":"https:\/\/figueras.com\/es\/wp-json\/wp\/v2\/product\/23838","targetHints":{"allow":["GET"]}}],"collection":[{"href":"https:\/\/figueras.com\/es\/wp-json\/wp\/v2\/product"}],"about":[{"href":"https:\/\/figueras.com\/es\/wp-json\/wp\/v2\/types\/product"}],"version-history":[{"count":0,"href":"https:\/\/figueras.com\/es\/wp-json\/wp\/v2\/product\/23838\/revisions"}],"wp:featuredmedia":[{"embeddable":true,"href":"https:\/\/figueras.com\/es\/wp-json\/wp\/v2\/media\/33080"}],"wp:attachment":[{"href":"https:\/\/figueras.com\/es\/wp-json\/wp\/v2\/media?parent=23838"}],"wp:term":[{"taxonomy":"designer_tag","embeddable":true,"href":"https:\/\/figueras.com\/es\/wp-json\/wp\/v2\/designer_tag?post=23838"},{"taxonomy":"system_rel_tag","embeddable":true,"href":"https:\/\/figueras.com\/es\/wp-json\/wp\/v2\/system_rel_tag?post=23838"},{"taxonomy":"product_cat","embeddable":true,"href":"https:\/\/figueras.com\/es\/wp-json\/wp\/v2\/product_cat?post=23838"},{"taxonomy":"product_tag","embeddable":true,"href":"https:\/\/figueras.com\/es\/wp-json\/wp\/v2\/product_tag?post=23838"}],"curies":[{"name":"wp","href":"https:\/\/api.w.org\/{rel}","templated":true}]}}