{"id":23834,"date":"2023-11-01T09:46:57","date_gmt":"2023-11-01T08:46:57","guid":{"rendered":"http:\/\/figueras.com\/seating\/smart-rc-13012\/"},"modified":"2025-05-23T13:24:09","modified_gmt":"2025-05-23T11:24:09","slug":"smart-rc-13012","status":"publish","type":"product","link":"https:\/\/figueras.com\/es\/asiento\/smart-rc-13012\/","title":{"rendered":"Smart RC 13012"},"content":{"rendered":"<p style=\"text-align: justify;\"><strong>La Smart RC 13012 es una butaca modular dise\u00f1ada para salas VIP, cines o salas Home Cinema que requieran de un producto elegante, de gran confort y generosas dimensiones.<br \/>\n<\/strong><\/p>\n<p style=\"text-align: justify;\">El asiento y el respaldo est\u00e1n compuestos por un bloque de espuma de poliuretano moldeado con una estructura met\u00e1lica integral. La tapicer\u00eda se une a la espuma mediante el sistema <em>Integral Form<\/em>, sin costuras.<\/p>\n<p style=\"text-align: justify;\">El respaldo se puede reclinar pulsando un bot\u00f3n que se encuentra en el reposabrazos, con un \u00e1ngulo m\u00e1ximo de recorrido de 15\u00b0. Cuando el asiento se desocupa, este vuelve a su posici\u00f3n original.<\/p>\n<p style=\"text-align: justify;\">El respaldo tambi\u00e9n puede tener un acabado HR. Este tipo de acabado se caracteriza por incluir un reposacabezas que se integra en el propio respaldo, proporcionando una clara ventaja ergon\u00f3mica al convertirse en una extensi\u00f3n natural del mismo.<\/p>\n<p style=\"text-align: justify;\">El asiento, el respaldo y el reposacabezas est\u00e1n equipados con carcasas de polipropileno que protegen la tapicer\u00eda en la parte posterior de la butaca.<\/p>\n","protected":false},"excerpt":{"rendered":"<p>[wpdm_package id=&#8217;24503&#8242;]<\/p>\n<p>[wpdm_package id=&#8217;7227&#8242;]<\/p>\n<p>[wpdm_package id=&#8217;7228&#8242;]<\/p>\n","protected":false},"featured_media":33121,"template":"","meta":{"_acf_changed":false,"content-type":""},"designer_tag":[],"system_rel_tag":[],"product_cat":[224,225,235,237,241],"product_tag":[500,506],"class_list":{"0":"post-23834","1":"product","2":"type-product","3":"status-publish","4":"has-post-thumbnail","6":"product_cat-seats-for-stadiums-and-arenas-es","7":"product_cat-sports-es","8":"product_cat-cinema-es","9":"product_cat-seats-for-cinema-es","10":"product_cat-smart-es","11":"product_tag-cinema-es","12":"product_tag-sports-es","14":"first","15":"instock","16":"downloadable","17":"virtual","18":"product-type-simple"},"acf":[],"_links":{"self":[{"href":"https:\/\/figueras.com\/es\/wp-json\/wp\/v2\/product\/23834","targetHints":{"allow":["GET"]}}],"collection":[{"href":"https:\/\/figueras.com\/es\/wp-json\/wp\/v2\/product"}],"about":[{"href":"https:\/\/figueras.com\/es\/wp-json\/wp\/v2\/types\/product"}],"version-history":[{"count":0,"href":"https:\/\/figueras.com\/es\/wp-json\/wp\/v2\/product\/23834\/revisions"}],"wp:featuredmedia":[{"embeddable":true,"href":"https:\/\/figueras.com\/es\/wp-json\/wp\/v2\/media\/33121"}],"wp:attachment":[{"href":"https:\/\/figueras.com\/es\/wp-json\/wp\/v2\/media?parent=23834"}],"wp:term":[{"taxonomy":"designer_tag","embeddable":true,"href":"https:\/\/figueras.com\/es\/wp-json\/wp\/v2\/designer_tag?post=23834"},{"taxonomy":"system_rel_tag","embeddable":true,"href":"https:\/\/figueras.com\/es\/wp-json\/wp\/v2\/system_rel_tag?post=23834"},{"taxonomy":"product_cat","embeddable":true,"href":"https:\/\/figueras.com\/es\/wp-json\/wp\/v2\/product_cat?post=23834"},{"taxonomy":"product_tag","embeddable":true,"href":"https:\/\/figueras.com\/es\/wp-json\/wp\/v2\/product_tag?post=23834"}],"curies":[{"name":"wp","href":"https:\/\/api.w.org\/{rel}","templated":true}]}}