{"id":23832,"date":"2023-11-01T09:47:57","date_gmt":"2023-11-01T08:47:57","guid":{"rendered":"http:\/\/figueras.com\/seating\/smart-13033\/"},"modified":"2025-05-23T13:18:48","modified_gmt":"2025-05-23T11:18:48","slug":"smart-13033","status":"publish","type":"product","link":"https:\/\/figueras.com\/es\/asiento\/smart-13033\/","title":{"rendered":"Smart 13033"},"content":{"rendered":"<p style=\"text-align: justify;\"><strong>La Smart 13033 es una butaca de generosas dimensiones dise\u00f1ada para parlamentos, salas de conferencias, salas corporativas, centros de congresos o auditorios que requieren de un producto que aporte al usuario un gran confort.<br \/>\n<\/strong><\/p>\n<p style=\"text-align: justify;\">El asiento y el respaldo est\u00e1n compuestos por dos bloques de espuma de poliuretano moldeado que incorporan una estructura interior de metal y la tapicer\u00eda que se integra completamente en la espuma mediante el sistema <em>Integral Form<\/em>, sin costuras.<\/p>\n<p style=\"text-align: justify;\">El coj\u00edn del respaldo tiene forma anat\u00f3mica para proporcionar una comodidad \u00f3ptima al usuario. Tanto el coj\u00edn del asiento como el del respaldo tienen una carcasa de polipropileno en la parte trasera que protege la tapicer\u00eda.<\/p>\n<p style=\"text-align: justify;\">El asiento se pliega autom\u00e1ticamente mediante un sistema de doble resorte extremadamente silencioso que se encuentra dentro de la carcasa del asiento, favoreciendo que el espacio quede siempre ordenado y asegurando un ambiente silencioso cuando el usuario deja el asiento.<\/p>\n<p style=\"text-align: justify;\">Los reposabrazos pueden ser completamente tapizados o en acabado de madera.\u00a0La butaca tambi\u00e9n puede ir sin reposabrazos.<\/p>\n<p style=\"text-align: justify;\">La butaca se monta en dos costadillos en los que se incorpora la r\u00f3tula con un mecanismo de bloqueo en el que encajan los ejes del asiento. Esto permite una f\u00e1cil sustituci\u00f3n del asiento.<\/p>\n<p style=\"text-align: justify;\">Los costadillos del asiento est\u00e1n totalmente tapizados y quedan unidos a una base de acero, mediante la cual se fija al suelo con un anclaje que queda oculto. La parte superior del reposabrazos incorpora una capa de espuma para que este sea suave al tacto.<\/p>\n<p style=\"text-align: justify;\">El asiento se adapta mediante su base a la pendiente espec\u00edfica del suelo de la sala. Las filas est\u00e1n formadas por asientos interconectados, asegurando una configuraci\u00f3n r\u00edgida y estable de las filas, reforzando el anclaje al suelo.<\/p>\n<p style=\"text-align: justify;\">Este asiento, junto con los atriles <strong>APL<\/strong>, <strong>GPL<\/strong> y <strong>PLX<\/strong>, se convierte en una soluci\u00f3n \u00f3ptima para largas sesiones de trabajo y conferencias.<\/p>\n","protected":false},"excerpt":{"rendered":"<p>[wpdm_package id=&#8217;24481&#8242;]<\/p>\n<p>[wpdm_package id=&#8217;7196&#8242;]<\/p>\n<p>[wpdm_package id=&#8217;8243&#8242;]<\/p>\n","protected":false},"featured_media":45589,"template":"","meta":{"_acf_changed":false,"content-type":""},"designer_tag":[333],"system_rel_tag":[],"product_cat":[225,241,192,194,195,196,197,200,203,224],"product_tag":[503,506,512],"class_list":{"0":"post-23832","1":"product","2":"type-product","3":"status-publish","4":"has-post-thumbnail","6":"designer_tag-design-center-es","7":"product_cat-sports-es","8":"product_cat-smart-es","9":"product_cat-education-es","10":"product_cat-publicum-es","11":"product_cat-seats-for-auditorium-and-conference-rooms-es","12":"product_cat-seats-for-congress-centres-es","13":"product_cat-seats-for-corporate-rooms-es","14":"product_cat-seats-for-parliaments-es","15":"product_cat-seats-for-universities-and-schools-es","16":"product_cat-seats-for-stadiums-and-arenas-es","17":"product_tag-education-es","18":"product_tag-sports-es","19":"product_tag-publicum-es","21":"first","22":"instock","23":"downloadable","24":"virtual","25":"product-type-simple"},"acf":[],"_links":{"self":[{"href":"https:\/\/figueras.com\/es\/wp-json\/wp\/v2\/product\/23832","targetHints":{"allow":["GET"]}}],"collection":[{"href":"https:\/\/figueras.com\/es\/wp-json\/wp\/v2\/product"}],"about":[{"href":"https:\/\/figueras.com\/es\/wp-json\/wp\/v2\/types\/product"}],"version-history":[{"count":0,"href":"https:\/\/figueras.com\/es\/wp-json\/wp\/v2\/product\/23832\/revisions"}],"wp:featuredmedia":[{"embeddable":true,"href":"https:\/\/figueras.com\/es\/wp-json\/wp\/v2\/media\/45589"}],"wp:attachment":[{"href":"https:\/\/figueras.com\/es\/wp-json\/wp\/v2\/media?parent=23832"}],"wp:term":[{"taxonomy":"designer_tag","embeddable":true,"href":"https:\/\/figueras.com\/es\/wp-json\/wp\/v2\/designer_tag?post=23832"},{"taxonomy":"system_rel_tag","embeddable":true,"href":"https:\/\/figueras.com\/es\/wp-json\/wp\/v2\/system_rel_tag?post=23832"},{"taxonomy":"product_cat","embeddable":true,"href":"https:\/\/figueras.com\/es\/wp-json\/wp\/v2\/product_cat?post=23832"},{"taxonomy":"product_tag","embeddable":true,"href":"https:\/\/figueras.com\/es\/wp-json\/wp\/v2\/product_tag?post=23832"}],"curies":[{"name":"wp","href":"https:\/\/api.w.org\/{rel}","templated":true}]}}