{"id":23826,"date":"2023-11-01T09:58:57","date_gmt":"2023-11-01T08:58:57","guid":{"rendered":"http:\/\/figueras.com\/seating\/riva-twin-heritage-4303\/"},"modified":"2025-05-23T12:29:45","modified_gmt":"2025-05-23T10:29:45","slug":"riva-twin-heritage-4303","status":"publish","type":"product","link":"https:\/\/figueras.com\/es\/asiento\/riva-twin-heritage-4303\/","title":{"rendered":"Riva Twin Heritage 4303"},"content":{"rendered":"<p style=\"text-align: justify;\"><strong>La Riva Twin Heritage 4303 es una butaca\u00a0<em>loveseat<\/em> VVIP \u00fanica, dise\u00f1ada para su uso en salas VIP de alto nivel, cines, estadios o salas de cine en casa.<br \/>\n<\/strong><\/p>\n<p style=\"text-align: justify;\">Equipada con hasta dos motores, el respaldo y el reposapi\u00e9s se pueden reclinar seg\u00fan desee el ocupante utilizando una botonera t\u00e1ctil ubicada en el reposabrazos del asiento.<\/p>\n<p style=\"text-align: justify;\">El sistema de retorno autom\u00e1tico mantiene el espacio siempre ordenado y libre para moverse entre filas, devolviendo el respaldo y el reposapi\u00e9s a su posici\u00f3n original cuando el usuario se pone de pie.<\/p>\n<p style=\"text-align: justify;\">El respaldo est\u00e1 formado por dos bloques de espuma de poliuretano moldeada, con una estructura integral incorporada y tapizado artesanal.<\/p>\n<p style=\"text-align: justify;\">No hay l\u00edmites en opciones y acabados, se pueden agregar todo tipo de accesorios diferentes la butaca Riva Twin Heritage, logrando la m\u00e1xima personalizaci\u00f3n y una funcionalidad \u00f3ptima.<\/p>\n","protected":false},"excerpt":{"rendered":"<p>[wpdm_package id=&#8217;24374&#8242;]<\/p>\n<p>[wpdm_package id=&#8217;7177&#8242;]<\/p>\n","protected":false},"featured_media":33002,"template":"","meta":{"_acf_changed":false,"content-type":""},"designer_tag":[],"system_rel_tag":[],"product_cat":[224,225,235,237,239],"product_tag":[500,506],"class_list":{"0":"post-23826","1":"product","2":"type-product","3":"status-publish","4":"has-post-thumbnail","6":"product_cat-seats-for-stadiums-and-arenas-es","7":"product_cat-sports-es","8":"product_cat-cinema-es","9":"product_cat-seats-for-cinema-es","10":"product_cat-riva-es","11":"product_tag-cinema-es","12":"product_tag-sports-es","14":"first","15":"instock","16":"downloadable","17":"virtual","18":"product-type-simple"},"acf":[],"_links":{"self":[{"href":"https:\/\/figueras.com\/es\/wp-json\/wp\/v2\/product\/23826","targetHints":{"allow":["GET"]}}],"collection":[{"href":"https:\/\/figueras.com\/es\/wp-json\/wp\/v2\/product"}],"about":[{"href":"https:\/\/figueras.com\/es\/wp-json\/wp\/v2\/types\/product"}],"version-history":[{"count":0,"href":"https:\/\/figueras.com\/es\/wp-json\/wp\/v2\/product\/23826\/revisions"}],"wp:featuredmedia":[{"embeddable":true,"href":"https:\/\/figueras.com\/es\/wp-json\/wp\/v2\/media\/33002"}],"wp:attachment":[{"href":"https:\/\/figueras.com\/es\/wp-json\/wp\/v2\/media?parent=23826"}],"wp:term":[{"taxonomy":"designer_tag","embeddable":true,"href":"https:\/\/figueras.com\/es\/wp-json\/wp\/v2\/designer_tag?post=23826"},{"taxonomy":"system_rel_tag","embeddable":true,"href":"https:\/\/figueras.com\/es\/wp-json\/wp\/v2\/system_rel_tag?post=23826"},{"taxonomy":"product_cat","embeddable":true,"href":"https:\/\/figueras.com\/es\/wp-json\/wp\/v2\/product_cat?post=23826"},{"taxonomy":"product_tag","embeddable":true,"href":"https:\/\/figueras.com\/es\/wp-json\/wp\/v2\/product_tag?post=23826"}],"curies":[{"name":"wp","href":"https:\/\/api.w.org\/{rel}","templated":true}]}}