{"id":23824,"date":"2023-11-01T09:59:54","date_gmt":"2023-11-01T08:59:54","guid":{"rendered":"http:\/\/figueras.com\/seating\/riva-heritage-4301\/"},"modified":"2025-05-23T12:26:44","modified_gmt":"2025-05-23T10:26:44","slug":"riva-heritage-4301","status":"publish","type":"product","link":"https:\/\/figueras.com\/es\/asiento\/riva-heritage-4301\/","title":{"rendered":"Riva Heritage 4301"},"content":{"rendered":"<p style=\"text-align: justify;\"><strong>La Riva Heritage 4301 es una butaca VVIP especialmente dise\u00f1ada para su uso en salas VIP de alto nivel, salas de cine, estadios o salas Home Cinema.<\/strong><\/p>\n<p style=\"text-align: justify;\">Equipada con hasta dos motores, el respaldo y el reposapi\u00e9s se pueden reclinar seg\u00fan lo desee el ocupante utilizando una botonera t\u00e1ctil ubicada en el reposabrazos del asiento.<\/p>\n<p style=\"text-align: justify;\">El sistema de retorno autom\u00e1tico mantiene el espacio siempre ordenado y libre para moverse entre filas, devolviendo el respaldo y el reposapi\u00e9s a su posici\u00f3n original cuando el usuario se pone de pie.<\/p>\n<p style=\"text-align: justify;\">El respaldo est\u00e1 formado por dos bloques de espuma de poliuretano moldeada, con estructura integral incorporada y tapizado artesanal.<\/p>\n<p style=\"text-align: justify;\">No hay l\u00edmites en opciones y acabados, se pueden agregar todo tipo de accesorios diferentes al asiento Riva Heritage, logrando la m\u00e1xima personalizaci\u00f3n y una funcionalidad \u00f3ptima.<\/p>\n","protected":false},"excerpt":{"rendered":"<p>[wpdm_package id=&#8217;24356&#8242;]<\/p>\n<p>[wpdm_package id=&#8217;7174&#8242;]<\/p>\n<p>[wpdm_package id=&#8217;7175&#8242;]<\/p>\n","protected":false},"featured_media":32901,"template":"","meta":{"_acf_changed":false,"content-type":""},"designer_tag":[],"system_rel_tag":[],"product_cat":[198,224,225,235,237,239],"product_tag":[512,500,506],"class_list":{"0":"post-23824","1":"product","2":"type-product","3":"status-publish","4":"has-post-thumbnail","6":"product_cat-seats-for-cruise-ships-and-ferries-es","7":"product_cat-seats-for-stadiums-and-arenas-es","8":"product_cat-sports-es","9":"product_cat-cinema-es","10":"product_cat-seats-for-cinema-es","11":"product_cat-riva-es","12":"product_tag-publicum-es","13":"product_tag-cinema-es","14":"product_tag-sports-es","16":"first","17":"instock","18":"downloadable","19":"virtual","20":"product-type-simple"},"acf":[],"yoast_head":"<!-- This site is optimized with the Yoast SEO plugin v27.4 - https:\/\/yoast.com\/product\/yoast-seo-wordpress\/ -->\n<title>Riva Heritage 4301 - Figueras Seating (ES)<\/title>\n<meta name=\"description\" content=\"Asientos reclinables personalizados VVIP, asientos de retorno autom\u00e1tico. Especialmente dise\u00f1ados para salas VIP de alto nivel, cines o home cinemas.\" \/>\n<meta name=\"robots\" content=\"index, follow, max-snippet:-1, max-image-preview:large, max-video-preview:-1\" \/>\n<link rel=\"canonical\" href=\"https:\/\/figueras.com\/es\/asiento\/riva-heritage-4301\/\" \/>\n<meta property=\"og:locale\" content=\"es_ES\" \/>\n<meta property=\"og:type\" content=\"article\" \/>\n<meta property=\"og:title\" content=\"Riva Heritage 4301 - Figueras Seating (ES)\" \/>\n<meta property=\"og:description\" content=\"Asientos reclinables personalizados VVIP, asientos de retorno autom\u00e1tico. Especialmente dise\u00f1ados para salas VIP de alto nivel, cines o home cinemas.\" \/>\n<meta property=\"og:url\" content=\"https:\/\/figueras.com\/es\/asiento\/riva-heritage-4301\/\" \/>\n<meta property=\"og:site_name\" content=\"Figueras Seating\" \/>\n<meta property=\"article:modified_time\" content=\"2025-05-23T10:26:44+00:00\" \/>\n<meta property=\"og:image\" content=\"https:\/\/figueras.com\/wp-content\/uploads\/2023\/11\/Riva-Heritage_V2107_p00.png\" \/>\n\t<meta property=\"og:image:width\" content=\"1000\" \/>\n\t<meta property=\"og:image:height\" content=\"1200\" \/>\n\t<meta property=\"og:image:type\" content=\"image\/png\" \/>\n<meta name=\"twitter:card\" content=\"summary_large_image\" \/>\n<meta name=\"twitter:label1\" content=\"Tiempo de lectura\" \/>\n\t<meta name=\"twitter:data1\" content=\"1 minuto\" \/>\n<script type=\"application\/ld+json\" class=\"yoast-schema-graph\">{\"@context\":\"https:\\\/\\\/schema.org\",\"@graph\":[{\"@type\":\"WebPage\",\"@id\":\"https:\\\/\\\/figueras.com\\\/es\\\/asiento\\\/riva-heritage-4301\\\/\",\"url\":\"https:\\\/\\\/figueras.com\\\/es\\\/asiento\\\/riva-heritage-4301\\\/\",\"name\":\"Riva Heritage 4301 - Figueras Seating (ES)\",\"isPartOf\":{\"@id\":\"https:\\\/\\\/figueras.com\\\/es\\\/#website\"},\"primaryImageOfPage\":{\"@id\":\"https:\\\/\\\/figueras.com\\\/es\\\/asiento\\\/riva-heritage-4301\\\/#primaryimage\"},\"image\":{\"@id\":\"https:\\\/\\\/figueras.com\\\/es\\\/asiento\\\/riva-heritage-4301\\\/#primaryimage\"},\"thumbnailUrl\":\"https:\\\/\\\/figueras.com\\\/wp-content\\\/uploads\\\/2023\\\/11\\\/Riva-Heritage_V2107_p00.png\",\"datePublished\":\"2023-11-01T08:59:54+00:00\",\"dateModified\":\"2025-05-23T10:26:44+00:00\",\"description\":\"Asientos reclinables personalizados VVIP, asientos de retorno autom\u00e1tico. Especialmente dise\u00f1ados para salas VIP de alto nivel, cines o home cinemas.\",\"breadcrumb\":{\"@id\":\"https:\\\/\\\/figueras.com\\\/es\\\/asiento\\\/riva-heritage-4301\\\/#breadcrumb\"},\"inLanguage\":\"es\",\"potentialAction\":[{\"@type\":\"ReadAction\",\"target\":[\"https:\\\/\\\/figueras.com\\\/es\\\/asiento\\\/riva-heritage-4301\\\/\"]}]},{\"@type\":\"ImageObject\",\"inLanguage\":\"es\",\"@id\":\"https:\\\/\\\/figueras.com\\\/es\\\/asiento\\\/riva-heritage-4301\\\/#primaryimage\",\"url\":\"https:\\\/\\\/figueras.com\\\/wp-content\\\/uploads\\\/2023\\\/11\\\/Riva-Heritage_V2107_p00.png\",\"contentUrl\":\"https:\\\/\\\/figueras.com\\\/wp-content\\\/uploads\\\/2023\\\/11\\\/Riva-Heritage_V2107_p00.png\",\"width\":1000,\"height\":1200,\"caption\":\"Riva Heritage\"},{\"@type\":\"BreadcrumbList\",\"@id\":\"https:\\\/\\\/figueras.com\\\/es\\\/asiento\\\/riva-heritage-4301\\\/#breadcrumb\",\"itemListElement\":[{\"@type\":\"ListItem\",\"position\":1,\"name\":\"Home\",\"item\":\"https:\\\/\\\/figueras.com\\\/es\\\/\"},{\"@type\":\"ListItem\",\"position\":2,\"name\":\"Productos\",\"item\":\"https:\\\/\\\/figueras.com\\\/es\\\/shop\\\/\"},{\"@type\":\"ListItem\",\"position\":3,\"name\":\"Riva Heritage 4301\"}]},{\"@type\":\"WebSite\",\"@id\":\"https:\\\/\\\/figueras.com\\\/es\\\/#website\",\"url\":\"https:\\\/\\\/figueras.com\\\/es\\\/\",\"name\":\"Figueras Seating\",\"description\":\"\",\"publisher\":{\"@id\":\"https:\\\/\\\/figueras.com\\\/es\\\/#organization\"},\"potentialAction\":[{\"@type\":\"SearchAction\",\"target\":{\"@type\":\"EntryPoint\",\"urlTemplate\":\"https:\\\/\\\/figueras.com\\\/es\\\/?s={search_term_string}\"},\"query-input\":{\"@type\":\"PropertyValueSpecification\",\"valueRequired\":true,\"valueName\":\"search_term_string\"}}],\"inLanguage\":\"es\"},{\"@type\":\"Organization\",\"@id\":\"https:\\\/\\\/figueras.com\\\/es\\\/#organization\",\"name\":\"Figueras International Seating, S.L.U.\",\"alternateName\":\"Figueras Seating\",\"url\":\"https:\\\/\\\/figueras.com\\\/es\\\/\",\"logo\":{\"@type\":\"ImageObject\",\"inLanguage\":\"es\",\"@id\":\"https:\\\/\\\/figueras.com\\\/es\\\/#\\\/schema\\\/logo\\\/image\\\/\",\"url\":\"https:\\\/\\\/figueras.com\\\/wp-content\\\/uploads\\\/2023\\\/04\\\/figueraslogoheader.png\",\"contentUrl\":\"https:\\\/\\\/figueras.com\\\/wp-content\\\/uploads\\\/2023\\\/04\\\/figueraslogoheader.png\",\"width\":739,\"height\":127,\"caption\":\"Figueras International Seating, S.L.U.\"},\"image\":{\"@id\":\"https:\\\/\\\/figueras.com\\\/es\\\/#\\\/schema\\\/logo\\\/image\\\/\"},\"sameAs\":[\"https:\\\/\\\/www.linkedin.com\\\/company\\\/figuerasseating\\\/\",\"https:\\\/\\\/www.instagram.com\\\/figueras.seating\\\/\",\"https:\\\/\\\/vimeo.com\\\/figuerasseating\",\"https:\\\/\\\/es.pinterest.com\\\/figuerasint\\\/\"]}]}<\/script>\n<!-- \/ Yoast SEO plugin. -->","yoast_head_json":{"title":"Riva Heritage 4301 - Figueras Seating (ES)","description":"Asientos reclinables personalizados VVIP, asientos de retorno autom\u00e1tico. Especialmente dise\u00f1ados para salas VIP de alto nivel, cines o home cinemas.","robots":{"index":"index","follow":"follow","max-snippet":"max-snippet:-1","max-image-preview":"max-image-preview:large","max-video-preview":"max-video-preview:-1"},"canonical":"https:\/\/figueras.com\/es\/asiento\/riva-heritage-4301\/","og_locale":"es_ES","og_type":"article","og_title":"Riva Heritage 4301 - Figueras Seating (ES)","og_description":"Asientos reclinables personalizados VVIP, asientos de retorno autom\u00e1tico. Especialmente dise\u00f1ados para salas VIP de alto nivel, cines o home cinemas.","og_url":"https:\/\/figueras.com\/es\/asiento\/riva-heritage-4301\/","og_site_name":"Figueras Seating","article_modified_time":"2025-05-23T10:26:44+00:00","og_image":[{"width":1000,"height":1200,"url":"https:\/\/figueras.com\/wp-content\/uploads\/2023\/11\/Riva-Heritage_V2107_p00.png","type":"image\/png"}],"twitter_card":"summary_large_image","twitter_misc":{"Tiempo de lectura":"1 minuto"},"schema":{"@context":"https:\/\/schema.org","@graph":[{"@type":"WebPage","@id":"https:\/\/figueras.com\/es\/asiento\/riva-heritage-4301\/","url":"https:\/\/figueras.com\/es\/asiento\/riva-heritage-4301\/","name":"Riva Heritage 4301 - Figueras Seating (ES)","isPartOf":{"@id":"https:\/\/figueras.com\/es\/#website"},"primaryImageOfPage":{"@id":"https:\/\/figueras.com\/es\/asiento\/riva-heritage-4301\/#primaryimage"},"image":{"@id":"https:\/\/figueras.com\/es\/asiento\/riva-heritage-4301\/#primaryimage"},"thumbnailUrl":"https:\/\/figueras.com\/wp-content\/uploads\/2023\/11\/Riva-Heritage_V2107_p00.png","datePublished":"2023-11-01T08:59:54+00:00","dateModified":"2025-05-23T10:26:44+00:00","description":"Asientos reclinables personalizados VVIP, asientos de retorno autom\u00e1tico. Especialmente dise\u00f1ados para salas VIP de alto nivel, cines o home cinemas.","breadcrumb":{"@id":"https:\/\/figueras.com\/es\/asiento\/riva-heritage-4301\/#breadcrumb"},"inLanguage":"es","potentialAction":[{"@type":"ReadAction","target":["https:\/\/figueras.com\/es\/asiento\/riva-heritage-4301\/"]}]},{"@type":"ImageObject","inLanguage":"es","@id":"https:\/\/figueras.com\/es\/asiento\/riva-heritage-4301\/#primaryimage","url":"https:\/\/figueras.com\/wp-content\/uploads\/2023\/11\/Riva-Heritage_V2107_p00.png","contentUrl":"https:\/\/figueras.com\/wp-content\/uploads\/2023\/11\/Riva-Heritage_V2107_p00.png","width":1000,"height":1200,"caption":"Riva Heritage"},{"@type":"BreadcrumbList","@id":"https:\/\/figueras.com\/es\/asiento\/riva-heritage-4301\/#breadcrumb","itemListElement":[{"@type":"ListItem","position":1,"name":"Home","item":"https:\/\/figueras.com\/es\/"},{"@type":"ListItem","position":2,"name":"Productos","item":"https:\/\/figueras.com\/es\/shop\/"},{"@type":"ListItem","position":3,"name":"Riva Heritage 4301"}]},{"@type":"WebSite","@id":"https:\/\/figueras.com\/es\/#website","url":"https:\/\/figueras.com\/es\/","name":"Figueras Seating","description":"","publisher":{"@id":"https:\/\/figueras.com\/es\/#organization"},"potentialAction":[{"@type":"SearchAction","target":{"@type":"EntryPoint","urlTemplate":"https:\/\/figueras.com\/es\/?s={search_term_string}"},"query-input":{"@type":"PropertyValueSpecification","valueRequired":true,"valueName":"search_term_string"}}],"inLanguage":"es"},{"@type":"Organization","@id":"https:\/\/figueras.com\/es\/#organization","name":"Figueras International Seating, S.L.U.","alternateName":"Figueras Seating","url":"https:\/\/figueras.com\/es\/","logo":{"@type":"ImageObject","inLanguage":"es","@id":"https:\/\/figueras.com\/es\/#\/schema\/logo\/image\/","url":"https:\/\/figueras.com\/wp-content\/uploads\/2023\/04\/figueraslogoheader.png","contentUrl":"https:\/\/figueras.com\/wp-content\/uploads\/2023\/04\/figueraslogoheader.png","width":739,"height":127,"caption":"Figueras International Seating, S.L.U."},"image":{"@id":"https:\/\/figueras.com\/es\/#\/schema\/logo\/image\/"},"sameAs":["https:\/\/www.linkedin.com\/company\/figuerasseating\/","https:\/\/www.instagram.com\/figueras.seating\/","https:\/\/vimeo.com\/figuerasseating","https:\/\/es.pinterest.com\/figuerasint\/"]}]}},"_links":{"self":[{"href":"https:\/\/figueras.com\/es\/wp-json\/wp\/v2\/product\/23824","targetHints":{"allow":["GET"]}}],"collection":[{"href":"https:\/\/figueras.com\/es\/wp-json\/wp\/v2\/product"}],"about":[{"href":"https:\/\/figueras.com\/es\/wp-json\/wp\/v2\/types\/product"}],"version-history":[{"count":0,"href":"https:\/\/figueras.com\/es\/wp-json\/wp\/v2\/product\/23824\/revisions"}],"wp:featuredmedia":[{"embeddable":true,"href":"https:\/\/figueras.com\/es\/wp-json\/wp\/v2\/media\/32901"}],"wp:attachment":[{"href":"https:\/\/figueras.com\/es\/wp-json\/wp\/v2\/media?parent=23824"}],"wp:term":[{"taxonomy":"designer_tag","embeddable":true,"href":"https:\/\/figueras.com\/es\/wp-json\/wp\/v2\/designer_tag?post=23824"},{"taxonomy":"system_rel_tag","embeddable":true,"href":"https:\/\/figueras.com\/es\/wp-json\/wp\/v2\/system_rel_tag?post=23824"},{"taxonomy":"product_cat","embeddable":true,"href":"https:\/\/figueras.com\/es\/wp-json\/wp\/v2\/product_cat?post=23824"},{"taxonomy":"product_tag","embeddable":true,"href":"https:\/\/figueras.com\/es\/wp-json\/wp\/v2\/product_tag?post=23824"}],"curies":[{"name":"wp","href":"https:\/\/api.w.org\/{rel}","templated":true}]}}