{"id":23822,"date":"2023-11-01T10:09:51","date_gmt":"2023-11-01T09:09:51","guid":{"rendered":"http:\/\/figueras.com\/seating\/hollywood-5400\/"},"modified":"2026-04-27T15:35:24","modified_gmt":"2026-04-27T13:35:24","slug":"hollywood-5400","status":"publish","type":"product","link":"https:\/\/figueras.com\/es\/asiento\/hollywood-5400\/","title":{"rendered":"Hollywood 5400"},"content":{"rendered":"<p style=\"text-align: justify;\"><strong>La butaca Hollywood 5400 es un exclusivo modelo VVIP especialmente dise\u00f1ado para ofrecer el m\u00e1ximo confort y funcionalidad en salas VIP de cines o estadios.<\/strong><\/p>\n<p style=\"text-align: justify;\">Equipada con hasta tres motores, esta butaca permite al usuario controlar la posici\u00f3n del reposacabezas, el respaldo y el reposapi\u00e9s de forma independiente, logrando una comodidad \u00f3ptima con solo utilizar la pantalla t\u00e1ctil impermeable. Adem\u00e1s, se puede integrar un iPad para un amplio rango de funcionalidades.<\/p>\n<p style=\"text-align: justify;\">El sistema de retorno autom\u00e1tico mantiene el espacio siempre ordenado y libre para moverse entre filas, devolviendo el respaldo y el reposapi\u00e9s a su posici\u00f3n original cuando el usuario se pone de pie.<\/p>\n<p style=\"text-align: justify;\">No hay l\u00edmites en opciones y acabados, se pueden agregar todo tipo de accesorios diferentes a la butaca Hollywood, logrando la m\u00e1xima personalizaci\u00f3n y una funcionalidad \u00f3ptima.<\/p>\n","protected":false},"excerpt":{"rendered":"<p>[wpdm_package id=&#8217;23358&#8242;]<\/p>\n<p>[wpdm_package id=&#8217;6986&#8242;]<\/p>\n<p>[wpdm_package id=&#8217;6987&#8242;]<\/p>\n","protected":false},"featured_media":32059,"template":"","meta":{"_acf_changed":false,"content-type":""},"designer_tag":[],"system_rel_tag":[],"product_cat":[198,224,225,235,236,237],"product_tag":[512,500,506],"class_list":{"0":"post-23822","1":"product","2":"type-product","3":"status-publish","4":"has-post-thumbnail","6":"product_cat-seats-for-cruise-ships-and-ferries-es","7":"product_cat-seats-for-stadiums-and-arenas-es","8":"product_cat-sports-es","9":"product_cat-cinema-es","10":"product_cat-hollywood-es","11":"product_cat-seats-for-cinema-es","12":"product_tag-publicum-es","13":"product_tag-cinema-es","14":"product_tag-sports-es","16":"first","17":"instock","18":"downloadable","19":"virtual","20":"product-type-simple"},"acf":[],"_links":{"self":[{"href":"https:\/\/figueras.com\/es\/wp-json\/wp\/v2\/product\/23822","targetHints":{"allow":["GET"]}}],"collection":[{"href":"https:\/\/figueras.com\/es\/wp-json\/wp\/v2\/product"}],"about":[{"href":"https:\/\/figueras.com\/es\/wp-json\/wp\/v2\/types\/product"}],"version-history":[{"count":1,"href":"https:\/\/figueras.com\/es\/wp-json\/wp\/v2\/product\/23822\/revisions"}],"predecessor-version":[{"id":50980,"href":"https:\/\/figueras.com\/es\/wp-json\/wp\/v2\/product\/23822\/revisions\/50980"}],"wp:featuredmedia":[{"embeddable":true,"href":"https:\/\/figueras.com\/es\/wp-json\/wp\/v2\/media\/32059"}],"wp:attachment":[{"href":"https:\/\/figueras.com\/es\/wp-json\/wp\/v2\/media?parent=23822"}],"wp:term":[{"taxonomy":"designer_tag","embeddable":true,"href":"https:\/\/figueras.com\/es\/wp-json\/wp\/v2\/designer_tag?post=23822"},{"taxonomy":"system_rel_tag","embeddable":true,"href":"https:\/\/figueras.com\/es\/wp-json\/wp\/v2\/system_rel_tag?post=23822"},{"taxonomy":"product_cat","embeddable":true,"href":"https:\/\/figueras.com\/es\/wp-json\/wp\/v2\/product_cat?post=23822"},{"taxonomy":"product_tag","embeddable":true,"href":"https:\/\/figueras.com\/es\/wp-json\/wp\/v2\/product_tag?post=23822"}],"curies":[{"name":"wp","href":"https:\/\/api.w.org\/{rel}","templated":true}]}}