{"id":23820,"date":"2023-11-01T10:18:57","date_gmt":"2023-11-01T09:18:57","guid":{"rendered":"http:\/\/figueras.com\/seating\/13031-55\/"},"modified":"2025-05-22T13:54:10","modified_gmt":"2025-05-22T11:54:10","slug":"13031-55","status":"publish","type":"product","link":"https:\/\/figueras.com\/es\/asiento\/13031-55\/","title":{"rendered":"Rhombus 13031-55"},"content":{"rendered":"<p style=\"text-align: justify;\"><strong>La Rhombus 13031 es un concepto de butaca \u00fanico, simple y elegante con detalles especiales en ergonom\u00eda y durabilidad. Este asiento ha sido especialmente dise\u00f1ado para recintos de uso constante como auditorios, parlamentos, palacios de congresos, \u00e1reas corporativas y VIP de estadios y arenas.<\/strong><\/p>\n<p style=\"text-align: justify;\">El asiento y el respaldo est\u00e1n compuestos por dos bloques de espuma de poliuretano moldeada que incorporan una estructura interna met\u00e1lica, con muelles planos y el tapizado totalmente integrado en la espuma mediante el Integral Form System.<\/p>\n<p style=\"text-align: justify;\">El acolchado del respaldo est\u00e1 contorneado anat\u00f3micamente, con soporte lumbar e incorpora un dise\u00f1o en forma de diamante para brindar mayor comodidad. El asiento y el respaldo est\u00e1n tapizados y protegidos con una carcasa totalmente tapizada.<\/p>\n<p style=\"text-align: justify;\">El asiento se inclina autom\u00e1ticamente por medio de un sistema de doble resorte extremadamente silencioso, insertado dentro de la carcasa del asiento. No requiere lubricaci\u00f3n de ning\u00fan tipo.<\/p>\n<p style=\"text-align: justify;\">El asiento est\u00e1 montado sobre dos paneles laterales moldeados por soplado con un sistema de alojamiento para la r\u00f3tula, que incluye un mecanismo de bloqueo en el que encaja el eje del asiento, permitiendo un f\u00e1cil reemplazo del mismo.<\/p>\n<p style=\"text-align: justify;\">Los paneles laterales est\u00e1n totalmente tapizados y unidos a una base de acero, a trav\u00e9s de la cual el asiento se fija al suelo con pernos de expansi\u00f3n met\u00e1licos ocultos.<\/p>\n<p style=\"text-align: justify;\">El asiento se adapta por la base a la pendiente espec\u00edfica del suelo. Las filas est\u00e1n formadas por asientos interconectados, lo que asegura una configuraci\u00f3n de fila r\u00edgida y estable, reforzando el anclaje al suelo.<\/p>\n","protected":false},"excerpt":{"rendered":"<p>[wpdm_package id=&#8217;24348&#8242;]<\/p>\n<p>[wpdm_package id=&#8217;7131&#8242;]<\/p>\n<p>[wpdm_package id=&#8217;7138&#8242;]<\/p>\n","protected":false},"featured_media":13371,"template":"","meta":{"_acf_changed":false,"content-type":""},"designer_tag":[333],"system_rel_tag":[],"product_cat":[225,231,192,194,195,196,197,200,203,224],"product_tag":[503,506,512],"class_list":{"0":"post-23820","1":"product","2":"type-product","3":"status-publish","4":"has-post-thumbnail","6":"designer_tag-design-center-es","7":"product_cat-sports-es","8":"product_cat-rhombus-es","9":"product_cat-education-es","10":"product_cat-publicum-es","11":"product_cat-seats-for-auditorium-and-conference-rooms-es","12":"product_cat-seats-for-congress-centres-es","13":"product_cat-seats-for-corporate-rooms-es","14":"product_cat-seats-for-parliaments-es","15":"product_cat-seats-for-universities-and-schools-es","16":"product_cat-seats-for-stadiums-and-arenas-es","17":"product_tag-education-es","18":"product_tag-sports-es","19":"product_tag-publicum-es","21":"first","22":"instock","23":"downloadable","24":"virtual","25":"product-type-simple"},"acf":[],"yoast_head":"<!-- This site is optimized with the Yoast SEO plugin v27.4 - https:\/\/yoast.com\/product\/yoast-seo-wordpress\/ -->\n<title>Rhombus 13031-55 - Figueras Seating (ES)<\/title>\n<meta name=\"description\" content=\"Fabricante de asientos sencillos y elegantes, asientos ergon\u00f3micos para auditorios, parlamentos, centros de conferencias y zonas corporativas. Figueras.\" \/>\n<meta name=\"robots\" content=\"index, follow, max-snippet:-1, max-image-preview:large, max-video-preview:-1\" \/>\n<link rel=\"canonical\" href=\"https:\/\/figueras.com\/es\/asiento\/13031-55\/\" \/>\n<meta property=\"og:locale\" content=\"es_ES\" \/>\n<meta property=\"og:type\" content=\"article\" \/>\n<meta property=\"og:title\" content=\"Rhombus 13031-55 - Figueras Seating (ES)\" \/>\n<meta property=\"og:description\" content=\"Fabricante de asientos sencillos y elegantes, asientos ergon\u00f3micos para auditorios, parlamentos, centros de conferencias y zonas corporativas. Figueras.\" \/>\n<meta property=\"og:url\" content=\"https:\/\/figueras.com\/es\/asiento\/13031-55\/\" \/>\n<meta property=\"og:site_name\" content=\"Figueras Seating\" \/>\n<meta property=\"article:modified_time\" content=\"2025-05-22T11:54:10+00:00\" \/>\n<meta property=\"og:image\" content=\"https:\/\/figueras.com\/wp-content\/uploads\/2023\/06\/Rhombus-13031-55-3.jpg\" \/>\n\t<meta property=\"og:image:width\" content=\"610\" \/>\n\t<meta property=\"og:image:height\" content=\"810\" \/>\n\t<meta property=\"og:image:type\" content=\"image\/jpeg\" \/>\n<meta name=\"twitter:card\" content=\"summary_large_image\" \/>\n<meta name=\"twitter:label1\" content=\"Tiempo de lectura\" \/>\n\t<meta name=\"twitter:data1\" content=\"2 minutos\" \/>\n<script type=\"application\/ld+json\" class=\"yoast-schema-graph\">{\"@context\":\"https:\\\/\\\/schema.org\",\"@graph\":[{\"@type\":\"WebPage\",\"@id\":\"https:\\\/\\\/figueras.com\\\/es\\\/asiento\\\/13031-55\\\/\",\"url\":\"https:\\\/\\\/figueras.com\\\/es\\\/asiento\\\/13031-55\\\/\",\"name\":\"Rhombus 13031-55 - Figueras Seating (ES)\",\"isPartOf\":{\"@id\":\"https:\\\/\\\/figueras.com\\\/es\\\/#website\"},\"primaryImageOfPage\":{\"@id\":\"https:\\\/\\\/figueras.com\\\/es\\\/asiento\\\/13031-55\\\/#primaryimage\"},\"image\":{\"@id\":\"https:\\\/\\\/figueras.com\\\/es\\\/asiento\\\/13031-55\\\/#primaryimage\"},\"thumbnailUrl\":\"https:\\\/\\\/figueras.com\\\/wp-content\\\/uploads\\\/2023\\\/06\\\/Rhombus-13031-55-3.jpg\",\"datePublished\":\"2023-11-01T09:18:57+00:00\",\"dateModified\":\"2025-05-22T11:54:10+00:00\",\"description\":\"Fabricante de asientos sencillos y elegantes, asientos ergon\u00f3micos para auditorios, parlamentos, centros de conferencias y zonas corporativas. Figueras.\",\"breadcrumb\":{\"@id\":\"https:\\\/\\\/figueras.com\\\/es\\\/asiento\\\/13031-55\\\/#breadcrumb\"},\"inLanguage\":\"es\",\"potentialAction\":[{\"@type\":\"ReadAction\",\"target\":[\"https:\\\/\\\/figueras.com\\\/es\\\/asiento\\\/13031-55\\\/\"]}]},{\"@type\":\"ImageObject\",\"inLanguage\":\"es\",\"@id\":\"https:\\\/\\\/figueras.com\\\/es\\\/asiento\\\/13031-55\\\/#primaryimage\",\"url\":\"https:\\\/\\\/figueras.com\\\/wp-content\\\/uploads\\\/2023\\\/06\\\/Rhombus-13031-55-3.jpg\",\"contentUrl\":\"https:\\\/\\\/figueras.com\\\/wp-content\\\/uploads\\\/2023\\\/06\\\/Rhombus-13031-55-3.jpg\",\"width\":610,\"height\":810,\"caption\":\"Rhombus 13031 55 3\"},{\"@type\":\"BreadcrumbList\",\"@id\":\"https:\\\/\\\/figueras.com\\\/es\\\/asiento\\\/13031-55\\\/#breadcrumb\",\"itemListElement\":[{\"@type\":\"ListItem\",\"position\":1,\"name\":\"Home\",\"item\":\"https:\\\/\\\/figueras.com\\\/es\\\/\"},{\"@type\":\"ListItem\",\"position\":2,\"name\":\"Productos\",\"item\":\"https:\\\/\\\/figueras.com\\\/es\\\/shop\\\/\"},{\"@type\":\"ListItem\",\"position\":3,\"name\":\"Rhombus 13031-55\"}]},{\"@type\":\"WebSite\",\"@id\":\"https:\\\/\\\/figueras.com\\\/es\\\/#website\",\"url\":\"https:\\\/\\\/figueras.com\\\/es\\\/\",\"name\":\"Figueras Seating\",\"description\":\"\",\"publisher\":{\"@id\":\"https:\\\/\\\/figueras.com\\\/es\\\/#organization\"},\"potentialAction\":[{\"@type\":\"SearchAction\",\"target\":{\"@type\":\"EntryPoint\",\"urlTemplate\":\"https:\\\/\\\/figueras.com\\\/es\\\/?s={search_term_string}\"},\"query-input\":{\"@type\":\"PropertyValueSpecification\",\"valueRequired\":true,\"valueName\":\"search_term_string\"}}],\"inLanguage\":\"es\"},{\"@type\":\"Organization\",\"@id\":\"https:\\\/\\\/figueras.com\\\/es\\\/#organization\",\"name\":\"Figueras International Seating, S.L.U.\",\"alternateName\":\"Figueras Seating\",\"url\":\"https:\\\/\\\/figueras.com\\\/es\\\/\",\"logo\":{\"@type\":\"ImageObject\",\"inLanguage\":\"es\",\"@id\":\"https:\\\/\\\/figueras.com\\\/es\\\/#\\\/schema\\\/logo\\\/image\\\/\",\"url\":\"https:\\\/\\\/figueras.com\\\/wp-content\\\/uploads\\\/2023\\\/04\\\/figueraslogoheader.png\",\"contentUrl\":\"https:\\\/\\\/figueras.com\\\/wp-content\\\/uploads\\\/2023\\\/04\\\/figueraslogoheader.png\",\"width\":739,\"height\":127,\"caption\":\"Figueras International Seating, S.L.U.\"},\"image\":{\"@id\":\"https:\\\/\\\/figueras.com\\\/es\\\/#\\\/schema\\\/logo\\\/image\\\/\"},\"sameAs\":[\"https:\\\/\\\/www.linkedin.com\\\/company\\\/figuerasseating\\\/\",\"https:\\\/\\\/www.instagram.com\\\/figueras.seating\\\/\",\"https:\\\/\\\/vimeo.com\\\/figuerasseating\",\"https:\\\/\\\/es.pinterest.com\\\/figuerasint\\\/\"]}]}<\/script>\n<!-- \/ Yoast SEO plugin. -->","yoast_head_json":{"title":"Rhombus 13031-55 - Figueras Seating (ES)","description":"Fabricante de asientos sencillos y elegantes, asientos ergon\u00f3micos para auditorios, parlamentos, centros de conferencias y zonas corporativas. Figueras.","robots":{"index":"index","follow":"follow","max-snippet":"max-snippet:-1","max-image-preview":"max-image-preview:large","max-video-preview":"max-video-preview:-1"},"canonical":"https:\/\/figueras.com\/es\/asiento\/13031-55\/","og_locale":"es_ES","og_type":"article","og_title":"Rhombus 13031-55 - Figueras Seating (ES)","og_description":"Fabricante de asientos sencillos y elegantes, asientos ergon\u00f3micos para auditorios, parlamentos, centros de conferencias y zonas corporativas. Figueras.","og_url":"https:\/\/figueras.com\/es\/asiento\/13031-55\/","og_site_name":"Figueras Seating","article_modified_time":"2025-05-22T11:54:10+00:00","og_image":[{"width":610,"height":810,"url":"https:\/\/figueras.com\/wp-content\/uploads\/2023\/06\/Rhombus-13031-55-3.jpg","type":"image\/jpeg"}],"twitter_card":"summary_large_image","twitter_misc":{"Tiempo de lectura":"2 minutos"},"schema":{"@context":"https:\/\/schema.org","@graph":[{"@type":"WebPage","@id":"https:\/\/figueras.com\/es\/asiento\/13031-55\/","url":"https:\/\/figueras.com\/es\/asiento\/13031-55\/","name":"Rhombus 13031-55 - Figueras Seating (ES)","isPartOf":{"@id":"https:\/\/figueras.com\/es\/#website"},"primaryImageOfPage":{"@id":"https:\/\/figueras.com\/es\/asiento\/13031-55\/#primaryimage"},"image":{"@id":"https:\/\/figueras.com\/es\/asiento\/13031-55\/#primaryimage"},"thumbnailUrl":"https:\/\/figueras.com\/wp-content\/uploads\/2023\/06\/Rhombus-13031-55-3.jpg","datePublished":"2023-11-01T09:18:57+00:00","dateModified":"2025-05-22T11:54:10+00:00","description":"Fabricante de asientos sencillos y elegantes, asientos ergon\u00f3micos para auditorios, parlamentos, centros de conferencias y zonas corporativas. Figueras.","breadcrumb":{"@id":"https:\/\/figueras.com\/es\/asiento\/13031-55\/#breadcrumb"},"inLanguage":"es","potentialAction":[{"@type":"ReadAction","target":["https:\/\/figueras.com\/es\/asiento\/13031-55\/"]}]},{"@type":"ImageObject","inLanguage":"es","@id":"https:\/\/figueras.com\/es\/asiento\/13031-55\/#primaryimage","url":"https:\/\/figueras.com\/wp-content\/uploads\/2023\/06\/Rhombus-13031-55-3.jpg","contentUrl":"https:\/\/figueras.com\/wp-content\/uploads\/2023\/06\/Rhombus-13031-55-3.jpg","width":610,"height":810,"caption":"Rhombus 13031 55 3"},{"@type":"BreadcrumbList","@id":"https:\/\/figueras.com\/es\/asiento\/13031-55\/#breadcrumb","itemListElement":[{"@type":"ListItem","position":1,"name":"Home","item":"https:\/\/figueras.com\/es\/"},{"@type":"ListItem","position":2,"name":"Productos","item":"https:\/\/figueras.com\/es\/shop\/"},{"@type":"ListItem","position":3,"name":"Rhombus 13031-55"}]},{"@type":"WebSite","@id":"https:\/\/figueras.com\/es\/#website","url":"https:\/\/figueras.com\/es\/","name":"Figueras Seating","description":"","publisher":{"@id":"https:\/\/figueras.com\/es\/#organization"},"potentialAction":[{"@type":"SearchAction","target":{"@type":"EntryPoint","urlTemplate":"https:\/\/figueras.com\/es\/?s={search_term_string}"},"query-input":{"@type":"PropertyValueSpecification","valueRequired":true,"valueName":"search_term_string"}}],"inLanguage":"es"},{"@type":"Organization","@id":"https:\/\/figueras.com\/es\/#organization","name":"Figueras International Seating, S.L.U.","alternateName":"Figueras Seating","url":"https:\/\/figueras.com\/es\/","logo":{"@type":"ImageObject","inLanguage":"es","@id":"https:\/\/figueras.com\/es\/#\/schema\/logo\/image\/","url":"https:\/\/figueras.com\/wp-content\/uploads\/2023\/04\/figueraslogoheader.png","contentUrl":"https:\/\/figueras.com\/wp-content\/uploads\/2023\/04\/figueraslogoheader.png","width":739,"height":127,"caption":"Figueras International Seating, S.L.U."},"image":{"@id":"https:\/\/figueras.com\/es\/#\/schema\/logo\/image\/"},"sameAs":["https:\/\/www.linkedin.com\/company\/figuerasseating\/","https:\/\/www.instagram.com\/figueras.seating\/","https:\/\/vimeo.com\/figuerasseating","https:\/\/es.pinterest.com\/figuerasint\/"]}]}},"_links":{"self":[{"href":"https:\/\/figueras.com\/es\/wp-json\/wp\/v2\/product\/23820","targetHints":{"allow":["GET"]}}],"collection":[{"href":"https:\/\/figueras.com\/es\/wp-json\/wp\/v2\/product"}],"about":[{"href":"https:\/\/figueras.com\/es\/wp-json\/wp\/v2\/types\/product"}],"version-history":[{"count":0,"href":"https:\/\/figueras.com\/es\/wp-json\/wp\/v2\/product\/23820\/revisions"}],"wp:featuredmedia":[{"embeddable":true,"href":"https:\/\/figueras.com\/es\/wp-json\/wp\/v2\/media\/13371"}],"wp:attachment":[{"href":"https:\/\/figueras.com\/es\/wp-json\/wp\/v2\/media?parent=23820"}],"wp:term":[{"taxonomy":"designer_tag","embeddable":true,"href":"https:\/\/figueras.com\/es\/wp-json\/wp\/v2\/designer_tag?post=23820"},{"taxonomy":"system_rel_tag","embeddable":true,"href":"https:\/\/figueras.com\/es\/wp-json\/wp\/v2\/system_rel_tag?post=23820"},{"taxonomy":"product_cat","embeddable":true,"href":"https:\/\/figueras.com\/es\/wp-json\/wp\/v2\/product_cat?post=23820"},{"taxonomy":"product_tag","embeddable":true,"href":"https:\/\/figueras.com\/es\/wp-json\/wp\/v2\/product_tag?post=23820"}],"curies":[{"name":"wp","href":"https:\/\/api.w.org\/{rel}","templated":true}]}}