{"id":23818,"date":"2023-11-01T10:19:54","date_gmt":"2023-11-01T09:19:54","guid":{"rendered":"http:\/\/figueras.com\/seating\/13037-58\/"},"modified":"2025-05-23T12:22:23","modified_gmt":"2025-05-23T10:22:23","slug":"13037-58","status":"publish","type":"product","link":"https:\/\/figueras.com\/es\/asiento\/13037-58\/","title":{"rendered":"Rhombus 13037-58"},"content":{"rendered":"<p style=\"text-align: justify;\"><strong>La Rhombus 13037 es un nuevo concepto de butaca integral, con un dise\u00f1o elegante y sobrio. Con especial cuidado en ergonom\u00eda y durabilidad, la Rhombus 13037 ha sido especialmente dise\u00f1ada para espacios de uso intenso como auditorios, parlamentos, centros de congresos, \u00e1reas corporativas y zonas VIP de estadios y arenas.<\/strong><\/p>\n<p style=\"text-align: justify;\">El asiento y el respaldo est\u00e1n compuestos por dos bloques de espuma de poliuretano moldeada que incorporan una estructura interna met\u00e1lica, con muelles planos y el tapizado totalmente integrado en la espuma mediante el sistema patentado Integral Form.<\/p>\n<p style=\"text-align: justify;\">El acolchado del respaldo est\u00e1 contorneado anat\u00f3micamente, con soporte lumbar e incorpora un dise\u00f1o en forma de diamante para brindar mayor comodidad. Este respaldo es de dimensiones generosas para ofrecer un confort \u00f3ptimo al usuario.<\/p>\n<p style=\"text-align: justify;\">El asiento se inclina autom\u00e1ticamente por medio de un sistema de doble resorte extremadamente silencioso, insertado dentro de la carcasa del asiento. No requiere lubricaci\u00f3n de ning\u00fan tipo.<\/p>\n<p style=\"text-align: justify;\">El asiento est\u00e1 montado sobre dos paneles laterales moldeados por soplado, con un sistema de alojamiento para la articulaci\u00f3n de la r\u00f3tula, que incluye un mecanismo de bloqueo en el que encaja el eje del asiento, permitiendo un f\u00e1cil reemplazo.<\/p>\n<p style=\"text-align: justify;\">Los paneles laterales est\u00e1n totalmente tapizados y unidos a una base de acero, a trav\u00e9s de la cual el asiento se fija al suelo con pernos de expansi\u00f3n met\u00e1licos ocultos.<\/p>\n<p style=\"text-align: justify;\">El asiento se adapta, por su base, a la pendiente espec\u00edfica del suelo. Las filas est\u00e1n formadas por asientos interconectados, lo que asegura una configuraci\u00f3n de fila r\u00edgida y estable, reforzando el anclaje al suelo.<\/p>\n","protected":false},"excerpt":{"rendered":"<p>[wpdm_package id=&#8217;24352&#8242;]<\/p>\n<p>[wpdm_package id=&#8217;7162&#8242;]<\/p>\n<p>[wpdm_package id=&#8217;7166&#8242;]<\/p>\n","protected":false},"featured_media":13374,"template":"","meta":{"_acf_changed":false,"content-type":""},"designer_tag":[333],"system_rel_tag":[],"product_cat":[225,231,192,194,195,196,197,200,203,224],"product_tag":[503,506,512],"class_list":{"0":"post-23818","1":"product","2":"type-product","3":"status-publish","4":"has-post-thumbnail","6":"designer_tag-design-center-es","7":"product_cat-sports-es","8":"product_cat-rhombus-es","9":"product_cat-education-es","10":"product_cat-publicum-es","11":"product_cat-seats-for-auditorium-and-conference-rooms-es","12":"product_cat-seats-for-congress-centres-es","13":"product_cat-seats-for-corporate-rooms-es","14":"product_cat-seats-for-parliaments-es","15":"product_cat-seats-for-universities-and-schools-es","16":"product_cat-seats-for-stadiums-and-arenas-es","17":"product_tag-education-es","18":"product_tag-sports-es","19":"product_tag-publicum-es","21":"first","22":"instock","23":"downloadable","24":"virtual","25":"product-type-simple"},"acf":[],"_links":{"self":[{"href":"https:\/\/figueras.com\/es\/wp-json\/wp\/v2\/product\/23818","targetHints":{"allow":["GET"]}}],"collection":[{"href":"https:\/\/figueras.com\/es\/wp-json\/wp\/v2\/product"}],"about":[{"href":"https:\/\/figueras.com\/es\/wp-json\/wp\/v2\/types\/product"}],"version-history":[{"count":0,"href":"https:\/\/figueras.com\/es\/wp-json\/wp\/v2\/product\/23818\/revisions"}],"wp:featuredmedia":[{"embeddable":true,"href":"https:\/\/figueras.com\/es\/wp-json\/wp\/v2\/media\/13374"}],"wp:attachment":[{"href":"https:\/\/figueras.com\/es\/wp-json\/wp\/v2\/media?parent=23818"}],"wp:term":[{"taxonomy":"designer_tag","embeddable":true,"href":"https:\/\/figueras.com\/es\/wp-json\/wp\/v2\/designer_tag?post=23818"},{"taxonomy":"system_rel_tag","embeddable":true,"href":"https:\/\/figueras.com\/es\/wp-json\/wp\/v2\/system_rel_tag?post=23818"},{"taxonomy":"product_cat","embeddable":true,"href":"https:\/\/figueras.com\/es\/wp-json\/wp\/v2\/product_cat?post=23818"},{"taxonomy":"product_tag","embeddable":true,"href":"https:\/\/figueras.com\/es\/wp-json\/wp\/v2\/product_tag?post=23818"}],"curies":[{"name":"wp","href":"https:\/\/api.w.org\/{rel}","templated":true}]}}