{"id":23816,"date":"2023-11-01T10:27:00","date_gmt":"2023-11-01T09:27:00","guid":{"rendered":"http:\/\/figueras.com\/seating\/aptum-248\/"},"modified":"2024-12-16T14:18:45","modified_gmt":"2024-12-16T13:18:45","slug":"aptum-248","status":"publish","type":"product","link":"https:\/\/figueras.com\/es\/asiento\/aptum-248\/","title":{"rendered":"Aptum 248"},"content":{"rendered":"<p style=\"text-align: justify;\">La butaca Aptum 248 est\u00e1 exclusivamente dise\u00f1ada para su aplicaci\u00f3n en el <strong>Sistema<\/strong> <strong>M\u00f3vil de Rotaci\u00f3n<\/strong>. Con un dise\u00f1o de l\u00edneas atemporales y de gran versatilidad, es una butaca perfecta para para teatros, auditorios y espacios polivalentes.<\/p>\n<p style=\"text-align: justify;\">Se distingue por su gran flexibilidad gracias a las caracter\u00edsticas materiales de sus componentes, proporcionando una mayor facilidad en la variaci\u00f3n de sus dimensiones e inclinaciones, ofreciendo una excelente adaptaci\u00f3n a las distintas configuraciones de la sala.<\/p>\n<p style=\"text-align: justify;\">El asiento y el respaldo est\u00e1n realizados con un marco interior de madera de haya y cinchas el\u00e1sticas entrelazadas, cubiertos con espuma de poliuretano de c\u00e9lula abierta. El uso de estos materiales logra distribuir el peso corporal del ocupante de manera equilibrada, garantizando un confort \u00f3ptimo del usuario.<\/p>\n<p style=\"text-align: justify;\">El respaldo incorpora un soporte lumbar que proporciona una gran comodidad al usuario, cumpliendo con los m\u00e1s rigurosos est\u00e1ndares de ergonom\u00eda para soluciones de asiento.<\/p>\n<p style=\"text-align: justify;\">Junto con el resto de los modelos de la familia Aptum se consigue un \u00f3ptimo equipamiento para salas con distintas configuraciones y usos.<\/p>\n","protected":false},"excerpt":{"rendered":"<p>La butaca Aptum 248 est\u00e1 exclusivamente dise\u00f1ada para su aplicaci\u00f3n en el Sistema M\u00f3vil de Rotaci\u00f3n. Con un dise\u00f1o de l\u00edneas atemporales y de gran versatilidad, es una butaca perfecta para para teatros, auditorios y espacios polivalentes. Se distingue por su gran flexibilidad gracias a las caracter\u00edsticas materiales de sus componentes, proporcionando una mayor facilidad [&hellip;]<\/p>\n","protected":false},"featured_media":45105,"template":"","meta":{"_acf_changed":false,"content-type":""},"designer_tag":[333],"system_rel_tag":[],"product_brand":[],"product_cat":[203,205,229,192,194,195,196,197,200,201,202],"product_tag":[503,509,512],"class_list":{"0":"post-23816","1":"product","2":"type-product","3":"status-publish","4":"has-post-thumbnail","6":"designer_tag-design-center-es","7":"product_cat-seats-for-universities-and-schools-es","8":"product_cat-theatre-es","9":"product_cat-aptum-es","10":"product_cat-education-es","11":"product_cat-publicum-es","12":"product_cat-seats-for-auditorium-and-conference-rooms-es","13":"product_cat-seats-for-congress-centres-es","14":"product_cat-seats-for-corporate-rooms-es","15":"product_cat-seats-for-parliaments-es","16":"product_cat-seats-for-performing-arts-centres-es","17":"product_cat-seats-for-theatres-es","18":"product_tag-education-es","19":"product_tag-theatre-es","20":"product_tag-publicum-es","22":"first","23":"instock","24":"product-type-simple"},"acf":[],"yoast_head":"<!-- This site is optimized with the Yoast SEO plugin v27.3 - https:\/\/yoast.com\/product\/yoast-seo-wordpress\/ -->\n<title>Aptum 248 - Figueras Seating (ES)<\/title>\n<meta name=\"description\" content=\"Sistema de asientos giratorios m\u00f3viles. Butacas giratorias especialmente dise\u00f1adas para centros de artes esc\u00e9nicas, teatros y centros de conferencias.\" \/>\n<meta name=\"robots\" content=\"index, follow, max-snippet:-1, max-image-preview:large, max-video-preview:-1\" \/>\n<link rel=\"canonical\" href=\"https:\/\/figueras.com\/es\/asiento\/aptum-248\/\" \/>\n<meta property=\"og:locale\" content=\"es_ES\" \/>\n<meta property=\"og:type\" content=\"article\" \/>\n<meta property=\"og:title\" content=\"Aptum 248 - Figueras Seating (ES)\" \/>\n<meta property=\"og:description\" content=\"Sistema de asientos giratorios m\u00f3viles. Butacas giratorias especialmente dise\u00f1adas para centros de artes esc\u00e9nicas, teatros y centros de conferencias.\" \/>\n<meta property=\"og:url\" content=\"https:\/\/figueras.com\/es\/asiento\/aptum-248\/\" \/>\n<meta property=\"og:site_name\" content=\"Figueras Seating\" \/>\n<meta property=\"article:modified_time\" content=\"2024-12-16T13:18:45+00:00\" \/>\n<meta property=\"og:image\" content=\"https:\/\/figueras.com\/wp-content\/uploads\/2023\/11\/Aptum-248_w00.webp\" \/>\n\t<meta property=\"og:image:width\" content=\"610\" \/>\n\t<meta property=\"og:image:height\" content=\"810\" \/>\n\t<meta property=\"og:image:type\" content=\"image\/webp\" \/>\n<meta name=\"twitter:card\" content=\"summary_large_image\" \/>\n<meta name=\"twitter:label1\" content=\"Tiempo de lectura\" \/>\n\t<meta name=\"twitter:data1\" content=\"1 minuto\" \/>\n<script type=\"application\/ld+json\" class=\"yoast-schema-graph\">{\"@context\":\"https:\\\/\\\/schema.org\",\"@graph\":[{\"@type\":\"WebPage\",\"@id\":\"https:\\\/\\\/figueras.com\\\/es\\\/asiento\\\/aptum-248\\\/\",\"url\":\"https:\\\/\\\/figueras.com\\\/es\\\/asiento\\\/aptum-248\\\/\",\"name\":\"Aptum 248 - Figueras Seating (ES)\",\"isPartOf\":{\"@id\":\"https:\\\/\\\/figueras.com\\\/es\\\/#website\"},\"primaryImageOfPage\":{\"@id\":\"https:\\\/\\\/figueras.com\\\/es\\\/asiento\\\/aptum-248\\\/#primaryimage\"},\"image\":{\"@id\":\"https:\\\/\\\/figueras.com\\\/es\\\/asiento\\\/aptum-248\\\/#primaryimage\"},\"thumbnailUrl\":\"https:\\\/\\\/figueras.com\\\/wp-content\\\/uploads\\\/2023\\\/11\\\/Aptum-248_w00.webp\",\"datePublished\":\"2023-11-01T09:27:00+00:00\",\"dateModified\":\"2024-12-16T13:18:45+00:00\",\"description\":\"Sistema de asientos giratorios m\u00f3viles. Butacas giratorias especialmente dise\u00f1adas para centros de artes esc\u00e9nicas, teatros y centros de conferencias.\",\"breadcrumb\":{\"@id\":\"https:\\\/\\\/figueras.com\\\/es\\\/asiento\\\/aptum-248\\\/#breadcrumb\"},\"inLanguage\":\"es\",\"potentialAction\":[{\"@type\":\"ReadAction\",\"target\":[\"https:\\\/\\\/figueras.com\\\/es\\\/asiento\\\/aptum-248\\\/\"]}]},{\"@type\":\"ImageObject\",\"inLanguage\":\"es\",\"@id\":\"https:\\\/\\\/figueras.com\\\/es\\\/asiento\\\/aptum-248\\\/#primaryimage\",\"url\":\"https:\\\/\\\/figueras.com\\\/wp-content\\\/uploads\\\/2023\\\/11\\\/Aptum-248_w00.webp\",\"contentUrl\":\"https:\\\/\\\/figueras.com\\\/wp-content\\\/uploads\\\/2023\\\/11\\\/Aptum-248_w00.webp\",\"width\":610,\"height\":810,\"caption\":\"Aptum 248\"},{\"@type\":\"BreadcrumbList\",\"@id\":\"https:\\\/\\\/figueras.com\\\/es\\\/asiento\\\/aptum-248\\\/#breadcrumb\",\"itemListElement\":[{\"@type\":\"ListItem\",\"position\":1,\"name\":\"Home\",\"item\":\"https:\\\/\\\/figueras.com\\\/es\\\/\"},{\"@type\":\"ListItem\",\"position\":2,\"name\":\"Productos\",\"item\":\"https:\\\/\\\/figueras.com\\\/es\\\/shop\\\/\"},{\"@type\":\"ListItem\",\"position\":3,\"name\":\"Aptum 248\"}]},{\"@type\":\"WebSite\",\"@id\":\"https:\\\/\\\/figueras.com\\\/es\\\/#website\",\"url\":\"https:\\\/\\\/figueras.com\\\/es\\\/\",\"name\":\"Figueras Seating\",\"description\":\"\",\"publisher\":{\"@id\":\"https:\\\/\\\/figueras.com\\\/es\\\/#organization\"},\"potentialAction\":[{\"@type\":\"SearchAction\",\"target\":{\"@type\":\"EntryPoint\",\"urlTemplate\":\"https:\\\/\\\/figueras.com\\\/es\\\/?s={search_term_string}\"},\"query-input\":{\"@type\":\"PropertyValueSpecification\",\"valueRequired\":true,\"valueName\":\"search_term_string\"}}],\"inLanguage\":\"es\"},{\"@type\":\"Organization\",\"@id\":\"https:\\\/\\\/figueras.com\\\/es\\\/#organization\",\"name\":\"Figueras International Seating, S.L.U.\",\"alternateName\":\"Figueras Seating\",\"url\":\"https:\\\/\\\/figueras.com\\\/es\\\/\",\"logo\":{\"@type\":\"ImageObject\",\"inLanguage\":\"es\",\"@id\":\"https:\\\/\\\/figueras.com\\\/es\\\/#\\\/schema\\\/logo\\\/image\\\/\",\"url\":\"https:\\\/\\\/figueras.com\\\/wp-content\\\/uploads\\\/2023\\\/04\\\/figueraslogoheader.png\",\"contentUrl\":\"https:\\\/\\\/figueras.com\\\/wp-content\\\/uploads\\\/2023\\\/04\\\/figueraslogoheader.png\",\"width\":739,\"height\":127,\"caption\":\"Figueras International Seating, S.L.U.\"},\"image\":{\"@id\":\"https:\\\/\\\/figueras.com\\\/es\\\/#\\\/schema\\\/logo\\\/image\\\/\"},\"sameAs\":[\"https:\\\/\\\/www.linkedin.com\\\/company\\\/figuerasseating\\\/\",\"https:\\\/\\\/www.instagram.com\\\/figueras.seating\\\/\",\"https:\\\/\\\/vimeo.com\\\/figuerasseating\",\"https:\\\/\\\/es.pinterest.com\\\/figuerasint\\\/\"]}]}<\/script>\n<!-- \/ Yoast SEO plugin. -->","yoast_head_json":{"title":"Aptum 248 - Figueras Seating (ES)","description":"Sistema de asientos giratorios m\u00f3viles. Butacas giratorias especialmente dise\u00f1adas para centros de artes esc\u00e9nicas, teatros y centros de conferencias.","robots":{"index":"index","follow":"follow","max-snippet":"max-snippet:-1","max-image-preview":"max-image-preview:large","max-video-preview":"max-video-preview:-1"},"canonical":"https:\/\/figueras.com\/es\/asiento\/aptum-248\/","og_locale":"es_ES","og_type":"article","og_title":"Aptum 248 - Figueras Seating (ES)","og_description":"Sistema de asientos giratorios m\u00f3viles. Butacas giratorias especialmente dise\u00f1adas para centros de artes esc\u00e9nicas, teatros y centros de conferencias.","og_url":"https:\/\/figueras.com\/es\/asiento\/aptum-248\/","og_site_name":"Figueras Seating","article_modified_time":"2024-12-16T13:18:45+00:00","og_image":[{"width":610,"height":810,"url":"https:\/\/figueras.com\/wp-content\/uploads\/2023\/11\/Aptum-248_w00.webp","type":"image\/webp"}],"twitter_card":"summary_large_image","twitter_misc":{"Tiempo de lectura":"1 minuto"},"schema":{"@context":"https:\/\/schema.org","@graph":[{"@type":"WebPage","@id":"https:\/\/figueras.com\/es\/asiento\/aptum-248\/","url":"https:\/\/figueras.com\/es\/asiento\/aptum-248\/","name":"Aptum 248 - Figueras Seating (ES)","isPartOf":{"@id":"https:\/\/figueras.com\/es\/#website"},"primaryImageOfPage":{"@id":"https:\/\/figueras.com\/es\/asiento\/aptum-248\/#primaryimage"},"image":{"@id":"https:\/\/figueras.com\/es\/asiento\/aptum-248\/#primaryimage"},"thumbnailUrl":"https:\/\/figueras.com\/wp-content\/uploads\/2023\/11\/Aptum-248_w00.webp","datePublished":"2023-11-01T09:27:00+00:00","dateModified":"2024-12-16T13:18:45+00:00","description":"Sistema de asientos giratorios m\u00f3viles. Butacas giratorias especialmente dise\u00f1adas para centros de artes esc\u00e9nicas, teatros y centros de conferencias.","breadcrumb":{"@id":"https:\/\/figueras.com\/es\/asiento\/aptum-248\/#breadcrumb"},"inLanguage":"es","potentialAction":[{"@type":"ReadAction","target":["https:\/\/figueras.com\/es\/asiento\/aptum-248\/"]}]},{"@type":"ImageObject","inLanguage":"es","@id":"https:\/\/figueras.com\/es\/asiento\/aptum-248\/#primaryimage","url":"https:\/\/figueras.com\/wp-content\/uploads\/2023\/11\/Aptum-248_w00.webp","contentUrl":"https:\/\/figueras.com\/wp-content\/uploads\/2023\/11\/Aptum-248_w00.webp","width":610,"height":810,"caption":"Aptum 248"},{"@type":"BreadcrumbList","@id":"https:\/\/figueras.com\/es\/asiento\/aptum-248\/#breadcrumb","itemListElement":[{"@type":"ListItem","position":1,"name":"Home","item":"https:\/\/figueras.com\/es\/"},{"@type":"ListItem","position":2,"name":"Productos","item":"https:\/\/figueras.com\/es\/shop\/"},{"@type":"ListItem","position":3,"name":"Aptum 248"}]},{"@type":"WebSite","@id":"https:\/\/figueras.com\/es\/#website","url":"https:\/\/figueras.com\/es\/","name":"Figueras Seating","description":"","publisher":{"@id":"https:\/\/figueras.com\/es\/#organization"},"potentialAction":[{"@type":"SearchAction","target":{"@type":"EntryPoint","urlTemplate":"https:\/\/figueras.com\/es\/?s={search_term_string}"},"query-input":{"@type":"PropertyValueSpecification","valueRequired":true,"valueName":"search_term_string"}}],"inLanguage":"es"},{"@type":"Organization","@id":"https:\/\/figueras.com\/es\/#organization","name":"Figueras International Seating, S.L.U.","alternateName":"Figueras Seating","url":"https:\/\/figueras.com\/es\/","logo":{"@type":"ImageObject","inLanguage":"es","@id":"https:\/\/figueras.com\/es\/#\/schema\/logo\/image\/","url":"https:\/\/figueras.com\/wp-content\/uploads\/2023\/04\/figueraslogoheader.png","contentUrl":"https:\/\/figueras.com\/wp-content\/uploads\/2023\/04\/figueraslogoheader.png","width":739,"height":127,"caption":"Figueras International Seating, S.L.U."},"image":{"@id":"https:\/\/figueras.com\/es\/#\/schema\/logo\/image\/"},"sameAs":["https:\/\/www.linkedin.com\/company\/figuerasseating\/","https:\/\/www.instagram.com\/figueras.seating\/","https:\/\/vimeo.com\/figuerasseating","https:\/\/es.pinterest.com\/figuerasint\/"]}]}},"_links":{"self":[{"href":"https:\/\/figueras.com\/es\/wp-json\/wp\/v2\/product\/23816","targetHints":{"allow":["GET"]}}],"collection":[{"href":"https:\/\/figueras.com\/es\/wp-json\/wp\/v2\/product"}],"about":[{"href":"https:\/\/figueras.com\/es\/wp-json\/wp\/v2\/types\/product"}],"version-history":[{"count":0,"href":"https:\/\/figueras.com\/es\/wp-json\/wp\/v2\/product\/23816\/revisions"}],"wp:featuredmedia":[{"embeddable":true,"href":"https:\/\/figueras.com\/es\/wp-json\/wp\/v2\/media\/45105"}],"wp:attachment":[{"href":"https:\/\/figueras.com\/es\/wp-json\/wp\/v2\/media?parent=23816"}],"wp:term":[{"taxonomy":"designer_tag","embeddable":true,"href":"https:\/\/figueras.com\/es\/wp-json\/wp\/v2\/designer_tag?post=23816"},{"taxonomy":"system_rel_tag","embeddable":true,"href":"https:\/\/figueras.com\/es\/wp-json\/wp\/v2\/system_rel_tag?post=23816"},{"taxonomy":"product_brand","embeddable":true,"href":"https:\/\/figueras.com\/es\/wp-json\/wp\/v2\/product_brand?post=23816"},{"taxonomy":"product_cat","embeddable":true,"href":"https:\/\/figueras.com\/es\/wp-json\/wp\/v2\/product_cat?post=23816"},{"taxonomy":"product_tag","embeddable":true,"href":"https:\/\/figueras.com\/es\/wp-json\/wp\/v2\/product_tag?post=23816"}],"curies":[{"name":"wp","href":"https:\/\/api.w.org\/{rel}","templated":true}]}}