{"id":23812,"date":"2023-11-01T10:29:51","date_gmt":"2023-11-01T09:29:51","guid":{"rendered":"http:\/\/figueras.com\/seating\/aptum-246\/"},"modified":"2025-10-28T15:38:23","modified_gmt":"2025-10-28T14:38:23","slug":"aptum-246","status":"publish","type":"product","link":"https:\/\/figueras.com\/es\/asiento\/aptum-246\/","title":{"rendered":"Aptum 246"},"content":{"rendered":"<p style=\"text-align: justify;\"><strong>La Aptum 246 es una butaca elegante con un dise\u00f1o atemporal y una gran versatilidad. Esta butaca ha sido especialmente dise\u00f1ada para teatros y auditorios debido a su gran adaptabilidad a los requisitos ac\u00fasticos de cualquier espacio.<\/strong><\/p>\n<p style=\"text-align: justify;\">Esta butaca destaca por su gran flexibilidad debido a las caracter\u00edsticas de sus componentes. Con numerosas posibilidades en la variaci\u00f3n de sus dimensiones e inclinaciones, este modelo encaja perfectamente en una amplia variedad de configuraciones de la propia sala.<\/p>\n<p style=\"text-align: justify;\">El asiento y el respaldo est\u00e1n hechos con un marco interior de madera de haya y cinturones el\u00e1sticos entrelazados cubiertos con espuma de poliuretano de c\u00e9lula abierta. El uso de estos materiales proporciona una distribuci\u00f3n equilibrada del peso corporal del ocupante, garantizando un confort \u00f3ptimo del usuario.<\/p>\n<p style=\"text-align: justify;\">El asiento se pliega por medio de un movimiento de inclinaci\u00f3n para volver a su posici\u00f3n original cuando el asiento se desocupa. Este asiento incluye un sistema suave de abatimiento del asiento para conseguir un retorno lento de este evitando generar ruidos o golpes molestos. Este mecanismo no requiere mantenimiento.<\/p>\n<p style=\"text-align: justify;\">El respaldo incorpora un soporte lumbar que proporciona una gran comodidad al usuario, cumpliendo con los m\u00e1s rigurosos est\u00e1ndares de ergonom\u00eda para soluciones de asiento.<\/p>\n<p style=\"text-align: justify;\">El respaldo se fija a los paneles laterales mediante dos soportes de polipropileno con refuerzo de fibra de vidrio, no se requiere ning\u00fan elemento de fijaci\u00f3n. Esto proporciona una gran estabilidad y facilita el montaje y la sustituci\u00f3n del respaldo en caso de ser necesario.<\/p>\n<p style=\"text-align: justify;\">Los paneles laterales terminan en un z\u00f3calo de acero y van fijados al suelo. Pueden estar completamente tapizados o en un acabado de madera.<\/p>\n","protected":false},"excerpt":{"rendered":"<p>[wpdm_package id=&#8217;23260&#8242;]<\/p>\n<p>[wpdm_package id=&#8217;6927&#8242;]<\/p>\n<p>[wpdm_package id=&#8217;6928&#8242;]<\/p>\n","protected":false},"featured_media":45346,"template":"","meta":{"_acf_changed":false,"content-type":""},"designer_tag":[333],"system_rel_tag":[],"product_brand":[],"product_cat":[203,205,229,192,194,195,196,197,200,201,202],"product_tag":[503,509,512],"class_list":{"0":"post-23812","1":"product","2":"type-product","3":"status-publish","4":"has-post-thumbnail","6":"designer_tag-design-center-es","7":"product_cat-seats-for-universities-and-schools-es","8":"product_cat-theatre-es","9":"product_cat-aptum-es","10":"product_cat-education-es","11":"product_cat-publicum-es","12":"product_cat-seats-for-auditorium-and-conference-rooms-es","13":"product_cat-seats-for-congress-centres-es","14":"product_cat-seats-for-corporate-rooms-es","15":"product_cat-seats-for-parliaments-es","16":"product_cat-seats-for-performing-arts-centres-es","17":"product_cat-seats-for-theatres-es","18":"product_tag-education-es","19":"product_tag-theatre-es","20":"product_tag-publicum-es","22":"first","23":"instock","24":"product-type-simple"},"acf":[],"yoast_head":"<!-- This site is optimized with the Yoast SEO plugin v27.3 - https:\/\/yoast.com\/product\/yoast-seo-wordpress\/ -->\n<title>Aptum 246 - Figueras Seating (ES)<\/title>\n<meta name=\"description\" content=\"Asientos de gran flexibilidad, especialmente dise\u00f1ados para centros de artes esc\u00e9nicas, teatros, auditorios y centros de conferencias. Asiento vers\u00e1til.\" \/>\n<meta name=\"robots\" content=\"index, follow, max-snippet:-1, max-image-preview:large, max-video-preview:-1\" \/>\n<link rel=\"canonical\" href=\"https:\/\/figueras.com\/es\/asiento\/aptum-246\/\" \/>\n<meta property=\"og:locale\" content=\"es_ES\" \/>\n<meta property=\"og:type\" content=\"article\" \/>\n<meta property=\"og:title\" content=\"Aptum 246 - Figueras Seating (ES)\" \/>\n<meta property=\"og:description\" content=\"Asientos de gran flexibilidad, especialmente dise\u00f1ados para centros de artes esc\u00e9nicas, teatros, auditorios y centros de conferencias. Asiento vers\u00e1til.\" \/>\n<meta property=\"og:url\" content=\"https:\/\/figueras.com\/es\/asiento\/aptum-246\/\" \/>\n<meta property=\"og:site_name\" content=\"Figueras Seating\" \/>\n<meta property=\"article:modified_time\" content=\"2025-10-28T14:38:23+00:00\" \/>\n<meta property=\"og:image\" content=\"https:\/\/figueras.com\/wp-content\/uploads\/2023\/11\/Aptum-246_w000.webp\" \/>\n\t<meta property=\"og:image:width\" content=\"610\" \/>\n\t<meta property=\"og:image:height\" content=\"810\" \/>\n\t<meta property=\"og:image:type\" content=\"image\/webp\" \/>\n<meta name=\"twitter:card\" content=\"summary_large_image\" \/>\n<meta name=\"twitter:label1\" content=\"Tiempo de lectura\" \/>\n\t<meta name=\"twitter:data1\" content=\"2 minutos\" \/>\n<script type=\"application\/ld+json\" class=\"yoast-schema-graph\">{\"@context\":\"https:\\\/\\\/schema.org\",\"@graph\":[{\"@type\":\"WebPage\",\"@id\":\"https:\\\/\\\/figueras.com\\\/es\\\/asiento\\\/aptum-246\\\/\",\"url\":\"https:\\\/\\\/figueras.com\\\/es\\\/asiento\\\/aptum-246\\\/\",\"name\":\"Aptum 246 - Figueras Seating (ES)\",\"isPartOf\":{\"@id\":\"https:\\\/\\\/figueras.com\\\/es\\\/#website\"},\"primaryImageOfPage\":{\"@id\":\"https:\\\/\\\/figueras.com\\\/es\\\/asiento\\\/aptum-246\\\/#primaryimage\"},\"image\":{\"@id\":\"https:\\\/\\\/figueras.com\\\/es\\\/asiento\\\/aptum-246\\\/#primaryimage\"},\"thumbnailUrl\":\"https:\\\/\\\/figueras.com\\\/wp-content\\\/uploads\\\/2023\\\/11\\\/Aptum-246_w000.webp\",\"datePublished\":\"2023-11-01T09:29:51+00:00\",\"dateModified\":\"2025-10-28T14:38:23+00:00\",\"description\":\"Asientos de gran flexibilidad, especialmente dise\u00f1ados para centros de artes esc\u00e9nicas, teatros, auditorios y centros de conferencias. Asiento vers\u00e1til.\",\"breadcrumb\":{\"@id\":\"https:\\\/\\\/figueras.com\\\/es\\\/asiento\\\/aptum-246\\\/#breadcrumb\"},\"inLanguage\":\"es\",\"potentialAction\":[{\"@type\":\"ReadAction\",\"target\":[\"https:\\\/\\\/figueras.com\\\/es\\\/asiento\\\/aptum-246\\\/\"]}]},{\"@type\":\"ImageObject\",\"inLanguage\":\"es\",\"@id\":\"https:\\\/\\\/figueras.com\\\/es\\\/asiento\\\/aptum-246\\\/#primaryimage\",\"url\":\"https:\\\/\\\/figueras.com\\\/wp-content\\\/uploads\\\/2023\\\/11\\\/Aptum-246_w000.webp\",\"contentUrl\":\"https:\\\/\\\/figueras.com\\\/wp-content\\\/uploads\\\/2023\\\/11\\\/Aptum-246_w000.webp\",\"width\":610,\"height\":810,\"caption\":\"Aptum 246\"},{\"@type\":\"BreadcrumbList\",\"@id\":\"https:\\\/\\\/figueras.com\\\/es\\\/asiento\\\/aptum-246\\\/#breadcrumb\",\"itemListElement\":[{\"@type\":\"ListItem\",\"position\":1,\"name\":\"Home\",\"item\":\"https:\\\/\\\/figueras.com\\\/es\\\/\"},{\"@type\":\"ListItem\",\"position\":2,\"name\":\"Productos\",\"item\":\"https:\\\/\\\/figueras.com\\\/es\\\/shop\\\/\"},{\"@type\":\"ListItem\",\"position\":3,\"name\":\"Aptum 246\"}]},{\"@type\":\"WebSite\",\"@id\":\"https:\\\/\\\/figueras.com\\\/es\\\/#website\",\"url\":\"https:\\\/\\\/figueras.com\\\/es\\\/\",\"name\":\"Figueras Seating\",\"description\":\"\",\"publisher\":{\"@id\":\"https:\\\/\\\/figueras.com\\\/es\\\/#organization\"},\"potentialAction\":[{\"@type\":\"SearchAction\",\"target\":{\"@type\":\"EntryPoint\",\"urlTemplate\":\"https:\\\/\\\/figueras.com\\\/es\\\/?s={search_term_string}\"},\"query-input\":{\"@type\":\"PropertyValueSpecification\",\"valueRequired\":true,\"valueName\":\"search_term_string\"}}],\"inLanguage\":\"es\"},{\"@type\":\"Organization\",\"@id\":\"https:\\\/\\\/figueras.com\\\/es\\\/#organization\",\"name\":\"Figueras International Seating, S.L.U.\",\"alternateName\":\"Figueras Seating\",\"url\":\"https:\\\/\\\/figueras.com\\\/es\\\/\",\"logo\":{\"@type\":\"ImageObject\",\"inLanguage\":\"es\",\"@id\":\"https:\\\/\\\/figueras.com\\\/es\\\/#\\\/schema\\\/logo\\\/image\\\/\",\"url\":\"https:\\\/\\\/figueras.com\\\/wp-content\\\/uploads\\\/2023\\\/04\\\/figueraslogoheader.png\",\"contentUrl\":\"https:\\\/\\\/figueras.com\\\/wp-content\\\/uploads\\\/2023\\\/04\\\/figueraslogoheader.png\",\"width\":739,\"height\":127,\"caption\":\"Figueras International Seating, S.L.U.\"},\"image\":{\"@id\":\"https:\\\/\\\/figueras.com\\\/es\\\/#\\\/schema\\\/logo\\\/image\\\/\"},\"sameAs\":[\"https:\\\/\\\/www.linkedin.com\\\/company\\\/figuerasseating\\\/\",\"https:\\\/\\\/www.instagram.com\\\/figueras.seating\\\/\",\"https:\\\/\\\/vimeo.com\\\/figuerasseating\",\"https:\\\/\\\/es.pinterest.com\\\/figuerasint\\\/\"]}]}<\/script>\n<!-- \/ Yoast SEO plugin. -->","yoast_head_json":{"title":"Aptum 246 - Figueras Seating (ES)","description":"Asientos de gran flexibilidad, especialmente dise\u00f1ados para centros de artes esc\u00e9nicas, teatros, auditorios y centros de conferencias. Asiento vers\u00e1til.","robots":{"index":"index","follow":"follow","max-snippet":"max-snippet:-1","max-image-preview":"max-image-preview:large","max-video-preview":"max-video-preview:-1"},"canonical":"https:\/\/figueras.com\/es\/asiento\/aptum-246\/","og_locale":"es_ES","og_type":"article","og_title":"Aptum 246 - Figueras Seating (ES)","og_description":"Asientos de gran flexibilidad, especialmente dise\u00f1ados para centros de artes esc\u00e9nicas, teatros, auditorios y centros de conferencias. Asiento vers\u00e1til.","og_url":"https:\/\/figueras.com\/es\/asiento\/aptum-246\/","og_site_name":"Figueras Seating","article_modified_time":"2025-10-28T14:38:23+00:00","og_image":[{"width":610,"height":810,"url":"https:\/\/figueras.com\/wp-content\/uploads\/2023\/11\/Aptum-246_w000.webp","type":"image\/webp"}],"twitter_card":"summary_large_image","twitter_misc":{"Tiempo de lectura":"2 minutos"},"schema":{"@context":"https:\/\/schema.org","@graph":[{"@type":"WebPage","@id":"https:\/\/figueras.com\/es\/asiento\/aptum-246\/","url":"https:\/\/figueras.com\/es\/asiento\/aptum-246\/","name":"Aptum 246 - Figueras Seating (ES)","isPartOf":{"@id":"https:\/\/figueras.com\/es\/#website"},"primaryImageOfPage":{"@id":"https:\/\/figueras.com\/es\/asiento\/aptum-246\/#primaryimage"},"image":{"@id":"https:\/\/figueras.com\/es\/asiento\/aptum-246\/#primaryimage"},"thumbnailUrl":"https:\/\/figueras.com\/wp-content\/uploads\/2023\/11\/Aptum-246_w000.webp","datePublished":"2023-11-01T09:29:51+00:00","dateModified":"2025-10-28T14:38:23+00:00","description":"Asientos de gran flexibilidad, especialmente dise\u00f1ados para centros de artes esc\u00e9nicas, teatros, auditorios y centros de conferencias. Asiento vers\u00e1til.","breadcrumb":{"@id":"https:\/\/figueras.com\/es\/asiento\/aptum-246\/#breadcrumb"},"inLanguage":"es","potentialAction":[{"@type":"ReadAction","target":["https:\/\/figueras.com\/es\/asiento\/aptum-246\/"]}]},{"@type":"ImageObject","inLanguage":"es","@id":"https:\/\/figueras.com\/es\/asiento\/aptum-246\/#primaryimage","url":"https:\/\/figueras.com\/wp-content\/uploads\/2023\/11\/Aptum-246_w000.webp","contentUrl":"https:\/\/figueras.com\/wp-content\/uploads\/2023\/11\/Aptum-246_w000.webp","width":610,"height":810,"caption":"Aptum 246"},{"@type":"BreadcrumbList","@id":"https:\/\/figueras.com\/es\/asiento\/aptum-246\/#breadcrumb","itemListElement":[{"@type":"ListItem","position":1,"name":"Home","item":"https:\/\/figueras.com\/es\/"},{"@type":"ListItem","position":2,"name":"Productos","item":"https:\/\/figueras.com\/es\/shop\/"},{"@type":"ListItem","position":3,"name":"Aptum 246"}]},{"@type":"WebSite","@id":"https:\/\/figueras.com\/es\/#website","url":"https:\/\/figueras.com\/es\/","name":"Figueras Seating","description":"","publisher":{"@id":"https:\/\/figueras.com\/es\/#organization"},"potentialAction":[{"@type":"SearchAction","target":{"@type":"EntryPoint","urlTemplate":"https:\/\/figueras.com\/es\/?s={search_term_string}"},"query-input":{"@type":"PropertyValueSpecification","valueRequired":true,"valueName":"search_term_string"}}],"inLanguage":"es"},{"@type":"Organization","@id":"https:\/\/figueras.com\/es\/#organization","name":"Figueras International Seating, S.L.U.","alternateName":"Figueras Seating","url":"https:\/\/figueras.com\/es\/","logo":{"@type":"ImageObject","inLanguage":"es","@id":"https:\/\/figueras.com\/es\/#\/schema\/logo\/image\/","url":"https:\/\/figueras.com\/wp-content\/uploads\/2023\/04\/figueraslogoheader.png","contentUrl":"https:\/\/figueras.com\/wp-content\/uploads\/2023\/04\/figueraslogoheader.png","width":739,"height":127,"caption":"Figueras International Seating, S.L.U."},"image":{"@id":"https:\/\/figueras.com\/es\/#\/schema\/logo\/image\/"},"sameAs":["https:\/\/www.linkedin.com\/company\/figuerasseating\/","https:\/\/www.instagram.com\/figueras.seating\/","https:\/\/vimeo.com\/figuerasseating","https:\/\/es.pinterest.com\/figuerasint\/"]}]}},"_links":{"self":[{"href":"https:\/\/figueras.com\/es\/wp-json\/wp\/v2\/product\/23812","targetHints":{"allow":["GET"]}}],"collection":[{"href":"https:\/\/figueras.com\/es\/wp-json\/wp\/v2\/product"}],"about":[{"href":"https:\/\/figueras.com\/es\/wp-json\/wp\/v2\/types\/product"}],"version-history":[{"count":1,"href":"https:\/\/figueras.com\/es\/wp-json\/wp\/v2\/product\/23812\/revisions"}],"predecessor-version":[{"id":48451,"href":"https:\/\/figueras.com\/es\/wp-json\/wp\/v2\/product\/23812\/revisions\/48451"}],"wp:featuredmedia":[{"embeddable":true,"href":"https:\/\/figueras.com\/es\/wp-json\/wp\/v2\/media\/45346"}],"wp:attachment":[{"href":"https:\/\/figueras.com\/es\/wp-json\/wp\/v2\/media?parent=23812"}],"wp:term":[{"taxonomy":"designer_tag","embeddable":true,"href":"https:\/\/figueras.com\/es\/wp-json\/wp\/v2\/designer_tag?post=23812"},{"taxonomy":"system_rel_tag","embeddable":true,"href":"https:\/\/figueras.com\/es\/wp-json\/wp\/v2\/system_rel_tag?post=23812"},{"taxonomy":"product_brand","embeddable":true,"href":"https:\/\/figueras.com\/es\/wp-json\/wp\/v2\/product_brand?post=23812"},{"taxonomy":"product_cat","embeddable":true,"href":"https:\/\/figueras.com\/es\/wp-json\/wp\/v2\/product_cat?post=23812"},{"taxonomy":"product_tag","embeddable":true,"href":"https:\/\/figueras.com\/es\/wp-json\/wp\/v2\/product_tag?post=23812"}],"curies":[{"name":"wp","href":"https:\/\/api.w.org\/{rel}","templated":true}]}}