{"id":23810,"date":"2023-11-01T10:39:57","date_gmt":"2023-11-01T09:39:57","guid":{"rendered":"http:\/\/figueras.com\/seating\/woody-rt-2312-s-m\/"},"modified":"2024-07-12T11:59:13","modified_gmt":"2024-07-12T09:59:13","slug":"woody-rt-2312-s-m","status":"publish","type":"product","link":"https:\/\/figueras.com\/es\/asiento\/woody-rt-2312-s-m\/","title":{"rendered":"Woody RT 2312-S\/M"},"content":{"rendered":"<p style=\"text-align: justify;\"><strong>El modelo Woody es un concepto revolucionario en el mundo de los asientos. Combina la comodidad y seguridad de una butaca fija al suelo con total libertad de movimiento que permite girar 360\u00b0 y deslizarse horizontalmente.<\/strong><\/p>\n<p style=\"text-align: justify;\">El RT System es el sistema de rotaci\u00f3n y movimiento de Figueras, convirti\u00e9ndose en la soluci\u00f3n \u00f3ptima para parlamentos, salas de reuniones, salones de actos o salas de plenos. Vuelve autom\u00e1ticamente a su posici\u00f3n, dejando el lugar siempre limpio y ordenado.<\/p>\n<p style=\"text-align: justify;\">El innovador RT System consta de una base de aluminio fijada al suelo, que incorpora un sistema de rotaci\u00f3n de 360\u200b\u200b\u00b0 y un sistema de desplazamiento lineal de 170 mm. Ambos movimientos se pueden realizar simult\u00e1neamente.<\/p>\n<p style=\"text-align: justify;\">El asiento vuelve autom\u00e1ticamente a su posici\u00f3n inicial una vez se libera. Este sistema permite una gran libertad de movimiento y un f\u00e1cil acceso al usuario. En caso de evacuaci\u00f3n de la sala, los asientos no obstruyen los pasillos, ofreciendo un plus de seguridad.<\/p>\n<p style=\"text-align: justify;\">Woody lleva el dise\u00f1o hasta el \u00faltimo detalle. El asiento y el respaldo est\u00e1n compuestos por contrachapado de haya y un coj\u00edn de espuma de poliuretano de c\u00e9lula abierta, completamente tapizados. Los paneles laterales sirven como reposabrazos y tienen las mismas caracter\u00edsticas.<\/p>\n<p style=\"text-align: justify;\">El asiento est\u00e1 provisto de una carcasa estructural y decorativa de madera contrachapada moldeada, de 13 mm de espesor. El elegante dise\u00f1o de este asiento combina tecnolog\u00edas de f\u00e1brica con intrincados trabajos manuales y artesanales.<\/p>\n","protected":false},"excerpt":{"rendered":"<p>[wpdm_package id=&#8217;24619&#8242;]<\/p>\n<p>[wpdm_package id=&#8217;7291&#8242;]<\/p>\n<p>[wpdm_package id=&#8217;24623&#8242;]<\/p>\n<p>[wpdm_package id=&#8217;7290&#8242;]<\/p>\n","protected":false},"featured_media":13422,"template":"","meta":{"_acf_changed":false,"content-type":""},"designer_tag":[],"system_rel_tag":[],"product_cat":[192,194,195,196,197,200,203,227],"product_tag":[503,512],"class_list":{"0":"post-23810","1":"product","2":"type-product","3":"status-publish","4":"has-post-thumbnail","6":"product_cat-education-es","7":"product_cat-publicum-es","8":"product_cat-seats-for-auditorium-and-conference-rooms-es","9":"product_cat-seats-for-congress-centres-es","10":"product_cat-seats-for-corporate-rooms-es","11":"product_cat-seats-for-parliaments-es","12":"product_cat-seats-for-universities-and-schools-es","13":"product_cat-woody-rt-es","14":"product_tag-education-es","15":"product_tag-publicum-es","17":"first","18":"instock","19":"downloadable","20":"virtual","21":"product-type-simple"},"acf":[],"yoast_head":"<!-- This site is optimized with the Yoast SEO plugin v27.4 - https:\/\/yoast.com\/product\/yoast-seo-wordpress\/ -->\n<title>Woody Rt 2312: Butacas con rotaci\u00f3n 360 para salas<\/title>\n<meta name=\"description\" content=\"Modelo Woody: proveedor de asientos m\u00f3viles fijos con libertad de movimiento. Asientos de rotaci\u00f3n 360 para parlamentos, salas de reuniones y salones de actos.\" \/>\n<meta name=\"robots\" content=\"index, follow, max-snippet:-1, max-image-preview:large, max-video-preview:-1\" \/>\n<link rel=\"canonical\" href=\"https:\/\/figueras.com\/es\/asiento\/woody-rt-2312-s-m\/\" \/>\n<meta property=\"og:locale\" content=\"es_ES\" \/>\n<meta property=\"og:type\" content=\"article\" \/>\n<meta property=\"og:title\" content=\"Woody Rt 2312: Butacas con rotaci\u00f3n 360 para salas\" \/>\n<meta property=\"og:description\" content=\"Modelo Woody: proveedor de asientos m\u00f3viles fijos con libertad de movimiento. Asientos de rotaci\u00f3n 360 para parlamentos, salas de reuniones y salones de actos.\" \/>\n<meta property=\"og:url\" content=\"https:\/\/figueras.com\/es\/asiento\/woody-rt-2312-s-m\/\" \/>\n<meta property=\"og:site_name\" content=\"Figueras Seating\" \/>\n<meta property=\"article:modified_time\" content=\"2024-07-12T09:59:13+00:00\" \/>\n<meta property=\"og:image\" content=\"https:\/\/figueras.com\/wp-content\/uploads\/2023\/06\/Woody_RT.jpg\" \/>\n\t<meta property=\"og:image:width\" content=\"610\" \/>\n\t<meta property=\"og:image:height\" content=\"810\" \/>\n\t<meta property=\"og:image:type\" content=\"image\/jpeg\" \/>\n<meta name=\"twitter:card\" content=\"summary_large_image\" \/>\n<meta name=\"twitter:label1\" content=\"Tiempo de lectura\" \/>\n\t<meta name=\"twitter:data1\" content=\"2 minutos\" \/>\n<script type=\"application\/ld+json\" class=\"yoast-schema-graph\">{\"@context\":\"https:\\\/\\\/schema.org\",\"@graph\":[{\"@type\":\"WebPage\",\"@id\":\"https:\\\/\\\/figueras.com\\\/es\\\/asiento\\\/woody-rt-2312-s-m\\\/\",\"url\":\"https:\\\/\\\/figueras.com\\\/es\\\/asiento\\\/woody-rt-2312-s-m\\\/\",\"name\":\"Woody Rt 2312: Butacas con rotaci\u00f3n 360 para salas\",\"isPartOf\":{\"@id\":\"https:\\\/\\\/figueras.com\\\/es\\\/#website\"},\"primaryImageOfPage\":{\"@id\":\"https:\\\/\\\/figueras.com\\\/es\\\/asiento\\\/woody-rt-2312-s-m\\\/#primaryimage\"},\"image\":{\"@id\":\"https:\\\/\\\/figueras.com\\\/es\\\/asiento\\\/woody-rt-2312-s-m\\\/#primaryimage\"},\"thumbnailUrl\":\"https:\\\/\\\/figueras.com\\\/wp-content\\\/uploads\\\/2023\\\/06\\\/Woody_RT.jpg\",\"datePublished\":\"2023-11-01T09:39:57+00:00\",\"dateModified\":\"2024-07-12T09:59:13+00:00\",\"description\":\"Modelo Woody: proveedor de asientos m\u00f3viles fijos con libertad de movimiento. Asientos de rotaci\u00f3n 360 para parlamentos, salas de reuniones y salones de actos.\",\"breadcrumb\":{\"@id\":\"https:\\\/\\\/figueras.com\\\/es\\\/asiento\\\/woody-rt-2312-s-m\\\/#breadcrumb\"},\"inLanguage\":\"es\",\"potentialAction\":[{\"@type\":\"ReadAction\",\"target\":[\"https:\\\/\\\/figueras.com\\\/es\\\/asiento\\\/woody-rt-2312-s-m\\\/\"]}]},{\"@type\":\"ImageObject\",\"inLanguage\":\"es\",\"@id\":\"https:\\\/\\\/figueras.com\\\/es\\\/asiento\\\/woody-rt-2312-s-m\\\/#primaryimage\",\"url\":\"https:\\\/\\\/figueras.com\\\/wp-content\\\/uploads\\\/2023\\\/06\\\/Woody_RT.jpg\",\"contentUrl\":\"https:\\\/\\\/figueras.com\\\/wp-content\\\/uploads\\\/2023\\\/06\\\/Woody_RT.jpg\",\"width\":610,\"height\":810,\"caption\":\"Woody RT\"},{\"@type\":\"BreadcrumbList\",\"@id\":\"https:\\\/\\\/figueras.com\\\/es\\\/asiento\\\/woody-rt-2312-s-m\\\/#breadcrumb\",\"itemListElement\":[{\"@type\":\"ListItem\",\"position\":1,\"name\":\"Home\",\"item\":\"https:\\\/\\\/figueras.com\\\/es\\\/\"},{\"@type\":\"ListItem\",\"position\":2,\"name\":\"Productos\",\"item\":\"https:\\\/\\\/figueras.com\\\/es\\\/shop\\\/\"},{\"@type\":\"ListItem\",\"position\":3,\"name\":\"Woody RT 2312-S\\\/M\"}]},{\"@type\":\"WebSite\",\"@id\":\"https:\\\/\\\/figueras.com\\\/es\\\/#website\",\"url\":\"https:\\\/\\\/figueras.com\\\/es\\\/\",\"name\":\"Figueras Seating\",\"description\":\"\",\"publisher\":{\"@id\":\"https:\\\/\\\/figueras.com\\\/es\\\/#organization\"},\"potentialAction\":[{\"@type\":\"SearchAction\",\"target\":{\"@type\":\"EntryPoint\",\"urlTemplate\":\"https:\\\/\\\/figueras.com\\\/es\\\/?s={search_term_string}\"},\"query-input\":{\"@type\":\"PropertyValueSpecification\",\"valueRequired\":true,\"valueName\":\"search_term_string\"}}],\"inLanguage\":\"es\"},{\"@type\":\"Organization\",\"@id\":\"https:\\\/\\\/figueras.com\\\/es\\\/#organization\",\"name\":\"Figueras International Seating, S.L.U.\",\"alternateName\":\"Figueras Seating\",\"url\":\"https:\\\/\\\/figueras.com\\\/es\\\/\",\"logo\":{\"@type\":\"ImageObject\",\"inLanguage\":\"es\",\"@id\":\"https:\\\/\\\/figueras.com\\\/es\\\/#\\\/schema\\\/logo\\\/image\\\/\",\"url\":\"https:\\\/\\\/figueras.com\\\/wp-content\\\/uploads\\\/2023\\\/04\\\/figueraslogoheader.png\",\"contentUrl\":\"https:\\\/\\\/figueras.com\\\/wp-content\\\/uploads\\\/2023\\\/04\\\/figueraslogoheader.png\",\"width\":739,\"height\":127,\"caption\":\"Figueras International Seating, S.L.U.\"},\"image\":{\"@id\":\"https:\\\/\\\/figueras.com\\\/es\\\/#\\\/schema\\\/logo\\\/image\\\/\"},\"sameAs\":[\"https:\\\/\\\/www.linkedin.com\\\/company\\\/figuerasseating\\\/\",\"https:\\\/\\\/www.instagram.com\\\/figueras.seating\\\/\",\"https:\\\/\\\/vimeo.com\\\/figuerasseating\",\"https:\\\/\\\/es.pinterest.com\\\/figuerasint\\\/\"]}]}<\/script>\n<!-- \/ Yoast SEO plugin. -->","yoast_head_json":{"title":"Woody Rt 2312: Butacas con rotaci\u00f3n 360 para salas","description":"Modelo Woody: proveedor de asientos m\u00f3viles fijos con libertad de movimiento. Asientos de rotaci\u00f3n 360 para parlamentos, salas de reuniones y salones de actos.","robots":{"index":"index","follow":"follow","max-snippet":"max-snippet:-1","max-image-preview":"max-image-preview:large","max-video-preview":"max-video-preview:-1"},"canonical":"https:\/\/figueras.com\/es\/asiento\/woody-rt-2312-s-m\/","og_locale":"es_ES","og_type":"article","og_title":"Woody Rt 2312: Butacas con rotaci\u00f3n 360 para salas","og_description":"Modelo Woody: proveedor de asientos m\u00f3viles fijos con libertad de movimiento. Asientos de rotaci\u00f3n 360 para parlamentos, salas de reuniones y salones de actos.","og_url":"https:\/\/figueras.com\/es\/asiento\/woody-rt-2312-s-m\/","og_site_name":"Figueras Seating","article_modified_time":"2024-07-12T09:59:13+00:00","og_image":[{"width":610,"height":810,"url":"https:\/\/figueras.com\/wp-content\/uploads\/2023\/06\/Woody_RT.jpg","type":"image\/jpeg"}],"twitter_card":"summary_large_image","twitter_misc":{"Tiempo de lectura":"2 minutos"},"schema":{"@context":"https:\/\/schema.org","@graph":[{"@type":"WebPage","@id":"https:\/\/figueras.com\/es\/asiento\/woody-rt-2312-s-m\/","url":"https:\/\/figueras.com\/es\/asiento\/woody-rt-2312-s-m\/","name":"Woody Rt 2312: Butacas con rotaci\u00f3n 360 para salas","isPartOf":{"@id":"https:\/\/figueras.com\/es\/#website"},"primaryImageOfPage":{"@id":"https:\/\/figueras.com\/es\/asiento\/woody-rt-2312-s-m\/#primaryimage"},"image":{"@id":"https:\/\/figueras.com\/es\/asiento\/woody-rt-2312-s-m\/#primaryimage"},"thumbnailUrl":"https:\/\/figueras.com\/wp-content\/uploads\/2023\/06\/Woody_RT.jpg","datePublished":"2023-11-01T09:39:57+00:00","dateModified":"2024-07-12T09:59:13+00:00","description":"Modelo Woody: proveedor de asientos m\u00f3viles fijos con libertad de movimiento. Asientos de rotaci\u00f3n 360 para parlamentos, salas de reuniones y salones de actos.","breadcrumb":{"@id":"https:\/\/figueras.com\/es\/asiento\/woody-rt-2312-s-m\/#breadcrumb"},"inLanguage":"es","potentialAction":[{"@type":"ReadAction","target":["https:\/\/figueras.com\/es\/asiento\/woody-rt-2312-s-m\/"]}]},{"@type":"ImageObject","inLanguage":"es","@id":"https:\/\/figueras.com\/es\/asiento\/woody-rt-2312-s-m\/#primaryimage","url":"https:\/\/figueras.com\/wp-content\/uploads\/2023\/06\/Woody_RT.jpg","contentUrl":"https:\/\/figueras.com\/wp-content\/uploads\/2023\/06\/Woody_RT.jpg","width":610,"height":810,"caption":"Woody RT"},{"@type":"BreadcrumbList","@id":"https:\/\/figueras.com\/es\/asiento\/woody-rt-2312-s-m\/#breadcrumb","itemListElement":[{"@type":"ListItem","position":1,"name":"Home","item":"https:\/\/figueras.com\/es\/"},{"@type":"ListItem","position":2,"name":"Productos","item":"https:\/\/figueras.com\/es\/shop\/"},{"@type":"ListItem","position":3,"name":"Woody RT 2312-S\/M"}]},{"@type":"WebSite","@id":"https:\/\/figueras.com\/es\/#website","url":"https:\/\/figueras.com\/es\/","name":"Figueras Seating","description":"","publisher":{"@id":"https:\/\/figueras.com\/es\/#organization"},"potentialAction":[{"@type":"SearchAction","target":{"@type":"EntryPoint","urlTemplate":"https:\/\/figueras.com\/es\/?s={search_term_string}"},"query-input":{"@type":"PropertyValueSpecification","valueRequired":true,"valueName":"search_term_string"}}],"inLanguage":"es"},{"@type":"Organization","@id":"https:\/\/figueras.com\/es\/#organization","name":"Figueras International Seating, S.L.U.","alternateName":"Figueras Seating","url":"https:\/\/figueras.com\/es\/","logo":{"@type":"ImageObject","inLanguage":"es","@id":"https:\/\/figueras.com\/es\/#\/schema\/logo\/image\/","url":"https:\/\/figueras.com\/wp-content\/uploads\/2023\/04\/figueraslogoheader.png","contentUrl":"https:\/\/figueras.com\/wp-content\/uploads\/2023\/04\/figueraslogoheader.png","width":739,"height":127,"caption":"Figueras International Seating, S.L.U."},"image":{"@id":"https:\/\/figueras.com\/es\/#\/schema\/logo\/image\/"},"sameAs":["https:\/\/www.linkedin.com\/company\/figuerasseating\/","https:\/\/www.instagram.com\/figueras.seating\/","https:\/\/vimeo.com\/figuerasseating","https:\/\/es.pinterest.com\/figuerasint\/"]}]}},"_links":{"self":[{"href":"https:\/\/figueras.com\/es\/wp-json\/wp\/v2\/product\/23810","targetHints":{"allow":["GET"]}}],"collection":[{"href":"https:\/\/figueras.com\/es\/wp-json\/wp\/v2\/product"}],"about":[{"href":"https:\/\/figueras.com\/es\/wp-json\/wp\/v2\/types\/product"}],"version-history":[{"count":0,"href":"https:\/\/figueras.com\/es\/wp-json\/wp\/v2\/product\/23810\/revisions"}],"wp:featuredmedia":[{"embeddable":true,"href":"https:\/\/figueras.com\/es\/wp-json\/wp\/v2\/media\/13422"}],"wp:attachment":[{"href":"https:\/\/figueras.com\/es\/wp-json\/wp\/v2\/media?parent=23810"}],"wp:term":[{"taxonomy":"designer_tag","embeddable":true,"href":"https:\/\/figueras.com\/es\/wp-json\/wp\/v2\/designer_tag?post=23810"},{"taxonomy":"system_rel_tag","embeddable":true,"href":"https:\/\/figueras.com\/es\/wp-json\/wp\/v2\/system_rel_tag?post=23810"},{"taxonomy":"product_cat","embeddable":true,"href":"https:\/\/figueras.com\/es\/wp-json\/wp\/v2\/product_cat?post=23810"},{"taxonomy":"product_tag","embeddable":true,"href":"https:\/\/figueras.com\/es\/wp-json\/wp\/v2\/product_tag?post=23810"}],"curies":[{"name":"wp","href":"https:\/\/api.w.org\/{rel}","templated":true}]}}