{"id":23808,"date":"2023-11-01T10:43:54","date_gmt":"2023-11-01T09:43:54","guid":{"rendered":"http:\/\/figueras.com\/seating\/minispace-fix-5067\/"},"modified":"2026-04-14T17:25:38","modified_gmt":"2026-04-14T15:25:38","slug":"minispace-fix-5067","status":"publish","type":"product","link":"https:\/\/figueras.com\/es\/asiento\/minispace-fix-5067\/","title":{"rendered":"Minispace FIX 5067"},"content":{"rendered":"<p style=\"text-align: justify;\"><strong>La Minispace 5067 Fix una butaca de plegado autom\u00e1tico montada en barra. Esta butaca, de respaldo fijo, es uno de nuestros asientos m\u00e1s compactos y una soluci\u00f3n \u00f3ptima para la optimizaci\u00f3n del espacio. Esta butaca es una soluci\u00f3n salas de conferencias, auditorios, \u00e1reas corporativas y VIP de estadios y arenas.<\/strong><\/p>\n<p style=\"text-align: justify;\">El asiento, el respaldo y los reposabrazos en su conjunto se apoyan en laterales de aluminio inyectado y se fijan a una estructura de tubos de acero. Estos lados de aluminio incorporan el sistema de plegado del asiento que consiste en dos r\u00f3tulas con resortes de retorno, este mecanismo de plegado tiene un sistema que evita el ruido o los golpes cuando el asiento est\u00e1 desocupado.<\/p>\n<p style=\"text-align: justify;\">El asiento consiste en un \u00fanico bloque\u00a0 de espuma de poliuretano moldeada en fr\u00edo que cubre una estructura met\u00e1lica, que consiste en un marco de tubo curvo, una banda de resortes planos y juntas de pivote para la rotaci\u00f3n. El bloque est\u00e1 cubierto con una funda de tapicer\u00eda f\u00e1cilmente intercambiable mediante un sistema de cremallera.<\/p>\n<p style=\"text-align: justify;\">El respaldo est\u00e1 hecho con las mismas caracter\u00edsticas que el asiento, incorporando una placa met\u00e1lica de protecci\u00f3n en la espalda, si as\u00ed lo requiere el proyecto. El respaldo es fijo, lo que asegura una gran optimizaci\u00f3n del espacio.<\/p>\n<p style=\"text-align: justify;\">Los reposabrazos est\u00e1n hechos de una estructura met\u00e1lica cubierta de espuma de poliuretano integral moldeada en fr\u00edo y semirr\u00edgida.<\/p>\n","protected":false},"excerpt":{"rendered":"<p>[wpdm_package id=&#8217;24318&#8242;]<\/p>\n","protected":false},"featured_media":45080,"template":"","meta":{"_acf_changed":false,"content-type":""},"designer_tag":[],"system_rel_tag":[463],"product_cat":[224,225,192,194,195,197,198,203,204,223],"product_tag":[503,506,512],"class_list":{"0":"post-23808","1":"product","2":"type-product","3":"status-publish","4":"has-post-thumbnail","6":"system_rel_tag-mutawheel-seating-system-es","7":"product_cat-seats-for-stadiums-and-arenas-es","8":"product_cat-sports-es","9":"product_cat-education-es","10":"product_cat-publicum-es","11":"product_cat-seats-for-auditorium-and-conference-rooms-es","12":"product_cat-seats-for-corporate-rooms-es","13":"product_cat-seats-for-cruise-ships-and-ferries-es","14":"product_cat-seats-for-universities-and-schools-es","15":"product_cat-seats-for-worship-and-religious-centres-es","16":"product_cat-minispace-es","17":"product_tag-education-es","18":"product_tag-sports-es","19":"product_tag-publicum-es","21":"first","22":"instock","23":"downloadable","24":"virtual","25":"product-type-simple"},"acf":[],"_links":{"self":[{"href":"https:\/\/figueras.com\/es\/wp-json\/wp\/v2\/product\/23808","targetHints":{"allow":["GET"]}}],"collection":[{"href":"https:\/\/figueras.com\/es\/wp-json\/wp\/v2\/product"}],"about":[{"href":"https:\/\/figueras.com\/es\/wp-json\/wp\/v2\/types\/product"}],"version-history":[{"count":1,"href":"https:\/\/figueras.com\/es\/wp-json\/wp\/v2\/product\/23808\/revisions"}],"predecessor-version":[{"id":50509,"href":"https:\/\/figueras.com\/es\/wp-json\/wp\/v2\/product\/23808\/revisions\/50509"}],"wp:featuredmedia":[{"embeddable":true,"href":"https:\/\/figueras.com\/es\/wp-json\/wp\/v2\/media\/45080"}],"wp:attachment":[{"href":"https:\/\/figueras.com\/es\/wp-json\/wp\/v2\/media?parent=23808"}],"wp:term":[{"taxonomy":"designer_tag","embeddable":true,"href":"https:\/\/figueras.com\/es\/wp-json\/wp\/v2\/designer_tag?post=23808"},{"taxonomy":"system_rel_tag","embeddable":true,"href":"https:\/\/figueras.com\/es\/wp-json\/wp\/v2\/system_rel_tag?post=23808"},{"taxonomy":"product_cat","embeddable":true,"href":"https:\/\/figueras.com\/es\/wp-json\/wp\/v2\/product_cat?post=23808"},{"taxonomy":"product_tag","embeddable":true,"href":"https:\/\/figueras.com\/es\/wp-json\/wp\/v2\/product_tag?post=23808"}],"curies":[{"name":"wp","href":"https:\/\/api.w.org\/{rel}","templated":true}]}}