{"id":23806,"date":"2023-11-01T10:44:54","date_gmt":"2023-11-01T09:44:54","guid":{"rendered":"http:\/\/figueras.com\/seating\/5064-fix\/"},"modified":"2026-04-14T17:17:34","modified_gmt":"2026-04-14T15:17:34","slug":"5064-fix","status":"publish","type":"product","link":"https:\/\/figueras.com\/es\/asiento\/5064-fix\/","title":{"rendered":"Minispace FIX 5064"},"content":{"rendered":"<p style=\"text-align: justify;\"><strong>La Minispace 5064 Fix es una butaca compacta montada en barra con plegado autom\u00e1tico. Esta butaca ha sido dise\u00f1ada para ser utilizada en estadios y arenas, centros de artes esc\u00e9nicas y auditorios. Este modelo, con respaldo fijo, es una soluci\u00f3n \u00f3ptima para conseguir la optimizaci\u00f3n del espacio.<\/strong><\/p>\n<p style=\"text-align: justify;\">El asiento, el respaldo y los reposabrazos en su conjunto est\u00e1n soportados por componentes laterales hechos de aluminio inyectado con pintura epoxi en polvo. Estos laterales incorporan las juntas de rotaci\u00f3n y se sujetan al pedestal de soporte con bridas, tambi\u00e9n hechas de aluminio e hace que toda la butaca sea totalmente r\u00edgida.<\/p>\n<p style=\"text-align: justify;\">El asiento consiste en un \u00fanico bloque\u00a0 de espuma de poliuretano moldeada en fr\u00edo que cubre una estructura met\u00e1lica, que consiste en un marco de tubo curvo, una banda de resortes planos y juntas de pivote para la rotaci\u00f3n. El bloque est\u00e1 cubierto con una funda de tapicer\u00eda f\u00e1cilmente intercambiable, con un sistema de cremallera.<\/p>\n<p style=\"text-align: justify;\">El respaldo est\u00e1 hecho con las mismas caracter\u00edsticas que el asiento, incorporando una placa met\u00e1lica de protecci\u00f3n en la espalda, si as\u00ed lo requiere el proyecto. El respaldo es fijo, lo que asegura una gran optimizaci\u00f3n del espacio.<\/p>\n<p style=\"text-align: justify;\">El asiento y el respaldo est\u00e1n unidos a una estructura tubular rectangular de acero. Los pies, tambi\u00e9n de tubo de acero, terminan en una base circular y se anclan al suelo mediante los anclajes adecuados seg\u00fan el tipo de suelo.<\/p>\n","protected":false},"excerpt":{"rendered":"<p>[wpdm_package id=&#8217;24340&#8242;]<\/p>\n<p>[wpdm_package id=&#8217;7080&#8242;]<\/p>\n","protected":false},"featured_media":45052,"template":"","meta":{"_acf_changed":false,"content-type":""},"designer_tag":[],"system_rel_tag":[463],"product_cat":[224,225,192,194,195,197,198,203,204,223],"product_tag":[503,506,512],"class_list":{"0":"post-23806","1":"product","2":"type-product","3":"status-publish","4":"has-post-thumbnail","6":"system_rel_tag-mutawheel-seating-system-es","7":"product_cat-seats-for-stadiums-and-arenas-es","8":"product_cat-sports-es","9":"product_cat-education-es","10":"product_cat-publicum-es","11":"product_cat-seats-for-auditorium-and-conference-rooms-es","12":"product_cat-seats-for-corporate-rooms-es","13":"product_cat-seats-for-cruise-ships-and-ferries-es","14":"product_cat-seats-for-universities-and-schools-es","15":"product_cat-seats-for-worship-and-religious-centres-es","16":"product_cat-minispace-es","17":"product_tag-education-es","18":"product_tag-sports-es","19":"product_tag-publicum-es","20":"pa_system-sistema-de-asientos-mutawheel","22":"first","23":"instock","24":"downloadable","25":"virtual","26":"product-type-simple"},"acf":[],"yoast_head":"<!-- This site is optimized with the Yoast SEO plugin v27.4 - https:\/\/yoast.com\/product\/yoast-seo-wordpress\/ -->\n<title>Minispace FIX 5064 - Figueras Seating (ES)<\/title>\n<meta name=\"description\" content=\"Asiento plegable compacto montado en barra para estadios, centros de arte y auditorios. Asiento con respaldo fijo para optimizar el espacio. Alta calidad.\" \/>\n<meta name=\"robots\" content=\"index, follow, max-snippet:-1, max-image-preview:large, max-video-preview:-1\" \/>\n<link rel=\"canonical\" href=\"https:\/\/figueras.com\/es\/asiento\/5064-fix\/\" \/>\n<meta property=\"og:locale\" content=\"es_ES\" \/>\n<meta property=\"og:type\" content=\"article\" \/>\n<meta property=\"og:title\" content=\"Minispace FIX 5064 - Figueras Seating (ES)\" \/>\n<meta property=\"og:description\" content=\"Asiento plegable compacto montado en barra para estadios, centros de arte y auditorios. Asiento con respaldo fijo para optimizar el espacio. Alta calidad.\" \/>\n<meta property=\"og:url\" content=\"https:\/\/figueras.com\/es\/asiento\/5064-fix\/\" \/>\n<meta property=\"og:site_name\" content=\"Figueras Seating\" \/>\n<meta property=\"article:modified_time\" content=\"2026-04-14T15:17:34+00:00\" \/>\n<meta property=\"og:image\" content=\"https:\/\/figueras.com\/wp-content\/uploads\/2023\/11\/Minispace-5064-FIX_w00.webp\" \/>\n\t<meta property=\"og:image:width\" content=\"610\" \/>\n\t<meta property=\"og:image:height\" content=\"810\" \/>\n\t<meta property=\"og:image:type\" content=\"image\/webp\" \/>\n<meta name=\"twitter:card\" content=\"summary_large_image\" \/>\n<meta name=\"twitter:label1\" content=\"Tiempo de lectura\" \/>\n\t<meta name=\"twitter:data1\" content=\"2 minutos\" \/>\n<script type=\"application\/ld+json\" class=\"yoast-schema-graph\">{\"@context\":\"https:\\\/\\\/schema.org\",\"@graph\":[{\"@type\":\"WebPage\",\"@id\":\"https:\\\/\\\/figueras.com\\\/es\\\/asiento\\\/5064-fix\\\/\",\"url\":\"https:\\\/\\\/figueras.com\\\/es\\\/asiento\\\/5064-fix\\\/\",\"name\":\"Minispace FIX 5064 - Figueras Seating (ES)\",\"isPartOf\":{\"@id\":\"https:\\\/\\\/figueras.com\\\/es\\\/#website\"},\"primaryImageOfPage\":{\"@id\":\"https:\\\/\\\/figueras.com\\\/es\\\/asiento\\\/5064-fix\\\/#primaryimage\"},\"image\":{\"@id\":\"https:\\\/\\\/figueras.com\\\/es\\\/asiento\\\/5064-fix\\\/#primaryimage\"},\"thumbnailUrl\":\"https:\\\/\\\/figueras.com\\\/wp-content\\\/uploads\\\/2023\\\/11\\\/Minispace-5064-FIX_w00.webp\",\"datePublished\":\"2023-11-01T09:44:54+00:00\",\"dateModified\":\"2026-04-14T15:17:34+00:00\",\"description\":\"Asiento plegable compacto montado en barra para estadios, centros de arte y auditorios. Asiento con respaldo fijo para optimizar el espacio. Alta calidad.\",\"breadcrumb\":{\"@id\":\"https:\\\/\\\/figueras.com\\\/es\\\/asiento\\\/5064-fix\\\/#breadcrumb\"},\"inLanguage\":\"es\",\"potentialAction\":[{\"@type\":\"ReadAction\",\"target\":[\"https:\\\/\\\/figueras.com\\\/es\\\/asiento\\\/5064-fix\\\/\"]}]},{\"@type\":\"ImageObject\",\"inLanguage\":\"es\",\"@id\":\"https:\\\/\\\/figueras.com\\\/es\\\/asiento\\\/5064-fix\\\/#primaryimage\",\"url\":\"https:\\\/\\\/figueras.com\\\/wp-content\\\/uploads\\\/2023\\\/11\\\/Minispace-5064-FIX_w00.webp\",\"contentUrl\":\"https:\\\/\\\/figueras.com\\\/wp-content\\\/uploads\\\/2023\\\/11\\\/Minispace-5064-FIX_w00.webp\",\"width\":610,\"height\":810,\"caption\":\"Minispace 5064 FIX\"},{\"@type\":\"BreadcrumbList\",\"@id\":\"https:\\\/\\\/figueras.com\\\/es\\\/asiento\\\/5064-fix\\\/#breadcrumb\",\"itemListElement\":[{\"@type\":\"ListItem\",\"position\":1,\"name\":\"Home\",\"item\":\"https:\\\/\\\/figueras.com\\\/es\\\/\"},{\"@type\":\"ListItem\",\"position\":2,\"name\":\"Productos\",\"item\":\"https:\\\/\\\/figueras.com\\\/es\\\/shop\\\/\"},{\"@type\":\"ListItem\",\"position\":3,\"name\":\"Minispace FIX 5064\"}]},{\"@type\":\"WebSite\",\"@id\":\"https:\\\/\\\/figueras.com\\\/es\\\/#website\",\"url\":\"https:\\\/\\\/figueras.com\\\/es\\\/\",\"name\":\"Figueras Seating\",\"description\":\"\",\"publisher\":{\"@id\":\"https:\\\/\\\/figueras.com\\\/es\\\/#organization\"},\"potentialAction\":[{\"@type\":\"SearchAction\",\"target\":{\"@type\":\"EntryPoint\",\"urlTemplate\":\"https:\\\/\\\/figueras.com\\\/es\\\/?s={search_term_string}\"},\"query-input\":{\"@type\":\"PropertyValueSpecification\",\"valueRequired\":true,\"valueName\":\"search_term_string\"}}],\"inLanguage\":\"es\"},{\"@type\":\"Organization\",\"@id\":\"https:\\\/\\\/figueras.com\\\/es\\\/#organization\",\"name\":\"Figueras International Seating, S.L.U.\",\"alternateName\":\"Figueras Seating\",\"url\":\"https:\\\/\\\/figueras.com\\\/es\\\/\",\"logo\":{\"@type\":\"ImageObject\",\"inLanguage\":\"es\",\"@id\":\"https:\\\/\\\/figueras.com\\\/es\\\/#\\\/schema\\\/logo\\\/image\\\/\",\"url\":\"https:\\\/\\\/figueras.com\\\/wp-content\\\/uploads\\\/2023\\\/04\\\/figueraslogoheader.png\",\"contentUrl\":\"https:\\\/\\\/figueras.com\\\/wp-content\\\/uploads\\\/2023\\\/04\\\/figueraslogoheader.png\",\"width\":739,\"height\":127,\"caption\":\"Figueras International Seating, S.L.U.\"},\"image\":{\"@id\":\"https:\\\/\\\/figueras.com\\\/es\\\/#\\\/schema\\\/logo\\\/image\\\/\"},\"sameAs\":[\"https:\\\/\\\/www.linkedin.com\\\/company\\\/figuerasseating\\\/\",\"https:\\\/\\\/www.instagram.com\\\/figueras.seating\\\/\",\"https:\\\/\\\/vimeo.com\\\/figuerasseating\",\"https:\\\/\\\/es.pinterest.com\\\/figuerasint\\\/\"]}]}<\/script>\n<!-- \/ Yoast SEO plugin. -->","yoast_head_json":{"title":"Minispace FIX 5064 - Figueras Seating (ES)","description":"Asiento plegable compacto montado en barra para estadios, centros de arte y auditorios. Asiento con respaldo fijo para optimizar el espacio. Alta calidad.","robots":{"index":"index","follow":"follow","max-snippet":"max-snippet:-1","max-image-preview":"max-image-preview:large","max-video-preview":"max-video-preview:-1"},"canonical":"https:\/\/figueras.com\/es\/asiento\/5064-fix\/","og_locale":"es_ES","og_type":"article","og_title":"Minispace FIX 5064 - Figueras Seating (ES)","og_description":"Asiento plegable compacto montado en barra para estadios, centros de arte y auditorios. Asiento con respaldo fijo para optimizar el espacio. Alta calidad.","og_url":"https:\/\/figueras.com\/es\/asiento\/5064-fix\/","og_site_name":"Figueras Seating","article_modified_time":"2026-04-14T15:17:34+00:00","og_image":[{"width":610,"height":810,"url":"https:\/\/figueras.com\/wp-content\/uploads\/2023\/11\/Minispace-5064-FIX_w00.webp","type":"image\/webp"}],"twitter_card":"summary_large_image","twitter_misc":{"Tiempo de lectura":"2 minutos"},"schema":{"@context":"https:\/\/schema.org","@graph":[{"@type":"WebPage","@id":"https:\/\/figueras.com\/es\/asiento\/5064-fix\/","url":"https:\/\/figueras.com\/es\/asiento\/5064-fix\/","name":"Minispace FIX 5064 - Figueras Seating (ES)","isPartOf":{"@id":"https:\/\/figueras.com\/es\/#website"},"primaryImageOfPage":{"@id":"https:\/\/figueras.com\/es\/asiento\/5064-fix\/#primaryimage"},"image":{"@id":"https:\/\/figueras.com\/es\/asiento\/5064-fix\/#primaryimage"},"thumbnailUrl":"https:\/\/figueras.com\/wp-content\/uploads\/2023\/11\/Minispace-5064-FIX_w00.webp","datePublished":"2023-11-01T09:44:54+00:00","dateModified":"2026-04-14T15:17:34+00:00","description":"Asiento plegable compacto montado en barra para estadios, centros de arte y auditorios. Asiento con respaldo fijo para optimizar el espacio. Alta calidad.","breadcrumb":{"@id":"https:\/\/figueras.com\/es\/asiento\/5064-fix\/#breadcrumb"},"inLanguage":"es","potentialAction":[{"@type":"ReadAction","target":["https:\/\/figueras.com\/es\/asiento\/5064-fix\/"]}]},{"@type":"ImageObject","inLanguage":"es","@id":"https:\/\/figueras.com\/es\/asiento\/5064-fix\/#primaryimage","url":"https:\/\/figueras.com\/wp-content\/uploads\/2023\/11\/Minispace-5064-FIX_w00.webp","contentUrl":"https:\/\/figueras.com\/wp-content\/uploads\/2023\/11\/Minispace-5064-FIX_w00.webp","width":610,"height":810,"caption":"Minispace 5064 FIX"},{"@type":"BreadcrumbList","@id":"https:\/\/figueras.com\/es\/asiento\/5064-fix\/#breadcrumb","itemListElement":[{"@type":"ListItem","position":1,"name":"Home","item":"https:\/\/figueras.com\/es\/"},{"@type":"ListItem","position":2,"name":"Productos","item":"https:\/\/figueras.com\/es\/shop\/"},{"@type":"ListItem","position":3,"name":"Minispace FIX 5064"}]},{"@type":"WebSite","@id":"https:\/\/figueras.com\/es\/#website","url":"https:\/\/figueras.com\/es\/","name":"Figueras Seating","description":"","publisher":{"@id":"https:\/\/figueras.com\/es\/#organization"},"potentialAction":[{"@type":"SearchAction","target":{"@type":"EntryPoint","urlTemplate":"https:\/\/figueras.com\/es\/?s={search_term_string}"},"query-input":{"@type":"PropertyValueSpecification","valueRequired":true,"valueName":"search_term_string"}}],"inLanguage":"es"},{"@type":"Organization","@id":"https:\/\/figueras.com\/es\/#organization","name":"Figueras International Seating, S.L.U.","alternateName":"Figueras Seating","url":"https:\/\/figueras.com\/es\/","logo":{"@type":"ImageObject","inLanguage":"es","@id":"https:\/\/figueras.com\/es\/#\/schema\/logo\/image\/","url":"https:\/\/figueras.com\/wp-content\/uploads\/2023\/04\/figueraslogoheader.png","contentUrl":"https:\/\/figueras.com\/wp-content\/uploads\/2023\/04\/figueraslogoheader.png","width":739,"height":127,"caption":"Figueras International Seating, S.L.U."},"image":{"@id":"https:\/\/figueras.com\/es\/#\/schema\/logo\/image\/"},"sameAs":["https:\/\/www.linkedin.com\/company\/figuerasseating\/","https:\/\/www.instagram.com\/figueras.seating\/","https:\/\/vimeo.com\/figuerasseating","https:\/\/es.pinterest.com\/figuerasint\/"]}]}},"_links":{"self":[{"href":"https:\/\/figueras.com\/es\/wp-json\/wp\/v2\/product\/23806","targetHints":{"allow":["GET"]}}],"collection":[{"href":"https:\/\/figueras.com\/es\/wp-json\/wp\/v2\/product"}],"about":[{"href":"https:\/\/figueras.com\/es\/wp-json\/wp\/v2\/types\/product"}],"version-history":[{"count":1,"href":"https:\/\/figueras.com\/es\/wp-json\/wp\/v2\/product\/23806\/revisions"}],"predecessor-version":[{"id":50494,"href":"https:\/\/figueras.com\/es\/wp-json\/wp\/v2\/product\/23806\/revisions\/50494"}],"wp:featuredmedia":[{"embeddable":true,"href":"https:\/\/figueras.com\/es\/wp-json\/wp\/v2\/media\/45052"}],"wp:attachment":[{"href":"https:\/\/figueras.com\/es\/wp-json\/wp\/v2\/media?parent=23806"}],"wp:term":[{"taxonomy":"designer_tag","embeddable":true,"href":"https:\/\/figueras.com\/es\/wp-json\/wp\/v2\/designer_tag?post=23806"},{"taxonomy":"system_rel_tag","embeddable":true,"href":"https:\/\/figueras.com\/es\/wp-json\/wp\/v2\/system_rel_tag?post=23806"},{"taxonomy":"product_cat","embeddable":true,"href":"https:\/\/figueras.com\/es\/wp-json\/wp\/v2\/product_cat?post=23806"},{"taxonomy":"product_tag","embeddable":true,"href":"https:\/\/figueras.com\/es\/wp-json\/wp\/v2\/product_tag?post=23806"}],"curies":[{"name":"wp","href":"https:\/\/api.w.org\/{rel}","templated":true}]}}