{"id":23804,"date":"2023-11-01T10:45:54","date_gmt":"2023-11-01T09:45:54","guid":{"rendered":"http:\/\/figueras.com\/seating\/5072\/"},"modified":"2026-04-14T17:38:04","modified_gmt":"2026-04-14T15:38:04","slug":"5072","status":"publish","type":"product","link":"https:\/\/figueras.com\/es\/asiento\/5072\/","title":{"rendered":"Minispace 5072"},"content":{"rendered":"<p style=\"text-align: justify;\"><strong>La Minispace 5072 es una elegante butaca plegable fabricada con materiales nobles. Su dise\u00f1o tiene excelentes caracter\u00edsticas ac\u00fasticas que la convierten en una soluci\u00f3n perfecta para teatros, auditorios, salas corporativas y centros de convenciones.<\/strong><\/p>\n<p style=\"text-align: justify;\">Esta butaca, montada sobre barra, incorpora un sistema de plegado autom\u00e1tico mediante el cual al levantarse el asiento, el respaldo se mueve hacia delante hasta quedar completamente unidas ambas partes. Una vez plegada la butaca, su profundidad es de tan solo 19 cm, lo que permite la m\u00e1xima optimizaci\u00f3n del espacio.<\/p>\n<p style=\"text-align: justify;\">La Minispace 5072 incorpora un sistema de plegado suave que evita el ruido o los golpes cuando el usuario se levanta del asiento. El plegado se basa en la gravedad, logrando una alta durabilidad y un m\u00ednimo mantenimiento.<\/p>\n<p style=\"text-align: justify;\">El asiento est\u00e1 formado por un bloque compacto de espuma de poliuretano de c\u00e9lula abierta, totalmente tapizado y f\u00e1cilmente intercambiable. Este bloque se inserta en un tablero contrachapado de haya de 13 mm de espesor que act\u00faa como protector de la parte posterior.<\/p>\n<p style=\"text-align: justify;\">El asiento y el respaldo tienen forma anat\u00f3mica para garantizar la m\u00e1xima comodidad del usuario.<\/p>\n<p style=\"text-align: justify;\">Los brazos son de estructura met\u00e1lica interior con acabado en madera de haya barnizada. El asiento, el respaldo y el reposabrazos se apoyan en los lados de inyecci\u00f3n de aluminio\u00a0 y se fijan a una estructura de tubo de acero.<\/p>\n","protected":false},"excerpt":{"rendered":"<p>[wpdm_package id=&#8217;24332&#8242;]<\/p>\n<p>[wpdm_package id=&#8217;7049&#8242;]<\/p>\n<p>[wpdm_package id=&#8217;7050&#8242;]<\/p>\n","protected":false},"featured_media":45007,"template":"","meta":{"_acf_changed":false,"content-type":""},"designer_tag":[333],"system_rel_tag":[460,461,462,463],"product_cat":[202,203,204,192,205,194,223,195,196,197,198,199,201],"product_tag":[509,512,503],"class_list":{"0":"post-23804","1":"product","2":"type-product","3":"status-publish","4":"has-post-thumbnail","6":"designer_tag-design-center-es","7":"system_rel_tag-mutarail-seating-system-es","8":"system_rel_tag-retractable-seating-system-es","9":"system_rel_tag-mutasub-seating-system-es","10":"system_rel_tag-mutawheel-seating-system-es","11":"product_cat-seats-for-theatres-es","12":"product_cat-seats-for-universities-and-schools-es","13":"product_cat-seats-for-worship-and-religious-centres-es","14":"product_cat-education-es","15":"product_cat-theatre-es","16":"product_cat-publicum-es","17":"product_cat-minispace-es","18":"product_cat-seats-for-auditorium-and-conference-rooms-es","19":"product_cat-seats-for-congress-centres-es","20":"product_cat-seats-for-corporate-rooms-es","21":"product_cat-seats-for-cruise-ships-and-ferries-es","22":"product_cat-seats-for-multi-purpose-spaces-es","23":"product_cat-seats-for-performing-arts-centres-es","24":"product_tag-theatre-es","25":"product_tag-publicum-es","26":"product_tag-education-es","28":"first","29":"instock","30":"downloadable","31":"virtual","32":"product-type-simple"},"acf":[],"_links":{"self":[{"href":"https:\/\/figueras.com\/es\/wp-json\/wp\/v2\/product\/23804","targetHints":{"allow":["GET"]}}],"collection":[{"href":"https:\/\/figueras.com\/es\/wp-json\/wp\/v2\/product"}],"about":[{"href":"https:\/\/figueras.com\/es\/wp-json\/wp\/v2\/types\/product"}],"version-history":[{"count":1,"href":"https:\/\/figueras.com\/es\/wp-json\/wp\/v2\/product\/23804\/revisions"}],"predecessor-version":[{"id":50530,"href":"https:\/\/figueras.com\/es\/wp-json\/wp\/v2\/product\/23804\/revisions\/50530"}],"wp:featuredmedia":[{"embeddable":true,"href":"https:\/\/figueras.com\/es\/wp-json\/wp\/v2\/media\/45007"}],"wp:attachment":[{"href":"https:\/\/figueras.com\/es\/wp-json\/wp\/v2\/media?parent=23804"}],"wp:term":[{"taxonomy":"designer_tag","embeddable":true,"href":"https:\/\/figueras.com\/es\/wp-json\/wp\/v2\/designer_tag?post=23804"},{"taxonomy":"system_rel_tag","embeddable":true,"href":"https:\/\/figueras.com\/es\/wp-json\/wp\/v2\/system_rel_tag?post=23804"},{"taxonomy":"product_cat","embeddable":true,"href":"https:\/\/figueras.com\/es\/wp-json\/wp\/v2\/product_cat?post=23804"},{"taxonomy":"product_tag","embeddable":true,"href":"https:\/\/figueras.com\/es\/wp-json\/wp\/v2\/product_tag?post=23804"}],"curies":[{"name":"wp","href":"https:\/\/api.w.org\/{rel}","templated":true}]}}